{"id":1442,"date":"2026-01-20T12:08:23","date_gmt":"2026-01-20T12:08:23","guid":{"rendered":"https:\/\/bonuskongcasino.com\/app-2\/"},"modified":"2026-03-10T09:30:50","modified_gmt":"2026-03-10T09:30:50","slug":"app","status":"publish","type":"page","link":"https:\/\/tesor-casino.org\/de\/app\/","title":{"rendered":"App"},"content":{"rendered":"<h1>Tesorcasino Mobile Plattform<\/h1>\n<p>Die Tesorcasino App macht das Spielerlebnis f\u00fcr Spieler wesentlich komfortabler, da sie mit allen modernen Ger\u00e4ten kompatibel ist und Ihnen das Spielen unterwegs erm\u00f6glicht. Unabh\u00e4ngig davon, ob Sie ein Android- oder iOS-Smartphone besitzen, profitieren Sie von schnellen Ladezeiten und einem reibungslosen Spielablauf. Alle Funktionen, das Design und die Navigation werden Ihnen vertraut sein, da sie der Haupt-PC-Website entsprechen. Die Installation kann schnell und direkt \u00fcber unsere Website durchgef\u00fchrt werden.<\/p>\n<div class=\"banner-wrap\" aria-label=\"Banner\"><img src=\"https:\/\/tesor-casino.org\/wp-content\/uploads\/2026\/03\/tesorcasino-bnr-pc-2.webp\" class=\"w-100 d-none d-lg-block img-pc main-banner-img\" alt=\"tesorcasino banner desktop\" fetchpriority=\"high\" decoding=\"async\"><img src=\"https:\/\/tesor-casino.org\/wp-content\/uploads\/2026\/03\/tesorcasino-banner-mobile.webp\" class=\"w-100 d-none d-md-block d-lg-none main-banner-img\" alt=\"tesorcasino banner mobile\" fetchpriority=\"high\" decoding=\"async\"><img src=\"https:\/\/tesor-casino.org\/wp-content\/uploads\/2026\/03\/tesorcasino-banner-mobile.webp\" class=\"w-100 d-md-none\" alt=\"tesorcasino banner mobile\" fetchpriority=\"high\" decoding=\"async\"><div class=\"banner-description\">\n<div class=\"banner-title\">Willkommensboni<\/div>\n<p class=\"banner-header-title\">1500 \u20ac<\/p>\n<div class=\"banner-header-AdditionalText\">+ 250 Freispiele<\/div>\n<button data-item=\"homepage_banner_link\" class=\"goto m-button m-gradient-border m-button--primary m-button--large banner-button btn-orange\">\n            <div class=\"m-button-content\">\n                <span>Jetzt anmelden<\/span>\n                <span><\/span>\n            <\/div>\n        <\/button>\n<\/div>\n<div class=\"WelcomePack\">\n<p><img loading=\"lazy\" decoding=\"async\" class=\"alignnone size-full wp-image-1870\" src=\"https:\/\/tesor-casino.org\/wp-content\/uploads\/2026\/03\/welcome-crown-1.png\" alt=\"welcome crown\" width=\"25\" height=\"26\" \/><\/p>\n<div class=\"WelcomePack-Info\">W\u00f6chentlicher Cashback von bis zu 25 %<\/div>\n<p><img loading=\"lazy\" decoding=\"async\" class=\"alignnone size-full wp-image-1870\" src=\"https:\/\/tesor-casino.org\/wp-content\/uploads\/2026\/03\/welcome-crown-1.png\" alt=\"welcome crown\" width=\"25\" height=\"26\" \/><\/p>\n<\/div>\n<\/div>\n<h2>Tesorcasino App \u2013 Hauptmerkmale<\/h2>\n<p>Mehr als die H\u00e4lfte unserer Kunden bevorzugt es, mit ihren Mobilger\u00e4ten bei Tesor Casino zu spielen. Das ist keine \u00dcberraschung, da die Menschen in der modernen Welt es vorziehen, flexibel zu sein und jederzeit und \u00fcberall online zu bleiben. Wir bieten allen unseren Kunden zwei bequeme Optionen: die mobile Browserversion und die Tesorcasino App. Im Folgenden finden Nutzer eine \u00dcbersicht dar\u00fcber, was sie von der mobilen Software erwarten k\u00f6nnen.<\/p>\n<table>\n<tbody>\n<tr>\n<td>Funktion<\/td>\n<td>Was bedeutet das<\/td>\n<\/tr>\n<tr>\n<td>F\u00fcr Mobilger\u00e4te optimierte Benutzeroberfl\u00e4che<\/td>\n<td>\u00dcbersichtliches Layout, angepasst an kleinere Bildschirme f\u00fcr einfache Navigation<\/td>\n<\/tr>\n<tr>\n<td>Schnelles Laden der Spiele<\/td>\n<td>Reduzierte Wartezeit vor und zwischen den Runden<\/td>\n<\/tr>\n<tr>\n<td>Stabile Leistung<\/td>\n<td>Reibungsloses Gameplay mit minimalen Verz\u00f6gerungen oder Unterbrechungen<\/td>\n<\/tr>\n<tr>\n<td>Touch-empfindliche Steuerung<\/td>\n<td>Pr\u00e4zises Tippen und Scrollen ohne Verz\u00f6gerung<\/td>\n<\/tr>\n<tr>\n<td>Sichere mobile Sitzungen<\/td>\n<td>Verschl\u00fcsselte Verbindung und gesch\u00fctzter Anmeldeprozess<\/td>\n<\/tr>\n<tr>\n<td>Automatische Updates<\/td>\n<td>Greifen Sie immer auf die neueste Version zu, ohne manuelle Downloads<\/td>\n<\/tr>\n<\/tbody>\n<\/table>\n<h3>Sicherheit Ihrer Daten<\/h3>\n<p>Ihre Sicherheit steht f\u00fcr uns an erster Stelle, wenn Sie die mobile Version oder die Anwendung nutzen. Um verd\u00e4chtigen Datenverkehr und Bots in der mobilen Umgebung zu blockieren, verwenden wir Web Application Firewalls (WAFs). Wir \u00fcberwachen permanent die Aktivit\u00e4ten auf unserer Plattform, um Betrug zu verhindern.<\/p>\n<p>Spieler k\u00f6nnen sich rund um die Uhr mit Fragen zur Sicherheit und anderen Themen an unser Support-Team wenden. In der Tesor Casino App gibt es einen integrierten Live-Chat, \u00fcber den Sie innerhalb weniger Minuten eine Antwort erhalten.<\/p>\n<p><div class=\"scrollable-content-wrap my-5\"><div class=\"scrollable-content-inner\"><h2>Reibungsloses Gameplay auf Android<\/h2>\n<p>Wenn Sie bei Tesorcasino auf Android spielen, erhalten Sie eine schnelle, stabile und vollst\u00e4ndig optimierte Spielumgebung. Sie wurde speziell f\u00fcr die mobile Leistung entwickelt. Unsere Plattform unterst\u00fctzt alle modernen Android-Versionen. Die Software wurde entwickelt, um Ladezeiten zu minimieren und den Datenverbrauch zu reduzieren.<\/p>\n<p>Die Touch-Steuerung in der mobilen Version von Tesor Casino wurde f\u00fcr h\u00f6chste Pr\u00e4zision entwickelt. Damit k\u00f6nnen Sie ohne Verz\u00f6gerung Wetten platzieren, die Walzen drehen und Auszahlungen vornehmen. Alle Hintergrundprozesse sind optimiert, um Ihre Sitzung auch bei l\u00e4ngerem Spielverlauf stabil zu halten.<\/p>\n<p>Wenn Sie unsere Anwendung ohne Probleme installieren m\u00f6chten, folgen Sie einfach der folgenden Anleitung:<\/p>\n<ol>\n<li>\u00d6ffnen Sie die Tesorcasino-Website in Ihrem bevorzugten mobilen Browser.<\/li>\n<li>Wenn es sich um Chrome handelt, klicken Sie auf die Schaltfl\u00e4che \u201eMehr\u201c in der Adressleiste.<\/li>\n<li>W\u00e4hlen Sie aus der Liste \u201eZum Startbildschirm hinzuf\u00fcgen\u201c.<\/li>\n<li>Sie k\u00f6nnen das Symbol anpassen, indem Sie seinen Namen und sein Aussehen bearbeiten.<\/li>\n<li>Um Ihre Aktionen zu best\u00e4tigen, tippen Sie einfach auf \u201eHinzuf\u00fcgen\u201c.<\/li>\n<\/ol>\n<p><img loading=\"lazy\" decoding=\"async\" class=\"alignnone size-full wp-image-1920\" src=\"https:\/\/tesor-casino.org\/wp-content\/uploads\/2026\/03\/Tesorcasino-Android-\u2014-\u043a\u043e\u043f\u0438\u044f.webp\" alt=\"Tesorcasino Android\" width=\"1248\" height=\"536\" srcset=\"https:\/\/tesor-casino.org\/wp-content\/uploads\/2026\/03\/Tesorcasino-Android-\u2014-\u043a\u043e\u043f\u0438\u044f.webp 1248w, https:\/\/tesor-casino.org\/wp-content\/uploads\/2026\/03\/Tesorcasino-Android-\u2014-\u043a\u043e\u043f\u0438\u044f-300x129.webp 300w, https:\/\/tesor-casino.org\/wp-content\/uploads\/2026\/03\/Tesorcasino-Android-\u2014-\u043a\u043e\u043f\u0438\u044f-1024x440.webp 1024w, https:\/\/tesor-casino.org\/wp-content\/uploads\/2026\/03\/Tesorcasino-Android-\u2014-\u043a\u043e\u043f\u0438\u044f-768x330.webp 768w\" sizes=\"auto, (max-width: 1248px) 100vw, 1248px\" \/><\/p>\n<\/div><\/div><div style=\"clear: both\"><\/div><div class=\"d-flex justify-content-center\"><button data-item=\"decouvrez_link\" data-group=\"website_links\" class=\"goto fw-bold rounded-pill btn btn-orange\" aria-label=\"Laden Sie die Tesorcasino-App herunter\" >Laden Sie die Tesorcasino-App herunter<\/button><\/div><div class=\"scrollable-content-wrap my-5\"><div class=\"scrollable-content-inner\"><h2>Mobile Anwendung f\u00fcr iOS<\/h2>\n<p>Alle unsere iOS-Spieler k\u00f6nnen \u00fcber jeden Browser auf ihrem Smartphone oder Tablet schnell auf unser mobiles Casino zugreifen. Alle Spiele, einschlie\u00dflich Online-Slots, Tischspiele und Live-Casino-Titel, werden an Ihre Bildschirmgr\u00f6\u00dfe und Aufl\u00f6sung angepasst. Es gibt keine Einschr\u00e4nkungen, da alle Funktionen auf Ihrem Ger\u00e4t verf\u00fcgbar sind.<\/p>\n<p>Sie k\u00f6nnen zwischen der Browser-Version und der speziellen Tesorcasino App w\u00e4hlen. Mit beiden k\u00f6nnen Sie sich registrieren, auf Ihr Konto zugreifen, Einzahlungen vornehmen, um echtes Geld spielen und am Ende Ihre Gewinne auszahlen lassen. Es liegt ganz bei Ihnen, welche Option Sie w\u00e4hlen. Spieler k\u00f6nnen sie sogar kombinieren, indem sie dasselbe Tesor Casino Konto verwenden.<\/p>\n<h3>Installationsanweisungen<\/h3>\n<p>Wenn Sie sich f\u00fcr ein personalisierteres Spielerlebnis auf Ihrem iPhone oder iPad entscheiden, m\u00fcssen Sie unsere mobile Software installieren. Diese verwendet ausschlie\u00dflich zwischengespeicherte Daten, sodass Nutzer sich keine Gedanken \u00fcber den Speicherplatz ihres Ger\u00e4ts machen m\u00fcssen. Um die Tesorcasino App zu installieren, folgen Sie einfach den nachstehenden Anweisungen:<\/p>\n<ol>\n<li>Gehen Sie zum Hauptmen\u00fc unserer Website. Es befindet sich auf der linken Seite der Casino-Lobby.<\/li>\n<li>Klicken Sie auf die Schaltfl\u00e4che \u201eCasino-App\u201c am Ende des Men\u00fcs.<\/li>\n<li>Sie werden auf eine neue Seite weitergeleitet, auf der Sie auf \u201eInstallieren\u201c tippen m\u00fcssen.<\/li>\n<li>Innerhalb einer Minute erscheint das Tesorcasino-Markensymbol auf Ihrem Startbildschirm.<\/li>\n<\/ol>\n<p><img loading=\"lazy\" decoding=\"async\" class=\"alignnone size-full wp-image-1936\" src=\"https:\/\/tesor-casino.org\/wp-content\/uploads\/2026\/03\/Tesorcasino-iOS-\u2014-\u043a\u043e\u043f\u0438\u044f.webp\" alt=\"Tesorcasino iOS\" width=\"1248\" height=\"536\" srcset=\"https:\/\/tesor-casino.org\/wp-content\/uploads\/2026\/03\/Tesorcasino-iOS-\u2014-\u043a\u043e\u043f\u0438\u044f.webp 1248w, https:\/\/tesor-casino.org\/wp-content\/uploads\/2026\/03\/Tesorcasino-iOS-\u2014-\u043a\u043e\u043f\u0438\u044f-300x129.webp 300w, https:\/\/tesor-casino.org\/wp-content\/uploads\/2026\/03\/Tesorcasino-iOS-\u2014-\u043a\u043e\u043f\u0438\u044f-1024x440.webp 1024w, https:\/\/tesor-casino.org\/wp-content\/uploads\/2026\/03\/Tesorcasino-iOS-\u2014-\u043a\u043e\u043f\u0438\u044f-768x330.webp 768w\" sizes=\"auto, (max-width: 1248px) 100vw, 1248px\" \/><\/p>\n<\/div><\/div><div style=\"clear: both\"><\/div><div class=\"d-flex justify-content-center\"><button data-item=\"decouvrez_link\" data-group=\"website_links\" class=\"goto fw-bold rounded-pill btn btn-orange\" aria-label=\"Laden Sie die Tesorcasino-App herunter\" >Laden Sie die Tesorcasino-App herunter<\/button><\/div><div class=\"scrollable-content-wrap my-5\"><div class=\"scrollable-content-inner\"><h2>Tesor Casino Optionen f\u00fcr Windows und macOS<\/h2>\n<p>Sie k\u00f6nnen ein nahtloses Erlebnis genie\u00dfen, indem Sie von Ihrem PC oder Laptop aus bei Tesorcasino spielen. Benutzer m\u00fcssen keine zus\u00e4tzliche Software installieren. Unsere Website ist in jedem modernen Browser verf\u00fcgbar. Um Zugriff auf alle verf\u00fcgbaren Funktionen zu erhalten, melden Sie sich bei Ihrem Konto an und beginnen Sie zu spielen.<\/p>\n<p>Wenn Sie mit einem Klick auf unsere Website zugreifen m\u00f6chten, k\u00f6nnen Sie ein Verkn\u00fcpfungssymbol auf Ihrem Desktop-Startbildschirm installieren. Dazu m\u00fcssen Sie die Seiteneinstellungen Ihres Browsers aufrufen. Wenn Sie Probleme bei der Installation des Tesor Casino Symbols haben, wenden Sie sich bitte per Live-Chat oder E-Mail an unseren Support.<\/p>\n<p><img loading=\"lazy\" decoding=\"async\" class=\"alignnone size-full wp-image-1928\" src=\"https:\/\/tesor-casino.org\/wp-content\/uploads\/2026\/03\/Tesorcasino-Desktop-\u2014-\u043a\u043e\u043f\u0438\u044f.webp\" alt=\"Tesorcasino-Desktop\" width=\"1248\" height=\"536\" srcset=\"https:\/\/tesor-casino.org\/wp-content\/uploads\/2026\/03\/Tesorcasino-Desktop-\u2014-\u043a\u043e\u043f\u0438\u044f.webp 1248w, https:\/\/tesor-casino.org\/wp-content\/uploads\/2026\/03\/Tesorcasino-Desktop-\u2014-\u043a\u043e\u043f\u0438\u044f-300x129.webp 300w, https:\/\/tesor-casino.org\/wp-content\/uploads\/2026\/03\/Tesorcasino-Desktop-\u2014-\u043a\u043e\u043f\u0438\u044f-1024x440.webp 1024w, https:\/\/tesor-casino.org\/wp-content\/uploads\/2026\/03\/Tesorcasino-Desktop-\u2014-\u043a\u043e\u043f\u0438\u044f-768x330.webp 768w\" sizes=\"auto, (max-width: 1248px) 100vw, 1248px\" \/><\/p>\n<\/div><\/div><div style=\"clear: both\"><\/div><div class=\"d-flex justify-content-center\"><button data-item=\"decouvrez_link\" data-group=\"website_links\" class=\"goto fw-bold rounded-pill btn btn-orange\" aria-label=\"Laden Sie die Tesorcasino-App herunter\" >Laden Sie die Tesorcasino-App herunter<\/button><\/div><div class=\"scrollable-content-wrap my-5\"><div class=\"scrollable-content-inner\"><h2>FAQ<\/h2>\n<h3>Ist es m\u00f6glich, Live-Casinospiele auf einem Smartphone zu spielen?<\/h3>\n<p>Die gesamte Spielesammlung mit \u00fcber 6.000 Titeln ist auf Ihrem Smartphone oder Tablet verf\u00fcgbar. Dazu geh\u00f6ren auch die Live-Casinospiele. Tesorcasino verwendet spezielle Touch-Control-Funktionen, um Ihr Spielerlebnis auf jedem Ger\u00e4t so angenehm wie m\u00f6glich zu gestalten.<\/p>\n<h3>Kann ich die Registrierung in der Tesorcasino App abschlie\u00dfen?<\/h3>\n<p>Wenn Sie neu in unserem Online-Casino sind und sich entscheiden, Ihre Reise mit der App zu beginnen, k\u00f6nnen Sie die Registrierung dort ganz einfach abschlie\u00dfen. Der Vorgang ist standardisiert und erfordert nur Ihre E-Mail-Adresse und Ihr Passwort. Bevor Sie Ihre erste Auszahlung vornehmen, bitten wir Sie, einen einfachen Verifizierungsprozess durchzuf\u00fchren.<\/p>\n<h3>Woher wei\u00df ich, dass die mobile Software aktualisiert werden muss?<\/h3>\n<p>Die Tesor Casino PWA wird automatisch aktualisiert, ohne dass Sie etwas tun m\u00fcssen. Wir informieren unsere Nutzer immer \u00fcber alle \u00c4nderungen auf der Plattform per Push-Benachrichtigungen und E-Mail.<\/p>\n<\/div><\/div><\/p>\n","protected":false},"excerpt":{"rendered":"<p>Tesorcasino Mobile Plattform Die Tesorcasino App macht das Spielerlebnis f\u00fcr Spieler wesentlich komfortabler, da sie mit allen modernen Ger\u00e4ten kompatibel ist und Ihnen das Spielen unterwegs erm\u00f6glicht. Unabh\u00e4ngig davon, ob Sie ein Android- oder iOS-Smartphone besitzen, profitieren Sie von schnellen Ladezeiten und einem reibungslosen Spielablauf. Alle Funktionen, das Design und die Navigation werden Ihnen vertraut [&hellip;]<\/p>\n","protected":false},"author":1,"featured_media":0,"parent":0,"menu_order":0,"comment_status":"closed","ping_status":"closed","template":"template-builder.php","meta":{"_acf_changed":false,"inline_featured_image":false,"footnotes":""},"class_list":["post-1442","page","type-page","status-publish","hentry"],"acf":[],"yoast_head":"<!-- This site is optimized with the Yoast SEO plugin v27.3 - https:\/\/yoast.com\/product\/yoast-seo-wordpress\/ -->\n<title>Tesorcasino App | Download f\u00fcr iOS und Android<\/title>\n<meta name=\"description\" content=\"Nehmen Sie das Casino mit! Laden Sie die Tesorcasino-App auf Ihr Android- oder iOS-Ger\u00e4t herunter, um unterwegs sofort und einfach auf alle Ihre Lieblingsspiele zugreifen zu k\u00f6nnen.\" \/>\n<meta name=\"robots\" content=\"index, follow, max-snippet:-1, max-image-preview:large, max-video-preview:-1\" \/>\n<link rel=\"canonical\" href=\"https:\/\/tesor-casino.org\/de\/app\/\" \/>\n<meta property=\"og:locale\" content=\"de_DE\" \/>\n<meta property=\"og:type\" content=\"article\" \/>\n<meta property=\"og:title\" content=\"Tesorcasino App | Download f\u00fcr iOS und Android\" \/>\n<meta property=\"og:description\" content=\"Nehmen Sie das Casino mit! Laden Sie die Tesorcasino-App auf Ihr Android- oder iOS-Ger\u00e4t herunter, um unterwegs sofort und einfach auf alle Ihre Lieblingsspiele zugreifen zu k\u00f6nnen.\" \/>\n<meta property=\"og:url\" content=\"https:\/\/tesor-casino.org\/de\/app\/\" \/>\n<meta property=\"og:site_name\" content=\"tesorcasino\" \/>\n<meta property=\"article:modified_time\" content=\"2026-03-10T09:30:50+00:00\" \/>\n<meta name=\"twitter:card\" content=\"summary_large_image\" \/>\n<meta name=\"twitter:label1\" content=\"Gesch\u00e4tzte Lesezeit\" \/>\n\t<meta name=\"twitter:data1\" content=\"2\u00a0Minuten\" \/>\n<script type=\"application\/ld+json\" class=\"yoast-schema-graph\">{\"@context\":\"https:\\\/\\\/schema.org\",\"@graph\":[{\"@type\":\"WebPage\",\"@id\":\"https:\\\/\\\/tesor-casino.org\\\/de\\\/app\\\/\",\"url\":\"https:\\\/\\\/tesor-casino.org\\\/de\\\/app\\\/\",\"name\":\"Tesorcasino App | Download f\u00fcr iOS und Android\",\"isPartOf\":{\"@id\":\"https:\\\/\\\/tesor-casino.org\\\/de\\\/#website\"},\"datePublished\":\"2026-01-20T12:08:23+00:00\",\"dateModified\":\"2026-03-10T09:30:50+00:00\",\"description\":\"Nehmen Sie das Casino mit! Laden Sie die Tesorcasino-App auf Ihr Android- oder iOS-Ger\u00e4t herunter, um unterwegs sofort und einfach auf alle Ihre Lieblingsspiele zugreifen zu k\u00f6nnen.\",\"breadcrumb\":{\"@id\":\"https:\\\/\\\/tesor-casino.org\\\/de\\\/app\\\/#breadcrumb\"},\"inLanguage\":\"de\",\"potentialAction\":[{\"@type\":\"ReadAction\",\"target\":[\"https:\\\/\\\/tesor-casino.org\\\/de\\\/app\\\/\"]}]},{\"@type\":\"BreadcrumbList\",\"@id\":\"https:\\\/\\\/tesor-casino.org\\\/de\\\/app\\\/#breadcrumb\",\"itemListElement\":[{\"@type\":\"ListItem\",\"position\":1,\"name\":\"Tesorcasino\",\"item\":\"https:\\\/\\\/tesor-casino.org\\\/de\\\/\"},{\"@type\":\"ListItem\",\"position\":2,\"name\":\"App\"}]},{\"@type\":\"WebSite\",\"@id\":\"https:\\\/\\\/tesor-casino.org\\\/de\\\/#website\",\"url\":\"https:\\\/\\\/tesor-casino.org\\\/de\\\/\",\"name\":\"Tesorcasino\",\"description\":\"\",\"publisher\":{\"@id\":\"https:\\\/\\\/tesor-casino.org\\\/de\\\/#organization\"},\"potentialAction\":[{\"@type\":\"SearchAction\",\"target\":{\"@type\":\"EntryPoint\",\"urlTemplate\":\"https:\\\/\\\/tesor-casino.org\\\/de\\\/?s={search_term_string}\"},\"query-input\":{\"@type\":\"PropertyValueSpecification\",\"valueRequired\":true,\"valueName\":\"search_term_string\"}}],\"inLanguage\":\"de\"},{\"@type\":\"Organization\",\"@id\":\"https:\\\/\\\/tesor-casino.org\\\/de\\\/#organization\",\"name\":\"Tesorcasino\",\"url\":\"https:\\\/\\\/tesor-casino.org\\\/de\\\/\",\"logo\":{\"@type\":\"ImageObject\",\"inLanguage\":\"de\",\"@id\":\"https:\\\/\\\/tesor-casino.org\\\/de\\\/#\\\/schema\\\/logo\\\/image\\\/\",\"url\":\"https:\\\/\\\/tesor-casino.org\\\/wp-content\\\/uploads\\\/2026\\\/03\\\/Tesorcasino-logo.png\",\"contentUrl\":\"https:\\\/\\\/tesor-casino.org\\\/wp-content\\\/uploads\\\/2026\\\/03\\\/Tesorcasino-logo.png\",\"width\":246,\"height\":44,\"caption\":\"Tesorcasino\"},\"image\":{\"@id\":\"https:\\\/\\\/tesor-casino.org\\\/de\\\/#\\\/schema\\\/logo\\\/image\\\/\"}}]}<\/script>\n<!-- \/ Yoast SEO plugin. -->","yoast_head_json":{"title":"Tesorcasino App | Download f\u00fcr iOS und Android","description":"Nehmen Sie das Casino mit! Laden Sie die Tesorcasino-App auf Ihr Android- oder iOS-Ger\u00e4t herunter, um unterwegs sofort und einfach auf alle Ihre Lieblingsspiele zugreifen zu k\u00f6nnen.","robots":{"index":"index","follow":"follow","max-snippet":"max-snippet:-1","max-image-preview":"max-image-preview:large","max-video-preview":"max-video-preview:-1"},"canonical":"https:\/\/tesor-casino.org\/de\/app\/","og_locale":"de_DE","og_type":"article","og_title":"Tesorcasino App | Download f\u00fcr iOS und Android","og_description":"Nehmen Sie das Casino mit! Laden Sie die Tesorcasino-App auf Ihr Android- oder iOS-Ger\u00e4t herunter, um unterwegs sofort und einfach auf alle Ihre Lieblingsspiele zugreifen zu k\u00f6nnen.","og_url":"https:\/\/tesor-casino.org\/de\/app\/","og_site_name":"tesorcasino","article_modified_time":"2026-03-10T09:30:50+00:00","twitter_card":"summary_large_image","twitter_misc":{"Gesch\u00e4tzte Lesezeit":"2\u00a0Minuten"},"schema":{"@context":"https:\/\/schema.org","@graph":[{"@type":"WebPage","@id":"https:\/\/tesor-casino.org\/de\/app\/","url":"https:\/\/tesor-casino.org\/de\/app\/","name":"Tesorcasino App | Download f\u00fcr iOS und Android","isPartOf":{"@id":"https:\/\/tesor-casino.org\/de\/#website"},"datePublished":"2026-01-20T12:08:23+00:00","dateModified":"2026-03-10T09:30:50+00:00","description":"Nehmen Sie das Casino mit! Laden Sie die Tesorcasino-App auf Ihr Android- oder iOS-Ger\u00e4t herunter, um unterwegs sofort und einfach auf alle Ihre Lieblingsspiele zugreifen zu k\u00f6nnen.","breadcrumb":{"@id":"https:\/\/tesor-casino.org\/de\/app\/#breadcrumb"},"inLanguage":"de","potentialAction":[{"@type":"ReadAction","target":["https:\/\/tesor-casino.org\/de\/app\/"]}]},{"@type":"BreadcrumbList","@id":"https:\/\/tesor-casino.org\/de\/app\/#breadcrumb","itemListElement":[{"@type":"ListItem","position":1,"name":"Tesorcasino","item":"https:\/\/tesor-casino.org\/de\/"},{"@type":"ListItem","position":2,"name":"App"}]},{"@type":"WebSite","@id":"https:\/\/tesor-casino.org\/de\/#website","url":"https:\/\/tesor-casino.org\/de\/","name":"Tesorcasino","description":"","publisher":{"@id":"https:\/\/tesor-casino.org\/de\/#organization"},"potentialAction":[{"@type":"SearchAction","target":{"@type":"EntryPoint","urlTemplate":"https:\/\/tesor-casino.org\/de\/?s={search_term_string}"},"query-input":{"@type":"PropertyValueSpecification","valueRequired":true,"valueName":"search_term_string"}}],"inLanguage":"de"},{"@type":"Organization","@id":"https:\/\/tesor-casino.org\/de\/#organization","name":"Tesorcasino","url":"https:\/\/tesor-casino.org\/de\/","logo":{"@type":"ImageObject","inLanguage":"de","@id":"https:\/\/tesor-casino.org\/de\/#\/schema\/logo\/image\/","url":"https:\/\/tesor-casino.org\/wp-content\/uploads\/2026\/03\/Tesorcasino-logo.png","contentUrl":"https:\/\/tesor-casino.org\/wp-content\/uploads\/2026\/03\/Tesorcasino-logo.png","width":246,"height":44,"caption":"Tesorcasino"},"image":{"@id":"https:\/\/tesor-casino.org\/de\/#\/schema\/logo\/image\/"}}]}},"_links":{"self":[{"href":"https:\/\/tesor-casino.org\/de\/wp-json\/wp\/v2\/pages\/1442","targetHints":{"allow":["GET"]}}],"collection":[{"href":"https:\/\/tesor-casino.org\/de\/wp-json\/wp\/v2\/pages"}],"about":[{"href":"https:\/\/tesor-casino.org\/de\/wp-json\/wp\/v2\/types\/page"}],"author":[{"embeddable":true,"href":"https:\/\/tesor-casino.org\/de\/wp-json\/wp\/v2\/users\/1"}],"replies":[{"embeddable":true,"href":"https:\/\/tesor-casino.org\/de\/wp-json\/wp\/v2\/comments?post=1442"}],"version-history":[{"count":4,"href":"https:\/\/tesor-casino.org\/de\/wp-json\/wp\/v2\/pages\/1442\/revisions"}],"predecessor-version":[{"id":2049,"href":"https:\/\/tesor-casino.org\/de\/wp-json\/wp\/v2\/pages\/1442\/revisions\/2049"}],"wp:attachment":[{"href":"https:\/\/tesor-casino.org\/de\/wp-json\/wp\/v2\/media?parent=1442"}],"curies":[{"name":"wp","href":"https:\/\/api.w.org\/{rel}","templated":true}]}}