{"id":1454,"date":"2026-01-20T12:21:20","date_gmt":"2026-01-20T12:21:20","guid":{"rendered":"https:\/\/bonuskongcasino.com\/bonus\/"},"modified":"2026-03-10T09:35:59","modified_gmt":"2026-03-10T09:35:59","slug":"aktionen","status":"publish","type":"page","link":"https:\/\/tesor-casino.org\/de\/aktionen\/","title":{"rendered":"Aktionen"},"content":{"rendered":"<h1>Tesorcasino Casino Boni und Belohnungen<\/h1>\n<p>Wenn Sie auf der Suche nach einem Online-Casino mit gro\u00dfz\u00fcgigen Pr\u00e4mien sind, empfehlen wir Ihnen, das Tesorcasino Bonus System auszuprobieren. Es enth\u00e4lt viele Optionen f\u00fcr neue und regelm\u00e4\u00dfige Spieler. Gleichzeitig m\u00fcssen Sie nur Ihre Lieblingsspiele spielen und klare Promo-Regeln einhalten. W\u00f6chentlicher Cashback, ein Willkommenspaket und viele spannende Turniere.<\/p>\n<p><div class=\"banner-wrap\" aria-label=\"Banner\"><img src=\"https:\/\/tesor-casino.org\/wp-content\/uploads\/2026\/03\/tesorcasino-bnr-pc-2.webp\" class=\"w-100 d-none d-lg-block img-pc main-banner-img\" alt=\"tesorcasino banner desktop\" fetchpriority=\"high\" decoding=\"async\"><img src=\"https:\/\/tesor-casino.org\/wp-content\/uploads\/2026\/03\/tesorcasino-banner-mobile.webp\" class=\"w-100 d-none d-md-block d-lg-none main-banner-img\" alt=\"tesorcasino banner mobile\" fetchpriority=\"high\" decoding=\"async\"><img src=\"https:\/\/tesor-casino.org\/wp-content\/uploads\/2026\/03\/tesorcasino-banner-mobile.webp\" class=\"w-100 d-md-none\" alt=\"tesorcasino banner mobile\" fetchpriority=\"high\" decoding=\"async\"><div class=\"banner-description\">\n<div class=\"banner-title\">Willkommensboni<\/div>\n<p class=\"banner-header-title\">1500 \u20ac<\/p>\n<div class=\"banner-header-AdditionalText\">+ 250 Freispiele<\/div>\n<button data-item=\"homepage_banner_link\" class=\"goto m-button m-gradient-border m-button--primary m-button--large banner-button btn-orange\">\n            <div class=\"m-button-content\">\n                <span>Jetzt anmelden<\/span>\n                <span><\/span>\n            <\/div>\n        <\/button>\n<\/div>\n<div class=\"WelcomePack\">\n<p><img loading=\"lazy\" decoding=\"async\" class=\"alignnone size-full wp-image-1870\" src=\"https:\/\/tesor-casino.org\/wp-content\/uploads\/2026\/03\/welcome-crown-1.png\" alt=\"welcome crown\" width=\"25\" height=\"26\" \/><\/p>\n<div class=\"WelcomePack-Info\">W\u00f6chentlicher Cashback von bis zu 25 %<\/div>\n<p><img loading=\"lazy\" decoding=\"async\" class=\"alignnone size-full wp-image-1870\" src=\"https:\/\/tesor-casino.org\/wp-content\/uploads\/2026\/03\/welcome-crown-1.png\" alt=\"welcome crown\" width=\"25\" height=\"26\" \/><\/p>\n<\/div>\n<\/div><div class=\"promotions-wrap\"><div class=\"promotion-card\" style=\"background-image: url(https:\/\/tesor-casino.org\/wp-content\/uploads\/2026\/03\/welcome-pack.webp);\"><h2 class=\"promotion-card__title\">Willkommenspaket<\/h2><label class=\"promotion-card__offer\">Bis zu 3.000 \u20ac + 500 Freispiele<\/label><label class=\"promotion-card__description\"><\/label><div class=\"promotion-card__actions\"><button data-item=\"payments_link\" data-group=\"website_links\" class=\"goto btn btn-orange rounded-pill fw-bold px-4 m-button m-gradient-border m-button--primary m-button--large promotion-button promotion-card__action-btn\" aria-label=\"Anmelden\"><div class=\"m-button-content\"><span class=\"promotion-button__content\">Anmelden<\/span><\/div><\/button><button data-item=\"http:\/\/bonus_link\" data-group=\"website_links\" class=\"goto m-button m-gradient-border m-button--secondary m-button--medium promotion-card__info-btn\" aria-label=\"More information\"><div class=\"m-button-content\"><svg viewBox=\"0 0 24 24\" fill=\"none\" xmlns=\"http:\/\/www.w3.org\/2000\/svg\" class=\"m-icon m-icon-loadable\" name=\"Attention\" loading=\"false\" aria-hidden=\"true\"><path d=\"M12 22C6.477 22 2 17.522 2 12S6.477 2 12 2s10 4.478 10 10-4.477 10-10 10m-.002-13.004a.999.999 0 1 0 0-1.997.999.999 0 0 0 0 1.997M12 17a1 1 0 0 0 .993-.884L13 16l-.002-5.001-.007-.117a1 1 0 0 0-1.986 0l-.007.117L11 16l.007.117A1 1 0 0 0 12 17\" fill=\"currentColor\"><\/path><\/svg><\/div><\/button><\/div><\/div><div class=\"promotion-card\" style=\"background-image: url(https:\/\/tesor-casino.org\/wp-content\/uploads\/2026\/03\/cashback.webp);\"><h2 class=\"promotion-card__title\">W\u00f6chentlicher Cashback<\/h2><label class=\"promotion-card__offer\">Bis zu 25 %<\/label><label class=\"promotion-card__description\"><\/label><div class=\"promotion-card__actions\"><button data-item=\"payments_link\" data-group=\"website_links\" class=\"goto btn btn-orange rounded-pill fw-bold px-4 m-button m-gradient-border m-button--primary m-button--large promotion-button promotion-card__action-btn\" aria-label=\"Anmelden\"><div class=\"m-button-content\"><span class=\"promotion-button__content\">Anmelden<\/span><\/div><\/button><button data-item=\"http:\/\/bonus_link\" data-group=\"website_links\" class=\"goto m-button m-gradient-border m-button--secondary m-button--medium promotion-card__info-btn\" aria-label=\"More information\"><div class=\"m-button-content\"><svg viewBox=\"0 0 24 24\" fill=\"none\" xmlns=\"http:\/\/www.w3.org\/2000\/svg\" class=\"m-icon m-icon-loadable\" name=\"Attention\" loading=\"false\" aria-hidden=\"true\"><path d=\"M12 22C6.477 22 2 17.522 2 12S6.477 2 12 2s10 4.478 10 10-4.477 10-10 10m-.002-13.004a.999.999 0 1 0 0-1.997.999.999 0 0 0 0 1.997M12 17a1 1 0 0 0 .993-.884L13 16l-.002-5.001-.007-.117a1 1 0 0 0-1.986 0l-.007.117L11 16l.007.117A1 1 0 0 0 12 17\" fill=\"currentColor\"><\/path><\/svg><\/div><\/button><\/div><\/div><div class=\"promotion-card\" style=\"background-image: url(https:\/\/tesor-casino.org\/wp-content\/uploads\/2026\/03\/sunday-reload.webp);\"><h2 class=\"promotion-card__title\">Sonntags-Reload<\/h2><label class=\"promotion-card__offer\">25 % Einzahlungsbonus bis zu 100 \u20ac jeden Sonntag<\/label><label class=\"promotion-card__description\"><\/label><div class=\"promotion-card__actions\"><button data-item=\"payments_link\" data-group=\"website_links\" class=\"goto btn btn-orange rounded-pill fw-bold px-4 m-button m-gradient-border m-button--primary m-button--large promotion-button promotion-card__action-btn\" aria-label=\"Anmelden\"><div class=\"m-button-content\"><span class=\"promotion-button__content\">Anmelden<\/span><\/div><\/button><button data-item=\"http:\/\/bonus_link\" data-group=\"website_links\" class=\"goto m-button m-gradient-border m-button--secondary m-button--medium promotion-card__info-btn\" aria-label=\"More information\"><div class=\"m-button-content\"><svg viewBox=\"0 0 24 24\" fill=\"none\" xmlns=\"http:\/\/www.w3.org\/2000\/svg\" class=\"m-icon m-icon-loadable\" name=\"Attention\" loading=\"false\" aria-hidden=\"true\"><path d=\"M12 22C6.477 22 2 17.522 2 12S6.477 2 12 2s10 4.478 10 10-4.477 10-10 10m-.002-13.004a.999.999 0 1 0 0-1.997.999.999 0 0 0 0 1.997M12 17a1 1 0 0 0 .993-.884L13 16l-.002-5.001-.007-.117a1 1 0 0 0-1.986 0l-.007.117L11 16l.007.117A1 1 0 0 0 12 17\" fill=\"currentColor\"><\/path><\/svg><\/div><\/button><\/div><\/div><\/div><div class=\"scrollable-content-wrap my-5\"><div class=\"scrollable-content-inner\"><h2>Willkommensboni f\u00fcr neue Spieler<\/h2>\n<p>Von Beginn Ihrer Reise an haben Sie die M\u00f6glichkeit, zus\u00e4tzliche Vorteile zu erhalten, ohne Promo-Codes zu verwenden oder strenge Anforderungen zu erf\u00fcllen. Der Tesorcasino Bonus f\u00fcr neu registrierte Spieler bietet bis zu 3.000 \u20ac + 500 Freispiele. Das wird Ihre Zeit auf unserer Plattform definitiv verl\u00e4ngern und sie spannender machen.<\/p>\n<p>Um das Willkommenspaket zu erhalten, m\u00fcssen Benutzer ein Konto auf unserer Website erstellen und mindestens 30 \u20ac einzahlen. Die Tesor Casino Aktion ist innerhalb von 7 Tagen nach Aktivierung verf\u00fcgbar, und die Umsatzbedingungen betragen x40. Das Willkommenspaket ist in drei Teile gegliedert:<\/p>\n<ul>\n<li>Ersteinzahlungsangebot von 100 % bis zu 1.000 \u20ac + 250 Freispiele<\/li>\n<li>Zweites Einzahlungsangebot von 50 % bis zu 1.000 \u20ac + 100 Freispiele<\/li>\n<li>Drittes Einzahlungsangebot von 100 % bis zu 1.000 \u20ac + 150 Freispiele<\/li>\n<\/ul>\n<h2>Laufende Aktionen &amp; Reload Angebote<\/h2>\n<p>Nachdem Sie das Willkommenspaket abgeschlossen und die Pr\u00e4mien erhalten haben, k\u00f6nnen Sie eine der vielen Tesorcasino-Bonusoptionen aktivieren, die f\u00fcr regelm\u00e4\u00dfige und aktive Kunden verf\u00fcgbar sind. Hier haben Sie die Chance, Freispiele, Geld zur\u00fcck, zus\u00e4tzliche Runden und viele andere tolle Preise zu gewinnen.<\/p>\n<p>Alle unsere Aktionen sind f\u00fcr beliebte Titel konzipiert, damit Sie den Prozess genie\u00dfen k\u00f6nnen. Es gibt saisonale Angebote, die Feiertagen oder besonderen Anl\u00e4ssen gewidmet sind. Bei Tesorcasino sind jederzeit zeitlich begrenzte Boni verf\u00fcgbar.<\/p>\n<p>Kunden von Tesor Casino k\u00f6nnen mit unserem w\u00f6chentlichen Cashback von bis zu 25 % einen Teil ihrer Verluste zur\u00fcckerhalten. Der Prozentsatz wird entsprechend Ihrer Stufe im Treueprogramm berechnet. Dar\u00fcber hinaus gibt es die Sunday Reload Aktion, bei der Sie bis zu 100 % bis zu 1.000 \u20ac erhalten k\u00f6nnen.<\/p>\n<p><img loading=\"lazy\" decoding=\"async\" class=\"alignnone size-full wp-image-1946\" src=\"https:\/\/tesor-casino.org\/wp-content\/uploads\/2026\/03\/Tesorcasino-bonus-page.webp\" alt=\"Tesorcasino bonus page\" width=\"1248\" height=\"536\" srcset=\"https:\/\/tesor-casino.org\/wp-content\/uploads\/2026\/03\/Tesorcasino-bonus-page.webp 1248w, https:\/\/tesor-casino.org\/wp-content\/uploads\/2026\/03\/Tesorcasino-bonus-page-300x129.webp 300w, https:\/\/tesor-casino.org\/wp-content\/uploads\/2026\/03\/Tesorcasino-bonus-page-1024x440.webp 1024w, https:\/\/tesor-casino.org\/wp-content\/uploads\/2026\/03\/Tesorcasino-bonus-page-768x330.webp 768w\" sizes=\"auto, (max-width: 1248px) 100vw, 1248px\" \/><\/p>\n<h2>Turniere, Missionen und Sonderveranstaltungen<\/h2>\n<p>Zus\u00e4tzlich zu allen oben genannten Optionen bieten wir auch Turniere, Missionen und ein Treueprogramm an. Diese Auswahl bietet Ihnen eine Vielzahl von M\u00f6glichkeiten, aus denen Sie regelm\u00e4\u00dfig w\u00e4hlen k\u00f6nnen. Turniere sind sehr wettbewerbsintensive Veranstaltungen. Sie haben auch riesige Preispools. Bei Tesorcasino sind die beliebtesten Veranstaltungen Spinoleague und BGaming Drops.<\/p>\n<p>Als Teil des Tesorcasino-Bonussystems bieten wir auch spannende Missionen mit einfachen Aufgaben. Nach der Registrierung k\u00f6nnen Spieler auf Onboarding- und regul\u00e4re Missionen zugreifen. Durch das Erf\u00fcllen von Aufgaben verdienen Sie M\u00fcnzen, die sp\u00e4ter gegen exklusive Preise eingetauscht werden k\u00f6nnen.<\/p>\n<p>Das Treueprogramm von Tesor Casino auf unserer Plattform richtet sich an alle Nutzer, insbesondere aber an diejenigen, die aktiv spielen, an Veranstaltungen teilnehmen und hohe Eins\u00e4tze m\u00f6gen. Es handelt sich um ein mehrstufiges System, bei dem jede neue Stufe Ihnen etwas Besonderes bringt.<\/p>\n<h2>Schritte und Voraussetzungen zur Aktivierung des Tesor Casino Bonus<\/h2>\n<p>Alle Aktionen bei Tesorcasino haben bestimmte Regeln f\u00fcr die Aktivierung und den Erhalt von Gewinnen. Wir empfehlen jedem, sich mit diesen vertraut zu machen, bevor er sich f\u00fcr ein Bonusangebot entscheidet. Selbst wenn Sie Erfahrung mit Online-Casinos haben, ist es m\u00f6glich, dass unsere Gesch\u00e4ftsbedingungen anders sind.<\/p>\n<p>Das Wichtigste ist, dass Sie nur einen aktiven Tesor Casino Bonus haben k\u00f6nnen. Diese Regel gilt nicht f\u00fcr Turniere und Missionen. Nur wenn Sie die Anforderungen zu 100 % erf\u00fcllen, k\u00f6nnen Sie die Gewinne auszahlen lassen. Bevor Sie eine Aktion in Anspruch nehmen, lesen Sie bitte die Informationen in unserer Tabelle unten.<\/p>\n<table>\n<tbody>\n<tr>\n<td>Was Sie \u00fcberpr\u00fcfen sollten<\/td>\n<td>Warum es wichtig ist<\/td>\n<\/tr>\n<tr>\n<td>Teilnahmebedingungen<\/td>\n<td>Stellen Sie sicher, dass Sie die Kriterien hinsichtlich Alter, Land und Kontoverifizierung erf\u00fcllen, bevor Sie den Bonus aktivieren.<\/td>\n<\/tr>\n<tr>\n<td>Mindestanzahlung<\/td>\n<td>Best\u00e4tigen Sie den erforderlichen Einzahlungsbetrag, um die Aktion erfolgreich zu aktivieren.<\/td>\n<\/tr>\n<tr>\n<td>Umsatzbedingungen<\/td>\n<td>Informieren Sie sich dar\u00fcber, wie oft Sie den Bonus umsetzen m\u00fcssen, bevor Sie Gewinne auszahlen lassen k\u00f6nnen.<\/td>\n<\/tr>\n<tr>\n<td>Spielbeitrag<\/td>\n<td>\u00dcberpr\u00fcfen Sie, welche Titel vollst\u00e4ndig oder teilweise zu den Umsatzbedingungen beitragen.<\/td>\n<\/tr>\n<tr>\n<td>Maximales Einsatzlimit<\/td>\n<td>Stellen Sie sicher, dass Ihr Einsatz w\u00e4hrend der G\u00fcltigkeitsdauer des Bonus das zul\u00e4ssige Limit nicht \u00fcberschreitet.<\/td>\n<\/tr>\n<tr>\n<td>G\u00fcltigkeitsdauer des Bonus<\/td>\n<td>Bitte \u00fcberpr\u00fcfen Sie die verf\u00fcgbare Dauer, um die Umsatzbedingungen vor Ablauf der Aktion zu erf\u00fcllen.<\/td>\n<\/tr>\n<tr>\n<td>Aktivierungsprozess<\/td>\n<td>Pr\u00fcfen Sie, ob der Bonus automatisch gew\u00e4hrt wird oder einen Aktionscode erfordert.<\/td>\n<\/tr>\n<\/tbody>\n<\/table>\n<h2>FAQ<\/h2>\n<h3>Wenn ich nach einer Pause zur\u00fcckkomme, kann ich das Willkommenspaket dann erneut aktivieren?<\/h3>\n<p>Das Willkommenspaket bei Tesorcasino kann nur einmal aktiviert werden. Wenn Sie es bereits genutzt haben, sehen Sie sich unsere Aktionen f\u00fcr Stammkunden oder Turniere an. Es gibt immer Optionen f\u00fcr jeden Geschmack.<\/p>\n<h3>Was bedeutet die Umsatzbedingung bei Tesorcasino?<\/h3>\n<p>Die meisten Boni auf unserer Website haben eine Umsatzbedingung. Diese gibt an, wie oft der Bonusbetrag umgesetzt werden muss, bevor er ausgezahlt werden kann.<\/p>\n<h3>Was muss ich tun, um die n\u00e4chste Stufe des Treueprogramms zu erreichen?<\/h3>\n<p>Um die Stufe des Treueprogramms von Tesor Casino zu erh\u00f6hen, m\u00fcssen Benutzer Einsatz- und Einzahlungspunkte sammeln. Jede Stufe unseres Programms er\u00f6ffnet Ihnen neue exklusive Vorteile.<\/p>\n<\/div><\/div><\/p>\n","protected":false},"excerpt":{"rendered":"<p>Tesorcasino Casino Boni und Belohnungen Wenn Sie auf der Suche nach einem Online-Casino mit gro\u00dfz\u00fcgigen Pr\u00e4mien sind, empfehlen wir Ihnen, das Tesorcasino Bonus System auszuprobieren. Es enth\u00e4lt viele Optionen f\u00fcr neue und regelm\u00e4\u00dfige Spieler. Gleichzeitig m\u00fcssen Sie nur Ihre Lieblingsspiele spielen und klare Promo-Regeln einhalten. W\u00f6chentlicher Cashback, ein Willkommenspaket und viele spannende Turniere.<\/p>\n","protected":false},"author":1,"featured_media":0,"parent":0,"menu_order":0,"comment_status":"closed","ping_status":"closed","template":"template-builder.php","meta":{"_acf_changed":false,"inline_featured_image":false,"footnotes":""},"class_list":["post-1454","page","type-page","status-publish","hentry"],"acf":[],"yoast_head":"<!-- This site is optimized with the Yoast SEO plugin v27.3 - https:\/\/yoast.com\/product\/yoast-seo-wordpress\/ -->\n<title>Tesorcasino-Boni und Werbungspr\u00e4mien<\/title>\n<meta name=\"description\" content=\"Entdecken Sie alle Boni bei Tesorcasino! Starten Sie mit unserem gro\u00dfz\u00fcgigen Willkommenspaket, genie\u00dfen Sie laufende Einzahlungsboni und Freispiele und nehmen Sie an Turnieren teil, um gro\u00dfe Gewinne zu erzielen.\" \/>\n<meta name=\"robots\" content=\"index, follow, max-snippet:-1, max-image-preview:large, max-video-preview:-1\" \/>\n<link rel=\"canonical\" href=\"https:\/\/tesor-casino.org\/de\/aktionen\/\" \/>\n<meta property=\"og:locale\" content=\"de_DE\" \/>\n<meta property=\"og:type\" content=\"article\" \/>\n<meta property=\"og:title\" content=\"Tesorcasino-Boni und Werbungspr\u00e4mien\" \/>\n<meta property=\"og:description\" content=\"Entdecken Sie alle Boni bei Tesorcasino! Starten Sie mit unserem gro\u00dfz\u00fcgigen Willkommenspaket, genie\u00dfen Sie laufende Einzahlungsboni und Freispiele und nehmen Sie an Turnieren teil, um gro\u00dfe Gewinne zu erzielen.\" \/>\n<meta property=\"og:url\" content=\"https:\/\/tesor-casino.org\/de\/aktionen\/\" \/>\n<meta property=\"og:site_name\" content=\"tesorcasino\" \/>\n<meta property=\"article:modified_time\" content=\"2026-03-10T09:35:59+00:00\" \/>\n<meta name=\"twitter:card\" content=\"summary_large_image\" \/>\n<meta name=\"twitter:label1\" content=\"Gesch\u00e4tzte Lesezeit\" \/>\n\t<meta name=\"twitter:data1\" content=\"1\u00a0Minute\" \/>\n<script type=\"application\/ld+json\" class=\"yoast-schema-graph\">{\"@context\":\"https:\\\/\\\/schema.org\",\"@graph\":[{\"@type\":\"WebPage\",\"@id\":\"https:\\\/\\\/tesor-casino.org\\\/de\\\/aktionen\\\/\",\"url\":\"https:\\\/\\\/tesor-casino.org\\\/de\\\/aktionen\\\/\",\"name\":\"Tesorcasino-Boni und Werbungspr\u00e4mien\",\"isPartOf\":{\"@id\":\"https:\\\/\\\/tesor-casino.org\\\/de\\\/#website\"},\"datePublished\":\"2026-01-20T12:21:20+00:00\",\"dateModified\":\"2026-03-10T09:35:59+00:00\",\"description\":\"Entdecken Sie alle Boni bei Tesorcasino! Starten Sie mit unserem gro\u00dfz\u00fcgigen Willkommenspaket, genie\u00dfen Sie laufende Einzahlungsboni und Freispiele und nehmen Sie an Turnieren teil, um gro\u00dfe Gewinne zu erzielen.\",\"breadcrumb\":{\"@id\":\"https:\\\/\\\/tesor-casino.org\\\/de\\\/aktionen\\\/#breadcrumb\"},\"inLanguage\":\"de\",\"potentialAction\":[{\"@type\":\"ReadAction\",\"target\":[\"https:\\\/\\\/tesor-casino.org\\\/de\\\/aktionen\\\/\"]}]},{\"@type\":\"BreadcrumbList\",\"@id\":\"https:\\\/\\\/tesor-casino.org\\\/de\\\/aktionen\\\/#breadcrumb\",\"itemListElement\":[{\"@type\":\"ListItem\",\"position\":1,\"name\":\"Tesorcasino\",\"item\":\"https:\\\/\\\/tesor-casino.org\\\/de\\\/\"},{\"@type\":\"ListItem\",\"position\":2,\"name\":\"Aktionen\"}]},{\"@type\":\"WebSite\",\"@id\":\"https:\\\/\\\/tesor-casino.org\\\/de\\\/#website\",\"url\":\"https:\\\/\\\/tesor-casino.org\\\/de\\\/\",\"name\":\"Tesorcasino\",\"description\":\"\",\"publisher\":{\"@id\":\"https:\\\/\\\/tesor-casino.org\\\/de\\\/#organization\"},\"potentialAction\":[{\"@type\":\"SearchAction\",\"target\":{\"@type\":\"EntryPoint\",\"urlTemplate\":\"https:\\\/\\\/tesor-casino.org\\\/de\\\/?s={search_term_string}\"},\"query-input\":{\"@type\":\"PropertyValueSpecification\",\"valueRequired\":true,\"valueName\":\"search_term_string\"}}],\"inLanguage\":\"de\"},{\"@type\":\"Organization\",\"@id\":\"https:\\\/\\\/tesor-casino.org\\\/de\\\/#organization\",\"name\":\"Tesorcasino\",\"url\":\"https:\\\/\\\/tesor-casino.org\\\/de\\\/\",\"logo\":{\"@type\":\"ImageObject\",\"inLanguage\":\"de\",\"@id\":\"https:\\\/\\\/tesor-casino.org\\\/de\\\/#\\\/schema\\\/logo\\\/image\\\/\",\"url\":\"https:\\\/\\\/tesor-casino.org\\\/wp-content\\\/uploads\\\/2026\\\/03\\\/Tesorcasino-logo.png\",\"contentUrl\":\"https:\\\/\\\/tesor-casino.org\\\/wp-content\\\/uploads\\\/2026\\\/03\\\/Tesorcasino-logo.png\",\"width\":246,\"height\":44,\"caption\":\"Tesorcasino\"},\"image\":{\"@id\":\"https:\\\/\\\/tesor-casino.org\\\/de\\\/#\\\/schema\\\/logo\\\/image\\\/\"}}]}<\/script>\n<!-- \/ Yoast SEO plugin. -->","yoast_head_json":{"title":"Tesorcasino-Boni und Werbungspr\u00e4mien","description":"Entdecken Sie alle Boni bei Tesorcasino! Starten Sie mit unserem gro\u00dfz\u00fcgigen Willkommenspaket, genie\u00dfen Sie laufende Einzahlungsboni und Freispiele und nehmen Sie an Turnieren teil, um gro\u00dfe Gewinne zu erzielen.","robots":{"index":"index","follow":"follow","max-snippet":"max-snippet:-1","max-image-preview":"max-image-preview:large","max-video-preview":"max-video-preview:-1"},"canonical":"https:\/\/tesor-casino.org\/de\/aktionen\/","og_locale":"de_DE","og_type":"article","og_title":"Tesorcasino-Boni und Werbungspr\u00e4mien","og_description":"Entdecken Sie alle Boni bei Tesorcasino! Starten Sie mit unserem gro\u00dfz\u00fcgigen Willkommenspaket, genie\u00dfen Sie laufende Einzahlungsboni und Freispiele und nehmen Sie an Turnieren teil, um gro\u00dfe Gewinne zu erzielen.","og_url":"https:\/\/tesor-casino.org\/de\/aktionen\/","og_site_name":"tesorcasino","article_modified_time":"2026-03-10T09:35:59+00:00","twitter_card":"summary_large_image","twitter_misc":{"Gesch\u00e4tzte Lesezeit":"1\u00a0Minute"},"schema":{"@context":"https:\/\/schema.org","@graph":[{"@type":"WebPage","@id":"https:\/\/tesor-casino.org\/de\/aktionen\/","url":"https:\/\/tesor-casino.org\/de\/aktionen\/","name":"Tesorcasino-Boni und Werbungspr\u00e4mien","isPartOf":{"@id":"https:\/\/tesor-casino.org\/de\/#website"},"datePublished":"2026-01-20T12:21:20+00:00","dateModified":"2026-03-10T09:35:59+00:00","description":"Entdecken Sie alle Boni bei Tesorcasino! Starten Sie mit unserem gro\u00dfz\u00fcgigen Willkommenspaket, genie\u00dfen Sie laufende Einzahlungsboni und Freispiele und nehmen Sie an Turnieren teil, um gro\u00dfe Gewinne zu erzielen.","breadcrumb":{"@id":"https:\/\/tesor-casino.org\/de\/aktionen\/#breadcrumb"},"inLanguage":"de","potentialAction":[{"@type":"ReadAction","target":["https:\/\/tesor-casino.org\/de\/aktionen\/"]}]},{"@type":"BreadcrumbList","@id":"https:\/\/tesor-casino.org\/de\/aktionen\/#breadcrumb","itemListElement":[{"@type":"ListItem","position":1,"name":"Tesorcasino","item":"https:\/\/tesor-casino.org\/de\/"},{"@type":"ListItem","position":2,"name":"Aktionen"}]},{"@type":"WebSite","@id":"https:\/\/tesor-casino.org\/de\/#website","url":"https:\/\/tesor-casino.org\/de\/","name":"Tesorcasino","description":"","publisher":{"@id":"https:\/\/tesor-casino.org\/de\/#organization"},"potentialAction":[{"@type":"SearchAction","target":{"@type":"EntryPoint","urlTemplate":"https:\/\/tesor-casino.org\/de\/?s={search_term_string}"},"query-input":{"@type":"PropertyValueSpecification","valueRequired":true,"valueName":"search_term_string"}}],"inLanguage":"de"},{"@type":"Organization","@id":"https:\/\/tesor-casino.org\/de\/#organization","name":"Tesorcasino","url":"https:\/\/tesor-casino.org\/de\/","logo":{"@type":"ImageObject","inLanguage":"de","@id":"https:\/\/tesor-casino.org\/de\/#\/schema\/logo\/image\/","url":"https:\/\/tesor-casino.org\/wp-content\/uploads\/2026\/03\/Tesorcasino-logo.png","contentUrl":"https:\/\/tesor-casino.org\/wp-content\/uploads\/2026\/03\/Tesorcasino-logo.png","width":246,"height":44,"caption":"Tesorcasino"},"image":{"@id":"https:\/\/tesor-casino.org\/de\/#\/schema\/logo\/image\/"}}]}},"_links":{"self":[{"href":"https:\/\/tesor-casino.org\/de\/wp-json\/wp\/v2\/pages\/1454","targetHints":{"allow":["GET"]}}],"collection":[{"href":"https:\/\/tesor-casino.org\/de\/wp-json\/wp\/v2\/pages"}],"about":[{"href":"https:\/\/tesor-casino.org\/de\/wp-json\/wp\/v2\/types\/page"}],"author":[{"embeddable":true,"href":"https:\/\/tesor-casino.org\/de\/wp-json\/wp\/v2\/users\/1"}],"replies":[{"embeddable":true,"href":"https:\/\/tesor-casino.org\/de\/wp-json\/wp\/v2\/comments?post=1454"}],"version-history":[{"count":4,"href":"https:\/\/tesor-casino.org\/de\/wp-json\/wp\/v2\/pages\/1454\/revisions"}],"predecessor-version":[{"id":2053,"href":"https:\/\/tesor-casino.org\/de\/wp-json\/wp\/v2\/pages\/1454\/revisions\/2053"}],"wp:attachment":[{"href":"https:\/\/tesor-casino.org\/de\/wp-json\/wp\/v2\/media?parent=1454"}],"curies":[{"name":"wp","href":"https:\/\/api.w.org\/{rel}","templated":true}]}}