{"id":1483,"date":"2026-01-20T12:11:11","date_gmt":"2026-01-20T12:11:11","guid":{"rendered":"https:\/\/bonuskongcasino.com\/login-and-registration\/"},"modified":"2026-03-10T09:33:05","modified_gmt":"2026-03-10T09:33:05","slug":"anmeldung-und-registrierung","status":"publish","type":"page","link":"https:\/\/tesor-casino.org\/de\/anmeldung-und-registrierung\/","title":{"rendered":"Anmeldung und Registrierung"},"content":{"rendered":"<h1>Tesorcasino Kontoanmeldung und Registrierung<\/h1>\n<p>Nach Abschluss des Tesorcasino Login Prozesses k\u00f6nnen Sie in einer sicheren Umgebung um echtes Geld spielen. Ohne Konto haben Sie nur eingeschr\u00e4nkten Zugriff auf unsere Funktionen. Nach der Registrierung stehen Nutzern jedoch alle Spiele, Boni, Zahlungen und nat\u00fcrlich der Kundenservice mit einem Klick zur Verf\u00fcgung.<\/p>\n<p><div class=\"banner-wrap\" aria-label=\"Banner\"><img src=\"https:\/\/tesor-casino.org\/wp-content\/uploads\/2026\/03\/tesorcasino-bnr-pc-2.webp\" class=\"w-100 d-none d-lg-block img-pc main-banner-img\" alt=\"tesorcasino banner desktop\" fetchpriority=\"high\" decoding=\"async\"><img src=\"https:\/\/tesor-casino.org\/wp-content\/uploads\/2026\/03\/tesorcasino-banner-mobile.webp\" class=\"w-100 d-none d-md-block d-lg-none main-banner-img\" alt=\"tesorcasino banner mobile\" fetchpriority=\"high\" decoding=\"async\"><img src=\"https:\/\/tesor-casino.org\/wp-content\/uploads\/2026\/03\/tesorcasino-banner-mobile.webp\" class=\"w-100 d-md-none\" alt=\"tesorcasino banner mobile\" fetchpriority=\"high\" decoding=\"async\"><div class=\"banner-description\">\n<div class=\"banner-title\">Willkommensboni<\/div>\n<p class=\"banner-header-title\">1500 \u20ac<\/p>\n<div class=\"banner-header-AdditionalText\">+ 250 Freispiele<\/div>\n<button data-item=\"homepage_banner_link\" class=\"goto m-button m-gradient-border m-button--primary m-button--large banner-button btn-orange\">\n            <div class=\"m-button-content\">\n                <span>Jetzt anmelden<\/span>\n                <span><\/span>\n            <\/div>\n        <\/button>\n<\/div>\n<div class=\"WelcomePack\">\n<p><img loading=\"lazy\" decoding=\"async\" class=\"alignnone size-full wp-image-1870\" src=\"https:\/\/tesor-casino.org\/wp-content\/uploads\/2026\/03\/welcome-crown-1.png\" alt=\"welcome crown\" width=\"25\" height=\"26\" \/><\/p>\n<div class=\"WelcomePack-Info\">W\u00f6chentlicher Cashback von bis zu 25 %<\/div>\n<p><img loading=\"lazy\" decoding=\"async\" class=\"alignnone size-full wp-image-1870\" src=\"https:\/\/tesor-casino.org\/wp-content\/uploads\/2026\/03\/welcome-crown-1.png\" alt=\"welcome crown\" width=\"25\" height=\"26\" \/><\/p>\n<\/div>\n<\/div><div class=\"scrollable-content-wrap my-5\"><div class=\"scrollable-content-inner\"><h2>Vorteile eines Kontos bei Tesor Casino<\/h2>\n<p>Die Anmeldung bei Tesor Casino ist f\u00fcr alle Personen ab 18 Jahren m\u00f6glich. Das ist Ihre Chance, vom Demo-Modus zum Echtgeldspiel \u00fcberzugehen. Durch die Registrierung erhalten Sie Zugang zu allen Spielen, Boni und Zahlungen sowie zum Support-Team.<\/p>\n<p>Jede Person kann nur ein Profil bei Tesorcasino haben. Au\u00dferdem ist es wichtig, dass Sie zuerst die Regeln unserer Plattform lesen. Wir empfehlen Ihnen dringend, ein Konto zu erstellen, um das volle Spielerlebnis zu genie\u00dfen.<\/p>\n<p><img loading=\"lazy\" decoding=\"async\" class=\"alignnone size-full wp-image-1954\" src=\"https:\/\/tesor-casino.org\/wp-content\/uploads\/2026\/03\/Tesorcasino-login-page.webp\" alt=\"Tesorcasino login page\" width=\"1248\" height=\"536\" srcset=\"https:\/\/tesor-casino.org\/wp-content\/uploads\/2026\/03\/Tesorcasino-login-page.webp 1248w, https:\/\/tesor-casino.org\/wp-content\/uploads\/2026\/03\/Tesorcasino-login-page-300x129.webp 300w, https:\/\/tesor-casino.org\/wp-content\/uploads\/2026\/03\/Tesorcasino-login-page-1024x440.webp 1024w, https:\/\/tesor-casino.org\/wp-content\/uploads\/2026\/03\/Tesorcasino-login-page-768x330.webp 768w\" sizes=\"auto, (max-width: 1248px) 100vw, 1248px\" \/><\/p>\n<h3>Schritt-f\u00fcr-Schritt Anleitung zur Registrierung<\/h3>\n<p>Um ein Konto bei Tesorcasino zu erstellen, ben\u00f6tigen Sie nur wenige Minuten Ihrer Zeit. Der Vorgang ist selbst f\u00fcr diejenigen einfach, die zum ersten Mal ein Online-Casino besuchen. Benutzer m\u00fcssen echte Informationen angeben, da diese im Verifizierungsprozess \u00fcberpr\u00fcft werden. Im ersten Schritt ben\u00f6tigen wir nur Ihre E-Mail-Adresse und Ihr Passwort. Die anderen pers\u00f6nlichen Daten k\u00f6nnen sp\u00e4ter angegeben werden. Hier ist eine n\u00fctzliche Anleitung f\u00fcr Sie:<\/p>\n<ol>\n<li>Sie m\u00fcssen auf den goldenen Button oben auf der Hauptseite von Tesor Casino klicken.<\/li>\n<li>F\u00fcllen Sie die Felder mit Ihren pers\u00f6nlichen Daten aus.<\/li>\n<li>Erstellen Sie ein sicheres Passwort mit Sonderzeichen, Gro\u00df- und Kleinbuchstaben.<\/li>\n<li>Geben Sie den Promo-Code ein, falls Sie einen haben. Dadurch erhalten Sie direkt nach der Registrierung eine zus\u00e4tzliche Belohnung.<\/li>\n<li>Geben Sie Ihr Alter an und akzeptieren Sie die Allgemeinen Gesch\u00e4ftsbedingungen unserer Plattform.<\/li>\n<li>Klicken Sie auf \u201eAnmelden\u201c, um den Vorgang abzuschlie\u00dfen und ein Konto zu erstellen.<\/li>\n<\/ol>\n<h2>Anmeldeprozess<\/h2>\n<p>Wenn Sie die Registrierung abgeschlossen haben, m\u00fcssen Sie beim n\u00e4chsten Mal den Anmeldevorgang bei Tesorcasino durchlaufen. In diesem Fall m\u00fcssen Benutzer ihre bei der Erstellung eines Kontos festgelegten E-Mail-Adresse und Passwort angeben. Nicht immer l\u00e4uft alles wie erwartet, aber wir haben f\u00fcr jede Situation eine L\u00f6sung. Machen Sie sich mit den folgenden Informationen vertraut, um zu wissen, was bei den einzelnen Problemen zu tun ist.<\/p>\n<table>\n<tbody>\n<tr>\n<td>Problem<\/td>\n<td>L\u00f6sung<\/td>\n<\/tr>\n<tr>\n<td>Falsches Passwort<\/td>\n<td>Verwenden Sie den Link \u201ePasswort vergessen?\u201c auf der Anmeldeseite von Tesor Casino, um Ihr Passwort per E-Mail zur\u00fcckzusetzen und ein neues sicheres Passwort zu erstellen.<\/td>\n<\/tr>\n<tr>\n<td>Konto vor\u00fcbergehend gesperrt<\/td>\n<td>Warten Sie etwa 15 Minuten, bis die Sperre aufgehoben wird, oder wenden Sie sich an unseren Kundendienst, um Hilfe zu erhalten.<\/td>\n<\/tr>\n<tr>\n<td>Automatische Abmeldung<\/td>\n<td>Melden Sie sich erneut an. Aus Sicherheitsgr\u00fcnden k\u00f6nnen Sitzungen nach einer bestimmten Zeit der Inaktivit\u00e4t ablaufen.<\/td>\n<\/tr>\n<tr>\n<td>Browser- oder Cache-Probleme<\/td>\n<td>L\u00f6schen Sie Ihren Browser-Cache, aktivieren Sie Cookies oder aktualisieren Sie Ihren Browser und versuchen Sie es erneut.<\/td>\n<\/tr>\n<tr>\n<td>2FA-Code funktioniert nicht<\/td>\n<td>Geben Sie den aktuellen Authentifizierungscode ein oder fordern Sie einen neuen an, wenn der vorherige Code abgelaufen ist.<\/td>\n<\/tr>\n<\/tbody>\n<\/table>\n<h3>Tesorcasino Profileinstellungen<\/h3>\n<p>Die Anmeldung bei Tesorcasino bedeutet nicht nur Zugang zu Spielen und Aktionen. In Ihrem Profil finden Sie auch viele wichtige Einstellungen und Tools, die Ihr Spielerlebnis angenehmer machen k\u00f6nnen. Benutzer k\u00f6nnen ihre pers\u00f6nlichen Daten jederzeit \u00e4ndern. Wenn es sich um Ihr Passwort handelt, m\u00fcssen Sie sich per E-Mail identifizieren.<\/p>\n<p>Um die Sicherheit des Spiels zu gew\u00e4hrleisten, k\u00f6nnen Benutzer regelm\u00e4\u00dfig ihren Aktivit\u00e4tsverlauf \u00fcberpr\u00fcfen, einschlie\u00dflich der Zeit auf der Plattform, der Einzahlungen, der Verluste und der Gewinne. Der Bonusstatus von Tesor Casino ist ebenfalls verf\u00fcgbar. Bei Bedarf k\u00f6nnen unsere Kunden jederzeit spezielle Tools f\u00fcr verantwortungsbewusstes Spielen aktivieren.<\/p>\n<h2>Sicherheit personenbezogener Daten<\/h2>\n<p>Mit der Anmeldung bei Tesorcasino vertrauen Sie uns Ihre pers\u00f6nlichen und finanziellen Daten an. Da wir \u00fcber die offizielle E-Gaming-Lizenz verf\u00fcgen, befolgen wir auch alle erforderlichen Sicherheitsma\u00dfnahmen. Wir halten uns vollst\u00e4ndig an die DSGVO. Unsere Website verwendet eine 256-Bit-AES-Verschl\u00fcsselung, um alle Ihre Daten zu sch\u00fctzen.<\/p>\n<p>Um Ihrem Konto einen zus\u00e4tzlichen Schutz zu bieten, gibt es eine Zwei-Faktor-Authentifizierung. Wir \u00fcberwachen permanent die Login-Aktivit\u00e4ten auf der Tesorcasino-Seite und informieren Sie sofort, wenn etwas Verd\u00e4chtiges auff\u00e4llt. Unser mehrsprachiges Support-Team ist rund um die Uhr per Live-Chat und E-Mail erreichbar. Wenn Sie also Fragen oder Bedenken haben, wenden Sie sich bitte an uns.<\/p>\n<h2>FAQ<\/h2>\n<h3>Ist der Verifizierungsprozess direkt nach der Registrierung erforderlich?<\/h3>\n<p>Wir bitten alle unsere Kunden, den Verifizierungsprozess vor ihrer ersten Auszahlung abzuschlie\u00dfen. Dazu m\u00fcssen Sie Fotos Ihrer pers\u00f6nlichen Dokumente auf die Plattform hochladen, um Ihre Identit\u00e4t, die Inhaberschaft Ihres Zahlungskontos und Ihr Alter nachzuweisen.<\/p>\n<h3>Kann ich mein Profil bei Tesorcasino mit einem Freund teilen?<\/h3>\n<p>Jede Person sollte ein eigenes Profil bei Tesor Casino haben. Sie m\u00fcssen Ihre pers\u00f6nlichen Daten angeben und das Ihnen geh\u00f6rende Zahlungskonto verwenden.<\/p>\n<h3>Was kann ich bei Tesor Casino ohne Konto tun?<\/h3>\n<p>Spieler k\u00f6nnen mehrere Titel im Demo-Modus ausprobieren. Sie spielen um virtuelle M\u00fcnzen ohne jegliches Risiko. Der Nachteil ist, dass Sie keine potenziellen Gewinne auszahlen lassen k\u00f6nnen. Au\u00dferdem k\u00f6nnen Sie sich an unseren Kundendienst wenden.<\/p>\n<\/div><\/div><\/p>\n","protected":false},"excerpt":{"rendered":"<p>Tesorcasino Kontoanmeldung und Registrierung Nach Abschluss des Tesorcasino Login Prozesses k\u00f6nnen Sie in einer sicheren Umgebung um echtes Geld spielen. Ohne Konto haben Sie nur eingeschr\u00e4nkten Zugriff auf unsere Funktionen. Nach der Registrierung stehen Nutzern jedoch alle Spiele, Boni, Zahlungen und nat\u00fcrlich der Kundenservice mit einem Klick zur Verf\u00fcgung.<\/p>\n","protected":false},"author":1,"featured_media":0,"parent":0,"menu_order":0,"comment_status":"closed","ping_status":"closed","template":"template-builder.php","meta":{"_acf_changed":false,"inline_featured_image":false,"footnotes":""},"class_list":["post-1483","page","type-page","status-publish","hentry"],"acf":[],"yoast_head":"<!-- This site is optimized with the Yoast SEO plugin v27.3 - https:\/\/yoast.com\/product\/yoast-seo-wordpress\/ -->\n<title>Tesorcasino-Login | Sicherer Kontozugriff und Registrierung<\/title>\n<meta name=\"description\" content=\"Ihr Tesorcasino-Login ist Ihr Schl\u00fcssel zu Tausenden von Spielen. Melden Sie sich an, um zu spielen, oder registrieren Sie ein neues Konto, f\u00fchren Sie eine sichere Verifizierung durch, verwalten Sie Ihr Guthaben und kontaktieren Sie den 24\/7-Support.\" \/>\n<meta name=\"robots\" content=\"index, follow, max-snippet:-1, max-image-preview:large, max-video-preview:-1\" \/>\n<link rel=\"canonical\" href=\"https:\/\/tesor-casino.org\/de\/anmeldung-und-registrierung\/\" \/>\n<meta property=\"og:locale\" content=\"de_DE\" \/>\n<meta property=\"og:type\" content=\"article\" \/>\n<meta property=\"og:title\" content=\"Tesorcasino-Login | Sicherer Kontozugriff und Registrierung\" \/>\n<meta property=\"og:description\" content=\"Ihr Tesorcasino-Login ist Ihr Schl\u00fcssel zu Tausenden von Spielen. Melden Sie sich an, um zu spielen, oder registrieren Sie ein neues Konto, f\u00fchren Sie eine sichere Verifizierung durch, verwalten Sie Ihr Guthaben und kontaktieren Sie den 24\/7-Support.\" \/>\n<meta property=\"og:url\" content=\"https:\/\/tesor-casino.org\/de\/anmeldung-und-registrierung\/\" \/>\n<meta property=\"og:site_name\" content=\"tesorcasino\" \/>\n<meta property=\"article:modified_time\" content=\"2026-03-10T09:33:05+00:00\" \/>\n<meta name=\"twitter:card\" content=\"summary_large_image\" \/>\n<meta name=\"twitter:label1\" content=\"Gesch\u00e4tzte Lesezeit\" \/>\n\t<meta name=\"twitter:data1\" content=\"1\u00a0Minute\" \/>\n<script type=\"application\/ld+json\" class=\"yoast-schema-graph\">{\"@context\":\"https:\\\/\\\/schema.org\",\"@graph\":[{\"@type\":\"WebPage\",\"@id\":\"https:\\\/\\\/tesor-casino.org\\\/de\\\/anmeldung-und-registrierung\\\/\",\"url\":\"https:\\\/\\\/tesor-casino.org\\\/de\\\/anmeldung-und-registrierung\\\/\",\"name\":\"Tesorcasino-Login | Sicherer Kontozugriff und Registrierung\",\"isPartOf\":{\"@id\":\"https:\\\/\\\/tesor-casino.org\\\/de\\\/#website\"},\"datePublished\":\"2026-01-20T12:11:11+00:00\",\"dateModified\":\"2026-03-10T09:33:05+00:00\",\"description\":\"Ihr Tesorcasino-Login ist Ihr Schl\u00fcssel zu Tausenden von Spielen. Melden Sie sich an, um zu spielen, oder registrieren Sie ein neues Konto, f\u00fchren Sie eine sichere Verifizierung durch, verwalten Sie Ihr Guthaben und kontaktieren Sie den 24\\\/7-Support.\",\"breadcrumb\":{\"@id\":\"https:\\\/\\\/tesor-casino.org\\\/de\\\/anmeldung-und-registrierung\\\/#breadcrumb\"},\"inLanguage\":\"de\",\"potentialAction\":[{\"@type\":\"ReadAction\",\"target\":[\"https:\\\/\\\/tesor-casino.org\\\/de\\\/anmeldung-und-registrierung\\\/\"]}]},{\"@type\":\"BreadcrumbList\",\"@id\":\"https:\\\/\\\/tesor-casino.org\\\/de\\\/anmeldung-und-registrierung\\\/#breadcrumb\",\"itemListElement\":[{\"@type\":\"ListItem\",\"position\":1,\"name\":\"Tesorcasino\",\"item\":\"https:\\\/\\\/tesor-casino.org\\\/de\\\/\"},{\"@type\":\"ListItem\",\"position\":2,\"name\":\"Anmeldung und Registrierung\"}]},{\"@type\":\"WebSite\",\"@id\":\"https:\\\/\\\/tesor-casino.org\\\/de\\\/#website\",\"url\":\"https:\\\/\\\/tesor-casino.org\\\/de\\\/\",\"name\":\"Tesorcasino\",\"description\":\"\",\"publisher\":{\"@id\":\"https:\\\/\\\/tesor-casino.org\\\/de\\\/#organization\"},\"potentialAction\":[{\"@type\":\"SearchAction\",\"target\":{\"@type\":\"EntryPoint\",\"urlTemplate\":\"https:\\\/\\\/tesor-casino.org\\\/de\\\/?s={search_term_string}\"},\"query-input\":{\"@type\":\"PropertyValueSpecification\",\"valueRequired\":true,\"valueName\":\"search_term_string\"}}],\"inLanguage\":\"de\"},{\"@type\":\"Organization\",\"@id\":\"https:\\\/\\\/tesor-casino.org\\\/de\\\/#organization\",\"name\":\"Tesorcasino\",\"url\":\"https:\\\/\\\/tesor-casino.org\\\/de\\\/\",\"logo\":{\"@type\":\"ImageObject\",\"inLanguage\":\"de\",\"@id\":\"https:\\\/\\\/tesor-casino.org\\\/de\\\/#\\\/schema\\\/logo\\\/image\\\/\",\"url\":\"https:\\\/\\\/tesor-casino.org\\\/wp-content\\\/uploads\\\/2026\\\/03\\\/Tesorcasino-logo.png\",\"contentUrl\":\"https:\\\/\\\/tesor-casino.org\\\/wp-content\\\/uploads\\\/2026\\\/03\\\/Tesorcasino-logo.png\",\"width\":246,\"height\":44,\"caption\":\"Tesorcasino\"},\"image\":{\"@id\":\"https:\\\/\\\/tesor-casino.org\\\/de\\\/#\\\/schema\\\/logo\\\/image\\\/\"}}]}<\/script>\n<!-- \/ Yoast SEO plugin. -->","yoast_head_json":{"title":"Tesorcasino-Login | Sicherer Kontozugriff und Registrierung","description":"Ihr Tesorcasino-Login ist Ihr Schl\u00fcssel zu Tausenden von Spielen. Melden Sie sich an, um zu spielen, oder registrieren Sie ein neues Konto, f\u00fchren Sie eine sichere Verifizierung durch, verwalten Sie Ihr Guthaben und kontaktieren Sie den 24\/7-Support.","robots":{"index":"index","follow":"follow","max-snippet":"max-snippet:-1","max-image-preview":"max-image-preview:large","max-video-preview":"max-video-preview:-1"},"canonical":"https:\/\/tesor-casino.org\/de\/anmeldung-und-registrierung\/","og_locale":"de_DE","og_type":"article","og_title":"Tesorcasino-Login | Sicherer Kontozugriff und Registrierung","og_description":"Ihr Tesorcasino-Login ist Ihr Schl\u00fcssel zu Tausenden von Spielen. Melden Sie sich an, um zu spielen, oder registrieren Sie ein neues Konto, f\u00fchren Sie eine sichere Verifizierung durch, verwalten Sie Ihr Guthaben und kontaktieren Sie den 24\/7-Support.","og_url":"https:\/\/tesor-casino.org\/de\/anmeldung-und-registrierung\/","og_site_name":"tesorcasino","article_modified_time":"2026-03-10T09:33:05+00:00","twitter_card":"summary_large_image","twitter_misc":{"Gesch\u00e4tzte Lesezeit":"1\u00a0Minute"},"schema":{"@context":"https:\/\/schema.org","@graph":[{"@type":"WebPage","@id":"https:\/\/tesor-casino.org\/de\/anmeldung-und-registrierung\/","url":"https:\/\/tesor-casino.org\/de\/anmeldung-und-registrierung\/","name":"Tesorcasino-Login | Sicherer Kontozugriff und Registrierung","isPartOf":{"@id":"https:\/\/tesor-casino.org\/de\/#website"},"datePublished":"2026-01-20T12:11:11+00:00","dateModified":"2026-03-10T09:33:05+00:00","description":"Ihr Tesorcasino-Login ist Ihr Schl\u00fcssel zu Tausenden von Spielen. Melden Sie sich an, um zu spielen, oder registrieren Sie ein neues Konto, f\u00fchren Sie eine sichere Verifizierung durch, verwalten Sie Ihr Guthaben und kontaktieren Sie den 24\/7-Support.","breadcrumb":{"@id":"https:\/\/tesor-casino.org\/de\/anmeldung-und-registrierung\/#breadcrumb"},"inLanguage":"de","potentialAction":[{"@type":"ReadAction","target":["https:\/\/tesor-casino.org\/de\/anmeldung-und-registrierung\/"]}]},{"@type":"BreadcrumbList","@id":"https:\/\/tesor-casino.org\/de\/anmeldung-und-registrierung\/#breadcrumb","itemListElement":[{"@type":"ListItem","position":1,"name":"Tesorcasino","item":"https:\/\/tesor-casino.org\/de\/"},{"@type":"ListItem","position":2,"name":"Anmeldung und Registrierung"}]},{"@type":"WebSite","@id":"https:\/\/tesor-casino.org\/de\/#website","url":"https:\/\/tesor-casino.org\/de\/","name":"Tesorcasino","description":"","publisher":{"@id":"https:\/\/tesor-casino.org\/de\/#organization"},"potentialAction":[{"@type":"SearchAction","target":{"@type":"EntryPoint","urlTemplate":"https:\/\/tesor-casino.org\/de\/?s={search_term_string}"},"query-input":{"@type":"PropertyValueSpecification","valueRequired":true,"valueName":"search_term_string"}}],"inLanguage":"de"},{"@type":"Organization","@id":"https:\/\/tesor-casino.org\/de\/#organization","name":"Tesorcasino","url":"https:\/\/tesor-casino.org\/de\/","logo":{"@type":"ImageObject","inLanguage":"de","@id":"https:\/\/tesor-casino.org\/de\/#\/schema\/logo\/image\/","url":"https:\/\/tesor-casino.org\/wp-content\/uploads\/2026\/03\/Tesorcasino-logo.png","contentUrl":"https:\/\/tesor-casino.org\/wp-content\/uploads\/2026\/03\/Tesorcasino-logo.png","width":246,"height":44,"caption":"Tesorcasino"},"image":{"@id":"https:\/\/tesor-casino.org\/de\/#\/schema\/logo\/image\/"}}]}},"_links":{"self":[{"href":"https:\/\/tesor-casino.org\/de\/wp-json\/wp\/v2\/pages\/1483","targetHints":{"allow":["GET"]}}],"collection":[{"href":"https:\/\/tesor-casino.org\/de\/wp-json\/wp\/v2\/pages"}],"about":[{"href":"https:\/\/tesor-casino.org\/de\/wp-json\/wp\/v2\/types\/page"}],"author":[{"embeddable":true,"href":"https:\/\/tesor-casino.org\/de\/wp-json\/wp\/v2\/users\/1"}],"replies":[{"embeddable":true,"href":"https:\/\/tesor-casino.org\/de\/wp-json\/wp\/v2\/comments?post=1483"}],"version-history":[{"count":3,"href":"https:\/\/tesor-casino.org\/de\/wp-json\/wp\/v2\/pages\/1483\/revisions"}],"predecessor-version":[{"id":2051,"href":"https:\/\/tesor-casino.org\/de\/wp-json\/wp\/v2\/pages\/1483\/revisions\/2051"}],"wp:attachment":[{"href":"https:\/\/tesor-casino.org\/de\/wp-json\/wp\/v2\/media?parent=1483"}],"curies":[{"name":"wp","href":"https:\/\/api.w.org\/{rel}","templated":true}]}}