{"id":1449,"date":"2026-01-20T12:08:23","date_gmt":"2026-01-20T12:08:23","guid":{"rendered":"https:\/\/bonuskongcasino.com\/app-2\/"},"modified":"2026-03-10T10:41:22","modified_gmt":"2026-03-10T10:41:22","slug":"aplicacion","status":"publish","type":"page","link":"https:\/\/tesor-casino.org\/es\/aplicacion\/","title":{"rendered":"Aplicaci\u00f3n"},"content":{"rendered":"<h1>Plataforma m\u00f3vil de Tesorcasino<\/h1>\n<p>La Tesorcasino App har\u00e1 que la experiencia de los jugadores espa\u00f1oles sea mucho m\u00e1s c\u00f3moda, ya que es compatible con todos los dispositivos modernos y te permite jugar sobre la marcha. No importa si tienes un tel\u00e9fono Android o iOS, disfrutar\u00e1s de una carga r\u00e1pida y una jugabilidad fluida. Todas las funciones, el dise\u00f1o y la navegaci\u00f3n te resultar\u00e1n familiares, ya que reflejan el sitio web principal para PC. La instalaci\u00f3n se puede realizar r\u00e1pidamente, directamente desde nuestro sitio web.<\/p>\n<div class=\"banner-wrap\" aria-label=\"Banner\"><img src=\"https:\/\/tesor-casino.org\/wp-content\/uploads\/2026\/03\/tesorcasino-bnr-pc-2.webp\" class=\"w-100 d-none d-lg-block img-pc main-banner-img\" alt=\"tesorcasino banner desktop\" fetchpriority=\"high\" decoding=\"async\"><img src=\"https:\/\/tesor-casino.org\/wp-content\/uploads\/2026\/03\/tesorcasino-banner-mobile.webp\" class=\"w-100 d-none d-md-block d-lg-none main-banner-img\" alt=\"tesorcasino banner mobile\" fetchpriority=\"high\" decoding=\"async\"><img src=\"https:\/\/tesor-casino.org\/wp-content\/uploads\/2026\/03\/tesorcasino-banner-mobile.webp\" class=\"w-100 d-md-none\" alt=\"tesorcasino banner mobile\" fetchpriority=\"high\" decoding=\"async\"><div class=\"banner-description\">\n<div class=\"banner-title\">Bonos de bienvenida<\/div>\n<p class=\"banner-header-title\">1500 \u20ac<\/p>\n<div class=\"banner-header-AdditionalText\">+ 250 Tiradas gratis<\/div>\n<button data-item=\"homepage_banner_link\" class=\"goto m-button m-gradient-border m-button--primary m-button--large banner-button btn-orange\">\n            <div class=\"m-button-content\">\n                <span>Reg\u00edstrate ahora<\/span>\n                <span><\/span>\n            <\/div>\n        <\/button>\n<\/div>\n<div class=\"WelcomePack\">\n<p><img loading=\"lazy\" decoding=\"async\" class=\"alignnone size-full wp-image-1874\" src=\"https:\/\/tesor-casino.org\/wp-content\/uploads\/2026\/03\/welcome-crown-1.png\" alt=\"welcome crown\" width=\"25\" height=\"26\" \/><\/p>\n<div class=\"WelcomePack-Info\">Reembolso semanal de hasta el 25 %<\/div>\n<p><img loading=\"lazy\" decoding=\"async\" class=\"alignnone size-full wp-image-1874\" src=\"https:\/\/tesor-casino.org\/wp-content\/uploads\/2026\/03\/welcome-crown-1.png\" alt=\"welcome crown\" width=\"25\" height=\"26\" \/><\/p>\n<\/div>\n<\/div>\n<h2>Aplicaci\u00f3n Tesorcasino: caracter\u00edsticas principales<\/h2>\n<p>M\u00e1s de la mitad de nuestros clientes prefieren utilizar sus dispositivos m\u00f3viles para jugar en Tesor Casino. No es de extra\u00f1ar, ya que en el mundo moderno la gente prefiere ser flexible y estar conectada en l\u00ednea sin importar cu\u00e1ndo y d\u00f3nde se encuentre. Ofrecemos dos opciones c\u00f3modas para todos nuestros clientes: la versi\u00f3n para navegadores m\u00f3viles y la aplicaci\u00f3n Tesorcasino. A continuaci\u00f3n, los usuarios encontrar\u00e1n una descripci\u00f3n general de lo que pueden esperar del software m\u00f3vil.<\/p>\n<table>\n<tbody>\n<tr>\n<td>Caracter\u00edstica<\/td>\n<td>Qu\u00e9 significa<\/td>\n<\/tr>\n<tr>\n<td>Interfaz optimizada para m\u00f3viles<\/td>\n<td>Dise\u00f1o claro adaptado a pantallas m\u00e1s peque\u00f1as para facilitar la navegaci\u00f3n<\/td>\n<\/tr>\n<tr>\n<td>Carga r\u00e1pida de los juegos<\/td>\n<td>Menor tiempo de espera antes y entre rondas<\/td>\n<\/tr>\n<tr>\n<td>Rendimiento estable<\/td>\n<td>Jugabilidad fluida con un retraso o interrupciones m\u00ednimas<\/td>\n<\/tr>\n<tr>\n<td>Controles t\u00e1ctiles<\/td>\n<td>Toques y desplazamientos precisos sin retrasos<\/td>\n<\/tr>\n<tr>\n<td>Sesiones m\u00f3viles seguras<\/td>\n<td>Conexi\u00f3n cifrada y proceso de inicio de sesi\u00f3n protegido<\/td>\n<\/tr>\n<tr>\n<td>Actualizaciones autom\u00e1ticas<\/td>\n<td>Acceda siempre a la \u00faltima versi\u00f3n sin descargas manuales<\/td>\n<\/tr>\n<\/tbody>\n<\/table>\n<h3>Seguridad de tus datos<\/h3>\n<p>Tu seguridad es nuestra prioridad cuando utilizas la versi\u00f3n m\u00f3vil o la aplicaci\u00f3n. Para bloquear el tr\u00e1fico sospechoso y los bots en el entorno m\u00f3vil, utilizamos cortafuegos de aplicaciones web (WAF). Supervisamos permanentemente la actividad en nuestra plataforma para evitar fraudes.<\/p>\n<p>Los jugadores pueden ponerse en contacto con nuestro equipo de asistencia las 24 horas del d\u00eda, los 7 d\u00edas de la semana, para resolver dudas sobre seguridad y otros temas. La aplicaci\u00f3n Tesor Casino cuenta con un chat en vivo integrado en el que recibir\u00e1s una respuesta en pocos minutos.<\/p>\n<p><div class=\"scrollable-content-wrap my-5\"><div class=\"scrollable-content-inner\"><h2>Juega en Android con una experiencia de juego fluida<\/h2>\n<p>Al jugar en Android en Tesorcasino, los usuarios disfrutan de un entorno de juego r\u00e1pido, estable y totalmente optimizado. Est\u00e1 dise\u00f1ado espec\u00edficamente para el rendimiento m\u00f3vil. Nuestra plataforma es compatible con todas las versiones modernas de Android. El software se ha desarrollado para minimizar los tiempos de carga y reducir el consumo de datos.<\/p>\n<p>Los controles t\u00e1ctiles de la versi\u00f3n m\u00f3vil de Tesor Casino se crearon para garantizar la precisi\u00f3n. Te permiten realizar apuestas, girar los carretes y cobrar sin demora. Todos los procesos en segundo plano est\u00e1n optimizados para mantener tu sesi\u00f3n estable incluso durante partidas m\u00e1s largas.<\/p>\n<p>Si quieres instalar nuestra aplicaci\u00f3n sin problemas, solo tienes que seguir la gu\u00eda que aparece a continuaci\u00f3n:<\/p>\n<ol>\n<li>Abre el sitio web de Tesorcasino en tu navegador m\u00f3vil preferido.<\/li>\n<li>Si es Chrome, haz clic en el bot\u00f3n \u00abM\u00e1s\u00bb de la barra de direcciones.<\/li>\n<li>Los usuarios deben seleccionar \u00abA\u00f1adir a la pantalla de inicio\u00bb en la lista.<\/li>\n<li>Puedes personalizar el icono editando su nombre y apariencia.<\/li>\n<li>Para enviar sus acciones, simplemente pulse \u00abA\u00f1adir\u00bb.<\/li>\n<\/ol>\n<p><img loading=\"lazy\" decoding=\"async\" class=\"alignnone size-full wp-image-1924\" src=\"https:\/\/tesor-casino.org\/wp-content\/uploads\/2026\/03\/Tesorcasino-Android-\u2014-\u043a\u043e\u043f\u0438\u044f.webp\" alt=\"Tesorcasino Android\" width=\"1248\" height=\"536\" srcset=\"https:\/\/tesor-casino.org\/wp-content\/uploads\/2026\/03\/Tesorcasino-Android-\u2014-\u043a\u043e\u043f\u0438\u044f.webp 1248w, https:\/\/tesor-casino.org\/wp-content\/uploads\/2026\/03\/Tesorcasino-Android-\u2014-\u043a\u043e\u043f\u0438\u044f-300x129.webp 300w, https:\/\/tesor-casino.org\/wp-content\/uploads\/2026\/03\/Tesorcasino-Android-\u2014-\u043a\u043e\u043f\u0438\u044f-1024x440.webp 1024w, https:\/\/tesor-casino.org\/wp-content\/uploads\/2026\/03\/Tesorcasino-Android-\u2014-\u043a\u043e\u043f\u0438\u044f-768x330.webp 768w\" sizes=\"auto, (max-width: 1248px) 100vw, 1248px\" \/><\/p>\n<\/div><\/div><div style=\"clear: both\"><\/div><div class=\"d-flex justify-content-center\"><button data-item=\"decouvrez_link\" data-group=\"website_links\" class=\"goto fw-bold rounded-pill btn btn-orange\" aria-label=\"Descarga la aplicaci\u00f3n Tesorcasino\" >Descarga la aplicaci\u00f3n Tesorcasino<\/button><\/div><div class=\"scrollable-content-wrap my-5\"><div class=\"scrollable-content-inner\"><h2>Aplicaci\u00f3n m\u00f3vil para iOS<\/h2>\n<p>Todos nuestros jugadores de iOS pueden acceder r\u00e1pidamente a nuestro casino m\u00f3vil utilizando cualquier navegador en sus tel\u00e9fonos inteligentes y tabletas. Todos los juegos, incluidas las tragamonedas en l\u00ednea, los juegos de mesa y los t\u00edtulos de casino en vivo, se optimizar\u00e1n seg\u00fan el tama\u00f1o y la resoluci\u00f3n de su pantalla. No hay limitaciones, ya que todas las funciones estar\u00e1n disponibles en su dispositivo.<\/p>\n<p>Puede elegir entre la versi\u00f3n para navegador y la aplicaci\u00f3n dedicada de Tesorcasino. Ambas le permitir\u00e1n registrarse, acceder a su cuenta, realizar dep\u00f3sitos, jugar con dinero real y retirar sus ganancias al final. Solo usted decide qu\u00e9 opci\u00f3n elegir. Los jugadores pueden incluso combinarlas utilizando la misma cuenta de Tesor Casino.<\/p>\n<h3>Instrucciones de instalaci\u00f3n<\/h3>\n<p>Si decides disfrutar de una experiencia de juego m\u00e1s personalizada desde tu iPhone o iPad, tendr\u00e1s que instalar nuestro software m\u00f3vil. Solo utiliza datos almacenados en cach\u00e9, por lo que los usuarios no tienen que preocuparse por el almacenamiento de su dispositivo. Para instalar la aplicaci\u00f3n Tesorcasino, solo tienes que seguir las instrucciones que se indican a continuaci\u00f3n:<\/p>\n<ol>\n<li>Ve al men\u00fa principal de nuestro sitio web. Se encuentra en la parte izquierda del lobby del casino.<\/li>\n<li>Los usuarios deben hacer clic en el bot\u00f3n \u00abAplicaci\u00f3n del casino\u00bb al final del men\u00fa.<\/li>\n<li>Ser\u00e1s redirigido a una nueva p\u00e1gina, donde deber\u00e1s pulsar \u00abInstalar\u00bb.<\/li>\n<li>En un minuto, el icono de la marca Tesorcasino aparecer\u00e1 en su pantalla de inicio.<\/li>\n<\/ol>\n<p><img loading=\"lazy\" decoding=\"async\" class=\"alignnone size-full wp-image-1940\" src=\"https:\/\/tesor-casino.org\/wp-content\/uploads\/2026\/03\/Tesorcasino-iOS-\u2014-\u043a\u043e\u043f\u0438\u044f.webp\" alt=\"Tesorcasino iOS\" width=\"1248\" height=\"536\" srcset=\"https:\/\/tesor-casino.org\/wp-content\/uploads\/2026\/03\/Tesorcasino-iOS-\u2014-\u043a\u043e\u043f\u0438\u044f.webp 1248w, https:\/\/tesor-casino.org\/wp-content\/uploads\/2026\/03\/Tesorcasino-iOS-\u2014-\u043a\u043e\u043f\u0438\u044f-300x129.webp 300w, https:\/\/tesor-casino.org\/wp-content\/uploads\/2026\/03\/Tesorcasino-iOS-\u2014-\u043a\u043e\u043f\u0438\u044f-1024x440.webp 1024w, https:\/\/tesor-casino.org\/wp-content\/uploads\/2026\/03\/Tesorcasino-iOS-\u2014-\u043a\u043e\u043f\u0438\u044f-768x330.webp 768w\" sizes=\"auto, (max-width: 1248px) 100vw, 1248px\" \/><\/p>\n<\/div><\/div><div style=\"clear: both\"><\/div><div class=\"d-flex justify-content-center\"><button data-item=\"decouvrez_link\" data-group=\"website_links\" class=\"goto fw-bold rounded-pill btn btn-orange\" aria-label=\"Descarga la aplicaci\u00f3n Tesorcasino\" >Descarga la aplicaci\u00f3n Tesorcasino<\/button><\/div><div class=\"scrollable-content-wrap my-5\"><div class=\"scrollable-content-inner\"><h2>Opciones de Tesor Casino para Windows y macOS<\/h2>\n<p>Puede disfrutar de una experiencia fluida jugando en Tesorcasino desde su PC o port\u00e1til. Los usuarios no tienen que instalar ning\u00fan software adicional. Nuestro sitio web est\u00e1 disponible en cualquier navegador moderno. Para acceder a todas las funciones disponibles, inicie sesi\u00f3n en su cuenta y comience a jugar.<\/p>\n<p>Si quieres acceder a nuestro sitio web con un solo clic, existe la opci\u00f3n de instalar un icono de acceso directo en la pantalla de inicio de tu escritorio. Para ello, debes ir a la configuraci\u00f3n de la p\u00e1gina de tu navegador. Si tienes alg\u00fan problema al instalar el icono de Tesor Casino, ponte en contacto con nuestro equipo de asistencia a trav\u00e9s del chat en vivo o por correo electr\u00f3nico.<\/p>\n<p><img loading=\"lazy\" decoding=\"async\" class=\"alignnone size-full wp-image-1932\" src=\"https:\/\/tesor-casino.org\/wp-content\/uploads\/2026\/03\/Tesorcasino-Desktop-\u2014-\u043a\u043e\u043f\u0438\u044f.webp\" alt=\"Tesorcasino-Desktop\" width=\"1248\" height=\"536\" srcset=\"https:\/\/tesor-casino.org\/wp-content\/uploads\/2026\/03\/Tesorcasino-Desktop-\u2014-\u043a\u043e\u043f\u0438\u044f.webp 1248w, https:\/\/tesor-casino.org\/wp-content\/uploads\/2026\/03\/Tesorcasino-Desktop-\u2014-\u043a\u043e\u043f\u0438\u044f-300x129.webp 300w, https:\/\/tesor-casino.org\/wp-content\/uploads\/2026\/03\/Tesorcasino-Desktop-\u2014-\u043a\u043e\u043f\u0438\u044f-1024x440.webp 1024w, https:\/\/tesor-casino.org\/wp-content\/uploads\/2026\/03\/Tesorcasino-Desktop-\u2014-\u043a\u043e\u043f\u0438\u044f-768x330.webp 768w\" sizes=\"auto, (max-width: 1248px) 100vw, 1248px\" \/><\/p>\n<\/div><\/div><div style=\"clear: both\"><\/div><div class=\"d-flex justify-content-center\"><button data-item=\"decouvrez_link\" data-group=\"website_links\" class=\"goto fw-bold rounded-pill btn btn-orange\" aria-label=\"Descarga la aplicaci\u00f3n Tesorcasino\" >Descarga la aplicaci\u00f3n Tesorcasino<\/button><\/div><div class=\"scrollable-content-wrap my-5\"><div class=\"scrollable-content-inner\"><h2>Preguntas frecuentes<\/h2>\n<h3>\u00bfEs posible jugar a juegos de casino en vivo en un smartphone?<\/h3>\n<p>Toda la colecci\u00f3n de juegos, con m\u00e1s de 6.000 t\u00edtulos, est\u00e1 disponible en tu smartphone o tableta. Tambi\u00e9n incluye los juegos de casino en vivo. Tesorcasino utiliza funciones especiales de control t\u00e1ctil para que tu experiencia de juego sea c\u00f3moda en cualquier dispositivo.<\/p>\n<h3>\u00bfPuedo completar el proceso de registro en la aplicaci\u00f3n de Tesorcasino?<\/h3>\n<p>Si es nuevo en nuestro casino en l\u00ednea y decide comenzar su aventura con la aplicaci\u00f3n, puede completar f\u00e1cilmente el registro all\u00ed. El proceso es est\u00e1ndar y solo requiere su correo electr\u00f3nico y contrase\u00f1a. Antes de realizar su primer retiro, le pediremos que complete un sencillo proceso de verificaci\u00f3n.<\/p>\n<h3>\u00bfC\u00f3mo sabr\u00e9 que el software m\u00f3vil necesita una actualizaci\u00f3n?<\/h3>\n<p>La PWA de Tesor Casino se actualiza autom\u00e1ticamente, sin necesidad de que realices ninguna acci\u00f3n adicional. Siempre informamos a nuestros usuarios sobre cualquier cambio en la plataforma a trav\u00e9s de notificaciones push y correo electr\u00f3nico.<\/p>\n<\/div><\/div><\/p>\n","protected":false},"excerpt":{"rendered":"<p>Plataforma m\u00f3vil de Tesorcasino La Tesorcasino App har\u00e1 que la experiencia de los jugadores espa\u00f1oles sea mucho m\u00e1s c\u00f3moda, ya que es compatible con todos los dispositivos modernos y te permite jugar sobre la marcha. No importa si tienes un tel\u00e9fono Android o iOS, disfrutar\u00e1s de una carga r\u00e1pida y una jugabilidad fluida. Todas las [&hellip;]<\/p>\n","protected":false},"author":1,"featured_media":0,"parent":0,"menu_order":0,"comment_status":"closed","ping_status":"closed","template":"template-builder.php","meta":{"_acf_changed":false,"inline_featured_image":false,"footnotes":""},"class_list":["post-1449","page","type-page","status-publish","hentry"],"acf":[],"yoast_head":"<!-- This site is optimized with the Yoast SEO plugin v27.3 - https:\/\/yoast.com\/product\/yoast-seo-wordpress\/ -->\n<title>Tesorcasino Aplicaci\u00f3n | Descargar para iOS y Android<\/title>\n<meta name=\"description\" content=\"\u00a1Ll\u00e9vate el casino contigo! Descarga la aplicaci\u00f3n Tesorcasino en tu dispositivo Android o iOS para acceder de forma instant\u00e1nea y sencilla a todos tus juegos favoritos est\u00e9s donde est\u00e9s.\" \/>\n<meta name=\"robots\" content=\"index, follow, max-snippet:-1, max-image-preview:large, max-video-preview:-1\" \/>\n<link rel=\"canonical\" href=\"https:\/\/tesor-casino.org\/es\/aplicacion\/\" \/>\n<meta property=\"og:locale\" content=\"es_ES\" \/>\n<meta property=\"og:type\" content=\"article\" \/>\n<meta property=\"og:title\" content=\"Tesorcasino Aplicaci\u00f3n | Descargar para iOS y Android\" \/>\n<meta property=\"og:description\" content=\"\u00a1Ll\u00e9vate el casino contigo! Descarga la aplicaci\u00f3n Tesorcasino en tu dispositivo Android o iOS para acceder de forma instant\u00e1nea y sencilla a todos tus juegos favoritos est\u00e9s donde est\u00e9s.\" \/>\n<meta property=\"og:url\" content=\"https:\/\/tesor-casino.org\/es\/aplicacion\/\" \/>\n<meta property=\"og:site_name\" content=\"tesorcasino\" \/>\n<meta property=\"article:modified_time\" content=\"2026-03-10T10:41:22+00:00\" \/>\n<meta name=\"twitter:card\" content=\"summary_large_image\" \/>\n<meta name=\"twitter:label1\" content=\"Est. reading time\" \/>\n\t<meta name=\"twitter:data1\" content=\"2 minutes\" \/>\n<script type=\"application\/ld+json\" class=\"yoast-schema-graph\">{\"@context\":\"https:\\\/\\\/schema.org\",\"@graph\":[{\"@type\":\"WebPage\",\"@id\":\"https:\\\/\\\/tesor-casino.org\\\/es\\\/aplicacion\\\/\",\"url\":\"https:\\\/\\\/tesor-casino.org\\\/es\\\/aplicacion\\\/\",\"name\":\"Tesorcasino Aplicaci\u00f3n | Descargar para iOS y Android\",\"isPartOf\":{\"@id\":\"https:\\\/\\\/tesor-casino.org\\\/es\\\/#website\"},\"datePublished\":\"2026-01-20T12:08:23+00:00\",\"dateModified\":\"2026-03-10T10:41:22+00:00\",\"description\":\"\u00a1Ll\u00e9vate el casino contigo! Descarga la aplicaci\u00f3n Tesorcasino en tu dispositivo Android o iOS para acceder de forma instant\u00e1nea y sencilla a todos tus juegos favoritos est\u00e9s donde est\u00e9s.\",\"breadcrumb\":{\"@id\":\"https:\\\/\\\/tesor-casino.org\\\/es\\\/aplicacion\\\/#breadcrumb\"},\"inLanguage\":\"es-ES\",\"potentialAction\":[{\"@type\":\"ReadAction\",\"target\":[\"https:\\\/\\\/tesor-casino.org\\\/es\\\/aplicacion\\\/\"]}]},{\"@type\":\"BreadcrumbList\",\"@id\":\"https:\\\/\\\/tesor-casino.org\\\/es\\\/aplicacion\\\/#breadcrumb\",\"itemListElement\":[{\"@type\":\"ListItem\",\"position\":1,\"name\":\"Tesorcasino\",\"item\":\"https:\\\/\\\/tesor-casino.org\\\/es\\\/\"},{\"@type\":\"ListItem\",\"position\":2,\"name\":\"Aplicaci\u00f3n\"}]},{\"@type\":\"WebSite\",\"@id\":\"https:\\\/\\\/tesor-casino.org\\\/es\\\/#website\",\"url\":\"https:\\\/\\\/tesor-casino.org\\\/es\\\/\",\"name\":\"Tesorcasino\",\"description\":\"\",\"publisher\":{\"@id\":\"https:\\\/\\\/tesor-casino.org\\\/es\\\/#organization\"},\"potentialAction\":[{\"@type\":\"SearchAction\",\"target\":{\"@type\":\"EntryPoint\",\"urlTemplate\":\"https:\\\/\\\/tesor-casino.org\\\/es\\\/?s={search_term_string}\"},\"query-input\":{\"@type\":\"PropertyValueSpecification\",\"valueRequired\":true,\"valueName\":\"search_term_string\"}}],\"inLanguage\":\"es-ES\"},{\"@type\":\"Organization\",\"@id\":\"https:\\\/\\\/tesor-casino.org\\\/es\\\/#organization\",\"name\":\"Tesorcasino\",\"url\":\"https:\\\/\\\/tesor-casino.org\\\/es\\\/\",\"logo\":{\"@type\":\"ImageObject\",\"inLanguage\":\"es-ES\",\"@id\":\"https:\\\/\\\/tesor-casino.org\\\/es\\\/#\\\/schema\\\/logo\\\/image\\\/\",\"url\":\"https:\\\/\\\/tesor-casino.org\\\/wp-content\\\/uploads\\\/2026\\\/03\\\/Tesorcasino-logo.png\",\"contentUrl\":\"https:\\\/\\\/tesor-casino.org\\\/wp-content\\\/uploads\\\/2026\\\/03\\\/Tesorcasino-logo.png\",\"width\":246,\"height\":44,\"caption\":\"Tesorcasino\"},\"image\":{\"@id\":\"https:\\\/\\\/tesor-casino.org\\\/es\\\/#\\\/schema\\\/logo\\\/image\\\/\"}}]}<\/script>\n<!-- \/ Yoast SEO plugin. -->","yoast_head_json":{"title":"Tesorcasino Aplicaci\u00f3n | Descargar para iOS y Android","description":"\u00a1Ll\u00e9vate el casino contigo! Descarga la aplicaci\u00f3n Tesorcasino en tu dispositivo Android o iOS para acceder de forma instant\u00e1nea y sencilla a todos tus juegos favoritos est\u00e9s donde est\u00e9s.","robots":{"index":"index","follow":"follow","max-snippet":"max-snippet:-1","max-image-preview":"max-image-preview:large","max-video-preview":"max-video-preview:-1"},"canonical":"https:\/\/tesor-casino.org\/es\/aplicacion\/","og_locale":"es_ES","og_type":"article","og_title":"Tesorcasino Aplicaci\u00f3n | Descargar para iOS y Android","og_description":"\u00a1Ll\u00e9vate el casino contigo! Descarga la aplicaci\u00f3n Tesorcasino en tu dispositivo Android o iOS para acceder de forma instant\u00e1nea y sencilla a todos tus juegos favoritos est\u00e9s donde est\u00e9s.","og_url":"https:\/\/tesor-casino.org\/es\/aplicacion\/","og_site_name":"tesorcasino","article_modified_time":"2026-03-10T10:41:22+00:00","twitter_card":"summary_large_image","twitter_misc":{"Est. reading time":"2 minutes"},"schema":{"@context":"https:\/\/schema.org","@graph":[{"@type":"WebPage","@id":"https:\/\/tesor-casino.org\/es\/aplicacion\/","url":"https:\/\/tesor-casino.org\/es\/aplicacion\/","name":"Tesorcasino Aplicaci\u00f3n | Descargar para iOS y Android","isPartOf":{"@id":"https:\/\/tesor-casino.org\/es\/#website"},"datePublished":"2026-01-20T12:08:23+00:00","dateModified":"2026-03-10T10:41:22+00:00","description":"\u00a1Ll\u00e9vate el casino contigo! Descarga la aplicaci\u00f3n Tesorcasino en tu dispositivo Android o iOS para acceder de forma instant\u00e1nea y sencilla a todos tus juegos favoritos est\u00e9s donde est\u00e9s.","breadcrumb":{"@id":"https:\/\/tesor-casino.org\/es\/aplicacion\/#breadcrumb"},"inLanguage":"es-ES","potentialAction":[{"@type":"ReadAction","target":["https:\/\/tesor-casino.org\/es\/aplicacion\/"]}]},{"@type":"BreadcrumbList","@id":"https:\/\/tesor-casino.org\/es\/aplicacion\/#breadcrumb","itemListElement":[{"@type":"ListItem","position":1,"name":"Tesorcasino","item":"https:\/\/tesor-casino.org\/es\/"},{"@type":"ListItem","position":2,"name":"Aplicaci\u00f3n"}]},{"@type":"WebSite","@id":"https:\/\/tesor-casino.org\/es\/#website","url":"https:\/\/tesor-casino.org\/es\/","name":"Tesorcasino","description":"","publisher":{"@id":"https:\/\/tesor-casino.org\/es\/#organization"},"potentialAction":[{"@type":"SearchAction","target":{"@type":"EntryPoint","urlTemplate":"https:\/\/tesor-casino.org\/es\/?s={search_term_string}"},"query-input":{"@type":"PropertyValueSpecification","valueRequired":true,"valueName":"search_term_string"}}],"inLanguage":"es-ES"},{"@type":"Organization","@id":"https:\/\/tesor-casino.org\/es\/#organization","name":"Tesorcasino","url":"https:\/\/tesor-casino.org\/es\/","logo":{"@type":"ImageObject","inLanguage":"es-ES","@id":"https:\/\/tesor-casino.org\/es\/#\/schema\/logo\/image\/","url":"https:\/\/tesor-casino.org\/wp-content\/uploads\/2026\/03\/Tesorcasino-logo.png","contentUrl":"https:\/\/tesor-casino.org\/wp-content\/uploads\/2026\/03\/Tesorcasino-logo.png","width":246,"height":44,"caption":"Tesorcasino"},"image":{"@id":"https:\/\/tesor-casino.org\/es\/#\/schema\/logo\/image\/"}}]}},"_links":{"self":[{"href":"https:\/\/tesor-casino.org\/es\/wp-json\/wp\/v2\/pages\/1449","targetHints":{"allow":["GET"]}}],"collection":[{"href":"https:\/\/tesor-casino.org\/es\/wp-json\/wp\/v2\/pages"}],"about":[{"href":"https:\/\/tesor-casino.org\/es\/wp-json\/wp\/v2\/types\/page"}],"author":[{"embeddable":true,"href":"https:\/\/tesor-casino.org\/es\/wp-json\/wp\/v2\/users\/1"}],"replies":[{"embeddable":true,"href":"https:\/\/tesor-casino.org\/es\/wp-json\/wp\/v2\/comments?post=1449"}],"version-history":[{"count":4,"href":"https:\/\/tesor-casino.org\/es\/wp-json\/wp\/v2\/pages\/1449\/revisions"}],"predecessor-version":[{"id":2081,"href":"https:\/\/tesor-casino.org\/es\/wp-json\/wp\/v2\/pages\/1449\/revisions\/2081"}],"wp:attachment":[{"href":"https:\/\/tesor-casino.org\/es\/wp-json\/wp\/v2\/media?parent=1449"}],"curies":[{"name":"wp","href":"https:\/\/api.w.org\/{rel}","templated":true}]}}