{"id":1461,"date":"2026-01-20T12:21:20","date_gmt":"2026-01-20T12:21:20","guid":{"rendered":"https:\/\/bonuskongcasino.com\/bonus-2\/"},"modified":"2026-03-10T10:46:06","modified_gmt":"2026-03-10T10:46:06","slug":"bonificacion","status":"publish","type":"page","link":"https:\/\/tesor-casino.org\/es\/bonificacion\/","title":{"rendered":"Bonificaci\u00f3n"},"content":{"rendered":"<h1>Bonos y recompensas de Tesorcasino Casino<\/h1>\n<p>Si buscas un casino online con generosas recompensas, te recomendamos que pruebes el sistema de Tesorcasino bonus. Contiene muchas opciones para jugadores nuevos y habituales de Espa\u00f1a. Al mismo tiempo, solo tienes que jugar a tus t\u00edtulos favoritos y cumplir unas reglas promocionales claras. Reembolso semanal, paquete de bienvenida y muchos torneos emocionantes.<\/p>\n<p><div class=\"banner-wrap\" aria-label=\"Banner\"><img src=\"https:\/\/tesor-casino.org\/wp-content\/uploads\/2026\/03\/tesorcasino-bnr-pc-2.webp\" class=\"w-100 d-none d-lg-block img-pc main-banner-img\" alt=\"tesorcasino banner desktop\" fetchpriority=\"high\" decoding=\"async\"><img src=\"https:\/\/tesor-casino.org\/wp-content\/uploads\/2026\/03\/tesorcasino-banner-mobile.webp\" class=\"w-100 d-none d-md-block d-lg-none main-banner-img\" alt=\"tesorcasino banner mobile\" fetchpriority=\"high\" decoding=\"async\"><img src=\"https:\/\/tesor-casino.org\/wp-content\/uploads\/2026\/03\/tesorcasino-banner-mobile.webp\" class=\"w-100 d-md-none\" alt=\"tesorcasino banner mobile\" fetchpriority=\"high\" decoding=\"async\"><div class=\"banner-description\">\n<div class=\"banner-title\">Bonos de bienvenida<\/div>\n<p class=\"banner-header-title\">1500 \u20ac<\/p>\n<div class=\"banner-header-AdditionalText\">+ 250 Tiradas gratis<\/div>\n<button data-item=\"homepage_banner_link\" class=\"goto m-button m-gradient-border m-button--primary m-button--large banner-button btn-orange\">\n            <div class=\"m-button-content\">\n                <span>Reg\u00edstrate ahora<\/span>\n                <span><\/span>\n            <\/div>\n        <\/button>\n<\/div>\n<div class=\"WelcomePack\">\n<p><img loading=\"lazy\" decoding=\"async\" class=\"alignnone size-full wp-image-1874\" src=\"https:\/\/tesor-casino.org\/wp-content\/uploads\/2026\/03\/welcome-crown-1.png\" alt=\"welcome crown\" width=\"25\" height=\"26\" \/><\/p>\n<div class=\"WelcomePack-Info\">Reembolso semanal de hasta el 25 %<\/div>\n<p><img loading=\"lazy\" decoding=\"async\" class=\"alignnone size-full wp-image-1874\" src=\"https:\/\/tesor-casino.org\/wp-content\/uploads\/2026\/03\/welcome-crown-1.png\" alt=\"welcome crown\" width=\"25\" height=\"26\" \/><\/p>\n<\/div>\n<\/div><div class=\"promotions-wrap\"><div class=\"promotion-card\" style=\"background-image: url(https:\/\/tesor-casino.org\/wp-content\/uploads\/2026\/03\/welcome-pack.webp);\"><h2 class=\"promotion-card__title\">Paquete de bienvenida<\/h2><label class=\"promotion-card__offer\">hasta 3.000 \u20ac + 500 tiradas gratis<\/label><label class=\"promotion-card__description\"><\/label><div class=\"promotion-card__actions\"><button data-item=\"payments_link\" data-group=\"website_links\" class=\"goto btn btn-orange rounded-pill fw-bold px-4 m-button m-gradient-border m-button--primary m-button--large promotion-button promotion-card__action-btn\" aria-label=\"Registrarse\"><div class=\"m-button-content\"><span class=\"promotion-button__content\">Registrarse<\/span><\/div><\/button><button data-item=\"http:\/\/bonus_link\" data-group=\"website_links\" class=\"goto m-button m-gradient-border m-button--secondary m-button--medium promotion-card__info-btn\" aria-label=\"More information\"><div class=\"m-button-content\"><svg viewBox=\"0 0 24 24\" fill=\"none\" xmlns=\"http:\/\/www.w3.org\/2000\/svg\" class=\"m-icon m-icon-loadable\" name=\"Attention\" loading=\"false\" aria-hidden=\"true\"><path d=\"M12 22C6.477 22 2 17.522 2 12S6.477 2 12 2s10 4.478 10 10-4.477 10-10 10m-.002-13.004a.999.999 0 1 0 0-1.997.999.999 0 0 0 0 1.997M12 17a1 1 0 0 0 .993-.884L13 16l-.002-5.001-.007-.117a1 1 0 0 0-1.986 0l-.007.117L11 16l.007.117A1 1 0 0 0 12 17\" fill=\"currentColor\"><\/path><\/svg><\/div><\/button><\/div><\/div><div class=\"promotion-card\" style=\"background-image: url(https:\/\/tesor-casino.org\/wp-content\/uploads\/2026\/03\/cashback.webp);\"><h2 class=\"promotion-card__title\">Reembolso semanal<\/h2><label class=\"promotion-card__offer\">hasta un 25 %<\/label><label class=\"promotion-card__description\"><\/label><div class=\"promotion-card__actions\"><button data-item=\"payments_link\" data-group=\"website_links\" class=\"goto btn btn-orange rounded-pill fw-bold px-4 m-button m-gradient-border m-button--primary m-button--large promotion-button promotion-card__action-btn\" aria-label=\"Registrarse\"><div class=\"m-button-content\"><span class=\"promotion-button__content\">Registrarse<\/span><\/div><\/button><button data-item=\"http:\/\/bonus_link\" data-group=\"website_links\" class=\"goto m-button m-gradient-border m-button--secondary m-button--medium promotion-card__info-btn\" aria-label=\"More information\"><div class=\"m-button-content\"><svg viewBox=\"0 0 24 24\" fill=\"none\" xmlns=\"http:\/\/www.w3.org\/2000\/svg\" class=\"m-icon m-icon-loadable\" name=\"Attention\" loading=\"false\" aria-hidden=\"true\"><path d=\"M12 22C6.477 22 2 17.522 2 12S6.477 2 12 2s10 4.478 10 10-4.477 10-10 10m-.002-13.004a.999.999 0 1 0 0-1.997.999.999 0 0 0 0 1.997M12 17a1 1 0 0 0 .993-.884L13 16l-.002-5.001-.007-.117a1 1 0 0 0-1.986 0l-.007.117L11 16l.007.117A1 1 0 0 0 12 17\" fill=\"currentColor\"><\/path><\/svg><\/div><\/button><\/div><\/div><div class=\"promotion-card\" style=\"background-image: url(https:\/\/tesor-casino.org\/wp-content\/uploads\/2026\/03\/sunday-reload.webp);\"><h2 class=\"promotion-card__title\">Recarga dominical<\/h2><label class=\"promotion-card__offer\">25 % de bonificaci\u00f3n por dep\u00f3sito hasta 100 \u20ac todos los domingos<\/label><label class=\"promotion-card__description\"><\/label><div class=\"promotion-card__actions\"><button data-item=\"payments_link\" data-group=\"website_links\" class=\"goto btn btn-orange rounded-pill fw-bold px-4 m-button m-gradient-border m-button--primary m-button--large promotion-button promotion-card__action-btn\" aria-label=\"Registrarse\"><div class=\"m-button-content\"><span class=\"promotion-button__content\">Registrarse<\/span><\/div><\/button><button data-item=\"http:\/\/bonus_link\" data-group=\"website_links\" class=\"goto m-button m-gradient-border m-button--secondary m-button--medium promotion-card__info-btn\" aria-label=\"More information\"><div class=\"m-button-content\"><svg viewBox=\"0 0 24 24\" fill=\"none\" xmlns=\"http:\/\/www.w3.org\/2000\/svg\" class=\"m-icon m-icon-loadable\" name=\"Attention\" loading=\"false\" aria-hidden=\"true\"><path d=\"M12 22C6.477 22 2 17.522 2 12S6.477 2 12 2s10 4.478 10 10-4.477 10-10 10m-.002-13.004a.999.999 0 1 0 0-1.997.999.999 0 0 0 0 1.997M12 17a1 1 0 0 0 .993-.884L13 16l-.002-5.001-.007-.117a1 1 0 0 0-1.986 0l-.007.117L11 16l.007.117A1 1 0 0 0 12 17\" fill=\"currentColor\"><\/path><\/svg><\/div><\/button><\/div><\/div><\/div><div class=\"scrollable-content-wrap my-5\"><div class=\"scrollable-content-inner\"><h2>Bonos de bienvenida para nuevos jugadores<\/h2>\n<p>Desde el principio de tu andadura, tendr\u00e1s la oportunidad de obtener beneficios adicionales sin necesidad de utilizar c\u00f3digos promocionales ni cumplir requisitos dif\u00edciles. El bono de Tesorcasino para los jugadores reci\u00e9n registrados ofrece hasta 3.000 \u20ac + 500 tiradas gratis. Sin duda, esto prolongar\u00e1 tu estancia en nuestra plataforma y la har\u00e1 m\u00e1s emocionante.<\/p>\n<p>Para obtener el paquete de bienvenida, los usuarios deben crear una cuenta en nuestro sitio web y depositar al menos 30 \u20ac. La promoci\u00f3n de Tesor Casino estar\u00e1 disponible en un plazo de 7 d\u00edas tras la activaci\u00f3n y el requisito de apuesta es de x40. El paquete de bienvenida se divide en tres partes:<\/p>\n<ul>\n<li>Oferta por primer dep\u00f3sito del 100 % hasta 1.000 \u20ac + 250 tiradas gratis<\/li>\n<li>Oferta por segundo dep\u00f3sito del 50 % hasta 1.000 \u20ac + 100 tiradas gratis<\/li>\n<li>Oferta por tercer dep\u00f3sito del 100 % hasta 1.000 \u20ac + 150 tiradas gratis<\/li>\n<\/ul>\n<h2>Promociones en curso y ofertas de recarga<\/h2>\n<p>Despu\u00e9s de completar el paquete de bienvenida y obtener las recompensas, puedes activar una de las muchas opciones de bonificaci\u00f3n de Tesorcasino disponibles para clientes habituales y activos. Aqu\u00ed tendr\u00e1s la oportunidad de ganar giros gratis, reembolsos, rondas adicionales y muchos otros fant\u00e1sticos premios.<\/p>\n<p>Todas nuestras promociones est\u00e1n pensadas para t\u00edtulos populares, para que puedas disfrutar del proceso. Hay ofertas de temporada dedicadas a d\u00edas festivos o celebraciones especiales. En Tesorcasino hay bonificaciones temporales disponibles en todo momento.<\/p>\n<p>Los clientes de Tesor Casino pueden recuperar parte de sus p\u00e9rdidas con nuestro reembolso semanal de hasta el 25 %. El porcentaje se calcula seg\u00fan tu nivel en el programa de fidelidad. Adem\u00e1s, tenemos la promoci\u00f3n Sunday Reload, en la que puedes obtener hasta el 100 % hasta 1.000 \u20ac.<\/p>\n<p><img loading=\"lazy\" decoding=\"async\" class=\"alignnone size-full wp-image-1950\" src=\"https:\/\/tesor-casino.org\/wp-content\/uploads\/2026\/03\/Tesorcasino-bonus-page.webp\" alt=\"Tesorcasino bonus page\" width=\"1248\" height=\"536\" srcset=\"https:\/\/tesor-casino.org\/wp-content\/uploads\/2026\/03\/Tesorcasino-bonus-page.webp 1248w, https:\/\/tesor-casino.org\/wp-content\/uploads\/2026\/03\/Tesorcasino-bonus-page-300x129.webp 300w, https:\/\/tesor-casino.org\/wp-content\/uploads\/2026\/03\/Tesorcasino-bonus-page-1024x440.webp 1024w, https:\/\/tesor-casino.org\/wp-content\/uploads\/2026\/03\/Tesorcasino-bonus-page-768x330.webp 768w\" sizes=\"auto, (max-width: 1248px) 100vw, 1248px\" \/><\/p>\n<h2>Torneos, misiones y eventos especiales<\/h2>\n<p>Adem\u00e1s de todas las opciones anteriores, tambi\u00e9n tenemos torneos, misiones y un programa de fidelidad. Esta selecci\u00f3n te ofrece opciones entre las que puedes elegir regularmente. Los torneos son eventos muy competitivos. Tambi\u00e9n tienen enormes premios acumulados. En Tesorcasino, los eventos m\u00e1s populares son Spinoleague y BGaming Drops.<\/p>\n<p>Como parte del sistema de bonificaciones de Tesorcasino, tambi\u00e9n tenemos emocionantes misiones con tareas sencillas. Tras registrarse, los jugadores pueden acceder a misiones de incorporaci\u00f3n y misiones regulares. Al completar las tareas, ganas monedas que luego puedes canjear por premios exclusivos.<\/p>\n<p>El programa de fidelidad de Tesor Casino en nuestra plataforma est\u00e1 pensado para todos los usuarios, pero especialmente para aquellos que juegan activamente, participan en eventos y les gustan las apuestas altas. Es un sistema multinivel, en el que cada nuevo nivel te ofrece algo especial.<\/p>\n<h2>Pasos y requisitos para activar el bono de Tesor Casino<\/h2>\n<p>Todas las promociones de Tesorcasino tienen reglas espec\u00edficas para su activaci\u00f3n y para recibir las ganancias. Recomendamos que todos se familiaricen con ellas antes de elegir la oferta de bonificaci\u00f3n. Incluso si tienes experiencia con los casinos online, es posible que nuestros t\u00e9rminos y condiciones sean diferentes.<\/p>\n<p>Lo m\u00e1s importante es que solo puedes tener un bono activo de Tesor Casino. Esta regla no se aplica a los torneos y misiones. Solo el cumplimiento al 100 % de los requisitos te permite retirar las ganancias. Antes de solicitar una promoci\u00f3n, lee la informaci\u00f3n de nuestra tabla a continuaci\u00f3n.<\/p>\n<table>\n<tbody>\n<tr>\n<td>Qu\u00e9 hay que comprobar<\/td>\n<td>Por qu\u00e9 es importante<\/td>\n<\/tr>\n<tr>\n<td>Requisitos de elegibilidad<\/td>\n<td>Aseg\u00farate de que cumples los criterios de edad, pa\u00eds y verificaci\u00f3n de cuenta antes de activar el bono.<\/td>\n<\/tr>\n<tr>\n<td>Dep\u00f3sito m\u00ednimo<\/td>\n<td>Confirma el importe de dep\u00f3sito requerido para activar correctamente la promoci\u00f3n.<\/td>\n<\/tr>\n<tr>\n<td>Requisitos de apuesta<\/td>\n<td>Comprenda cu\u00e1ntas veces debe jugar con el bono antes de retirar las ganancias.<\/td>\n<\/tr>\n<tr>\n<td>Contribuci\u00f3n de los juegos<\/td>\n<td>Compruebe qu\u00e9 t\u00edtulos contribuyen total o parcialmente a los requisitos de apuesta.<\/td>\n<\/tr>\n<tr>\n<td>L\u00edmite m\u00e1ximo de apuesta<\/td>\n<td>Aseg\u00farate de que el importe de tu apuesta no supere el l\u00edmite permitido mientras el bono est\u00e9 activo.<\/td>\n<\/tr>\n<tr>\n<td>Periodo de validez del bono<\/td>\n<td>Comprueba la duraci\u00f3n disponible para completar las apuestas antes de que expire la promoci\u00f3n.<\/td>\n<\/tr>\n<tr>\n<td>Proceso de activaci\u00f3n<\/td>\n<td>Comprueba si el bono es autom\u00e1tico o si requiere un c\u00f3digo promocional.<\/td>\n<\/tr>\n<\/tbody>\n<\/table>\n<h2>Preguntas frecuentes<\/h2>\n<h3>Si vuelvo despu\u00e9s de un descanso, \u00bfpuedo reactivar el paquete de bienvenida?<\/h3>\n<p>El paquete de bienvenida de Tesorcasino solo se puede activar una vez. Si ya lo ha utilizado, eche un vistazo a nuestras promociones para clientes habituales o torneos. Siempre hay opciones disponibles para todos.<\/p>\n<h3>\u00bfQu\u00e9 significa el requisito de apuesta en Tesorcasino?<\/h3>\n<p>La mayor\u00eda de los bonos de nuestro sitio web tienen un requisito de apuesta. Indica cu\u00e1ntas veces hay que apostar el importe del bono antes de poder retirarlo.<\/p>\n<h3>\u00bfQu\u00e9 debo hacer para pasar al siguiente nivel del programa de fidelidad?<\/h3>\n<p>Para aumentar el nivel del programa de fidelidad de Tesor Casino, los usuarios deben ganar puntos de apuesta y dep\u00f3sito. Cada nivel de nuestro programa abre las puertas a nuevas ventajas exclusivas.<\/p>\n<\/div><\/div><\/p>\n","protected":false},"excerpt":{"rendered":"<p>Bonos y recompensas de Tesorcasino Casino Si buscas un casino online con generosas recompensas, te recomendamos que pruebes el sistema de Tesorcasino bonus. Contiene muchas opciones para jugadores nuevos y habituales de Espa\u00f1a. Al mismo tiempo, solo tienes que jugar a tus t\u00edtulos favoritos y cumplir unas reglas promocionales claras. Reembolso semanal, paquete de bienvenida [&hellip;]<\/p>\n","protected":false},"author":1,"featured_media":0,"parent":0,"menu_order":0,"comment_status":"closed","ping_status":"closed","template":"template-builder.php","meta":{"_acf_changed":false,"inline_featured_image":false,"footnotes":""},"class_list":["post-1461","page","type-page","status-publish","hentry"],"acf":[],"yoast_head":"<!-- This site is optimized with the Yoast SEO plugin v27.3 - https:\/\/yoast.com\/product\/yoast-seo-wordpress\/ -->\n<title>Bonificaciones y recompensas promocionales de Tesorcasino<\/title>\n<meta name=\"description\" content=\"\u00a1Descubre todas las bonificaciones de Tesorcasino! Empieza con nuestro generoso paquete de bienvenida, disfruta de bonificaciones por dep\u00f3sito y tiradas gratis, y compite en torneos para ganar grandes premios.\" \/>\n<meta name=\"robots\" content=\"index, follow, max-snippet:-1, max-image-preview:large, max-video-preview:-1\" \/>\n<link rel=\"canonical\" href=\"https:\/\/tesor-casino.org\/es\/bonificacion\/\" \/>\n<meta property=\"og:locale\" content=\"es_ES\" \/>\n<meta property=\"og:type\" content=\"article\" \/>\n<meta property=\"og:title\" content=\"Bonificaciones y recompensas promocionales de Tesorcasino\" \/>\n<meta property=\"og:description\" content=\"\u00a1Descubre todas las bonificaciones de Tesorcasino! Empieza con nuestro generoso paquete de bienvenida, disfruta de bonificaciones por dep\u00f3sito y tiradas gratis, y compite en torneos para ganar grandes premios.\" \/>\n<meta property=\"og:url\" content=\"https:\/\/tesor-casino.org\/es\/bonificacion\/\" \/>\n<meta property=\"og:site_name\" content=\"tesorcasino\" \/>\n<meta property=\"article:modified_time\" content=\"2026-03-10T10:46:06+00:00\" \/>\n<meta name=\"twitter:card\" content=\"summary_large_image\" \/>\n<meta name=\"twitter:label1\" content=\"Est. reading time\" \/>\n\t<meta name=\"twitter:data1\" content=\"1 minute\" \/>\n<script type=\"application\/ld+json\" class=\"yoast-schema-graph\">{\"@context\":\"https:\\\/\\\/schema.org\",\"@graph\":[{\"@type\":\"WebPage\",\"@id\":\"https:\\\/\\\/tesor-casino.org\\\/es\\\/bonificacion\\\/\",\"url\":\"https:\\\/\\\/tesor-casino.org\\\/es\\\/bonificacion\\\/\",\"name\":\"Bonificaciones y recompensas promocionales de Tesorcasino\",\"isPartOf\":{\"@id\":\"https:\\\/\\\/tesor-casino.org\\\/es\\\/#website\"},\"datePublished\":\"2026-01-20T12:21:20+00:00\",\"dateModified\":\"2026-03-10T10:46:06+00:00\",\"description\":\"\u00a1Descubre todas las bonificaciones de Tesorcasino! Empieza con nuestro generoso paquete de bienvenida, disfruta de bonificaciones por dep\u00f3sito y tiradas gratis, y compite en torneos para ganar grandes premios.\",\"breadcrumb\":{\"@id\":\"https:\\\/\\\/tesor-casino.org\\\/es\\\/bonificacion\\\/#breadcrumb\"},\"inLanguage\":\"es-ES\",\"potentialAction\":[{\"@type\":\"ReadAction\",\"target\":[\"https:\\\/\\\/tesor-casino.org\\\/es\\\/bonificacion\\\/\"]}]},{\"@type\":\"BreadcrumbList\",\"@id\":\"https:\\\/\\\/tesor-casino.org\\\/es\\\/bonificacion\\\/#breadcrumb\",\"itemListElement\":[{\"@type\":\"ListItem\",\"position\":1,\"name\":\"Tesorcasino\",\"item\":\"https:\\\/\\\/tesor-casino.org\\\/es\\\/\"},{\"@type\":\"ListItem\",\"position\":2,\"name\":\"Bonificaci\u00f3n\"}]},{\"@type\":\"WebSite\",\"@id\":\"https:\\\/\\\/tesor-casino.org\\\/es\\\/#website\",\"url\":\"https:\\\/\\\/tesor-casino.org\\\/es\\\/\",\"name\":\"Tesorcasino\",\"description\":\"\",\"publisher\":{\"@id\":\"https:\\\/\\\/tesor-casino.org\\\/es\\\/#organization\"},\"potentialAction\":[{\"@type\":\"SearchAction\",\"target\":{\"@type\":\"EntryPoint\",\"urlTemplate\":\"https:\\\/\\\/tesor-casino.org\\\/es\\\/?s={search_term_string}\"},\"query-input\":{\"@type\":\"PropertyValueSpecification\",\"valueRequired\":true,\"valueName\":\"search_term_string\"}}],\"inLanguage\":\"es-ES\"},{\"@type\":\"Organization\",\"@id\":\"https:\\\/\\\/tesor-casino.org\\\/es\\\/#organization\",\"name\":\"Tesorcasino\",\"url\":\"https:\\\/\\\/tesor-casino.org\\\/es\\\/\",\"logo\":{\"@type\":\"ImageObject\",\"inLanguage\":\"es-ES\",\"@id\":\"https:\\\/\\\/tesor-casino.org\\\/es\\\/#\\\/schema\\\/logo\\\/image\\\/\",\"url\":\"https:\\\/\\\/tesor-casino.org\\\/wp-content\\\/uploads\\\/2026\\\/03\\\/Tesorcasino-logo.png\",\"contentUrl\":\"https:\\\/\\\/tesor-casino.org\\\/wp-content\\\/uploads\\\/2026\\\/03\\\/Tesorcasino-logo.png\",\"width\":246,\"height\":44,\"caption\":\"Tesorcasino\"},\"image\":{\"@id\":\"https:\\\/\\\/tesor-casino.org\\\/es\\\/#\\\/schema\\\/logo\\\/image\\\/\"}}]}<\/script>\n<!-- \/ Yoast SEO plugin. -->","yoast_head_json":{"title":"Bonificaciones y recompensas promocionales de Tesorcasino","description":"\u00a1Descubre todas las bonificaciones de Tesorcasino! Empieza con nuestro generoso paquete de bienvenida, disfruta de bonificaciones por dep\u00f3sito y tiradas gratis, y compite en torneos para ganar grandes premios.","robots":{"index":"index","follow":"follow","max-snippet":"max-snippet:-1","max-image-preview":"max-image-preview:large","max-video-preview":"max-video-preview:-1"},"canonical":"https:\/\/tesor-casino.org\/es\/bonificacion\/","og_locale":"es_ES","og_type":"article","og_title":"Bonificaciones y recompensas promocionales de Tesorcasino","og_description":"\u00a1Descubre todas las bonificaciones de Tesorcasino! Empieza con nuestro generoso paquete de bienvenida, disfruta de bonificaciones por dep\u00f3sito y tiradas gratis, y compite en torneos para ganar grandes premios.","og_url":"https:\/\/tesor-casino.org\/es\/bonificacion\/","og_site_name":"tesorcasino","article_modified_time":"2026-03-10T10:46:06+00:00","twitter_card":"summary_large_image","twitter_misc":{"Est. reading time":"1 minute"},"schema":{"@context":"https:\/\/schema.org","@graph":[{"@type":"WebPage","@id":"https:\/\/tesor-casino.org\/es\/bonificacion\/","url":"https:\/\/tesor-casino.org\/es\/bonificacion\/","name":"Bonificaciones y recompensas promocionales de Tesorcasino","isPartOf":{"@id":"https:\/\/tesor-casino.org\/es\/#website"},"datePublished":"2026-01-20T12:21:20+00:00","dateModified":"2026-03-10T10:46:06+00:00","description":"\u00a1Descubre todas las bonificaciones de Tesorcasino! Empieza con nuestro generoso paquete de bienvenida, disfruta de bonificaciones por dep\u00f3sito y tiradas gratis, y compite en torneos para ganar grandes premios.","breadcrumb":{"@id":"https:\/\/tesor-casino.org\/es\/bonificacion\/#breadcrumb"},"inLanguage":"es-ES","potentialAction":[{"@type":"ReadAction","target":["https:\/\/tesor-casino.org\/es\/bonificacion\/"]}]},{"@type":"BreadcrumbList","@id":"https:\/\/tesor-casino.org\/es\/bonificacion\/#breadcrumb","itemListElement":[{"@type":"ListItem","position":1,"name":"Tesorcasino","item":"https:\/\/tesor-casino.org\/es\/"},{"@type":"ListItem","position":2,"name":"Bonificaci\u00f3n"}]},{"@type":"WebSite","@id":"https:\/\/tesor-casino.org\/es\/#website","url":"https:\/\/tesor-casino.org\/es\/","name":"Tesorcasino","description":"","publisher":{"@id":"https:\/\/tesor-casino.org\/es\/#organization"},"potentialAction":[{"@type":"SearchAction","target":{"@type":"EntryPoint","urlTemplate":"https:\/\/tesor-casino.org\/es\/?s={search_term_string}"},"query-input":{"@type":"PropertyValueSpecification","valueRequired":true,"valueName":"search_term_string"}}],"inLanguage":"es-ES"},{"@type":"Organization","@id":"https:\/\/tesor-casino.org\/es\/#organization","name":"Tesorcasino","url":"https:\/\/tesor-casino.org\/es\/","logo":{"@type":"ImageObject","inLanguage":"es-ES","@id":"https:\/\/tesor-casino.org\/es\/#\/schema\/logo\/image\/","url":"https:\/\/tesor-casino.org\/wp-content\/uploads\/2026\/03\/Tesorcasino-logo.png","contentUrl":"https:\/\/tesor-casino.org\/wp-content\/uploads\/2026\/03\/Tesorcasino-logo.png","width":246,"height":44,"caption":"Tesorcasino"},"image":{"@id":"https:\/\/tesor-casino.org\/es\/#\/schema\/logo\/image\/"}}]}},"_links":{"self":[{"href":"https:\/\/tesor-casino.org\/es\/wp-json\/wp\/v2\/pages\/1461","targetHints":{"allow":["GET"]}}],"collection":[{"href":"https:\/\/tesor-casino.org\/es\/wp-json\/wp\/v2\/pages"}],"about":[{"href":"https:\/\/tesor-casino.org\/es\/wp-json\/wp\/v2\/types\/page"}],"author":[{"embeddable":true,"href":"https:\/\/tesor-casino.org\/es\/wp-json\/wp\/v2\/users\/1"}],"replies":[{"embeddable":true,"href":"https:\/\/tesor-casino.org\/es\/wp-json\/wp\/v2\/comments?post=1461"}],"version-history":[{"count":4,"href":"https:\/\/tesor-casino.org\/es\/wp-json\/wp\/v2\/pages\/1461\/revisions"}],"predecessor-version":[{"id":2085,"href":"https:\/\/tesor-casino.org\/es\/wp-json\/wp\/v2\/pages\/1461\/revisions\/2085"}],"wp:attachment":[{"href":"https:\/\/tesor-casino.org\/es\/wp-json\/wp\/v2\/media?parent=1461"}],"curies":[{"name":"wp","href":"https:\/\/api.w.org\/{rel}","templated":true}]}}