{"id":1487,"date":"2026-01-20T12:11:11","date_gmt":"2026-01-20T12:11:11","guid":{"rendered":"https:\/\/bonuskongcasino.com\/login-and-registration\/"},"modified":"2026-03-10T10:43:36","modified_gmt":"2026-03-10T10:43:36","slug":"inicio-de-sesion-y-registro","status":"publish","type":"page","link":"https:\/\/tesor-casino.org\/es\/inicio-de-sesion-y-registro\/","title":{"rendered":"Inicio de sesi\u00f3n y Registro"},"content":{"rendered":"<h1>Inicio de sesi\u00f3n y registro en la cuenta de Tesorcasino<\/h1>\n<p>Es posible jugar con dinero real en un entorno seguro despu\u00e9s de completar el proceso de Tesorcasino login. Sin una cuenta, tienes acceso restringido a nuestras funciones. Pero despu\u00e9s del registro, todos los juegos, bonificaciones, pagos y, por supuesto, el servicio de atenci\u00f3n al cliente estar\u00e1n disponibles para los usuarios espa\u00f1oles con un solo clic.<\/p>\n<p><div class=\"banner-wrap\" aria-label=\"Banner\"><img src=\"https:\/\/tesor-casino.org\/wp-content\/uploads\/2026\/03\/tesorcasino-bnr-pc-2.webp\" class=\"w-100 d-none d-lg-block img-pc main-banner-img\" alt=\"tesorcasino banner desktop\" fetchpriority=\"high\" decoding=\"async\"><img src=\"https:\/\/tesor-casino.org\/wp-content\/uploads\/2026\/03\/tesorcasino-banner-mobile.webp\" class=\"w-100 d-none d-md-block d-lg-none main-banner-img\" alt=\"tesorcasino banner mobile\" fetchpriority=\"high\" decoding=\"async\"><img src=\"https:\/\/tesor-casino.org\/wp-content\/uploads\/2026\/03\/tesorcasino-banner-mobile.webp\" class=\"w-100 d-md-none\" alt=\"tesorcasino banner mobile\" fetchpriority=\"high\" decoding=\"async\"><div class=\"banner-description\">\n<div class=\"banner-title\">Bonos de bienvenida<\/div>\n<p class=\"banner-header-title\">1500 \u20ac<\/p>\n<div class=\"banner-header-AdditionalText\">+ 250 Tiradas gratis<\/div>\n<button data-item=\"homepage_banner_link\" class=\"goto m-button m-gradient-border m-button--primary m-button--large banner-button btn-orange\">\n            <div class=\"m-button-content\">\n                <span>Reg\u00edstrate ahora<\/span>\n                <span><\/span>\n            <\/div>\n        <\/button>\n<\/div>\n<div class=\"WelcomePack\">\n<p><img loading=\"lazy\" decoding=\"async\" class=\"alignnone size-full wp-image-1874\" src=\"https:\/\/tesor-casino.org\/wp-content\/uploads\/2026\/03\/welcome-crown-1.png\" alt=\"welcome crown\" width=\"25\" height=\"26\" \/><\/p>\n<div class=\"WelcomePack-Info\">Reembolso semanal de hasta el 25 %<\/div>\n<p><img loading=\"lazy\" decoding=\"async\" class=\"alignnone size-full wp-image-1874\" src=\"https:\/\/tesor-casino.org\/wp-content\/uploads\/2026\/03\/welcome-crown-1.png\" alt=\"welcome crown\" width=\"25\" height=\"26\" \/><\/p>\n<\/div>\n<\/div><div class=\"scrollable-content-wrap my-5\"><div class=\"scrollable-content-inner\"><h2>Ventajas de tener una cuenta en Tesor Casino<\/h2>\n<p>El inicio de sesi\u00f3n en Tesor Casino est\u00e1 disponible para todas las personas mayores de 18 a\u00f1os. Es su oportunidad de pasar de jugar en modo demo a jugar con dinero real. El registro le proporciona acceso a todos los juegos, bonificaciones y pagos, as\u00ed como al equipo de asistencia.<\/p>\n<p>Cada persona solo puede tener un perfil en Tesorcasino. Adem\u00e1s, es esencial que leas primero las reglas de nuestra plataforma. Te recomendamos encarecidamente que crees una cuenta para disfrutar de la experiencia de juego completa.<\/p>\n<p><img loading=\"lazy\" decoding=\"async\" class=\"alignnone size-full wp-image-1958\" src=\"https:\/\/tesor-casino.org\/wp-content\/uploads\/2026\/03\/Tesorcasino-login-page.webp\" alt=\"Tesorcasino login page\" width=\"1248\" height=\"536\" srcset=\"https:\/\/tesor-casino.org\/wp-content\/uploads\/2026\/03\/Tesorcasino-login-page.webp 1248w, https:\/\/tesor-casino.org\/wp-content\/uploads\/2026\/03\/Tesorcasino-login-page-300x129.webp 300w, https:\/\/tesor-casino.org\/wp-content\/uploads\/2026\/03\/Tesorcasino-login-page-1024x440.webp 1024w, https:\/\/tesor-casino.org\/wp-content\/uploads\/2026\/03\/Tesorcasino-login-page-768x330.webp 768w\" sizes=\"auto, (max-width: 1248px) 100vw, 1248px\" \/><\/p>\n<h3>Gu\u00eda de registro paso a paso<\/h3>\n<p>Para crear una cuenta en Tesorcasino, solo necesitas unos minutos. El proceso es muy sencillo, incluso para quienes visitan un casino online por primera vez. Los usuarios deben proporcionar informaci\u00f3n real, ya que se comprobar\u00e1 m\u00e1s adelante durante el proceso de verificaci\u00f3n. En el primer paso, solo te pedimos tu direcci\u00f3n de correo electr\u00f3nico y contrase\u00f1a. El resto de datos personales se pueden proporcionar m\u00e1s adelante. Aqu\u00ed tienes unas instrucciones \u00fatiles:<\/p>\n<ol>\n<li>Debe hacer clic en el bot\u00f3n dorado situado en la parte superior de la p\u00e1gina principal de Tesor Casino.<\/li>\n<li>Rellene los campos con su informaci\u00f3n personal.<\/li>\n<li>Cree una contrase\u00f1a segura utilizando caracteres especiales, tanto may\u00fasculas como min\u00fasculas.<\/li>\n<li>Introduce el c\u00f3digo promocional si tienes uno. Esto te dar\u00e1 una recompensa adicional justo despu\u00e9s del registro.<\/li>\n<li>Indique su edad y acepte los t\u00e9rminos y condiciones de nuestra plataforma.<\/li>\n<li>Haz clic en \u00abRegistrarse\u00bb para completar el proceso y crear una cuenta.<\/li>\n<\/ol>\n<h2>Proceso de inicio de sesi\u00f3n<\/h2>\n<p>Cuando completes el registro, la pr\u00f3xima vez tendr\u00e1s que completar el proceso de inicio de sesi\u00f3n en Tesorcasino. En este caso, los usuarios deben proporcionar su direcci\u00f3n de correo electr\u00f3nico y la contrase\u00f1a que establecieron al crear una cuenta. No todo sale siempre como se espera, pero tenemos una soluci\u00f3n para cualquier situaci\u00f3n. Familiar\u00edzate con la informaci\u00f3n que aparece a continuaci\u00f3n para saber qu\u00e9 hacer con cada problema.<\/p>\n<table>\n<tbody>\n<tr>\n<td>Problema<\/td>\n<td>Soluci\u00f3n<\/td>\n<\/tr>\n<tr>\n<td>Contrase\u00f1a incorrecta<\/td>\n<td>Utilice el enlace \u00ab\u00bfHa olvidado su contrase\u00f1a?\u00bb de la p\u00e1gina de inicio de sesi\u00f3n de Tesor Casino para restablecer su contrase\u00f1a por correo electr\u00f3nico y crear una nueva segura.<\/td>\n<\/tr>\n<tr>\n<td>Cuenta bloqueada temporalmente<\/td>\n<td>Espere unos 15 minutos para que se desbloquee o p\u00f3ngase en contacto con nuestro equipo de asistencia para obtener ayuda.<\/td>\n<\/tr>\n<tr>\n<td>Cierre de sesi\u00f3n autom\u00e1tico<\/td>\n<td>Vuelva a iniciar sesi\u00f3n. Las sesiones pueden caducar tras un periodo de inactividad por motivos de seguridad.<\/td>\n<\/tr>\n<tr>\n<td>Problemas con el navegador o la cach\u00e9<\/td>\n<td>Borra la cach\u00e9 de tu navegador, habilita las cookies o actualiza tu navegador e int\u00e9ntalo de nuevo.<\/td>\n<\/tr>\n<tr>\n<td>El c\u00f3digo 2FA no funciona<\/td>\n<td>Introduce el \u00faltimo c\u00f3digo de autenticaci\u00f3n o solicita uno nuevo si el anterior ha caducado.<\/td>\n<\/tr>\n<\/tbody>\n<\/table>\n<h3>Configuraci\u00f3n del perfil de Tesorcasino<\/h3>\n<p>El inicio de sesi\u00f3n en Tesorcasino no solo significa acceso a juegos y promociones. Tambi\u00e9n hay muchos ajustes y herramientas importantes en su perfil que pueden hacer que su experiencia de juego sea m\u00e1s c\u00f3moda. Los usuarios pueden cambiar su informaci\u00f3n personal en cualquier momento. Si se trata de su contrase\u00f1a, deber\u00e1 identificarse por correo electr\u00f3nico.<\/p>\n<p>Para mantener la seguridad del juego, los usuarios pueden consultar peri\u00f3dicamente su historial de actividad, incluyendo el tiempo en la plataforma, los dep\u00f3sitos, las p\u00e9rdidas y las ganancias. Tambi\u00e9n est\u00e1 disponible el estado de los bonos de Tesor Casino. Si es necesario, nuestros clientes siempre pueden activar herramientas especiales de juego responsable.<\/p>\n<h2>Seguridad de la informaci\u00f3n personal<\/h2>\n<p>Al iniciar sesi\u00f3n en Tesorcasino, debes confiarnos tu informaci\u00f3n personal y financiera. Como contamos con la licencia oficial de juego electr\u00f3nico, tambi\u00e9n seguimos todas las medidas de seguridad requeridas. Cumplimos plenamente con el RGPD. Nuestro sitio web utiliza cifrado AES de 256 bits para mantener todos tus datos protegidos.<\/p>\n<p>Para obtener una capa adicional de protecci\u00f3n para su cuenta, existe la autenticaci\u00f3n de dos factores. Supervisamos permanentemente la actividad de inicio de sesi\u00f3n en la p\u00e1gina de Tesorcasino y, si hay algo sospechoso, se lo comunicaremos inmediatamente. Nuestro equipo de asistencia multiling\u00fce est\u00e1 disponible las 24 horas del d\u00eda, los 7 d\u00edas de la semana, a trav\u00e9s del chat en vivo y el correo electr\u00f3nico, por lo que si tiene alguna pregunta o duda, no dude en ponerse en contacto con nosotros.<\/p>\n<h2>Preguntas frecuentes<\/h2>\n<h3>\u00bfEs necesario realizar el proceso de verificaci\u00f3n inmediatamente despu\u00e9s del registro?<\/h3>\n<p>Pedimos a todos nuestros clientes que completen el proceso de verificaci\u00f3n antes de su primer retiro. Para ello, es necesario subir fotos de tus documentos personales a la plataforma para demostrar tu identidad, la titularidad de la cuenta de pago y tu edad.<\/p>\n<h3>\u00bfPuedo compartir mi perfil en Tesorcasino con un amigo?<\/h3>\n<p>Cada persona debe tener su propio perfil en Tesor Casino. Debe proporcionar su informaci\u00f3n personal y utilizar la cuenta de pago que le pertenece.<\/p>\n<h3>\u00bfQu\u00e9 puedo hacer en Tesor Casino sin tener una cuenta?<\/h3>\n<p>Los jugadores pueden probar varios t\u00edtulos en modo demo. Jugar\u00e1 con monedas virtuales sin ning\u00fan riesgo. La desventaja es que no puede retirar las ganancias potenciales. Adem\u00e1s, puede ponerse en contacto con nuestro equipo de asistencia.<\/p>\n<\/div><\/div><\/p>\n","protected":false},"excerpt":{"rendered":"<p>Inicio de sesi\u00f3n y registro en la cuenta de Tesorcasino Es posible jugar con dinero real en un entorno seguro despu\u00e9s de completar el proceso de Tesorcasino login. Sin una cuenta, tienes acceso restringido a nuestras funciones. Pero despu\u00e9s del registro, todos los juegos, bonificaciones, pagos y, por supuesto, el servicio de atenci\u00f3n al cliente [&hellip;]<\/p>\n","protected":false},"author":1,"featured_media":0,"parent":0,"menu_order":0,"comment_status":"closed","ping_status":"closed","template":"template-builder.php","meta":{"_acf_changed":false,"inline_featured_image":false,"footnotes":""},"class_list":["post-1487","page","type-page","status-publish","hentry"],"acf":[],"yoast_head":"<!-- This site is optimized with the Yoast SEO plugin v27.3 - https:\/\/yoast.com\/product\/yoast-seo-wordpress\/ -->\n<title>Tesorcasino Login | Acceso seguro a la cuenta y registro<\/title>\n<meta name=\"description\" content=\"Tu inicio de sesi\u00f3n en Tesorcasino es la llave que te da acceso a miles de juegos. Inicia sesi\u00f3n para jugar o registrar una nueva cuenta, completar la verificaci\u00f3n segura, gestionar tus fondos y ponerte en contacto con el servicio de asistencia 24\/7.\" \/>\n<meta name=\"robots\" content=\"index, follow, max-snippet:-1, max-image-preview:large, max-video-preview:-1\" \/>\n<link rel=\"canonical\" href=\"https:\/\/tesor-casino.org\/es\/inicio-de-sesion-y-registro\/\" \/>\n<meta property=\"og:locale\" content=\"es_ES\" \/>\n<meta property=\"og:type\" content=\"article\" \/>\n<meta property=\"og:title\" content=\"Tesorcasino Login | Acceso seguro a la cuenta y registro\" \/>\n<meta property=\"og:description\" content=\"Tu inicio de sesi\u00f3n en Tesorcasino es la llave que te da acceso a miles de juegos. Inicia sesi\u00f3n para jugar o registrar una nueva cuenta, completar la verificaci\u00f3n segura, gestionar tus fondos y ponerte en contacto con el servicio de asistencia 24\/7.\" \/>\n<meta property=\"og:url\" content=\"https:\/\/tesor-casino.org\/es\/inicio-de-sesion-y-registro\/\" \/>\n<meta property=\"og:site_name\" content=\"tesorcasino\" \/>\n<meta property=\"article:modified_time\" content=\"2026-03-10T10:43:36+00:00\" \/>\n<meta name=\"twitter:card\" content=\"summary_large_image\" \/>\n<meta name=\"twitter:label1\" content=\"Est. reading time\" \/>\n\t<meta name=\"twitter:data1\" content=\"1 minute\" \/>\n<script type=\"application\/ld+json\" class=\"yoast-schema-graph\">{\"@context\":\"https:\\\/\\\/schema.org\",\"@graph\":[{\"@type\":\"WebPage\",\"@id\":\"https:\\\/\\\/tesor-casino.org\\\/es\\\/inicio-de-sesion-y-registro\\\/\",\"url\":\"https:\\\/\\\/tesor-casino.org\\\/es\\\/inicio-de-sesion-y-registro\\\/\",\"name\":\"Tesorcasino Login | Acceso seguro a la cuenta y registro\",\"isPartOf\":{\"@id\":\"https:\\\/\\\/tesor-casino.org\\\/es\\\/#website\"},\"datePublished\":\"2026-01-20T12:11:11+00:00\",\"dateModified\":\"2026-03-10T10:43:36+00:00\",\"description\":\"Tu inicio de sesi\u00f3n en Tesorcasino es la llave que te da acceso a miles de juegos. Inicia sesi\u00f3n para jugar o registrar una nueva cuenta, completar la verificaci\u00f3n segura, gestionar tus fondos y ponerte en contacto con el servicio de asistencia 24\\\/7.\",\"breadcrumb\":{\"@id\":\"https:\\\/\\\/tesor-casino.org\\\/es\\\/inicio-de-sesion-y-registro\\\/#breadcrumb\"},\"inLanguage\":\"es-ES\",\"potentialAction\":[{\"@type\":\"ReadAction\",\"target\":[\"https:\\\/\\\/tesor-casino.org\\\/es\\\/inicio-de-sesion-y-registro\\\/\"]}]},{\"@type\":\"BreadcrumbList\",\"@id\":\"https:\\\/\\\/tesor-casino.org\\\/es\\\/inicio-de-sesion-y-registro\\\/#breadcrumb\",\"itemListElement\":[{\"@type\":\"ListItem\",\"position\":1,\"name\":\"Tesorcasino\",\"item\":\"https:\\\/\\\/tesor-casino.org\\\/es\\\/\"},{\"@type\":\"ListItem\",\"position\":2,\"name\":\"Inicio de sesi\u00f3n y Registro\"}]},{\"@type\":\"WebSite\",\"@id\":\"https:\\\/\\\/tesor-casino.org\\\/es\\\/#website\",\"url\":\"https:\\\/\\\/tesor-casino.org\\\/es\\\/\",\"name\":\"Tesorcasino\",\"description\":\"\",\"publisher\":{\"@id\":\"https:\\\/\\\/tesor-casino.org\\\/es\\\/#organization\"},\"potentialAction\":[{\"@type\":\"SearchAction\",\"target\":{\"@type\":\"EntryPoint\",\"urlTemplate\":\"https:\\\/\\\/tesor-casino.org\\\/es\\\/?s={search_term_string}\"},\"query-input\":{\"@type\":\"PropertyValueSpecification\",\"valueRequired\":true,\"valueName\":\"search_term_string\"}}],\"inLanguage\":\"es-ES\"},{\"@type\":\"Organization\",\"@id\":\"https:\\\/\\\/tesor-casino.org\\\/es\\\/#organization\",\"name\":\"Tesorcasino\",\"url\":\"https:\\\/\\\/tesor-casino.org\\\/es\\\/\",\"logo\":{\"@type\":\"ImageObject\",\"inLanguage\":\"es-ES\",\"@id\":\"https:\\\/\\\/tesor-casino.org\\\/es\\\/#\\\/schema\\\/logo\\\/image\\\/\",\"url\":\"https:\\\/\\\/tesor-casino.org\\\/wp-content\\\/uploads\\\/2026\\\/03\\\/Tesorcasino-logo.png\",\"contentUrl\":\"https:\\\/\\\/tesor-casino.org\\\/wp-content\\\/uploads\\\/2026\\\/03\\\/Tesorcasino-logo.png\",\"width\":246,\"height\":44,\"caption\":\"Tesorcasino\"},\"image\":{\"@id\":\"https:\\\/\\\/tesor-casino.org\\\/es\\\/#\\\/schema\\\/logo\\\/image\\\/\"}}]}<\/script>\n<!-- \/ Yoast SEO plugin. -->","yoast_head_json":{"title":"Tesorcasino Login | Acceso seguro a la cuenta y registro","description":"Tu inicio de sesi\u00f3n en Tesorcasino es la llave que te da acceso a miles de juegos. Inicia sesi\u00f3n para jugar o registrar una nueva cuenta, completar la verificaci\u00f3n segura, gestionar tus fondos y ponerte en contacto con el servicio de asistencia 24\/7.","robots":{"index":"index","follow":"follow","max-snippet":"max-snippet:-1","max-image-preview":"max-image-preview:large","max-video-preview":"max-video-preview:-1"},"canonical":"https:\/\/tesor-casino.org\/es\/inicio-de-sesion-y-registro\/","og_locale":"es_ES","og_type":"article","og_title":"Tesorcasino Login | Acceso seguro a la cuenta y registro","og_description":"Tu inicio de sesi\u00f3n en Tesorcasino es la llave que te da acceso a miles de juegos. Inicia sesi\u00f3n para jugar o registrar una nueva cuenta, completar la verificaci\u00f3n segura, gestionar tus fondos y ponerte en contacto con el servicio de asistencia 24\/7.","og_url":"https:\/\/tesor-casino.org\/es\/inicio-de-sesion-y-registro\/","og_site_name":"tesorcasino","article_modified_time":"2026-03-10T10:43:36+00:00","twitter_card":"summary_large_image","twitter_misc":{"Est. reading time":"1 minute"},"schema":{"@context":"https:\/\/schema.org","@graph":[{"@type":"WebPage","@id":"https:\/\/tesor-casino.org\/es\/inicio-de-sesion-y-registro\/","url":"https:\/\/tesor-casino.org\/es\/inicio-de-sesion-y-registro\/","name":"Tesorcasino Login | Acceso seguro a la cuenta y registro","isPartOf":{"@id":"https:\/\/tesor-casino.org\/es\/#website"},"datePublished":"2026-01-20T12:11:11+00:00","dateModified":"2026-03-10T10:43:36+00:00","description":"Tu inicio de sesi\u00f3n en Tesorcasino es la llave que te da acceso a miles de juegos. Inicia sesi\u00f3n para jugar o registrar una nueva cuenta, completar la verificaci\u00f3n segura, gestionar tus fondos y ponerte en contacto con el servicio de asistencia 24\/7.","breadcrumb":{"@id":"https:\/\/tesor-casino.org\/es\/inicio-de-sesion-y-registro\/#breadcrumb"},"inLanguage":"es-ES","potentialAction":[{"@type":"ReadAction","target":["https:\/\/tesor-casino.org\/es\/inicio-de-sesion-y-registro\/"]}]},{"@type":"BreadcrumbList","@id":"https:\/\/tesor-casino.org\/es\/inicio-de-sesion-y-registro\/#breadcrumb","itemListElement":[{"@type":"ListItem","position":1,"name":"Tesorcasino","item":"https:\/\/tesor-casino.org\/es\/"},{"@type":"ListItem","position":2,"name":"Inicio de sesi\u00f3n y Registro"}]},{"@type":"WebSite","@id":"https:\/\/tesor-casino.org\/es\/#website","url":"https:\/\/tesor-casino.org\/es\/","name":"Tesorcasino","description":"","publisher":{"@id":"https:\/\/tesor-casino.org\/es\/#organization"},"potentialAction":[{"@type":"SearchAction","target":{"@type":"EntryPoint","urlTemplate":"https:\/\/tesor-casino.org\/es\/?s={search_term_string}"},"query-input":{"@type":"PropertyValueSpecification","valueRequired":true,"valueName":"search_term_string"}}],"inLanguage":"es-ES"},{"@type":"Organization","@id":"https:\/\/tesor-casino.org\/es\/#organization","name":"Tesorcasino","url":"https:\/\/tesor-casino.org\/es\/","logo":{"@type":"ImageObject","inLanguage":"es-ES","@id":"https:\/\/tesor-casino.org\/es\/#\/schema\/logo\/image\/","url":"https:\/\/tesor-casino.org\/wp-content\/uploads\/2026\/03\/Tesorcasino-logo.png","contentUrl":"https:\/\/tesor-casino.org\/wp-content\/uploads\/2026\/03\/Tesorcasino-logo.png","width":246,"height":44,"caption":"Tesorcasino"},"image":{"@id":"https:\/\/tesor-casino.org\/es\/#\/schema\/logo\/image\/"}}]}},"_links":{"self":[{"href":"https:\/\/tesor-casino.org\/es\/wp-json\/wp\/v2\/pages\/1487","targetHints":{"allow":["GET"]}}],"collection":[{"href":"https:\/\/tesor-casino.org\/es\/wp-json\/wp\/v2\/pages"}],"about":[{"href":"https:\/\/tesor-casino.org\/es\/wp-json\/wp\/v2\/types\/page"}],"author":[{"embeddable":true,"href":"https:\/\/tesor-casino.org\/es\/wp-json\/wp\/v2\/users\/1"}],"replies":[{"embeddable":true,"href":"https:\/\/tesor-casino.org\/es\/wp-json\/wp\/v2\/comments?post=1487"}],"version-history":[{"count":3,"href":"https:\/\/tesor-casino.org\/es\/wp-json\/wp\/v2\/pages\/1487\/revisions"}],"predecessor-version":[{"id":2083,"href":"https:\/\/tesor-casino.org\/es\/wp-json\/wp\/v2\/pages\/1487\/revisions\/2083"}],"wp:attachment":[{"href":"https:\/\/tesor-casino.org\/es\/wp-json\/wp\/v2\/media?parent=1487"}],"curies":[{"name":"wp","href":"https:\/\/api.w.org\/{rel}","templated":true}]}}