{"id":1440,"date":"2026-01-20T12:08:23","date_gmt":"2026-01-20T12:08:23","guid":{"rendered":"https:\/\/bonuskongcasino.com\/app\/"},"modified":"2026-03-10T09:14:08","modified_gmt":"2026-03-10T09:14:08","slug":"app","status":"publish","type":"page","link":"https:\/\/tesor-casino.org\/fr\/app\/","title":{"rendered":"App"},"content":{"rendered":"<h1>Plateforme mobile Tesorcasino<\/h1>\n<p>Tesorcasino App rendra l&rsquo;exp\u00e9rience des joueurs beaucoup plus pratique, car elle est compatible avec tous les appareils modernes et vous permet de jouer o\u00f9 que vous soyez. Que vous ayez un t\u00e9l\u00e9phone Android ou iOS, vous b\u00e9n\u00e9ficierez d&rsquo;un chargement rapide et d&rsquo;une exp\u00e9rience de jeu fluide. Toutes les fonctions, le design et la navigation vous seront familiers, car ils refl\u00e8tent le site web principal pour PC. L&rsquo;installation peut \u00eatre effectu\u00e9e rapidement, directement depuis notre site web.<\/p>\n<div class=\"banner-wrap\" aria-label=\"Banner\"><img src=\"https:\/\/tesor-casino.org\/wp-content\/uploads\/2026\/03\/tesorcasino-bnr-pc-2.webp\" class=\"w-100 d-none d-lg-block img-pc main-banner-img\" alt=\"tesorcasino banner desktop\" fetchpriority=\"high\" decoding=\"async\"><img src=\"https:\/\/tesor-casino.org\/wp-content\/uploads\/2026\/03\/tesorcasino-banner-mobile.webp\" class=\"w-100 d-none d-md-block d-lg-none main-banner-img\" alt=\"tesorcasino banner mobile\" fetchpriority=\"high\" decoding=\"async\"><img src=\"https:\/\/tesor-casino.org\/wp-content\/uploads\/2026\/03\/tesorcasino-banner-mobile.webp\" class=\"w-100 d-md-none\" alt=\"tesorcasino banner mobile\" fetchpriority=\"high\" decoding=\"async\"><div class=\"banner-description\">\n<div class=\"banner-title\">Bonus de bienvenue<\/div>\n<p class=\"banner-header-title\">1500 \u20ac<\/p>\n<div class=\"banner-header-AdditionalText\">+ 250 Tours gratuits<\/div>\n<button data-item=\"homepage_banner_link\" class=\"goto m-button m-gradient-border m-button--primary m-button--large banner-button btn-orange\">\n            <div class=\"m-button-content\">\n                <span>Inscrivez-vous d\u00e8s maintenant<\/span>\n                <span><\/span>\n            <\/div>\n        <\/button>\n<\/div>\n<div class=\"WelcomePack\">\n<p><img loading=\"lazy\" decoding=\"async\" class=\"alignnone size-full wp-image-1869\" src=\"https:\/\/tesor-casino.org\/wp-content\/uploads\/2026\/03\/welcome-crown-1.png\" alt=\"welcome crown\" width=\"25\" height=\"26\" \/><\/p>\n<div class=\"WelcomePack-Info\">Cashback hebdomadaire jusqu&rsquo;\u00e0 25 %<\/div>\n<p><img loading=\"lazy\" decoding=\"async\" class=\"alignnone size-full wp-image-1869\" src=\"https:\/\/tesor-casino.org\/wp-content\/uploads\/2026\/03\/welcome-crown-1.png\" alt=\"welcome crown\" width=\"25\" height=\"26\" \/><\/p>\n<\/div>\n<\/div>\n<h2>Application Tesorcasino \u2013 Principales fonctionnalit\u00e9s<\/h2>\n<p>Plus de la moiti\u00e9 de nos clients pr\u00e9f\u00e8rent utiliser leurs appareils mobiles pour jouer sur Tesor Casino. Cela n&rsquo;a rien de surprenant, car dans le monde moderne, les gens pr\u00e9f\u00e8rent \u00eatre flexibles et rester en ligne, peu importe o\u00f9 ils se trouvent et \u00e0 quel moment. Nous proposons deux options pratiques \u00e0 tous nos clients : la version mobile pour navigateur et l&rsquo;application Tesorcasino. Vous trouverez ci-dessous un aper\u00e7u de ce que vous pouvez attendre du logiciel mobile.<\/p>\n<table>\n<tbody>\n<tr>\n<td>Fonction<\/td>\n<td>Ce que cela signifie<\/td>\n<\/tr>\n<tr>\n<td>Interface optimis\u00e9e pour les appareils mobiles<\/td>\n<td>Mise en page claire adapt\u00e9e aux petits \u00e9crans pour une navigation facile<\/td>\n<\/tr>\n<tr>\n<td>Chargement rapide des jeux<\/td>\n<td>R\u00e9duction du temps d&rsquo;attente avant et entre les parties<\/td>\n<\/tr>\n<tr>\n<td>Performances stables<\/td>\n<td>Gameplay fluide avec un minimum de latence ou d&rsquo;interruptions<\/td>\n<\/tr>\n<tr>\n<td>Commandes tactiles r\u00e9actives<\/td>\n<td>Touches et d\u00e9filement pr\u00e9cis sans d\u00e9lai<\/td>\n<\/tr>\n<tr>\n<td>Sessions mobiles s\u00e9curis\u00e9es<\/td>\n<td>Connexion crypt\u00e9e et processus de connexion prot\u00e9g\u00e9<\/td>\n<\/tr>\n<tr>\n<td>Mises \u00e0 jour automatiques<\/td>\n<td>Acc\u00e9dez toujours \u00e0 la derni\u00e8re version sans t\u00e9l\u00e9chargement manuel<\/td>\n<\/tr>\n<\/tbody>\n<\/table>\n<h3>S\u00e9curit\u00e9 de vos donn\u00e9es<\/h3>\n<p>Votre s\u00e9curit\u00e9 reste notre priorit\u00e9 lorsque vous utilisez la version mobile ou l&rsquo;application. Pour bloquer le trafic suspect et les robots dans l&rsquo;environnement mobile, nous utilisons des pare-feu d&rsquo;application web (WAF). Nous surveillons en permanence l&rsquo;activit\u00e9 sur notre plateforme afin de pr\u00e9venir toute fraude.<\/p>\n<p>Les joueurs peuvent contacter notre \u00e9quipe d&rsquo;assistance 24 heures sur 24 et 7 jours sur 7 pour toute question relative \u00e0 la s\u00e9curit\u00e9 ou \u00e0 d&rsquo;autres sujets. L&rsquo;application Tesor Casino int\u00e8gre un chat en direct qui vous permet d&rsquo;obtenir une r\u00e9ponse en quelques minutes.<\/p>\n<p><div class=\"scrollable-content-wrap my-5\"><div class=\"scrollable-content-inner\"><h2>Jouer sur Android avec une exp\u00e9rience de jeu fluide<\/h2>\n<p>En jouant sur Android chez Tesorcasino, les utilisateurs b\u00e9n\u00e9ficient d&rsquo;un environnement de jeu rapide, stable et enti\u00e8rement optimis\u00e9. Il est sp\u00e9cialement con\u00e7u pour les performances mobiles. Notre plateforme prend en charge toutes les versions modernes d&rsquo;Android. Le logiciel a \u00e9t\u00e9 d\u00e9velopp\u00e9 pour minimiser les temps de chargement et r\u00e9duire la consommation de donn\u00e9es.<\/p>\n<p>Les commandes tactiles de la version mobile de Tesor Casino ont \u00e9t\u00e9 cr\u00e9\u00e9es pour plus de pr\u00e9cision. Elles vous permettent de placer des paris, de faire tourner les rouleaux et d&rsquo;encaisser vos gains sans d\u00e9lai. Tous les processus en arri\u00e8re-plan sont optimis\u00e9s pour maintenir la stabilit\u00e9 de votre session, m\u00eame pendant les longues sessions de jeu.<\/p>\n<p>Si vous souhaitez installer notre application sans aucun probl\u00e8me, il vous suffit de suivre le guide ci-dessous :<\/p>\n<ol>\n<li>Ouvrez le site web de Tesorcasino dans votre navigateur mobile pr\u00e9f\u00e9r\u00e9.<\/li>\n<li>Si vous utilisez Chrome, cliquez sur le bouton \u00ab Plus \u00bb dans la barre d&rsquo;adresse.<\/li>\n<li>Les utilisateurs doivent choisir \u00ab Ajouter \u00e0 l&rsquo;\u00e9cran d&rsquo;accueil \u00bb dans la liste.<\/li>\n<li>Vous pouvez personnaliser l&rsquo;ic\u00f4ne en modifiant son nom et son apparence.<\/li>\n<li>Pour valider vos actions, appuyez simplement sur \u00ab Ajouter \u00bb.<\/li>\n<\/ol>\n<p><img loading=\"lazy\" decoding=\"async\" class=\"alignnone size-full wp-image-1919\" src=\"https:\/\/tesor-casino.org\/wp-content\/uploads\/2026\/03\/Tesorcasino-Android-\u2014-\u043a\u043e\u043f\u0438\u044f.webp\" alt=\"Tesorcasino Android\" width=\"1248\" height=\"536\" srcset=\"https:\/\/tesor-casino.org\/wp-content\/uploads\/2026\/03\/Tesorcasino-Android-\u2014-\u043a\u043e\u043f\u0438\u044f.webp 1248w, https:\/\/tesor-casino.org\/wp-content\/uploads\/2026\/03\/Tesorcasino-Android-\u2014-\u043a\u043e\u043f\u0438\u044f-300x129.webp 300w, https:\/\/tesor-casino.org\/wp-content\/uploads\/2026\/03\/Tesorcasino-Android-\u2014-\u043a\u043e\u043f\u0438\u044f-1024x440.webp 1024w, https:\/\/tesor-casino.org\/wp-content\/uploads\/2026\/03\/Tesorcasino-Android-\u2014-\u043a\u043e\u043f\u0438\u044f-768x330.webp 768w\" sizes=\"auto, (max-width: 1248px) 100vw, 1248px\" \/><\/p>\n<\/div><\/div><div style=\"clear: both\"><\/div><div class=\"d-flex justify-content-center\"><button data-item=\"decouvrez_link\" data-group=\"website_links\" class=\"goto fw-bold rounded-pill btn btn-orange\" aria-label=\"T\u00e9l\u00e9chargez l&#039;application Tesor Casino\" >T\u00e9l\u00e9chargez l&#039;application Tesor Casino<\/button><\/div><div class=\"scrollable-content-wrap my-5\"><div class=\"scrollable-content-inner\"><h2>Application mobile pour iOS<\/h2>\n<p>Tous nos joueurs iOS peuvent acc\u00e9der rapidement \u00e0 notre casino mobile en utilisant n&rsquo;importe quel navigateur sur leur smartphone ou leur tablette. Tous les jeux, y compris les machines \u00e0 sous en ligne, les jeux de table et les titres de casino en direct, s&rsquo;optimiseront en fonction de la taille et de la r\u00e9solution de votre \u00e9cran. Il n&rsquo;y a aucune limitation, car toutes les fonctionnalit\u00e9s seront disponibles sur votre appareil.<\/p>\n<p>Vous pouvez choisir entre la version navigateur ou l&rsquo;application d\u00e9di\u00e9e Tesorcasino. Les deux vous permettront de vous inscrire, d&rsquo;acc\u00e9der \u00e0 votre compte, d&rsquo;effectuer des d\u00e9p\u00f4ts, de jouer avec de l&rsquo;argent r\u00e9el et de retirer vos gains \u00e0 la fin. C&rsquo;est \u00e0 vous de choisir l&rsquo;option qui vous convient le mieux. Les joueurs peuvent m\u00eame les combiner en utilisant le m\u00eame compte Tesor Casino.<\/p>\n<h3>Instructions d&rsquo;installation<\/h3>\n<p>Si vous souhaitez b\u00e9n\u00e9ficier d&rsquo;une exp\u00e9rience de jeu plus personnalis\u00e9e depuis votre iPhone ou votre iPad, vous devrez installer notre logiciel mobile. Il utilise uniquement des donn\u00e9es mises en cache, les utilisateurs n&rsquo;ont donc pas \u00e0 se soucier de l&rsquo;espace de stockage de leur appareil. Pour installer l&rsquo;application Tesorcasino, il vous suffit de suivre les instructions ci-dessous :<\/p>\n<ol>\n<li>Acc\u00e9dez au menu principal de notre site web. Il se trouve sur le c\u00f4t\u00e9 gauche du hall du casino.<\/li>\n<li>Les utilisateurs doivent cliquer sur le bouton \u00ab Application Casino \u00bb \u00e0 la fin du menu.<\/li>\n<li>Vous serez redirig\u00e9 vers une nouvelle page, o\u00f9 vous devrez appuyer sur \u00ab Installer \u00bb.<\/li>\n<li>En moins d&rsquo;une minute, l&rsquo;ic\u00f4ne de la marque Tesorcasino appara\u00eetra sur votre \u00e9cran d&rsquo;accueil.<\/li>\n<\/ol>\n<p><img loading=\"lazy\" decoding=\"async\" class=\"alignnone size-full wp-image-1935\" src=\"https:\/\/tesor-casino.org\/wp-content\/uploads\/2026\/03\/Tesorcasino-iOS-\u2014-\u043a\u043e\u043f\u0438\u044f.webp\" alt=\"Tesorcasino iOS\" width=\"1248\" height=\"536\" srcset=\"https:\/\/tesor-casino.org\/wp-content\/uploads\/2026\/03\/Tesorcasino-iOS-\u2014-\u043a\u043e\u043f\u0438\u044f.webp 1248w, https:\/\/tesor-casino.org\/wp-content\/uploads\/2026\/03\/Tesorcasino-iOS-\u2014-\u043a\u043e\u043f\u0438\u044f-300x129.webp 300w, https:\/\/tesor-casino.org\/wp-content\/uploads\/2026\/03\/Tesorcasino-iOS-\u2014-\u043a\u043e\u043f\u0438\u044f-1024x440.webp 1024w, https:\/\/tesor-casino.org\/wp-content\/uploads\/2026\/03\/Tesorcasino-iOS-\u2014-\u043a\u043e\u043f\u0438\u044f-768x330.webp 768w\" sizes=\"auto, (max-width: 1248px) 100vw, 1248px\" \/><\/p>\n<\/div><\/div><div style=\"clear: both\"><\/div><div class=\"d-flex justify-content-center\"><button data-item=\"decouvrez_link\" data-group=\"website_links\" class=\"goto fw-bold rounded-pill btn btn-orange\" aria-label=\"T\u00e9l\u00e9chargez l&#039;application Tesor Casino\" >T\u00e9l\u00e9chargez l&#039;application Tesor Casino<\/button><\/div><div class=\"scrollable-content-wrap my-5\"><div class=\"scrollable-content-inner\"><h2>Options Tesor Casino pour Windows et macOS<\/h2>\n<p>Vous pouvez profiter d&rsquo;une exp\u00e9rience fluide en jouant sur Tesorcasino depuis votre PC ou votre ordinateur portable. Les utilisateurs n&rsquo;ont pas besoin d&rsquo;installer de logiciel suppl\u00e9mentaire. Notre site web est disponible sur tous les navigateurs modernes. Pour acc\u00e9der \u00e0 toutes les fonctionnalit\u00e9s disponibles, connectez-vous \u00e0 votre compte et commencez \u00e0 jouer.<\/p>\n<p>Si vous souhaitez acc\u00e9der \u00e0 notre site web en un seul clic, vous pouvez installer une ic\u00f4ne de raccourci sur l&rsquo;\u00e9cran d&rsquo;accueil de votre bureau. Pour ce faire, vous devez vous rendre dans les param\u00e8tres de votre navigateur. Si vous rencontrez des probl\u00e8mes lors de l&rsquo;installation de l&rsquo;ic\u00f4ne Tesor Casino, contactez notre \u00e9quipe d&rsquo;assistance via le chat en direct ou par e-mail.<\/p>\n<p><img loading=\"lazy\" decoding=\"async\" class=\"alignnone size-full wp-image-1927\" src=\"https:\/\/tesor-casino.org\/wp-content\/uploads\/2026\/03\/Tesorcasino-Desktop-\u2014-\u043a\u043e\u043f\u0438\u044f.webp\" alt=\"Tesorcasino-Desktop\" width=\"1248\" height=\"536\" srcset=\"https:\/\/tesor-casino.org\/wp-content\/uploads\/2026\/03\/Tesorcasino-Desktop-\u2014-\u043a\u043e\u043f\u0438\u044f.webp 1248w, https:\/\/tesor-casino.org\/wp-content\/uploads\/2026\/03\/Tesorcasino-Desktop-\u2014-\u043a\u043e\u043f\u0438\u044f-300x129.webp 300w, https:\/\/tesor-casino.org\/wp-content\/uploads\/2026\/03\/Tesorcasino-Desktop-\u2014-\u043a\u043e\u043f\u0438\u044f-1024x440.webp 1024w, https:\/\/tesor-casino.org\/wp-content\/uploads\/2026\/03\/Tesorcasino-Desktop-\u2014-\u043a\u043e\u043f\u0438\u044f-768x330.webp 768w\" sizes=\"auto, (max-width: 1248px) 100vw, 1248px\" \/><\/p>\n<\/div><\/div><div style=\"clear: both\"><\/div><div class=\"d-flex justify-content-center\"><button data-item=\"decouvrez_link\" data-group=\"website_links\" class=\"goto fw-bold rounded-pill btn btn-orange\" aria-label=\"T\u00e9l\u00e9chargez l&#039;application Tesor Casino\" >T\u00e9l\u00e9chargez l&#039;application Tesor Casino<\/button><\/div><div class=\"scrollable-content-wrap my-5\"><div class=\"scrollable-content-inner\"><h2>FAQ<\/h2>\n<h3>Est-il possible de jouer \u00e0 des jeux de casino en direct sur un smartphone ?<\/h3>\n<p>L&rsquo;ensemble de la collection de jeux, qui compte plus de 6 000 titres, est disponible sur votre smartphone ou votre tablette. Elle comprend \u00e9galement les jeux de casino en direct. Tesorcasino utilise des fonctionnalit\u00e9s tactiles sp\u00e9ciales pour rendre votre exp\u00e9rience de jeu pratique sur n&rsquo;importe quel appareil.<\/p>\n<h3>Puis-je terminer le processus d&rsquo;inscription dans l&rsquo;application Tesorcasino ?<\/h3>\n<p>Si vous \u00eates nouveau sur notre casino en ligne et que vous d\u00e9cidez de commencer votre aventure avec l&rsquo;application, vous pouvez facilement vous inscrire \u00e0 partir de celle-ci. Le processus est standard et ne n\u00e9cessite que votre adresse e-mail et votre mot de passe. Avant d&rsquo;effectuer votre premier retrait, nous vous demanderons de suivre un processus de v\u00e9rification simple.<\/p>\n<h3>Comment savoir si le logiciel mobile a besoin d&rsquo;une mise \u00e0 jour ?<\/h3>\n<p>L&rsquo;application PWA Tesor Casino se met \u00e0 jour automatiquement, sans aucune action suppl\u00e9mentaire de votre part. Nous informons toujours nos utilisateurs de tout changement sur la plateforme par le biais de notifications push et d&rsquo;e-mails.<\/p>\n<\/div><\/div><\/p>\n","protected":false},"excerpt":{"rendered":"<p>Plateforme mobile Tesorcasino Tesorcasino App rendra l&rsquo;exp\u00e9rience des joueurs beaucoup plus pratique, car elle est compatible avec tous les appareils modernes et vous permet de jouer o\u00f9 que vous soyez. Que vous ayez un t\u00e9l\u00e9phone Android ou iOS, vous b\u00e9n\u00e9ficierez d&rsquo;un chargement rapide et d&rsquo;une exp\u00e9rience de jeu fluide. Toutes les fonctions, le design et [&hellip;]<\/p>\n","protected":false},"author":1,"featured_media":0,"parent":0,"menu_order":0,"comment_status":"closed","ping_status":"closed","template":"template-builder.php","meta":{"_acf_changed":false,"inline_featured_image":false,"footnotes":""},"class_list":["post-1440","page","type-page","status-publish","hentry"],"acf":[],"yoast_head":"<!-- This site is optimized with the Yoast SEO plugin v27.3 - https:\/\/yoast.com\/product\/yoast-seo-wordpress\/ -->\n<title>Tesorcasino Application | T\u00e9l\u00e9charger pour iOS et Android<\/title>\n<meta name=\"description\" content=\"Emportez le casino avec vous ! T\u00e9l\u00e9chargez l&#039;application Tesorcasino sur votre appareil Android ou iOS pour acc\u00e9der instantan\u00e9ment et facilement \u00e0 tous vos jeux pr\u00e9f\u00e9r\u00e9s o\u00f9 que vous soyez.\" \/>\n<meta name=\"robots\" content=\"index, follow, max-snippet:-1, max-image-preview:large, max-video-preview:-1\" \/>\n<link rel=\"canonical\" href=\"https:\/\/tesor-casino.org\/fr\/app\/\" \/>\n<meta property=\"og:locale\" content=\"fr_FR\" \/>\n<meta property=\"og:type\" content=\"article\" \/>\n<meta property=\"og:title\" content=\"Tesorcasino Application | T\u00e9l\u00e9charger pour iOS et Android\" \/>\n<meta property=\"og:description\" content=\"Emportez le casino avec vous ! T\u00e9l\u00e9chargez l&#039;application Tesorcasino sur votre appareil Android ou iOS pour acc\u00e9der instantan\u00e9ment et facilement \u00e0 tous vos jeux pr\u00e9f\u00e9r\u00e9s o\u00f9 que vous soyez.\" \/>\n<meta property=\"og:url\" content=\"https:\/\/tesor-casino.org\/fr\/app\/\" \/>\n<meta property=\"og:site_name\" content=\"tesorcasino\" \/>\n<meta property=\"article:modified_time\" content=\"2026-03-10T09:14:08+00:00\" \/>\n<meta name=\"twitter:card\" content=\"summary_large_image\" \/>\n<meta name=\"twitter:label1\" content=\"Dur\u00e9e de lecture estim\u00e9e\" \/>\n\t<meta name=\"twitter:data1\" content=\"2 minutes\" \/>\n<script type=\"application\/ld+json\" class=\"yoast-schema-graph\">{\"@context\":\"https:\\\/\\\/schema.org\",\"@graph\":[{\"@type\":\"WebPage\",\"@id\":\"https:\\\/\\\/tesor-casino.org\\\/fr\\\/app\\\/\",\"url\":\"https:\\\/\\\/tesor-casino.org\\\/fr\\\/app\\\/\",\"name\":\"Tesorcasino Application | T\u00e9l\u00e9charger pour iOS et Android\",\"isPartOf\":{\"@id\":\"https:\\\/\\\/tesor-casino.org\\\/fr\\\/#website\"},\"datePublished\":\"2026-01-20T12:08:23+00:00\",\"dateModified\":\"2026-03-10T09:14:08+00:00\",\"description\":\"Emportez le casino avec vous ! T\u00e9l\u00e9chargez l'application Tesorcasino sur votre appareil Android ou iOS pour acc\u00e9der instantan\u00e9ment et facilement \u00e0 tous vos jeux pr\u00e9f\u00e9r\u00e9s o\u00f9 que vous soyez.\",\"breadcrumb\":{\"@id\":\"https:\\\/\\\/tesor-casino.org\\\/fr\\\/app\\\/#breadcrumb\"},\"inLanguage\":\"fr-FR\",\"potentialAction\":[{\"@type\":\"ReadAction\",\"target\":[\"https:\\\/\\\/tesor-casino.org\\\/fr\\\/app\\\/\"]}]},{\"@type\":\"BreadcrumbList\",\"@id\":\"https:\\\/\\\/tesor-casino.org\\\/fr\\\/app\\\/#breadcrumb\",\"itemListElement\":[{\"@type\":\"ListItem\",\"position\":1,\"name\":\"Tesorcasino\",\"item\":\"https:\\\/\\\/tesor-casino.org\\\/fr\\\/\"},{\"@type\":\"ListItem\",\"position\":2,\"name\":\"App\"}]},{\"@type\":\"WebSite\",\"@id\":\"https:\\\/\\\/tesor-casino.org\\\/fr\\\/#website\",\"url\":\"https:\\\/\\\/tesor-casino.org\\\/fr\\\/\",\"name\":\"Tesorcasino\",\"description\":\"\",\"publisher\":{\"@id\":\"https:\\\/\\\/tesor-casino.org\\\/fr\\\/#organization\"},\"potentialAction\":[{\"@type\":\"SearchAction\",\"target\":{\"@type\":\"EntryPoint\",\"urlTemplate\":\"https:\\\/\\\/tesor-casino.org\\\/fr\\\/?s={search_term_string}\"},\"query-input\":{\"@type\":\"PropertyValueSpecification\",\"valueRequired\":true,\"valueName\":\"search_term_string\"}}],\"inLanguage\":\"fr-FR\"},{\"@type\":\"Organization\",\"@id\":\"https:\\\/\\\/tesor-casino.org\\\/fr\\\/#organization\",\"name\":\"Tesorcasino\",\"url\":\"https:\\\/\\\/tesor-casino.org\\\/fr\\\/\",\"logo\":{\"@type\":\"ImageObject\",\"inLanguage\":\"fr-FR\",\"@id\":\"https:\\\/\\\/tesor-casino.org\\\/fr\\\/#\\\/schema\\\/logo\\\/image\\\/\",\"url\":\"https:\\\/\\\/tesor-casino.org\\\/wp-content\\\/uploads\\\/2026\\\/03\\\/Tesorcasino-logo.png\",\"contentUrl\":\"https:\\\/\\\/tesor-casino.org\\\/wp-content\\\/uploads\\\/2026\\\/03\\\/Tesorcasino-logo.png\",\"width\":246,\"height\":44,\"caption\":\"Tesorcasino\"},\"image\":{\"@id\":\"https:\\\/\\\/tesor-casino.org\\\/fr\\\/#\\\/schema\\\/logo\\\/image\\\/\"}}]}<\/script>\n<!-- \/ Yoast SEO plugin. -->","yoast_head_json":{"title":"Tesorcasino Application | T\u00e9l\u00e9charger pour iOS et Android","description":"Emportez le casino avec vous ! T\u00e9l\u00e9chargez l'application Tesorcasino sur votre appareil Android ou iOS pour acc\u00e9der instantan\u00e9ment et facilement \u00e0 tous vos jeux pr\u00e9f\u00e9r\u00e9s o\u00f9 que vous soyez.","robots":{"index":"index","follow":"follow","max-snippet":"max-snippet:-1","max-image-preview":"max-image-preview:large","max-video-preview":"max-video-preview:-1"},"canonical":"https:\/\/tesor-casino.org\/fr\/app\/","og_locale":"fr_FR","og_type":"article","og_title":"Tesorcasino Application | T\u00e9l\u00e9charger pour iOS et Android","og_description":"Emportez le casino avec vous ! T\u00e9l\u00e9chargez l'application Tesorcasino sur votre appareil Android ou iOS pour acc\u00e9der instantan\u00e9ment et facilement \u00e0 tous vos jeux pr\u00e9f\u00e9r\u00e9s o\u00f9 que vous soyez.","og_url":"https:\/\/tesor-casino.org\/fr\/app\/","og_site_name":"tesorcasino","article_modified_time":"2026-03-10T09:14:08+00:00","twitter_card":"summary_large_image","twitter_misc":{"Dur\u00e9e de lecture estim\u00e9e":"2 minutes"},"schema":{"@context":"https:\/\/schema.org","@graph":[{"@type":"WebPage","@id":"https:\/\/tesor-casino.org\/fr\/app\/","url":"https:\/\/tesor-casino.org\/fr\/app\/","name":"Tesorcasino Application | T\u00e9l\u00e9charger pour iOS et Android","isPartOf":{"@id":"https:\/\/tesor-casino.org\/fr\/#website"},"datePublished":"2026-01-20T12:08:23+00:00","dateModified":"2026-03-10T09:14:08+00:00","description":"Emportez le casino avec vous ! T\u00e9l\u00e9chargez l'application Tesorcasino sur votre appareil Android ou iOS pour acc\u00e9der instantan\u00e9ment et facilement \u00e0 tous vos jeux pr\u00e9f\u00e9r\u00e9s o\u00f9 que vous soyez.","breadcrumb":{"@id":"https:\/\/tesor-casino.org\/fr\/app\/#breadcrumb"},"inLanguage":"fr-FR","potentialAction":[{"@type":"ReadAction","target":["https:\/\/tesor-casino.org\/fr\/app\/"]}]},{"@type":"BreadcrumbList","@id":"https:\/\/tesor-casino.org\/fr\/app\/#breadcrumb","itemListElement":[{"@type":"ListItem","position":1,"name":"Tesorcasino","item":"https:\/\/tesor-casino.org\/fr\/"},{"@type":"ListItem","position":2,"name":"App"}]},{"@type":"WebSite","@id":"https:\/\/tesor-casino.org\/fr\/#website","url":"https:\/\/tesor-casino.org\/fr\/","name":"Tesorcasino","description":"","publisher":{"@id":"https:\/\/tesor-casino.org\/fr\/#organization"},"potentialAction":[{"@type":"SearchAction","target":{"@type":"EntryPoint","urlTemplate":"https:\/\/tesor-casino.org\/fr\/?s={search_term_string}"},"query-input":{"@type":"PropertyValueSpecification","valueRequired":true,"valueName":"search_term_string"}}],"inLanguage":"fr-FR"},{"@type":"Organization","@id":"https:\/\/tesor-casino.org\/fr\/#organization","name":"Tesorcasino","url":"https:\/\/tesor-casino.org\/fr\/","logo":{"@type":"ImageObject","inLanguage":"fr-FR","@id":"https:\/\/tesor-casino.org\/fr\/#\/schema\/logo\/image\/","url":"https:\/\/tesor-casino.org\/wp-content\/uploads\/2026\/03\/Tesorcasino-logo.png","contentUrl":"https:\/\/tesor-casino.org\/wp-content\/uploads\/2026\/03\/Tesorcasino-logo.png","width":246,"height":44,"caption":"Tesorcasino"},"image":{"@id":"https:\/\/tesor-casino.org\/fr\/#\/schema\/logo\/image\/"}}]}},"_links":{"self":[{"href":"https:\/\/tesor-casino.org\/fr\/wp-json\/wp\/v2\/pages\/1440","targetHints":{"allow":["GET"]}}],"collection":[{"href":"https:\/\/tesor-casino.org\/fr\/wp-json\/wp\/v2\/pages"}],"about":[{"href":"https:\/\/tesor-casino.org\/fr\/wp-json\/wp\/v2\/types\/page"}],"author":[{"embeddable":true,"href":"https:\/\/tesor-casino.org\/fr\/wp-json\/wp\/v2\/users\/1"}],"replies":[{"embeddable":true,"href":"https:\/\/tesor-casino.org\/fr\/wp-json\/wp\/v2\/comments?post=1440"}],"version-history":[{"count":4,"href":"https:\/\/tesor-casino.org\/fr\/wp-json\/wp\/v2\/pages\/1440\/revisions"}],"predecessor-version":[{"id":2043,"href":"https:\/\/tesor-casino.org\/fr\/wp-json\/wp\/v2\/pages\/1440\/revisions\/2043"}],"wp:attachment":[{"href":"https:\/\/tesor-casino.org\/fr\/wp-json\/wp\/v2\/media?parent=1440"}],"curies":[{"name":"wp","href":"https:\/\/api.w.org\/{rel}","templated":true}]}}