{"id":1452,"date":"2026-01-20T12:21:20","date_gmt":"2026-01-20T12:21:20","guid":{"rendered":"https:\/\/bonuskongcasino.com\/bonus\/"},"modified":"2026-03-10T08:45:16","modified_gmt":"2026-03-10T08:45:16","slug":"bonus","status":"publish","type":"page","link":"https:\/\/tesor-casino.org\/fr\/bonus\/","title":{"rendered":"Bonus"},"content":{"rendered":"<h1>Bonus et r\u00e9compenses du casino Tesorcasino<\/h1>\n<p>Si vous recherchez un casino en ligne offrant des r\u00e9compenses g\u00e9n\u00e9reuses, nous vous recommandons d&rsquo;essayer le syst\u00e8me de Tesorcasino bonus. Il propose de nombreuses options pour les nouveaux joueurs et les joueurs r\u00e9guliers de. Il vous suffit de jouer \u00e0 vos jeux pr\u00e9f\u00e9r\u00e9s et de respecter les r\u00e8gles promotionnelles claires. Cashback hebdomadaire, pack de bienvenue et nombreux tournois passionnants.<\/p>\n<p><div class=\"banner-wrap\" aria-label=\"Banner\"><img src=\"https:\/\/tesor-casino.org\/wp-content\/uploads\/2026\/03\/tesorcasino-bnr-pc-2.webp\" class=\"w-100 d-none d-lg-block img-pc main-banner-img\" alt=\"tesorcasino banner desktop\" fetchpriority=\"high\" decoding=\"async\"><img src=\"https:\/\/tesor-casino.org\/wp-content\/uploads\/2026\/03\/tesorcasino-banner-mobile.webp\" class=\"w-100 d-none d-md-block d-lg-none main-banner-img\" alt=\"tesorcasino banner mobile\" fetchpriority=\"high\" decoding=\"async\"><img src=\"https:\/\/tesor-casino.org\/wp-content\/uploads\/2026\/03\/tesorcasino-banner-mobile.webp\" class=\"w-100 d-md-none\" alt=\"tesorcasino banner mobile\" fetchpriority=\"high\" decoding=\"async\"><div class=\"banner-description\">\n<div class=\"banner-title\">Bonus de bienvenue<\/div>\n<p class=\"banner-header-title\">1500 \u20ac<\/p>\n<div class=\"banner-header-AdditionalText\">+ 250 Tours gratuits<\/div>\n<button data-item=\"homepage_banner_link\" class=\"goto m-button m-gradient-border m-button--primary m-button--large banner-button btn-orange\">\n            <div class=\"m-button-content\">\n                <span>Inscrivez-vous d\u00e8s maintenant<\/span>\n                <span><\/span>\n            <\/div>\n        <\/button>\n<\/div>\n<div class=\"WelcomePack\">\n<p><img loading=\"lazy\" decoding=\"async\" class=\"alignnone size-full wp-image-1869\" src=\"https:\/\/tesor-casino.org\/wp-content\/uploads\/2026\/03\/welcome-crown-1.png\" alt=\"welcome crown\" width=\"25\" height=\"26\" \/><\/p>\n<div class=\"WelcomePack-Info\">Cashback hebdomadaire jusqu&rsquo;\u00e0 25 %<\/div>\n<p><img loading=\"lazy\" decoding=\"async\" class=\"alignnone size-full wp-image-1869\" src=\"https:\/\/tesor-casino.org\/wp-content\/uploads\/2026\/03\/welcome-crown-1.png\" alt=\"welcome crown\" width=\"25\" height=\"26\" \/><\/p>\n<\/div>\n<\/div><div class=\"promotions-wrap\"><div class=\"promotion-card\" style=\"background-image: url(https:\/\/tesor-casino.org\/wp-content\/uploads\/2026\/03\/welcome-pack.webp);\"><h2 class=\"promotion-card__title\">Pack de bienvenue<\/h2><label class=\"promotion-card__offer\">Jusqu&#039;\u00e0 3 000 \u20ac + 500 tours gratuits<\/label><label class=\"promotion-card__description\"><\/label><div class=\"promotion-card__actions\"><button data-item=\"payments_link\" data-group=\"website_links\" class=\"goto btn btn-orange rounded-pill fw-bold px-4 m-button m-gradient-border m-button--primary m-button--large promotion-button promotion-card__action-btn\" aria-label=\"S&#039;inscrire\"><div class=\"m-button-content\"><span class=\"promotion-button__content\">S&#039;inscrire<\/span><\/div><\/button><button data-item=\"http:\/\/bonus_link\" data-group=\"website_links\" class=\"goto m-button m-gradient-border m-button--secondary m-button--medium promotion-card__info-btn\" aria-label=\"More information\"><div class=\"m-button-content\"><svg viewBox=\"0 0 24 24\" fill=\"none\" xmlns=\"http:\/\/www.w3.org\/2000\/svg\" class=\"m-icon m-icon-loadable\" name=\"Attention\" loading=\"false\" aria-hidden=\"true\"><path d=\"M12 22C6.477 22 2 17.522 2 12S6.477 2 12 2s10 4.478 10 10-4.477 10-10 10m-.002-13.004a.999.999 0 1 0 0-1.997.999.999 0 0 0 0 1.997M12 17a1 1 0 0 0 .993-.884L13 16l-.002-5.001-.007-.117a1 1 0 0 0-1.986 0l-.007.117L11 16l.007.117A1 1 0 0 0 12 17\" fill=\"currentColor\"><\/path><\/svg><\/div><\/button><\/div><\/div><div class=\"promotion-card\" style=\"background-image: url(https:\/\/tesor-casino.org\/wp-content\/uploads\/2026\/03\/cashback.webp);\"><h2 class=\"promotion-card__title\">Cashback hebdomadaire<\/h2><label class=\"promotion-card__offer\">Jusqu&#039;\u00e0 25 %<\/label><label class=\"promotion-card__description\"><\/label><div class=\"promotion-card__actions\"><button data-item=\"payments_link\" data-group=\"website_links\" class=\"goto btn btn-orange rounded-pill fw-bold px-4 m-button m-gradient-border m-button--primary m-button--large promotion-button promotion-card__action-btn\" aria-label=\"S&#039;inscrire\"><div class=\"m-button-content\"><span class=\"promotion-button__content\">S&#039;inscrire<\/span><\/div><\/button><button data-item=\"http:\/\/bonus_link\" data-group=\"website_links\" class=\"goto m-button m-gradient-border m-button--secondary m-button--medium promotion-card__info-btn\" aria-label=\"More information\"><div class=\"m-button-content\"><svg viewBox=\"0 0 24 24\" fill=\"none\" xmlns=\"http:\/\/www.w3.org\/2000\/svg\" class=\"m-icon m-icon-loadable\" name=\"Attention\" loading=\"false\" aria-hidden=\"true\"><path d=\"M12 22C6.477 22 2 17.522 2 12S6.477 2 12 2s10 4.478 10 10-4.477 10-10 10m-.002-13.004a.999.999 0 1 0 0-1.997.999.999 0 0 0 0 1.997M12 17a1 1 0 0 0 .993-.884L13 16l-.002-5.001-.007-.117a1 1 0 0 0-1.986 0l-.007.117L11 16l.007.117A1 1 0 0 0 12 17\" fill=\"currentColor\"><\/path><\/svg><\/div><\/button><\/div><\/div><div class=\"promotion-card\" style=\"background-image: url(https:\/\/tesor-casino.org\/wp-content\/uploads\/2026\/03\/sunday-reload.webp);\"><h2 class=\"promotion-card__title\">Recharge du dimanche<\/h2><label class=\"promotion-card__offer\">Bonus de d\u00e9p\u00f4t de 25 % jusqu&#039;\u00e0 100 \u20ac<\/label><label class=\"promotion-card__description\"><\/label><div class=\"promotion-card__actions\"><button data-item=\"payments_link\" data-group=\"website_links\" class=\"goto btn btn-orange rounded-pill fw-bold px-4 m-button m-gradient-border m-button--primary m-button--large promotion-button promotion-card__action-btn\" aria-label=\"S&#039;inscrire\"><div class=\"m-button-content\"><span class=\"promotion-button__content\">S&#039;inscrire<\/span><\/div><\/button><button data-item=\"http:\/\/bonus_link\" data-group=\"website_links\" class=\"goto m-button m-gradient-border m-button--secondary m-button--medium promotion-card__info-btn\" aria-label=\"More information\"><div class=\"m-button-content\"><svg viewBox=\"0 0 24 24\" fill=\"none\" xmlns=\"http:\/\/www.w3.org\/2000\/svg\" class=\"m-icon m-icon-loadable\" name=\"Attention\" loading=\"false\" aria-hidden=\"true\"><path d=\"M12 22C6.477 22 2 17.522 2 12S6.477 2 12 2s10 4.478 10 10-4.477 10-10 10m-.002-13.004a.999.999 0 1 0 0-1.997.999.999 0 0 0 0 1.997M12 17a1 1 0 0 0 .993-.884L13 16l-.002-5.001-.007-.117a1 1 0 0 0-1.986 0l-.007.117L11 16l.007.117A1 1 0 0 0 12 17\" fill=\"currentColor\"><\/path><\/svg><\/div><\/button><\/div><\/div><\/div><div class=\"scrollable-content-wrap my-5\"><div class=\"scrollable-content-inner\"><h2>Bonus de bienvenue pour les nouveaux joueurs<\/h2>\n<p>D\u00e8s le d\u00e9but de votre aventure, vous avez la possibilit\u00e9 d&rsquo;obtenir des avantages suppl\u00e9mentaires sans utiliser de codes promotionnels ni remplir de conditions strictes. Le bonus Tesorcasino pour les nouveaux joueurs inscrits offre jusqu&rsquo;\u00e0 3 000 \u20ac + 500 tours gratuits. Cela prolongera certainement votre temps sur notre plateforme et la rendra plus passionnante.<\/p>\n<p>Pour obtenir le pack de bienvenue, les utilisateurs doivent cr\u00e9er un compte sur notre site web et d\u00e9poser au moins 30 \u20ac. La promotion Tesor Casino sera disponible dans les 7 jours suivant l&rsquo;activation, et la condition de mise est de x40. Le pack de bienvenue est divis\u00e9 en trois parties :<\/p>\n<ul>\n<li>Offre de premier d\u00e9p\u00f4t de 100 % jusqu&rsquo;\u00e0 1 000 \u20ac + 250 tours gratuits<\/li>\n<li>Offre de deuxi\u00e8me d\u00e9p\u00f4t de 50 % jusqu&rsquo;\u00e0 1 000 \u20ac + 100 tours gratuits<\/li>\n<li>Offre de troisi\u00e8me d\u00e9p\u00f4t de 100 % jusqu&rsquo;\u00e0 1 000 \u20ac + 150 tours gratuits<\/li>\n<\/ul>\n<h2>Promotions en cours et offres de recharge<\/h2>\n<p>Une fois que vous avez termin\u00e9 le pack de bienvenue et obtenu les r\u00e9compenses, vous pouvez activer l&rsquo;une des nombreuses options de bonus Tesorcasino disponibles pour les clients r\u00e9guliers et actifs. Vous avez ici la possibilit\u00e9 de gagner des tours gratuits, des remises en argent, des tours suppl\u00e9mentaires et de nombreux autres superbes prix.<\/p>\n<p>Toutes nos promotions sont con\u00e7ues pour des titres populaires, afin que vous puissiez profiter pleinement du processus. Il existe des offres saisonni\u00e8res d\u00e9di\u00e9es aux vacances ou \u00e0 des c\u00e9l\u00e9brations sp\u00e9ciales. Des bonus temporaires sont disponibles \u00e0 tout moment sur Tesorcasino.<\/p>\n<p>Les clients de Tesor Casino peuvent r\u00e9cup\u00e9rer une partie de leurs pertes gr\u00e2ce \u00e0 notre cashback hebdomadaire pouvant atteindre 25 %. Le pourcentage est calcul\u00e9 en fonction de votre niveau dans le programme de fid\u00e9lit\u00e9. En outre, nous proposons la promotion Sunday Reload, qui vous permet d&rsquo;obtenir jusqu&rsquo;\u00e0 100 % et 1 000 \u20ac maximum.<\/p>\n<p><img loading=\"lazy\" decoding=\"async\" class=\"alignnone size-full wp-image-1945\" src=\"https:\/\/tesor-casino.org\/wp-content\/uploads\/2026\/03\/Tesorcasino-bonus-page.webp\" alt=\"Tesorcasino bonus page\" width=\"1248\" height=\"536\" srcset=\"https:\/\/tesor-casino.org\/wp-content\/uploads\/2026\/03\/Tesorcasino-bonus-page.webp 1248w, https:\/\/tesor-casino.org\/wp-content\/uploads\/2026\/03\/Tesorcasino-bonus-page-300x129.webp 300w, https:\/\/tesor-casino.org\/wp-content\/uploads\/2026\/03\/Tesorcasino-bonus-page-1024x440.webp 1024w, https:\/\/tesor-casino.org\/wp-content\/uploads\/2026\/03\/Tesorcasino-bonus-page-768x330.webp 768w\" sizes=\"auto, (max-width: 1248px) 100vw, 1248px\" \/><\/p>\n<h2>Tournois, missions et \u00e9v\u00e9nements sp\u00e9ciaux<\/h2>\n<p>En plus de toutes les options ci-dessus, nous proposons \u00e9galement des tournois, des missions et un programme de fid\u00e9lit\u00e9. Cette s\u00e9lection vous offre un choix que vous pouvez faire r\u00e9guli\u00e8rement. Les tournois sont des \u00e9v\u00e9nements tr\u00e8s comp\u00e9titifs. Ils offrent \u00e9galement d&rsquo;\u00e9normes cagnottes. Chez Tesorcasino, les \u00e9v\u00e9nements les plus populaires sont Spinoleague et BGaming Drops.<\/p>\n<p>Dans le cadre du syst\u00e8me de bonus Tesorcasino, nous proposons \u00e9galement des missions passionnantes avec des t\u00e2ches simples. Apr\u00e8s leur inscription, les joueurs peuvent acc\u00e9der \u00e0 des missions d&rsquo;int\u00e9gration et \u00e0 des missions r\u00e9guli\u00e8res. En accomplissant des t\u00e2ches, vous gagnez des pi\u00e8ces qui peuvent ensuite \u00eatre \u00e9chang\u00e9es contre des prix exclusifs.<\/p>\n<p>Le programme de fid\u00e9lit\u00e9 Tesor Casino sur notre plateforme est destin\u00e9 \u00e0 tous les utilisateurs, mais surtout \u00e0 ceux qui jouent activement, participent \u00e0 des \u00e9v\u00e9nements et aiment les paris \u00e9lev\u00e9s. Il s&rsquo;agit d&rsquo;un syst\u00e8me \u00e0 plusieurs niveaux, o\u00f9 chaque nouveau niveau vous apporte quelque chose de sp\u00e9cial.<\/p>\n<h2>\u00c9tapes et conditions d&rsquo;activation du bonus Tesor Casino<\/h2>\n<p>Toutes les promotions de Tesorcasino sont soumises \u00e0 des r\u00e8gles sp\u00e9cifiques pour leur activation et l&rsquo;obtention des gains. Nous recommandons \u00e0 tous de se familiariser avec ces r\u00e8gles avant de choisir l&rsquo;offre de bonus. M\u00eame si vous avez d\u00e9j\u00e0 jou\u00e9 dans un casino en ligne, il est possible que nos conditions g\u00e9n\u00e9rales soient diff\u00e9rentes.<\/p>\n<p>L&rsquo;essentiel est que vous ne pouvez avoir qu&rsquo;un seul bonus Tesor Casino actif. Cette r\u00e8gle ne s&rsquo;applique pas aux tournois et aux missions. Seule la satisfaction \u00e0 100 % des conditions requises vous permet de retirer vos gains. Avant de r\u00e9clamer une promotion, lisez les informations dans notre tableau ci-dessous.<\/p>\n<table>\n<tbody>\n<tr>\n<td>Ce qu&rsquo;il faut v\u00e9rifier<\/td>\n<td>Pourquoi est-ce important<\/td>\n<\/tr>\n<tr>\n<td>Conditions d&rsquo;\u00e9ligibilit\u00e9<\/td>\n<td>Assurez-vous de remplir les crit\u00e8res d&rsquo;\u00e2ge, de pays et de v\u00e9rification de compte avant d&rsquo;activer le bonus.<\/td>\n<\/tr>\n<tr>\n<td>D\u00e9p\u00f4t minimum<\/td>\n<td>Confirmez le montant du d\u00e9p\u00f4t requis pour activer la promotion.<\/td>\n<\/tr>\n<tr>\n<td>Conditions de mise<\/td>\n<td>Comprenez combien de fois vous devez jouer le bonus avant de pouvoir retirer vos gains.<\/td>\n<\/tr>\n<tr>\n<td>Contribution des jeux<\/td>\n<td>V\u00e9rifiez quels titres contribuent enti\u00e8rement ou partiellement aux conditions de mise.<\/td>\n<\/tr>\n<tr>\n<td>Limite maximale de mise<\/td>\n<td>Assurez-vous que le montant de votre mise ne d\u00e9passe pas la limite autoris\u00e9e pendant que le bonus est actif.<\/td>\n<\/tr>\n<tr>\n<td>P\u00e9riode de validit\u00e9 du bonus<\/td>\n<td>V\u00e9rifiez la dur\u00e9e disponible pour remplir les conditions de mise avant l&rsquo;expiration de la promotion.<\/td>\n<\/tr>\n<tr>\n<td>Processus d&rsquo;activation<\/td>\n<td>V\u00e9rifiez si le bonus est automatique ou s&rsquo;il n\u00e9cessite un code promotionnel.<\/td>\n<\/tr>\n<\/tbody>\n<\/table>\n<h2>FAQ<\/h2>\n<h3>Si je reviens apr\u00e8s une pause, puis-je r\u00e9activer le pack de bienvenue ?<\/h3>\n<p>Le pack de bienvenue chez Tesorcasino ne peut \u00eatre activ\u00e9 qu&rsquo;une seule fois. Si vous l&rsquo;avez d\u00e9j\u00e0 utilis\u00e9, consultez nos promotions pour les clients r\u00e9guliers ou nos tournois. Il y a toujours des options disponibles pour tout le monde.<\/p>\n<h3>Que signifie la condition de mise chez Tesorcasino ?<\/h3>\n<p>La plupart des bonus sur notre site web sont soumis \u00e0 des conditions de mise. Elles indiquent combien de fois le montant du bonus doit \u00eatre mis\u00e9 avant de pouvoir \u00eatre retir\u00e9.<\/p>\n<h3>Que dois-je faire pour passer au niveau sup\u00e9rieur du programme de fid\u00e9lit\u00e9 ?<\/h3>\n<p>Pour augmenter le niveau du programme de fid\u00e9lit\u00e9 de Tesor Casino, les utilisateurs doivent gagner des points de mise et de d\u00e9p\u00f4t. Chaque niveau de notre programme ouvre la porte \u00e0 de nouveaux avantages exclusifs.<\/p>\n<\/div><\/div><\/p>\n","protected":false},"excerpt":{"rendered":"<p>Bonus et r\u00e9compenses du casino Tesorcasino Si vous recherchez un casino en ligne offrant des r\u00e9compenses g\u00e9n\u00e9reuses, nous vous recommandons d&rsquo;essayer le syst\u00e8me de Tesorcasino bonus. Il propose de nombreuses options pour les nouveaux joueurs et les joueurs r\u00e9guliers de. Il vous suffit de jouer \u00e0 vos jeux pr\u00e9f\u00e9r\u00e9s et de respecter les r\u00e8gles promotionnelles [&hellip;]<\/p>\n","protected":false},"author":1,"featured_media":0,"parent":0,"menu_order":0,"comment_status":"closed","ping_status":"closed","template":"template-builder.php","meta":{"_acf_changed":false,"inline_featured_image":false,"footnotes":""},"class_list":["post-1452","page","type-page","status-publish","hentry"],"acf":[],"yoast_head":"<!-- This site is optimized with the Yoast SEO plugin v27.3 - https:\/\/yoast.com\/product\/yoast-seo-wordpress\/ -->\n<title>Bonus et r\u00e9compenses promotionnelles Tesorcasino<\/title>\n<meta name=\"description\" content=\"D\u00e9couvrez tous les bonus chez Tesorcasino ! Commencez avec notre g\u00e9n\u00e9reux pack de bienvenue, profitez de bonus sur d\u00e9p\u00f4t et de tours gratuits, et participez \u00e0 des tournois pour remporter de gros gains.\" \/>\n<meta name=\"robots\" content=\"index, follow, max-snippet:-1, max-image-preview:large, max-video-preview:-1\" \/>\n<link rel=\"canonical\" href=\"https:\/\/tesor-casino.org\/fr\/bonus\/\" \/>\n<meta property=\"og:locale\" content=\"fr_FR\" \/>\n<meta property=\"og:type\" content=\"article\" \/>\n<meta property=\"og:title\" content=\"Bonus et r\u00e9compenses promotionnelles Tesorcasino\" \/>\n<meta property=\"og:description\" content=\"D\u00e9couvrez tous les bonus chez Tesorcasino ! Commencez avec notre g\u00e9n\u00e9reux pack de bienvenue, profitez de bonus sur d\u00e9p\u00f4t et de tours gratuits, et participez \u00e0 des tournois pour remporter de gros gains.\" \/>\n<meta property=\"og:url\" content=\"https:\/\/tesor-casino.org\/fr\/bonus\/\" \/>\n<meta property=\"og:site_name\" content=\"tesorcasino\" \/>\n<meta property=\"article:modified_time\" content=\"2026-03-10T08:45:16+00:00\" \/>\n<meta name=\"twitter:card\" content=\"summary_large_image\" \/>\n<meta name=\"twitter:label1\" content=\"Dur\u00e9e de lecture estim\u00e9e\" \/>\n\t<meta name=\"twitter:data1\" content=\"1 minute\" \/>\n<script type=\"application\/ld+json\" class=\"yoast-schema-graph\">{\"@context\":\"https:\\\/\\\/schema.org\",\"@graph\":[{\"@type\":\"WebPage\",\"@id\":\"https:\\\/\\\/tesor-casino.org\\\/fr\\\/bonus\\\/\",\"url\":\"https:\\\/\\\/tesor-casino.org\\\/fr\\\/bonus\\\/\",\"name\":\"Bonus et r\u00e9compenses promotionnelles Tesorcasino\",\"isPartOf\":{\"@id\":\"https:\\\/\\\/tesor-casino.org\\\/fr\\\/#website\"},\"datePublished\":\"2026-01-20T12:21:20+00:00\",\"dateModified\":\"2026-03-10T08:45:16+00:00\",\"description\":\"D\u00e9couvrez tous les bonus chez Tesorcasino ! Commencez avec notre g\u00e9n\u00e9reux pack de bienvenue, profitez de bonus sur d\u00e9p\u00f4t et de tours gratuits, et participez \u00e0 des tournois pour remporter de gros gains.\",\"breadcrumb\":{\"@id\":\"https:\\\/\\\/tesor-casino.org\\\/fr\\\/bonus\\\/#breadcrumb\"},\"inLanguage\":\"fr-FR\",\"potentialAction\":[{\"@type\":\"ReadAction\",\"target\":[\"https:\\\/\\\/tesor-casino.org\\\/fr\\\/bonus\\\/\"]}]},{\"@type\":\"BreadcrumbList\",\"@id\":\"https:\\\/\\\/tesor-casino.org\\\/fr\\\/bonus\\\/#breadcrumb\",\"itemListElement\":[{\"@type\":\"ListItem\",\"position\":1,\"name\":\"Tesorcasino\",\"item\":\"https:\\\/\\\/tesor-casino.org\\\/fr\\\/\"},{\"@type\":\"ListItem\",\"position\":2,\"name\":\"Bonus\"}]},{\"@type\":\"WebSite\",\"@id\":\"https:\\\/\\\/tesor-casino.org\\\/fr\\\/#website\",\"url\":\"https:\\\/\\\/tesor-casino.org\\\/fr\\\/\",\"name\":\"Tesorcasino\",\"description\":\"\",\"publisher\":{\"@id\":\"https:\\\/\\\/tesor-casino.org\\\/fr\\\/#organization\"},\"potentialAction\":[{\"@type\":\"SearchAction\",\"target\":{\"@type\":\"EntryPoint\",\"urlTemplate\":\"https:\\\/\\\/tesor-casino.org\\\/fr\\\/?s={search_term_string}\"},\"query-input\":{\"@type\":\"PropertyValueSpecification\",\"valueRequired\":true,\"valueName\":\"search_term_string\"}}],\"inLanguage\":\"fr-FR\"},{\"@type\":\"Organization\",\"@id\":\"https:\\\/\\\/tesor-casino.org\\\/fr\\\/#organization\",\"name\":\"Tesorcasino\",\"url\":\"https:\\\/\\\/tesor-casino.org\\\/fr\\\/\",\"logo\":{\"@type\":\"ImageObject\",\"inLanguage\":\"fr-FR\",\"@id\":\"https:\\\/\\\/tesor-casino.org\\\/fr\\\/#\\\/schema\\\/logo\\\/image\\\/\",\"url\":\"https:\\\/\\\/tesor-casino.org\\\/wp-content\\\/uploads\\\/2026\\\/03\\\/Tesorcasino-logo.png\",\"contentUrl\":\"https:\\\/\\\/tesor-casino.org\\\/wp-content\\\/uploads\\\/2026\\\/03\\\/Tesorcasino-logo.png\",\"width\":246,\"height\":44,\"caption\":\"Tesorcasino\"},\"image\":{\"@id\":\"https:\\\/\\\/tesor-casino.org\\\/fr\\\/#\\\/schema\\\/logo\\\/image\\\/\"}}]}<\/script>\n<!-- \/ Yoast SEO plugin. -->","yoast_head_json":{"title":"Bonus et r\u00e9compenses promotionnelles Tesorcasino","description":"D\u00e9couvrez tous les bonus chez Tesorcasino ! Commencez avec notre g\u00e9n\u00e9reux pack de bienvenue, profitez de bonus sur d\u00e9p\u00f4t et de tours gratuits, et participez \u00e0 des tournois pour remporter de gros gains.","robots":{"index":"index","follow":"follow","max-snippet":"max-snippet:-1","max-image-preview":"max-image-preview:large","max-video-preview":"max-video-preview:-1"},"canonical":"https:\/\/tesor-casino.org\/fr\/bonus\/","og_locale":"fr_FR","og_type":"article","og_title":"Bonus et r\u00e9compenses promotionnelles Tesorcasino","og_description":"D\u00e9couvrez tous les bonus chez Tesorcasino ! Commencez avec notre g\u00e9n\u00e9reux pack de bienvenue, profitez de bonus sur d\u00e9p\u00f4t et de tours gratuits, et participez \u00e0 des tournois pour remporter de gros gains.","og_url":"https:\/\/tesor-casino.org\/fr\/bonus\/","og_site_name":"tesorcasino","article_modified_time":"2026-03-10T08:45:16+00:00","twitter_card":"summary_large_image","twitter_misc":{"Dur\u00e9e de lecture estim\u00e9e":"1 minute"},"schema":{"@context":"https:\/\/schema.org","@graph":[{"@type":"WebPage","@id":"https:\/\/tesor-casino.org\/fr\/bonus\/","url":"https:\/\/tesor-casino.org\/fr\/bonus\/","name":"Bonus et r\u00e9compenses promotionnelles Tesorcasino","isPartOf":{"@id":"https:\/\/tesor-casino.org\/fr\/#website"},"datePublished":"2026-01-20T12:21:20+00:00","dateModified":"2026-03-10T08:45:16+00:00","description":"D\u00e9couvrez tous les bonus chez Tesorcasino ! Commencez avec notre g\u00e9n\u00e9reux pack de bienvenue, profitez de bonus sur d\u00e9p\u00f4t et de tours gratuits, et participez \u00e0 des tournois pour remporter de gros gains.","breadcrumb":{"@id":"https:\/\/tesor-casino.org\/fr\/bonus\/#breadcrumb"},"inLanguage":"fr-FR","potentialAction":[{"@type":"ReadAction","target":["https:\/\/tesor-casino.org\/fr\/bonus\/"]}]},{"@type":"BreadcrumbList","@id":"https:\/\/tesor-casino.org\/fr\/bonus\/#breadcrumb","itemListElement":[{"@type":"ListItem","position":1,"name":"Tesorcasino","item":"https:\/\/tesor-casino.org\/fr\/"},{"@type":"ListItem","position":2,"name":"Bonus"}]},{"@type":"WebSite","@id":"https:\/\/tesor-casino.org\/fr\/#website","url":"https:\/\/tesor-casino.org\/fr\/","name":"Tesorcasino","description":"","publisher":{"@id":"https:\/\/tesor-casino.org\/fr\/#organization"},"potentialAction":[{"@type":"SearchAction","target":{"@type":"EntryPoint","urlTemplate":"https:\/\/tesor-casino.org\/fr\/?s={search_term_string}"},"query-input":{"@type":"PropertyValueSpecification","valueRequired":true,"valueName":"search_term_string"}}],"inLanguage":"fr-FR"},{"@type":"Organization","@id":"https:\/\/tesor-casino.org\/fr\/#organization","name":"Tesorcasino","url":"https:\/\/tesor-casino.org\/fr\/","logo":{"@type":"ImageObject","inLanguage":"fr-FR","@id":"https:\/\/tesor-casino.org\/fr\/#\/schema\/logo\/image\/","url":"https:\/\/tesor-casino.org\/wp-content\/uploads\/2026\/03\/Tesorcasino-logo.png","contentUrl":"https:\/\/tesor-casino.org\/wp-content\/uploads\/2026\/03\/Tesorcasino-logo.png","width":246,"height":44,"caption":"Tesorcasino"},"image":{"@id":"https:\/\/tesor-casino.org\/fr\/#\/schema\/logo\/image\/"}}]}},"_links":{"self":[{"href":"https:\/\/tesor-casino.org\/fr\/wp-json\/wp\/v2\/pages\/1452","targetHints":{"allow":["GET"]}}],"collection":[{"href":"https:\/\/tesor-casino.org\/fr\/wp-json\/wp\/v2\/pages"}],"about":[{"href":"https:\/\/tesor-casino.org\/fr\/wp-json\/wp\/v2\/types\/page"}],"author":[{"embeddable":true,"href":"https:\/\/tesor-casino.org\/fr\/wp-json\/wp\/v2\/users\/1"}],"replies":[{"embeddable":true,"href":"https:\/\/tesor-casino.org\/fr\/wp-json\/wp\/v2\/comments?post=1452"}],"version-history":[{"count":4,"href":"https:\/\/tesor-casino.org\/fr\/wp-json\/wp\/v2\/pages\/1452\/revisions"}],"predecessor-version":[{"id":2038,"href":"https:\/\/tesor-casino.org\/fr\/wp-json\/wp\/v2\/pages\/1452\/revisions\/2038"}],"wp:attachment":[{"href":"https:\/\/tesor-casino.org\/fr\/wp-json\/wp\/v2\/media?parent=1452"}],"curies":[{"name":"wp","href":"https:\/\/api.w.org\/{rel}","templated":true}]}}