{"id":1482,"date":"2026-01-20T12:11:11","date_gmt":"2026-01-20T12:11:11","guid":{"rendered":"https:\/\/bonuskongcasino.com\/login-and-registration\/"},"modified":"2026-03-10T09:17:28","modified_gmt":"2026-03-10T09:17:28","slug":"connexion-et-inscription","status":"publish","type":"page","link":"https:\/\/tesor-casino.org\/fr\/connexion-et-inscription\/","title":{"rendered":"Connexion et inscription"},"content":{"rendered":"<h1>Connexion et inscription au compte Tesorcasino<\/h1>\n<p>Il est possible de jouer avec de l&rsquo;argent r\u00e9el dans un environnement s\u00e9curis\u00e9 apr\u00e8s avoir termin\u00e9 le processus de Tesorcasino login. Sans compte, vous avez un acc\u00e8s limit\u00e9 \u00e0 nos fonctionnalit\u00e9s. Mais apr\u00e8s l&rsquo;inscription, tous les jeux, bonus, paiements et, bien s\u00fbr, le service client seront disponibles pour les utilisateurs en un seul clic.<\/p>\n<p><div class=\"banner-wrap\" aria-label=\"Banner\"><img src=\"https:\/\/tesor-casino.org\/wp-content\/uploads\/2026\/03\/tesorcasino-bnr-pc-2.webp\" class=\"w-100 d-none d-lg-block img-pc main-banner-img\" alt=\"tesorcasino banner desktop\" fetchpriority=\"high\" decoding=\"async\"><img src=\"https:\/\/tesor-casino.org\/wp-content\/uploads\/2026\/03\/tesorcasino-banner-mobile.webp\" class=\"w-100 d-none d-md-block d-lg-none main-banner-img\" alt=\"tesorcasino banner mobile\" fetchpriority=\"high\" decoding=\"async\"><img src=\"https:\/\/tesor-casino.org\/wp-content\/uploads\/2026\/03\/tesorcasino-banner-mobile.webp\" class=\"w-100 d-md-none\" alt=\"tesorcasino banner mobile\" fetchpriority=\"high\" decoding=\"async\"><div class=\"banner-description\">\n<div class=\"banner-title\">Bonus de bienvenue<\/div>\n<p class=\"banner-header-title\">1500 \u20ac<\/p>\n<div class=\"banner-header-AdditionalText\">+ 250 Tours gratuits<\/div>\n<button data-item=\"homepage_banner_link\" class=\"goto m-button m-gradient-border m-button--primary m-button--large banner-button btn-orange\">\n            <div class=\"m-button-content\">\n                <span>Inscrivez-vous d\u00e8s maintenant<\/span>\n                <span><\/span>\n            <\/div>\n        <\/button>\n<\/div>\n<div class=\"WelcomePack\">\n<p><img loading=\"lazy\" decoding=\"async\" class=\"alignnone size-full wp-image-1869\" src=\"https:\/\/tesor-casino.org\/wp-content\/uploads\/2026\/03\/welcome-crown-1.png\" alt=\"welcome crown\" width=\"25\" height=\"26\" \/><\/p>\n<div class=\"WelcomePack-Info\">Cashback hebdomadaire jusqu&rsquo;\u00e0 25 %<\/div>\n<p><img loading=\"lazy\" decoding=\"async\" class=\"alignnone size-full wp-image-1869\" src=\"https:\/\/tesor-casino.org\/wp-content\/uploads\/2026\/03\/welcome-crown-1.png\" alt=\"welcome crown\" width=\"25\" height=\"26\" \/><\/p>\n<\/div>\n<\/div><div class=\"scrollable-content-wrap my-5\"><div class=\"scrollable-content-inner\"><h2>Avantages d&rsquo;un compte chez Tesor Casino<\/h2>\n<p>La connexion \u00e0 Tesor Casino est accessible \u00e0 toute personne \u00e2g\u00e9e de 18 ans ou plus. C&rsquo;est l&rsquo;occasion pour vous de passer du mode d\u00e9mo au jeu en argent r\u00e9el. L&rsquo;inscription vous donne acc\u00e8s \u00e0 tous les jeux, bonus et paiements, ainsi qu&rsquo;\u00e0 l&rsquo;\u00e9quipe d&rsquo;assistance.<\/p>\n<p>Chaque personne ne peut avoir qu&rsquo;un seul profil sur Tesorcasino. En outre, il est essentiel que vous lisiez d&rsquo;abord les r\u00e8gles de notre plateforme. Nous vous recommandons vivement de cr\u00e9er un compte pour profiter pleinement de l&rsquo;exp\u00e9rience de jeu.<\/p>\n<p><img loading=\"lazy\" decoding=\"async\" class=\"alignnone size-full wp-image-1953\" src=\"https:\/\/tesor-casino.org\/wp-content\/uploads\/2026\/03\/Tesorcasino-login-page.webp\" alt=\"Tesorcasino login page\" width=\"1248\" height=\"536\" srcset=\"https:\/\/tesor-casino.org\/wp-content\/uploads\/2026\/03\/Tesorcasino-login-page.webp 1248w, https:\/\/tesor-casino.org\/wp-content\/uploads\/2026\/03\/Tesorcasino-login-page-300x129.webp 300w, https:\/\/tesor-casino.org\/wp-content\/uploads\/2026\/03\/Tesorcasino-login-page-1024x440.webp 1024w, https:\/\/tesor-casino.org\/wp-content\/uploads\/2026\/03\/Tesorcasino-login-page-768x330.webp 768w\" sizes=\"auto, (max-width: 1248px) 100vw, 1248px\" \/><\/p>\n<h3>Guide d&rsquo;inscription \u00e9tape par \u00e9tape<\/h3>\n<p>Pour cr\u00e9er un compte sur Tesorcasino, vous devez consacrer quelques minutes de votre temps. Le processus est simple, m\u00eame pour ceux qui visitent un casino en ligne pour la premi\u00e8re fois. Les utilisateurs doivent fournir des informations r\u00e9elles, car celles-ci seront v\u00e9rifi\u00e9es ult\u00e9rieurement lors du processus de v\u00e9rification. Dans un premier temps, nous vous demandons uniquement votre adresse e-mail et votre mot de passe. Les autres informations personnelles peuvent \u00eatre fournies ult\u00e9rieurement. Voici une instruction utile pour vous :<\/p>\n<ol>\n<li>Vous devez cliquer sur le bouton dor\u00e9 en haut de la page principale de Tesor Casino.<\/li>\n<li>Remplissez les champs avec vos informations personnelles.<\/li>\n<li>Cr\u00e9ez un mot de passe fort en utilisant des caract\u00e8res sp\u00e9ciaux, majuscules et minuscules.<\/li>\n<li>Saisissez le code promotionnel si vous en avez un. Cela vous permettra d&rsquo;obtenir une r\u00e9compense suppl\u00e9mentaire imm\u00e9diatement apr\u00e8s votre inscription.<\/li>\n<li>Indiquez votre \u00e2ge et acceptez les conditions g\u00e9n\u00e9rales de notre plateforme.<\/li>\n<li>Cliquez sur \u00ab S&rsquo;inscrire \u00bb pour terminer le processus et cr\u00e9er un compte.<\/li>\n<\/ol>\n<h2>Processus de connexion<\/h2>\n<p>Une fois l&rsquo;inscription termin\u00e9e, vous devrez ensuite vous connecter \u00e0 Tesorcasino. Pour cela, les utilisateurs doivent fournir leur adresse e-mail et le mot de passe qu&rsquo;ils ont d\u00e9fini lors de la cr\u00e9ation de leur compte. Tout ne se passe pas toujours comme pr\u00e9vu, mais nous avons une solution pour chaque situation. Familiarisez-vous avec les informations ci-dessous pour savoir quoi faire dans chaque cas.<\/p>\n<table>\n<tbody>\n<tr>\n<td>Probl\u00e8me<\/td>\n<td>Solution<\/td>\n<\/tr>\n<tr>\n<td>Mot de passe incorrect<\/td>\n<td>Utilisez le lien \u00ab Mot de passe oubli\u00e9 ? \u00bb sur la page de connexion de Tesor Casino pour r\u00e9initialiser votre mot de passe par e-mail et en cr\u00e9er un nouveau plus s\u00fbr.<\/td>\n<\/tr>\n<tr>\n<td>Compte temporairement verrouill\u00e9<\/td>\n<td>Patientez environ 15 minutes pour le d\u00e9verrouillage ou contactez notre \u00e9quipe d&rsquo;assistance pour obtenir de l&rsquo;aide.<\/td>\n<\/tr>\n<tr>\n<td>D\u00e9connexion automatique<\/td>\n<td>Connectez-vous \u00e0 nouveau. Les sessions peuvent expirer apr\u00e8s une p\u00e9riode d&rsquo;inactivit\u00e9 pour des raisons de s\u00e9curit\u00e9.<\/td>\n<\/tr>\n<tr>\n<td>Probl\u00e8mes li\u00e9s au navigateur ou au cache<\/td>\n<td>Videz le cache de votre navigateur, activez les cookies ou mettez \u00e0 jour votre navigateur, puis r\u00e9essayez.<\/td>\n<\/tr>\n<tr>\n<td>Le code 2FA ne fonctionne pas<\/td>\n<td>Entrez le dernier code d&rsquo;authentification ou demandez-en un nouveau si le code pr\u00e9c\u00e9dent a expir\u00e9.<\/td>\n<\/tr>\n<\/tbody>\n<\/table>\n<h3>Param\u00e8tres du profil Tesorcasino<\/h3>\n<p>La connexion \u00e0 Tesorcasino ne donne pas seulement acc\u00e8s aux jeux et aux promotions. Votre profil contient \u00e9galement de nombreux param\u00e8tres et outils importants qui peuvent rendre votre exp\u00e9rience de jeu plus pratique. Les utilisateurs peuvent modifier leurs informations personnelles \u00e0 tout moment. S&rsquo;il s&rsquo;agit de votre mot de passe, vous devrez vous identifier par e-mail.<\/p>\n<p>Pour garantir la s\u00e9curit\u00e9 du jeu, les utilisateurs peuvent consulter r\u00e9guli\u00e8rement l&rsquo;historique de leur activit\u00e9, notamment le temps pass\u00e9 sur la plateforme, les d\u00e9p\u00f4ts, les pertes et les gains. Le statut des bonus Tesor Casino est \u00e9galement disponible. Si n\u00e9cessaire, nos clients peuvent toujours activer des outils sp\u00e9ciaux de jeu responsable.<\/p>\n<h2>S\u00e9curit\u00e9 des informations personnelles<\/h2>\n<p>En vous connectant \u00e0 Tesorcasino, vous nous confiez vos informations personnelles et financi\u00e8res. \u00c9tant titulaires d&rsquo;une licence officielle de jeux en ligne, nous respectons \u00e9galement toutes les mesures de s\u00e9curit\u00e9 requises. Nous nous conformons pleinement au RGPD. Notre site web utilise un cryptage AES 256 bits pour prot\u00e9ger toutes vos donn\u00e9es.<\/p>\n<p>Pour b\u00e9n\u00e9ficier d&rsquo;une protection suppl\u00e9mentaire pour votre compte, nous proposons une authentification \u00e0 deux facteurs. Nous surveillons en permanence l&rsquo;activit\u00e9 de connexion sur la page Tesorcasino et si nous d\u00e9tectons quelque chose de suspect, nous vous en informons imm\u00e9diatement. Notre \u00e9quipe d&rsquo;assistance multilingue est disponible 24h\/24 et 7j\/7 par chat en direct et par e-mail. Si vous avez des questions ou des pr\u00e9occupations, n&rsquo;h\u00e9sitez pas \u00e0 nous contacter.<\/p>\n<h2>FAQ<\/h2>\n<h3>Le processus de v\u00e9rification est-il obligatoire imm\u00e9diatement apr\u00e8s l&rsquo;inscription ?<\/h3>\n<p>Nous demandons \u00e0 tous nos clients de suivre le processus de v\u00e9rification avant leur premier retrait. Il consiste \u00e0 t\u00e9l\u00e9charger des photos de vos documents personnels sur la plateforme afin de prouver votre identit\u00e9, la propri\u00e9t\u00e9 de votre compte de paiement et votre \u00e2ge.<\/p>\n<h3>Puis-je partager mon profil Tesorcasino avec un ami ?<\/h3>\n<p>Chaque personne doit avoir son propre profil sur Tesor Casino. Vous devez fournir vos informations personnelles et utiliser le compte de paiement qui vous appartient.<\/p>\n<h3>Que puis-je faire sur Tesor Casino sans compte ?<\/h3>\n<p>Les joueurs peuvent essayer plusieurs titres en mode d\u00e9mo. Vous jouerez avec des pi\u00e8ces virtuelles sans aucun risque. L&rsquo;inconv\u00e9nient est que vous ne pouvez pas retirer vos gains potentiels. En outre, vous pouvez contacter notre \u00e9quipe d&rsquo;assistance.<\/p>\n<\/div><\/div><\/p>\n","protected":false},"excerpt":{"rendered":"<p>Connexion et inscription au compte Tesorcasino Il est possible de jouer avec de l&rsquo;argent r\u00e9el dans un environnement s\u00e9curis\u00e9 apr\u00e8s avoir termin\u00e9 le processus de Tesorcasino login. Sans compte, vous avez un acc\u00e8s limit\u00e9 \u00e0 nos fonctionnalit\u00e9s. Mais apr\u00e8s l&rsquo;inscription, tous les jeux, bonus, paiements et, bien s\u00fbr, le service client seront disponibles pour les [&hellip;]<\/p>\n","protected":false},"author":1,"featured_media":0,"parent":0,"menu_order":0,"comment_status":"closed","ping_status":"closed","template":"template-builder.php","meta":{"_acf_changed":false,"inline_featured_image":false,"footnotes":""},"class_list":["post-1482","page","type-page","status-publish","hentry"],"acf":[],"yoast_head":"<!-- This site is optimized with the Yoast SEO plugin v27.3 - https:\/\/yoast.com\/product\/yoast-seo-wordpress\/ -->\n<title>Tesorcasino Login | Acc\u00e8s s\u00e9curis\u00e9 au compte et inscription<\/title>\n<meta name=\"description\" content=\"Votre identifiant Tesorcasino vous donne acc\u00e8s \u00e0 des milliers de jeux. Connectez-vous pour jouer ou cr\u00e9er un nouveau compte, effectuer une v\u00e9rification s\u00e9curis\u00e9e, g\u00e9rer vos fonds et contacter notre service d&#039;assistance disponible 24 h\/24, 7 j\/7.\" \/>\n<meta name=\"robots\" content=\"index, follow, max-snippet:-1, max-image-preview:large, max-video-preview:-1\" \/>\n<link rel=\"canonical\" href=\"https:\/\/tesor-casino.org\/fr\/connexion-et-inscription\/\" \/>\n<meta property=\"og:locale\" content=\"fr_FR\" \/>\n<meta property=\"og:type\" content=\"article\" \/>\n<meta property=\"og:title\" content=\"Tesorcasino Login | Acc\u00e8s s\u00e9curis\u00e9 au compte et inscription\" \/>\n<meta property=\"og:description\" content=\"Votre identifiant Tesorcasino vous donne acc\u00e8s \u00e0 des milliers de jeux. Connectez-vous pour jouer ou cr\u00e9er un nouveau compte, effectuer une v\u00e9rification s\u00e9curis\u00e9e, g\u00e9rer vos fonds et contacter notre service d&#039;assistance disponible 24 h\/24, 7 j\/7.\" \/>\n<meta property=\"og:url\" content=\"https:\/\/tesor-casino.org\/fr\/connexion-et-inscription\/\" \/>\n<meta property=\"og:site_name\" content=\"tesorcasino\" \/>\n<meta property=\"article:modified_time\" content=\"2026-03-10T09:17:28+00:00\" \/>\n<meta name=\"twitter:card\" content=\"summary_large_image\" \/>\n<meta name=\"twitter:label1\" content=\"Dur\u00e9e de lecture estim\u00e9e\" \/>\n\t<meta name=\"twitter:data1\" content=\"1 minute\" \/>\n<script type=\"application\/ld+json\" class=\"yoast-schema-graph\">{\"@context\":\"https:\\\/\\\/schema.org\",\"@graph\":[{\"@type\":\"WebPage\",\"@id\":\"https:\\\/\\\/tesor-casino.org\\\/fr\\\/connexion-et-inscription\\\/\",\"url\":\"https:\\\/\\\/tesor-casino.org\\\/fr\\\/connexion-et-inscription\\\/\",\"name\":\"Tesorcasino Login | Acc\u00e8s s\u00e9curis\u00e9 au compte et inscription\",\"isPartOf\":{\"@id\":\"https:\\\/\\\/tesor-casino.org\\\/fr\\\/#website\"},\"datePublished\":\"2026-01-20T12:11:11+00:00\",\"dateModified\":\"2026-03-10T09:17:28+00:00\",\"description\":\"Votre identifiant Tesorcasino vous donne acc\u00e8s \u00e0 des milliers de jeux. Connectez-vous pour jouer ou cr\u00e9er un nouveau compte, effectuer une v\u00e9rification s\u00e9curis\u00e9e, g\u00e9rer vos fonds et contacter notre service d'assistance disponible 24 h\\\/24, 7 j\\\/7.\",\"breadcrumb\":{\"@id\":\"https:\\\/\\\/tesor-casino.org\\\/fr\\\/connexion-et-inscription\\\/#breadcrumb\"},\"inLanguage\":\"fr-FR\",\"potentialAction\":[{\"@type\":\"ReadAction\",\"target\":[\"https:\\\/\\\/tesor-casino.org\\\/fr\\\/connexion-et-inscription\\\/\"]}]},{\"@type\":\"BreadcrumbList\",\"@id\":\"https:\\\/\\\/tesor-casino.org\\\/fr\\\/connexion-et-inscription\\\/#breadcrumb\",\"itemListElement\":[{\"@type\":\"ListItem\",\"position\":1,\"name\":\"Tesorcasino\",\"item\":\"https:\\\/\\\/tesor-casino.org\\\/fr\\\/\"},{\"@type\":\"ListItem\",\"position\":2,\"name\":\"Connexion et inscription\"}]},{\"@type\":\"WebSite\",\"@id\":\"https:\\\/\\\/tesor-casino.org\\\/fr\\\/#website\",\"url\":\"https:\\\/\\\/tesor-casino.org\\\/fr\\\/\",\"name\":\"Tesorcasino\",\"description\":\"\",\"publisher\":{\"@id\":\"https:\\\/\\\/tesor-casino.org\\\/fr\\\/#organization\"},\"potentialAction\":[{\"@type\":\"SearchAction\",\"target\":{\"@type\":\"EntryPoint\",\"urlTemplate\":\"https:\\\/\\\/tesor-casino.org\\\/fr\\\/?s={search_term_string}\"},\"query-input\":{\"@type\":\"PropertyValueSpecification\",\"valueRequired\":true,\"valueName\":\"search_term_string\"}}],\"inLanguage\":\"fr-FR\"},{\"@type\":\"Organization\",\"@id\":\"https:\\\/\\\/tesor-casino.org\\\/fr\\\/#organization\",\"name\":\"Tesorcasino\",\"url\":\"https:\\\/\\\/tesor-casino.org\\\/fr\\\/\",\"logo\":{\"@type\":\"ImageObject\",\"inLanguage\":\"fr-FR\",\"@id\":\"https:\\\/\\\/tesor-casino.org\\\/fr\\\/#\\\/schema\\\/logo\\\/image\\\/\",\"url\":\"https:\\\/\\\/tesor-casino.org\\\/wp-content\\\/uploads\\\/2026\\\/03\\\/Tesorcasino-logo.png\",\"contentUrl\":\"https:\\\/\\\/tesor-casino.org\\\/wp-content\\\/uploads\\\/2026\\\/03\\\/Tesorcasino-logo.png\",\"width\":246,\"height\":44,\"caption\":\"Tesorcasino\"},\"image\":{\"@id\":\"https:\\\/\\\/tesor-casino.org\\\/fr\\\/#\\\/schema\\\/logo\\\/image\\\/\"}}]}<\/script>\n<!-- \/ Yoast SEO plugin. -->","yoast_head_json":{"title":"Tesorcasino Login | Acc\u00e8s s\u00e9curis\u00e9 au compte et inscription","description":"Votre identifiant Tesorcasino vous donne acc\u00e8s \u00e0 des milliers de jeux. Connectez-vous pour jouer ou cr\u00e9er un nouveau compte, effectuer une v\u00e9rification s\u00e9curis\u00e9e, g\u00e9rer vos fonds et contacter notre service d'assistance disponible 24 h\/24, 7 j\/7.","robots":{"index":"index","follow":"follow","max-snippet":"max-snippet:-1","max-image-preview":"max-image-preview:large","max-video-preview":"max-video-preview:-1"},"canonical":"https:\/\/tesor-casino.org\/fr\/connexion-et-inscription\/","og_locale":"fr_FR","og_type":"article","og_title":"Tesorcasino Login | Acc\u00e8s s\u00e9curis\u00e9 au compte et inscription","og_description":"Votre identifiant Tesorcasino vous donne acc\u00e8s \u00e0 des milliers de jeux. Connectez-vous pour jouer ou cr\u00e9er un nouveau compte, effectuer une v\u00e9rification s\u00e9curis\u00e9e, g\u00e9rer vos fonds et contacter notre service d'assistance disponible 24 h\/24, 7 j\/7.","og_url":"https:\/\/tesor-casino.org\/fr\/connexion-et-inscription\/","og_site_name":"tesorcasino","article_modified_time":"2026-03-10T09:17:28+00:00","twitter_card":"summary_large_image","twitter_misc":{"Dur\u00e9e de lecture estim\u00e9e":"1 minute"},"schema":{"@context":"https:\/\/schema.org","@graph":[{"@type":"WebPage","@id":"https:\/\/tesor-casino.org\/fr\/connexion-et-inscription\/","url":"https:\/\/tesor-casino.org\/fr\/connexion-et-inscription\/","name":"Tesorcasino Login | Acc\u00e8s s\u00e9curis\u00e9 au compte et inscription","isPartOf":{"@id":"https:\/\/tesor-casino.org\/fr\/#website"},"datePublished":"2026-01-20T12:11:11+00:00","dateModified":"2026-03-10T09:17:28+00:00","description":"Votre identifiant Tesorcasino vous donne acc\u00e8s \u00e0 des milliers de jeux. Connectez-vous pour jouer ou cr\u00e9er un nouveau compte, effectuer une v\u00e9rification s\u00e9curis\u00e9e, g\u00e9rer vos fonds et contacter notre service d'assistance disponible 24 h\/24, 7 j\/7.","breadcrumb":{"@id":"https:\/\/tesor-casino.org\/fr\/connexion-et-inscription\/#breadcrumb"},"inLanguage":"fr-FR","potentialAction":[{"@type":"ReadAction","target":["https:\/\/tesor-casino.org\/fr\/connexion-et-inscription\/"]}]},{"@type":"BreadcrumbList","@id":"https:\/\/tesor-casino.org\/fr\/connexion-et-inscription\/#breadcrumb","itemListElement":[{"@type":"ListItem","position":1,"name":"Tesorcasino","item":"https:\/\/tesor-casino.org\/fr\/"},{"@type":"ListItem","position":2,"name":"Connexion et inscription"}]},{"@type":"WebSite","@id":"https:\/\/tesor-casino.org\/fr\/#website","url":"https:\/\/tesor-casino.org\/fr\/","name":"Tesorcasino","description":"","publisher":{"@id":"https:\/\/tesor-casino.org\/fr\/#organization"},"potentialAction":[{"@type":"SearchAction","target":{"@type":"EntryPoint","urlTemplate":"https:\/\/tesor-casino.org\/fr\/?s={search_term_string}"},"query-input":{"@type":"PropertyValueSpecification","valueRequired":true,"valueName":"search_term_string"}}],"inLanguage":"fr-FR"},{"@type":"Organization","@id":"https:\/\/tesor-casino.org\/fr\/#organization","name":"Tesorcasino","url":"https:\/\/tesor-casino.org\/fr\/","logo":{"@type":"ImageObject","inLanguage":"fr-FR","@id":"https:\/\/tesor-casino.org\/fr\/#\/schema\/logo\/image\/","url":"https:\/\/tesor-casino.org\/wp-content\/uploads\/2026\/03\/Tesorcasino-logo.png","contentUrl":"https:\/\/tesor-casino.org\/wp-content\/uploads\/2026\/03\/Tesorcasino-logo.png","width":246,"height":44,"caption":"Tesorcasino"},"image":{"@id":"https:\/\/tesor-casino.org\/fr\/#\/schema\/logo\/image\/"}}]}},"_links":{"self":[{"href":"https:\/\/tesor-casino.org\/fr\/wp-json\/wp\/v2\/pages\/1482","targetHints":{"allow":["GET"]}}],"collection":[{"href":"https:\/\/tesor-casino.org\/fr\/wp-json\/wp\/v2\/pages"}],"about":[{"href":"https:\/\/tesor-casino.org\/fr\/wp-json\/wp\/v2\/types\/page"}],"author":[{"embeddable":true,"href":"https:\/\/tesor-casino.org\/fr\/wp-json\/wp\/v2\/users\/1"}],"replies":[{"embeddable":true,"href":"https:\/\/tesor-casino.org\/fr\/wp-json\/wp\/v2\/comments?post=1482"}],"version-history":[{"count":3,"href":"https:\/\/tesor-casino.org\/fr\/wp-json\/wp\/v2\/pages\/1482\/revisions"}],"predecessor-version":[{"id":2045,"href":"https:\/\/tesor-casino.org\/fr\/wp-json\/wp\/v2\/pages\/1482\/revisions\/2045"}],"wp:attachment":[{"href":"https:\/\/tesor-casino.org\/fr\/wp-json\/wp\/v2\/media?parent=1482"}],"curies":[{"name":"wp","href":"https:\/\/api.w.org\/{rel}","templated":true}]}}