{"id":1445,"date":"2026-01-20T12:08:23","date_gmt":"2026-01-20T12:08:23","guid":{"rendered":"https:\/\/bonuskongcasino.com\/app\/"},"modified":"2026-03-10T10:01:22","modified_gmt":"2026-03-10T10:01:22","slug":"applicazione","status":"publish","type":"page","link":"https:\/\/tesor-casino.org\/it\/applicazione\/","title":{"rendered":"Applicazione"},"content":{"rendered":"<h1>Piattaforma mobile Tesorcasino<\/h1>\n<p>Tesorcasino App render\u00e0 l&#8217;esperienza dei giocatori italiani molto pi\u00f9 comoda, poich\u00e9 \u00e8 compatibile con tutti i dispositivi moderni e consente di giocare ovunque ci si trovi. Che tu abbia un telefono Android o iOS, potrai contare su un caricamento veloce e un gameplay fluido. Tutte le funzioni, il design e la navigazione ti risulteranno familiari, poich\u00e9 rispecchiano il sito web principale per PC. L&#8217;installazione pu\u00f2 essere effettuata rapidamente, direttamente dal nostro sito web.<\/p>\n<div class=\"banner-wrap\" aria-label=\"Banner\"><img src=\"https:\/\/tesor-casino.org\/wp-content\/uploads\/2026\/03\/tesorcasino-bnr-pc-2.webp\" class=\"w-100 d-none d-lg-block img-pc main-banner-img\" alt=\"tesorcasino banner desktop\" fetchpriority=\"high\" decoding=\"async\"><img src=\"https:\/\/tesor-casino.org\/wp-content\/uploads\/2026\/03\/tesorcasino-banner-mobile.webp\" class=\"w-100 d-none d-md-block d-lg-none main-banner-img\" alt=\"tesorcasino banner mobile\" fetchpriority=\"high\" decoding=\"async\"><img src=\"https:\/\/tesor-casino.org\/wp-content\/uploads\/2026\/03\/tesorcasino-banner-mobile.webp\" class=\"w-100 d-md-none\" alt=\"tesorcasino banner mobile\" fetchpriority=\"high\" decoding=\"async\"><div class=\"banner-description\">\n<div class=\"banner-title\">Bonus di benvenuto<\/div>\n<p class=\"banner-header-title\">1500 \u20ac<\/p>\n<div class=\"banner-header-AdditionalText\">+ 250 Giri gratuiti<\/div>\n<button data-item=\"homepage_banner_link\" class=\"goto m-button m-gradient-border m-button--primary m-button--large banner-button btn-orange\">\n            <div class=\"m-button-content\">\n                <span>Iscriviti ora<\/span>\n                <span><\/span>\n            <\/div>\n        <\/button>\n<\/div>\n<div class=\"WelcomePack\">\n<p><img loading=\"lazy\" decoding=\"async\" class=\"alignnone size-full wp-image-1872\" src=\"https:\/\/tesor-casino.org\/wp-content\/uploads\/2026\/03\/welcome-crown-1.png\" alt=\"welcome crown\" width=\"25\" height=\"26\" \/><\/p>\n<div class=\"WelcomePack-Info\">Cashback settimanale fino al 25%<\/div>\n<p><img loading=\"lazy\" decoding=\"async\" class=\"alignnone size-full wp-image-1872\" src=\"https:\/\/tesor-casino.org\/wp-content\/uploads\/2026\/03\/welcome-crown-1.png\" alt=\"welcome crown\" width=\"25\" height=\"26\" \/><\/p>\n<\/div>\n<\/div>\n<h2>App Tesorcasino \u2013 Caratteristiche principali<\/h2>\n<p>Pi\u00f9 della met\u00e0 dei nostri clienti preferisce utilizzare i propri dispositivi mobili per giocare su Tesor Casino. Non c&#8217;\u00e8 da stupirsi, dato che nel mondo moderno le persone preferiscono essere flessibili e rimanere online indipendentemente da dove si trovino e in qualsiasi momento. Offriamo due comode opzioni per tutti i nostri clienti: la versione per browser mobile e l&#8217;app Tesorcasino. Di seguito, gli utenti troveranno una panoramica di ci\u00f2 che possono aspettarsi dal software mobile.<\/p>\n<table>\n<tbody>\n<tr>\n<td>Caratteristica<\/td>\n<td>Cosa significa<\/td>\n<\/tr>\n<tr>\n<td>Interfaccia ottimizzata per dispositivi mobili<\/td>\n<td>Layout chiaro adattato agli schermi pi\u00f9 piccoli per una facile navigazione<\/td>\n<\/tr>\n<tr>\n<td>Caricamento veloce dei giochi<\/td>\n<td>Tempo di attesa ridotto prima e tra un round e l&#8217;altro<\/td>\n<\/tr>\n<tr>\n<td>Prestazioni stabili<\/td>\n<td>Gameplay fluido con ritardi o interruzioni minimi<\/td>\n<\/tr>\n<tr>\n<td>Comandi sensibili al tocco<\/td>\n<td>Tocco e scorrimento accurati senza ritardi<\/td>\n<\/tr>\n<tr>\n<td>Sessioni mobili sicure<\/td>\n<td>Connessione crittografata e processo di accesso protetto<\/td>\n<\/tr>\n<tr>\n<td>Aggiornamenti automatici<\/td>\n<td>Accedi sempre alla versione pi\u00f9 recente senza download manuali<\/td>\n<\/tr>\n<\/tbody>\n<\/table>\n<h3>Sicurezza dei tuoi dati<\/h3>\n<p>La tua sicurezza \u00e8 la nostra priorit\u00e0 assoluta quando utilizzi la versione mobile o l&#8217;applicazione. Per bloccare il traffico sospetto e i bot nell&#8217;ambiente mobile, utilizziamo firewall per applicazioni web (WAF). Monitoriamo costantemente l&#8217;attivit\u00e0 sulla nostra piattaforma per prevenire le frodi.<\/p>\n<p>I giocatori possono contattare il nostro team di assistenza 24 ore su 24, 7 giorni su 7, per domande sulla sicurezza e altri argomenti. Nell&#8217;app Tesor Casino \u00e8 presente una chat live integrata che consente di ottenere una risposta in pochi minuti.<\/p>\n<p><div class=\"scrollable-content-wrap my-5\"><div class=\"scrollable-content-inner\"><h2>Giocare su Android con un gameplay fluido<\/h2>\n<p>Giocando su Android su Tesorcasino, gli utenti ottengono un ambiente di gioco veloce, stabile e completamente ottimizzato. \u00c8 progettato specificamente per le prestazioni mobili. La nostra piattaforma supporta tutte le versioni moderne di Android. Il software \u00e8 stato sviluppato per ridurre al minimo i tempi di caricamento e il consumo di dati.<\/p>\n<p>I comandi touch nella versione mobile di Tesor Casino sono stati creati per garantire la massima precisione. Consentono di piazzare scommesse, far girare i rulli e incassare senza ritardi. Tutti i processi in background sono ottimizzati per mantenere stabile la sessione anche durante le partite pi\u00f9 lunghe.<\/p>\n<p>Se desideri installare la nostra applicazione senza problemi, segui la guida qui sotto:<\/p>\n<ol>\n<li>Apri il sito web Tesorcasino nel tuo browser mobile preferito.<\/li>\n<li>Se si tratta di Chrome, clicca sul pulsante &#8220;Altro&#8221; nella barra degli indirizzi.<\/li>\n<li>Gli utenti devono selezionare &#8220;Aggiungi alla schermata iniziale&#8221; dall&#8217;elenco.<\/li>\n<li>Puoi personalizzare l&#8217;icona modificandone il nome e l&#8217;aspetto.<\/li>\n<li>Per confermare le azioni, basta toccare &#8220;Aggiungi&#8221;.<\/li>\n<\/ol>\n<p><img loading=\"lazy\" decoding=\"async\" class=\"alignnone size-full wp-image-1922\" src=\"https:\/\/tesor-casino.org\/wp-content\/uploads\/2026\/03\/Tesorcasino-Android-\u2014-\u043a\u043e\u043f\u0438\u044f.webp\" alt=\"Tesorcasino Android\" width=\"1248\" height=\"536\" srcset=\"https:\/\/tesor-casino.org\/wp-content\/uploads\/2026\/03\/Tesorcasino-Android-\u2014-\u043a\u043e\u043f\u0438\u044f.webp 1248w, https:\/\/tesor-casino.org\/wp-content\/uploads\/2026\/03\/Tesorcasino-Android-\u2014-\u043a\u043e\u043f\u0438\u044f-300x129.webp 300w, https:\/\/tesor-casino.org\/wp-content\/uploads\/2026\/03\/Tesorcasino-Android-\u2014-\u043a\u043e\u043f\u0438\u044f-1024x440.webp 1024w, https:\/\/tesor-casino.org\/wp-content\/uploads\/2026\/03\/Tesorcasino-Android-\u2014-\u043a\u043e\u043f\u0438\u044f-768x330.webp 768w\" sizes=\"auto, (max-width: 1248px) 100vw, 1248px\" \/><\/p>\n<\/div><\/div><div style=\"clear: both\"><\/div><div class=\"d-flex justify-content-center\"><button data-item=\"decouvrez_link\" data-group=\"website_links\" class=\"goto fw-bold rounded-pill btn btn-orange\" aria-label=\"Scarica l&#039;app Tesorcasino\" >Scarica l&#039;app Tesorcasino<\/button><\/div><div class=\"scrollable-content-wrap my-5\"><div class=\"scrollable-content-inner\"><h2>Applicazione mobile per iOS<\/h2>\n<p>Tutti i nostri giocatori iOS possono accedere rapidamente al nostro casin\u00f2 mobile utilizzando qualsiasi browser sui loro smartphone e tablet. Tutti i giochi, comprese le slot online, i giochi da tavolo e i titoli di casin\u00f2 dal vivo, si ottimizzeranno in base alle dimensioni e alla risoluzione dello schermo. Non ci sono limitazioni, poich\u00e9 tutte le funzionalit\u00e0 saranno disponibili sul tuo dispositivo.<\/p>\n<p>\u00c8 possibile scegliere tra la versione browser o l&#8217;app dedicata Tesorcasino. Entrambe consentono di registrarsi, accedere al proprio account, effettuare depositi, giocare con denaro reale e prelevare le vincite alla fine. Sta solo a te scegliere quale opzione preferisci. I giocatori possono anche combinarle utilizzando lo stesso account Tesor Casino.<\/p>\n<h3>Istruzioni per l&#8217;installazione<\/h3>\n<p>Se desideri un&#8217;esperienza di gioco pi\u00f9 personalizzata dal tuo iPhone o iPad, dovrai installare il nostro software mobile. Utilizza solo dati memorizzati nella cache, quindi gli utenti non devono preoccuparsi dello spazio di archiviazione del proprio dispositivo. Per installare l&#8217;app Tesorcasino, segui le istruzioni riportate di seguito:<\/p>\n<ol>\n<li>Vai al menu principale del nostro sito web. Si trova sul lato sinistro della lobby del casin\u00f2.<\/li>\n<li>Gli utenti devono cliccare sul pulsante &#8220;App del casin\u00f2&#8221; alla fine del menu.<\/li>\n<li>Verrai reindirizzato a una nuova pagina, dove dovrai toccare &#8220;Installa&#8221;.<\/li>\n<li>Entro un minuto, l&#8217;icona del marchio Tesorcasino apparir\u00e0 sulla schermata iniziale.<\/li>\n<\/ol>\n<p><img loading=\"lazy\" decoding=\"async\" class=\"alignnone size-full wp-image-1938\" src=\"https:\/\/tesor-casino.org\/wp-content\/uploads\/2026\/03\/Tesorcasino-iOS-\u2014-\u043a\u043e\u043f\u0438\u044f.webp\" alt=\"Tesorcasino iOS\" width=\"1248\" height=\"536\" srcset=\"https:\/\/tesor-casino.org\/wp-content\/uploads\/2026\/03\/Tesorcasino-iOS-\u2014-\u043a\u043e\u043f\u0438\u044f.webp 1248w, https:\/\/tesor-casino.org\/wp-content\/uploads\/2026\/03\/Tesorcasino-iOS-\u2014-\u043a\u043e\u043f\u0438\u044f-300x129.webp 300w, https:\/\/tesor-casino.org\/wp-content\/uploads\/2026\/03\/Tesorcasino-iOS-\u2014-\u043a\u043e\u043f\u0438\u044f-1024x440.webp 1024w, https:\/\/tesor-casino.org\/wp-content\/uploads\/2026\/03\/Tesorcasino-iOS-\u2014-\u043a\u043e\u043f\u0438\u044f-768x330.webp 768w\" sizes=\"auto, (max-width: 1248px) 100vw, 1248px\" \/><\/p>\n<\/div><\/div><div style=\"clear: both\"><\/div><div class=\"d-flex justify-content-center\"><button data-item=\"decouvrez_link\" data-group=\"website_links\" class=\"goto fw-bold rounded-pill btn btn-orange\" aria-label=\"Scarica l&#039;app Tesorcasino\" >Scarica l&#039;app Tesorcasino<\/button><\/div><div class=\"scrollable-content-wrap my-5\"><div class=\"scrollable-content-inner\"><h2>Opzioni di Tesor Casino per Windows e macOS<\/h2>\n<p>Puoi vivere un&#8217;esperienza senza interruzioni giocando su Tesorcasino dal tuo PC o laptop. Gli utenti non devono installare alcun software aggiuntivo. Il nostro sito web \u00e8 disponibile su qualsiasi browser moderno. Per accedere a tutte le funzionalit\u00e0 disponibili, accedi al tuo account e inizia a giocare.<\/p>\n<p>Se desideri accedere al nostro sito web con un solo clic, \u00e8 possibile installare un&#8217;icona di collegamento sulla schermata iniziale del desktop. Per farlo, devi andare nelle impostazioni della pagina del tuo browser. Se riscontri problemi durante l&#8217;installazione dell&#8217;icona di Tesor Casino, contatta il nostro team di assistenza tramite live chat o e-mail.<\/p>\n<p><img loading=\"lazy\" decoding=\"async\" class=\"alignnone size-full wp-image-1930\" src=\"https:\/\/tesor-casino.org\/wp-content\/uploads\/2026\/03\/Tesorcasino-Desktop-\u2014-\u043a\u043e\u043f\u0438\u044f.webp\" alt=\"Tesorcasino-Desktop\" width=\"1248\" height=\"536\" srcset=\"https:\/\/tesor-casino.org\/wp-content\/uploads\/2026\/03\/Tesorcasino-Desktop-\u2014-\u043a\u043e\u043f\u0438\u044f.webp 1248w, https:\/\/tesor-casino.org\/wp-content\/uploads\/2026\/03\/Tesorcasino-Desktop-\u2014-\u043a\u043e\u043f\u0438\u044f-300x129.webp 300w, https:\/\/tesor-casino.org\/wp-content\/uploads\/2026\/03\/Tesorcasino-Desktop-\u2014-\u043a\u043e\u043f\u0438\u044f-1024x440.webp 1024w, https:\/\/tesor-casino.org\/wp-content\/uploads\/2026\/03\/Tesorcasino-Desktop-\u2014-\u043a\u043e\u043f\u0438\u044f-768x330.webp 768w\" sizes=\"auto, (max-width: 1248px) 100vw, 1248px\" \/><\/p>\n<\/div><\/div><div style=\"clear: both\"><\/div><div class=\"d-flex justify-content-center\"><button data-item=\"decouvrez_link\" data-group=\"website_links\" class=\"goto fw-bold rounded-pill btn btn-orange\" aria-label=\"Scarica l&#039;app Tesorcasino\" >Scarica l&#039;app Tesorcasino<\/button><\/div><div class=\"scrollable-content-wrap my-5\"><div class=\"scrollable-content-inner\"><h2>Domande frequenti<\/h2>\n<h3>\u00c8 possibile giocare ai giochi del casin\u00f2 live su uno smartphone?<\/h3>\n<p>L&#8217;intera collezione di giochi con oltre 6.000 titoli \u00e8 disponibile sul tuo smartphone o tablet. Sono inclusi anche i giochi di casin\u00f2 dal vivo. Tesorcasino utilizza speciali funzionalit\u00e0 di controllo touch per rendere la tua esperienza di gioco comoda su qualsiasi dispositivo.<\/p>\n<h3>Posso completare la procedura di registrazione nell&#8217;app Tesorcasino?<\/h3>\n<p>Se sei nuovo nel nostro casin\u00f2 online e decidi di iniziare la tua avventura con l&#8217;app, puoi completare facilmente la registrazione da l\u00ec. Il processo \u00e8 standard e richiede solo la tua e-mail e la tua password. Prima di effettuare il tuo primo prelievo, ti chiederemo di completare una semplice procedura di verifica.<\/p>\n<h3>Come faccio a sapere che il software mobile necessita di un aggiornamento?<\/h3>\n<p>La PWA di Tesor Casino si aggiorna automaticamente, senza che tu debba fare nulla. Informiamo sempre i nostri utenti di eventuali modifiche alla piattaforma tramite notifiche push ed e-mail.<\/p>\n<\/div><\/div><\/p>\n","protected":false},"excerpt":{"rendered":"<p>Piattaforma mobile Tesorcasino Tesorcasino App render\u00e0 l&#8217;esperienza dei giocatori italiani molto pi\u00f9 comoda, poich\u00e9 \u00e8 compatibile con tutti i dispositivi moderni e consente di giocare ovunque ci si trovi. Che tu abbia un telefono Android o iOS, potrai contare su un caricamento veloce e un gameplay fluido. Tutte le funzioni, il design e la navigazione [&hellip;]<\/p>\n","protected":false},"author":1,"featured_media":0,"parent":0,"menu_order":0,"comment_status":"closed","ping_status":"closed","template":"template-builder.php","meta":{"_acf_changed":false,"inline_featured_image":false,"footnotes":""},"class_list":["post-1445","page","type-page","status-publish","hentry"],"acf":[],"yoast_head":"<!-- This site is optimized with the Yoast SEO plugin v27.3 - https:\/\/yoast.com\/product\/yoast-seo-wordpress\/ -->\n<title>Tesorcasino App | Scarica per iOS e Android<\/title>\n<meta name=\"description\" content=\"Porta il casin\u00f2 sempre con te! Scarica l&#039;app Tesorcasino sul tuo dispositivo Android o iOS per accedere in modo facile e immediato a tutti i tuoi giochi preferiti ovunque ti trovi.\" \/>\n<meta name=\"robots\" content=\"index, follow, max-snippet:-1, max-image-preview:large, max-video-preview:-1\" \/>\n<link rel=\"canonical\" href=\"https:\/\/tesor-casino.org\/it\/applicazione\/\" \/>\n<meta property=\"og:locale\" content=\"it_IT\" \/>\n<meta property=\"og:type\" content=\"article\" \/>\n<meta property=\"og:title\" content=\"Tesorcasino App | Scarica per iOS e Android\" \/>\n<meta property=\"og:description\" content=\"Porta il casin\u00f2 sempre con te! Scarica l&#039;app Tesorcasino sul tuo dispositivo Android o iOS per accedere in modo facile e immediato a tutti i tuoi giochi preferiti ovunque ti trovi.\" \/>\n<meta property=\"og:url\" content=\"https:\/\/tesor-casino.org\/it\/applicazione\/\" \/>\n<meta property=\"og:site_name\" content=\"tesorcasino\" \/>\n<meta property=\"article:modified_time\" content=\"2026-03-10T10:01:22+00:00\" \/>\n<meta name=\"twitter:card\" content=\"summary_large_image\" \/>\n<meta name=\"twitter:label1\" content=\"Est. reading time\" \/>\n\t<meta name=\"twitter:data1\" content=\"2 minutes\" \/>\n<script type=\"application\/ld+json\" class=\"yoast-schema-graph\">{\"@context\":\"https:\\\/\\\/schema.org\",\"@graph\":[{\"@type\":\"WebPage\",\"@id\":\"https:\\\/\\\/tesor-casino.org\\\/it\\\/applicazione\\\/\",\"url\":\"https:\\\/\\\/tesor-casino.org\\\/it\\\/applicazione\\\/\",\"name\":\"Tesorcasino App | Scarica per iOS e Android\",\"isPartOf\":{\"@id\":\"https:\\\/\\\/tesor-casino.org\\\/it\\\/#website\"},\"datePublished\":\"2026-01-20T12:08:23+00:00\",\"dateModified\":\"2026-03-10T10:01:22+00:00\",\"description\":\"Porta il casin\u00f2 sempre con te! Scarica l'app Tesorcasino sul tuo dispositivo Android o iOS per accedere in modo facile e immediato a tutti i tuoi giochi preferiti ovunque ti trovi.\",\"breadcrumb\":{\"@id\":\"https:\\\/\\\/tesor-casino.org\\\/it\\\/applicazione\\\/#breadcrumb\"},\"inLanguage\":\"it-IT\",\"potentialAction\":[{\"@type\":\"ReadAction\",\"target\":[\"https:\\\/\\\/tesor-casino.org\\\/it\\\/applicazione\\\/\"]}]},{\"@type\":\"BreadcrumbList\",\"@id\":\"https:\\\/\\\/tesor-casino.org\\\/it\\\/applicazione\\\/#breadcrumb\",\"itemListElement\":[{\"@type\":\"ListItem\",\"position\":1,\"name\":\"Tesorcasino\",\"item\":\"https:\\\/\\\/tesor-casino.org\\\/it\\\/\"},{\"@type\":\"ListItem\",\"position\":2,\"name\":\"Applicazione\"}]},{\"@type\":\"WebSite\",\"@id\":\"https:\\\/\\\/tesor-casino.org\\\/it\\\/#website\",\"url\":\"https:\\\/\\\/tesor-casino.org\\\/it\\\/\",\"name\":\"Tesorcasino\",\"description\":\"\",\"publisher\":{\"@id\":\"https:\\\/\\\/tesor-casino.org\\\/it\\\/#organization\"},\"potentialAction\":[{\"@type\":\"SearchAction\",\"target\":{\"@type\":\"EntryPoint\",\"urlTemplate\":\"https:\\\/\\\/tesor-casino.org\\\/it\\\/?s={search_term_string}\"},\"query-input\":{\"@type\":\"PropertyValueSpecification\",\"valueRequired\":true,\"valueName\":\"search_term_string\"}}],\"inLanguage\":\"it-IT\"},{\"@type\":\"Organization\",\"@id\":\"https:\\\/\\\/tesor-casino.org\\\/it\\\/#organization\",\"name\":\"Tesorcasino\",\"url\":\"https:\\\/\\\/tesor-casino.org\\\/it\\\/\",\"logo\":{\"@type\":\"ImageObject\",\"inLanguage\":\"it-IT\",\"@id\":\"https:\\\/\\\/tesor-casino.org\\\/it\\\/#\\\/schema\\\/logo\\\/image\\\/\",\"url\":\"https:\\\/\\\/tesor-casino.org\\\/wp-content\\\/uploads\\\/2026\\\/03\\\/Tesorcasino-logo.png\",\"contentUrl\":\"https:\\\/\\\/tesor-casino.org\\\/wp-content\\\/uploads\\\/2026\\\/03\\\/Tesorcasino-logo.png\",\"width\":246,\"height\":44,\"caption\":\"Tesorcasino\"},\"image\":{\"@id\":\"https:\\\/\\\/tesor-casino.org\\\/it\\\/#\\\/schema\\\/logo\\\/image\\\/\"}}]}<\/script>\n<!-- \/ Yoast SEO plugin. -->","yoast_head_json":{"title":"Tesorcasino App | Scarica per iOS e Android","description":"Porta il casin\u00f2 sempre con te! Scarica l'app Tesorcasino sul tuo dispositivo Android o iOS per accedere in modo facile e immediato a tutti i tuoi giochi preferiti ovunque ti trovi.","robots":{"index":"index","follow":"follow","max-snippet":"max-snippet:-1","max-image-preview":"max-image-preview:large","max-video-preview":"max-video-preview:-1"},"canonical":"https:\/\/tesor-casino.org\/it\/applicazione\/","og_locale":"it_IT","og_type":"article","og_title":"Tesorcasino App | Scarica per iOS e Android","og_description":"Porta il casin\u00f2 sempre con te! Scarica l'app Tesorcasino sul tuo dispositivo Android o iOS per accedere in modo facile e immediato a tutti i tuoi giochi preferiti ovunque ti trovi.","og_url":"https:\/\/tesor-casino.org\/it\/applicazione\/","og_site_name":"tesorcasino","article_modified_time":"2026-03-10T10:01:22+00:00","twitter_card":"summary_large_image","twitter_misc":{"Est. reading time":"2 minutes"},"schema":{"@context":"https:\/\/schema.org","@graph":[{"@type":"WebPage","@id":"https:\/\/tesor-casino.org\/it\/applicazione\/","url":"https:\/\/tesor-casino.org\/it\/applicazione\/","name":"Tesorcasino App | Scarica per iOS e Android","isPartOf":{"@id":"https:\/\/tesor-casino.org\/it\/#website"},"datePublished":"2026-01-20T12:08:23+00:00","dateModified":"2026-03-10T10:01:22+00:00","description":"Porta il casin\u00f2 sempre con te! Scarica l'app Tesorcasino sul tuo dispositivo Android o iOS per accedere in modo facile e immediato a tutti i tuoi giochi preferiti ovunque ti trovi.","breadcrumb":{"@id":"https:\/\/tesor-casino.org\/it\/applicazione\/#breadcrumb"},"inLanguage":"it-IT","potentialAction":[{"@type":"ReadAction","target":["https:\/\/tesor-casino.org\/it\/applicazione\/"]}]},{"@type":"BreadcrumbList","@id":"https:\/\/tesor-casino.org\/it\/applicazione\/#breadcrumb","itemListElement":[{"@type":"ListItem","position":1,"name":"Tesorcasino","item":"https:\/\/tesor-casino.org\/it\/"},{"@type":"ListItem","position":2,"name":"Applicazione"}]},{"@type":"WebSite","@id":"https:\/\/tesor-casino.org\/it\/#website","url":"https:\/\/tesor-casino.org\/it\/","name":"Tesorcasino","description":"","publisher":{"@id":"https:\/\/tesor-casino.org\/it\/#organization"},"potentialAction":[{"@type":"SearchAction","target":{"@type":"EntryPoint","urlTemplate":"https:\/\/tesor-casino.org\/it\/?s={search_term_string}"},"query-input":{"@type":"PropertyValueSpecification","valueRequired":true,"valueName":"search_term_string"}}],"inLanguage":"it-IT"},{"@type":"Organization","@id":"https:\/\/tesor-casino.org\/it\/#organization","name":"Tesorcasino","url":"https:\/\/tesor-casino.org\/it\/","logo":{"@type":"ImageObject","inLanguage":"it-IT","@id":"https:\/\/tesor-casino.org\/it\/#\/schema\/logo\/image\/","url":"https:\/\/tesor-casino.org\/wp-content\/uploads\/2026\/03\/Tesorcasino-logo.png","contentUrl":"https:\/\/tesor-casino.org\/wp-content\/uploads\/2026\/03\/Tesorcasino-logo.png","width":246,"height":44,"caption":"Tesorcasino"},"image":{"@id":"https:\/\/tesor-casino.org\/it\/#\/schema\/logo\/image\/"}}]}},"_links":{"self":[{"href":"https:\/\/tesor-casino.org\/it\/wp-json\/wp\/v2\/pages\/1445","targetHints":{"allow":["GET"]}}],"collection":[{"href":"https:\/\/tesor-casino.org\/it\/wp-json\/wp\/v2\/pages"}],"about":[{"href":"https:\/\/tesor-casino.org\/it\/wp-json\/wp\/v2\/types\/page"}],"author":[{"embeddable":true,"href":"https:\/\/tesor-casino.org\/it\/wp-json\/wp\/v2\/users\/1"}],"replies":[{"embeddable":true,"href":"https:\/\/tesor-casino.org\/it\/wp-json\/wp\/v2\/comments?post=1445"}],"version-history":[{"count":4,"href":"https:\/\/tesor-casino.org\/it\/wp-json\/wp\/v2\/pages\/1445\/revisions"}],"predecessor-version":[{"id":2065,"href":"https:\/\/tesor-casino.org\/it\/wp-json\/wp\/v2\/pages\/1445\/revisions\/2065"}],"wp:attachment":[{"href":"https:\/\/tesor-casino.org\/it\/wp-json\/wp\/v2\/media?parent=1445"}],"curies":[{"name":"wp","href":"https:\/\/api.w.org\/{rel}","templated":true}]}}