{"id":1457,"date":"2026-01-20T12:21:20","date_gmt":"2026-01-20T12:21:20","guid":{"rendered":"https:\/\/bonuskongcasino.com\/bonus\/"},"modified":"2026-03-10T10:17:58","modified_gmt":"2026-03-10T10:17:58","slug":"bonus","status":"publish","type":"page","link":"https:\/\/tesor-casino.org\/it\/bonus\/","title":{"rendered":"Bonus"},"content":{"rendered":"<h1>Bonus e premi di Tesorcasino Casino<\/h1>\n<p>Se stai cercando un casin\u00f2 online con ricompense generose, ti consigliamo di provare il sistema di Tesorcasino bonus. Contiene molte opzioni per i nuovi giocatori e per quelli abituali provenienti dall&#8217;Italia. Allo stesso tempo, devi solo giocare ai tuoi titoli preferiti e rispettare regole promozionali chiare. Cashback settimanale, pacchetto di benvenuto e molti tornei emozionanti.<\/p>\n<p><div class=\"banner-wrap\" aria-label=\"Banner\"><img src=\"https:\/\/tesor-casino.org\/wp-content\/uploads\/2026\/03\/tesorcasino-bnr-pc-2.webp\" class=\"w-100 d-none d-lg-block img-pc main-banner-img\" alt=\"tesorcasino banner desktop\" fetchpriority=\"high\" decoding=\"async\"><img src=\"https:\/\/tesor-casino.org\/wp-content\/uploads\/2026\/03\/tesorcasino-banner-mobile.webp\" class=\"w-100 d-none d-md-block d-lg-none main-banner-img\" alt=\"tesorcasino banner mobile\" fetchpriority=\"high\" decoding=\"async\"><img src=\"https:\/\/tesor-casino.org\/wp-content\/uploads\/2026\/03\/tesorcasino-banner-mobile.webp\" class=\"w-100 d-md-none\" alt=\"tesorcasino banner mobile\" fetchpriority=\"high\" decoding=\"async\"><div class=\"banner-description\">\n<div class=\"banner-title\">Bonus di benvenuto<\/div>\n<p class=\"banner-header-title\">1500 \u20ac<\/p>\n<div class=\"banner-header-AdditionalText\">+ 250 Giri gratuiti<\/div>\n<button data-item=\"homepage_banner_link\" class=\"goto m-button m-gradient-border m-button--primary m-button--large banner-button btn-orange\">\n            <div class=\"m-button-content\">\n                <span>Iscriviti ora<\/span>\n                <span><\/span>\n            <\/div>\n        <\/button>\n<\/div>\n<div class=\"WelcomePack\">\n<p><img loading=\"lazy\" decoding=\"async\" class=\"alignnone size-full wp-image-1872\" src=\"https:\/\/tesor-casino.org\/wp-content\/uploads\/2026\/03\/welcome-crown-1.png\" alt=\"welcome crown\" width=\"25\" height=\"26\" \/><\/p>\n<div class=\"WelcomePack-Info\">Cashback settimanale fino al 25%<\/div>\n<p><img loading=\"lazy\" decoding=\"async\" class=\"alignnone size-full wp-image-1872\" src=\"https:\/\/tesor-casino.org\/wp-content\/uploads\/2026\/03\/welcome-crown-1.png\" alt=\"welcome crown\" width=\"25\" height=\"26\" \/><\/p>\n<\/div>\n<\/div><div class=\"promotions-wrap\"><div class=\"promotion-card\" style=\"background-image: url(https:\/\/tesor-casino.org\/wp-content\/uploads\/2026\/03\/welcome-pack.webp);\"><h2 class=\"promotion-card__title\">Pacchetto di benvenuto<\/h2><label class=\"promotion-card__offer\">Fino a 3.000 \u20ac + 500 giri gratuiti<\/label><label class=\"promotion-card__description\"><\/label><div class=\"promotion-card__actions\"><button data-item=\"payments_link\" data-group=\"website_links\" class=\"goto btn btn-orange rounded-pill fw-bold px-4 m-button m-gradient-border m-button--primary m-button--large promotion-button promotion-card__action-btn\" aria-label=\"Iscriviti\"><div class=\"m-button-content\"><span class=\"promotion-button__content\">Iscriviti<\/span><\/div><\/button><button data-item=\"http:\/\/bonus_link\" data-group=\"website_links\" class=\"goto m-button m-gradient-border m-button--secondary m-button--medium promotion-card__info-btn\" aria-label=\"More information\"><div class=\"m-button-content\"><svg viewBox=\"0 0 24 24\" fill=\"none\" xmlns=\"http:\/\/www.w3.org\/2000\/svg\" class=\"m-icon m-icon-loadable\" name=\"Attention\" loading=\"false\" aria-hidden=\"true\"><path d=\"M12 22C6.477 22 2 17.522 2 12S6.477 2 12 2s10 4.478 10 10-4.477 10-10 10m-.002-13.004a.999.999 0 1 0 0-1.997.999.999 0 0 0 0 1.997M12 17a1 1 0 0 0 .993-.884L13 16l-.002-5.001-.007-.117a1 1 0 0 0-1.986 0l-.007.117L11 16l.007.117A1 1 0 0 0 12 17\" fill=\"currentColor\"><\/path><\/svg><\/div><\/button><\/div><\/div><div class=\"promotion-card\" style=\"background-image: url(https:\/\/tesor-casino.org\/wp-content\/uploads\/2026\/03\/cashback.webp);\"><h2 class=\"promotion-card__title\">Cashback settimanale<\/h2><label class=\"promotion-card__offer\">Fino al 25%<\/label><label class=\"promotion-card__description\"><\/label><div class=\"promotion-card__actions\"><button data-item=\"payments_link\" data-group=\"website_links\" class=\"goto btn btn-orange rounded-pill fw-bold px-4 m-button m-gradient-border m-button--primary m-button--large promotion-button promotion-card__action-btn\" aria-label=\"Iscriviti\"><div class=\"m-button-content\"><span class=\"promotion-button__content\">Iscriviti<\/span><\/div><\/button><button data-item=\"http:\/\/bonus_link\" data-group=\"website_links\" class=\"goto m-button m-gradient-border m-button--secondary m-button--medium promotion-card__info-btn\" aria-label=\"More information\"><div class=\"m-button-content\"><svg viewBox=\"0 0 24 24\" fill=\"none\" xmlns=\"http:\/\/www.w3.org\/2000\/svg\" class=\"m-icon m-icon-loadable\" name=\"Attention\" loading=\"false\" aria-hidden=\"true\"><path d=\"M12 22C6.477 22 2 17.522 2 12S6.477 2 12 2s10 4.478 10 10-4.477 10-10 10m-.002-13.004a.999.999 0 1 0 0-1.997.999.999 0 0 0 0 1.997M12 17a1 1 0 0 0 .993-.884L13 16l-.002-5.001-.007-.117a1 1 0 0 0-1.986 0l-.007.117L11 16l.007.117A1 1 0 0 0 12 17\" fill=\"currentColor\"><\/path><\/svg><\/div><\/button><\/div><\/div><div class=\"promotion-card\" style=\"background-image: url(https:\/\/tesor-casino.org\/wp-content\/uploads\/2026\/03\/sunday-reload.webp);\"><h2 class=\"promotion-card__title\">Ricarica domenicale<\/h2><label class=\"promotion-card__offer\">Bonus sul deposito del 25% fino a 100 \u20ac ogni domenica<\/label><label class=\"promotion-card__description\"><\/label><div class=\"promotion-card__actions\"><button data-item=\"payments_link\" data-group=\"website_links\" class=\"goto btn btn-orange rounded-pill fw-bold px-4 m-button m-gradient-border m-button--primary m-button--large promotion-button promotion-card__action-btn\" aria-label=\"Iscriviti\"><div class=\"m-button-content\"><span class=\"promotion-button__content\">Iscriviti<\/span><\/div><\/button><button data-item=\"http:\/\/bonus_link\" data-group=\"website_links\" class=\"goto m-button m-gradient-border m-button--secondary m-button--medium promotion-card__info-btn\" aria-label=\"More information\"><div class=\"m-button-content\"><svg viewBox=\"0 0 24 24\" fill=\"none\" xmlns=\"http:\/\/www.w3.org\/2000\/svg\" class=\"m-icon m-icon-loadable\" name=\"Attention\" loading=\"false\" aria-hidden=\"true\"><path d=\"M12 22C6.477 22 2 17.522 2 12S6.477 2 12 2s10 4.478 10 10-4.477 10-10 10m-.002-13.004a.999.999 0 1 0 0-1.997.999.999 0 0 0 0 1.997M12 17a1 1 0 0 0 .993-.884L13 16l-.002-5.001-.007-.117a1 1 0 0 0-1.986 0l-.007.117L11 16l.007.117A1 1 0 0 0 12 17\" fill=\"currentColor\"><\/path><\/svg><\/div><\/button><\/div><\/div><\/div><div class=\"scrollable-content-wrap my-5\"><div class=\"scrollable-content-inner\"><h2>Bonus di benvenuto per i nuovi giocatori<\/h2>\n<p>Fin dall&#8217;inizio del tuo viaggio, avrai l&#8217;opportunit\u00e0 di ottenere ulteriori vantaggi senza utilizzare codici promozionali o soddisfare requisiti difficili. Il bonus Tesorcasino per i giocatori appena registrati offre fino a 3.000 \u20ac + 500 giri gratuiti. Questo prolungher\u00e0 sicuramente il tuo tempo sulla nostra piattaforma e lo render\u00e0 pi\u00f9 emozionante.<\/p>\n<p>Per ottenere il pacchetto di benvenuto, gli utenti devono creare un account sul nostro sito web e depositare almeno 30 \u20ac. La promozione Tesor Casino sar\u00e0 disponibile entro 7 giorni dall&#8217;attivazione e il requisito di scommessa \u00e8 x40. Il pacchetto di benvenuto \u00e8 diviso in tre parti:<\/p>\n<ul>\n<li>Offerta sul primo deposito del 100% fino a 1.000 \u20ac + 250 giri gratuiti<\/li>\n<li>Offerta sul secondo deposito del 50% fino a 1.000 \u20ac + 100 giri gratuiti<\/li>\n<li>Offerta sul terzo deposito del 100% fino a 1.000 \u20ac + 150 giri gratuiti<\/li>\n<\/ul>\n<h2>Promozioni in corso e offerte di ricarica<\/h2>\n<p>Dopo aver completato il pacchetto di benvenuto e ottenuto i premi, potrai attivare una delle numerose opzioni bonus di Tesorcasino disponibili per i clienti abituali e attivi. Qui avrai la possibilit\u00e0 di vincere giri gratuiti, rimborsi, round aggiuntivi e molti altri fantastici premi.<\/p>\n<p>Tutte le nostre promozioni sono pensate per i titoli pi\u00f9 popolari, cos\u00ec potrai goderti il gioco. Ci sono offerte stagionali dedicate alle festivit\u00e0 o a ricorrenze speciali. I bonus temporanei sono sempre disponibili su Tesorcasino.<\/p>\n<p>I clienti di Tesor Casino possono recuperare parte delle loro perdite con il nostro cashback settimanale fino al 25%. La percentuale viene calcolata in base al tuo livello nel programma fedelt\u00e0. Oltre a ci\u00f2, abbiamo la promozione Sunday Reload, dove puoi ottenere fino al 100% fino a 1.000 \u20ac.<\/p>\n<p><img loading=\"lazy\" decoding=\"async\" class=\"alignnone size-full wp-image-1948\" src=\"https:\/\/tesor-casino.org\/wp-content\/uploads\/2026\/03\/Tesorcasino-bonus-page.webp\" alt=\"Tesorcasino bonus page\" width=\"1248\" height=\"536\" srcset=\"https:\/\/tesor-casino.org\/wp-content\/uploads\/2026\/03\/Tesorcasino-bonus-page.webp 1248w, https:\/\/tesor-casino.org\/wp-content\/uploads\/2026\/03\/Tesorcasino-bonus-page-300x129.webp 300w, https:\/\/tesor-casino.org\/wp-content\/uploads\/2026\/03\/Tesorcasino-bonus-page-1024x440.webp 1024w, https:\/\/tesor-casino.org\/wp-content\/uploads\/2026\/03\/Tesorcasino-bonus-page-768x330.webp 768w\" sizes=\"auto, (max-width: 1248px) 100vw, 1248px\" \/><\/p>\n<h2>Tornei, missioni ed eventi speciali<\/h2>\n<p>Oltre a tutte le opzioni sopra elencate, abbiamo anche tornei, missioni e un programma fedelt\u00e0. Una tale selezione ti offre una scelta che puoi fare regolarmente. I tornei sono eventi molto competitivi. Hanno anche enormi montepremi. Su Tesorcasino, gli eventi pi\u00f9 popolari sono Spinoleague e BGaming Drops.<\/p>\n<p>Come parte del sistema di bonus di Tesorcasino, abbiamo anche missioni entusiasmanti con compiti semplici. Dopo la registrazione, i giocatori possono accedere alle missioni di benvenuto e a quelle regolari. Completando i compiti, guadagni monete che possono essere successivamente scambiate con premi esclusivi.<\/p>\n<p>Il programma fedelt\u00e0 di Tesor Casino sulla nostra piattaforma \u00e8 pensato per tutti gli utenti, ma in particolare per coloro che giocano attivamente, partecipano agli eventi e amano le scommesse alte. Si tratta di un sistema multilivello, in cui ogni nuovo livello offre qualcosa di speciale.<\/p>\n<h2>Passaggi e requisiti per l&#8217;attivazione del bonus Tesor Casino<\/h2>\n<p>Tutte le promozioni di Tesorcasino hanno regole specifiche per l&#8217;attivazione e la ricezione delle vincite. Consigliamo a tutti di familiarizzarsi con esse prima di scegliere l&#8217;offerta bonus. Anche se avete esperienza con i casin\u00f2 online, \u00e8 possibile che i nostri termini e condizioni siano diversi.<\/p>\n<p>La cosa principale \u00e8 che puoi avere solo un bonus Tesor Casino attivo. Questa regola non si applica ai tornei e alle missioni. Solo il 100% di adempimento dei requisiti ti consente di prelevare le vincite. Prima di richiedere una promozione, leggi le informazioni nella nostra tabella qui sotto.<\/p>\n<table>\n<tbody>\n<tr>\n<td>Cosa controllare<\/td>\n<td>Perch\u00e9 \u00e8 importante<\/td>\n<\/tr>\n<tr>\n<td>Requisiti di idoneit\u00e0<\/td>\n<td>Assicurati di soddisfare i criteri di et\u00e0, paese e verifica dell&#8217;account prima di attivare il bonus.<\/td>\n<\/tr>\n<tr>\n<td>Deposito minimo<\/td>\n<td>Conferma l&#8217;importo del deposito richiesto per attivare correttamente la promozione.<\/td>\n<\/tr>\n<tr>\n<td>Requisiti di scommessa<\/td>\n<td>Comprendi quante volte devi giocare il bonus prima di poter prelevare le vincite.<\/td>\n<\/tr>\n<tr>\n<td>Contributo dei giochi<\/td>\n<td>Verifica quali titoli contribuiscono in modo totale o parziale ai requisiti di scommessa.<\/td>\n<\/tr>\n<tr>\n<td>Limite massimo di puntata<\/td>\n<td>Assicurati che l&#8217;importo della tua scommessa non superi il limite consentito mentre il bonus \u00e8 attivo.<\/td>\n<\/tr>\n<tr>\n<td>Periodo di validit\u00e0 del bonus<\/td>\n<td>Controlla la durata disponibile per completare la scommessa prima della scadenza della promozione.<\/td>\n<\/tr>\n<tr>\n<td>Processo di attivazione<\/td>\n<td>Verifica se il bonus \u00e8 automatico o richiede un codice promozionale.<\/td>\n<\/tr>\n<\/tbody>\n<\/table>\n<h2>Domande frequenti<\/h2>\n<h3>Se torno dopo una pausa, posso riattivare il pacchetto di benvenuto?<\/h3>\n<p>Il pacchetto di benvenuto su Tesorcasino pu\u00f2 essere attivato una sola volta. Se l&#8217;hai gi\u00e0 utilizzato, dai un&#8217;occhiata alle nostre promozioni per i clienti abituali o ai tornei. Ci sono sempre opzioni disponibili per tutti.<\/p>\n<h3>Cosa significa il requisito di scommessa su Tesorcasino?<\/h3>\n<p>La maggior parte dei bonus sul nostro sito web ha un requisito di scommessa. Indica quante volte l&#8217;importo del bonus deve essere scommesso prima di poter essere prelevato.<\/p>\n<h3>Cosa devo fare per passare al livello successivo del programma fedelt\u00e0?<\/h3>\n<p>Per aumentare il livello del programma fedelt\u00e0 di Tesor Casino, gli utenti devono guadagnare punti scommessa e deposito. Ogni livello del nostro programma apre le porte a nuovi vantaggi esclusivi.<\/p>\n<\/div><\/div><\/p>\n","protected":false},"excerpt":{"rendered":"<p>Bonus e premi di Tesorcasino Casino Se stai cercando un casin\u00f2 online con ricompense generose, ti consigliamo di provare il sistema di Tesorcasino bonus. Contiene molte opzioni per i nuovi giocatori e per quelli abituali provenienti dall&#8217;Italia. Allo stesso tempo, devi solo giocare ai tuoi titoli preferiti e rispettare regole promozionali chiare. Cashback settimanale, pacchetto [&hellip;]<\/p>\n","protected":false},"author":1,"featured_media":0,"parent":0,"menu_order":0,"comment_status":"closed","ping_status":"closed","template":"template-builder.php","meta":{"_acf_changed":false,"inline_featured_image":false,"footnotes":""},"class_list":["post-1457","page","type-page","status-publish","hentry"],"acf":[],"yoast_head":"<!-- This site is optimized with the Yoast SEO plugin v27.3 - https:\/\/yoast.com\/product\/yoast-seo-wordpress\/ -->\n<title>Bonus Tesorcasino e premi promozionali<\/title>\n<meta name=\"description\" content=\"Scopri tutti i bonus su Tesorcasino! Inizia con il nostro generoso pacchetto di benvenuto, approfitta dei bonus sui depositi e dei giri gratuiti e partecipa ai tornei per vincere grandi premi.\" \/>\n<meta name=\"robots\" content=\"index, follow, max-snippet:-1, max-image-preview:large, max-video-preview:-1\" \/>\n<link rel=\"canonical\" href=\"https:\/\/tesor-casino.org\/it\/bonus\/\" \/>\n<meta property=\"og:locale\" content=\"it_IT\" \/>\n<meta property=\"og:type\" content=\"article\" \/>\n<meta property=\"og:title\" content=\"Bonus Tesorcasino e premi promozionali\" \/>\n<meta property=\"og:description\" content=\"Scopri tutti i bonus su Tesorcasino! Inizia con il nostro generoso pacchetto di benvenuto, approfitta dei bonus sui depositi e dei giri gratuiti e partecipa ai tornei per vincere grandi premi.\" \/>\n<meta property=\"og:url\" content=\"https:\/\/tesor-casino.org\/it\/bonus\/\" \/>\n<meta property=\"og:site_name\" content=\"tesorcasino\" \/>\n<meta property=\"article:modified_time\" content=\"2026-03-10T10:17:58+00:00\" \/>\n<meta name=\"twitter:card\" content=\"summary_large_image\" \/>\n<meta name=\"twitter:label1\" content=\"Est. reading time\" \/>\n\t<meta name=\"twitter:data1\" content=\"1 minute\" \/>\n<script type=\"application\/ld+json\" class=\"yoast-schema-graph\">{\"@context\":\"https:\\\/\\\/schema.org\",\"@graph\":[{\"@type\":\"WebPage\",\"@id\":\"https:\\\/\\\/tesor-casino.org\\\/it\\\/bonus\\\/\",\"url\":\"https:\\\/\\\/tesor-casino.org\\\/it\\\/bonus\\\/\",\"name\":\"Bonus Tesorcasino e premi promozionali\",\"isPartOf\":{\"@id\":\"https:\\\/\\\/tesor-casino.org\\\/it\\\/#website\"},\"datePublished\":\"2026-01-20T12:21:20+00:00\",\"dateModified\":\"2026-03-10T10:17:58+00:00\",\"description\":\"Scopri tutti i bonus su Tesorcasino! Inizia con il nostro generoso pacchetto di benvenuto, approfitta dei bonus sui depositi e dei giri gratuiti e partecipa ai tornei per vincere grandi premi.\",\"breadcrumb\":{\"@id\":\"https:\\\/\\\/tesor-casino.org\\\/it\\\/bonus\\\/#breadcrumb\"},\"inLanguage\":\"it-IT\",\"potentialAction\":[{\"@type\":\"ReadAction\",\"target\":[\"https:\\\/\\\/tesor-casino.org\\\/it\\\/bonus\\\/\"]}]},{\"@type\":\"BreadcrumbList\",\"@id\":\"https:\\\/\\\/tesor-casino.org\\\/it\\\/bonus\\\/#breadcrumb\",\"itemListElement\":[{\"@type\":\"ListItem\",\"position\":1,\"name\":\"Tesorcasino\",\"item\":\"https:\\\/\\\/tesor-casino.org\\\/it\\\/\"},{\"@type\":\"ListItem\",\"position\":2,\"name\":\"Bonus\"}]},{\"@type\":\"WebSite\",\"@id\":\"https:\\\/\\\/tesor-casino.org\\\/it\\\/#website\",\"url\":\"https:\\\/\\\/tesor-casino.org\\\/it\\\/\",\"name\":\"Tesorcasino\",\"description\":\"\",\"publisher\":{\"@id\":\"https:\\\/\\\/tesor-casino.org\\\/it\\\/#organization\"},\"potentialAction\":[{\"@type\":\"SearchAction\",\"target\":{\"@type\":\"EntryPoint\",\"urlTemplate\":\"https:\\\/\\\/tesor-casino.org\\\/it\\\/?s={search_term_string}\"},\"query-input\":{\"@type\":\"PropertyValueSpecification\",\"valueRequired\":true,\"valueName\":\"search_term_string\"}}],\"inLanguage\":\"it-IT\"},{\"@type\":\"Organization\",\"@id\":\"https:\\\/\\\/tesor-casino.org\\\/it\\\/#organization\",\"name\":\"Tesorcasino\",\"url\":\"https:\\\/\\\/tesor-casino.org\\\/it\\\/\",\"logo\":{\"@type\":\"ImageObject\",\"inLanguage\":\"it-IT\",\"@id\":\"https:\\\/\\\/tesor-casino.org\\\/it\\\/#\\\/schema\\\/logo\\\/image\\\/\",\"url\":\"https:\\\/\\\/tesor-casino.org\\\/wp-content\\\/uploads\\\/2026\\\/03\\\/Tesorcasino-logo.png\",\"contentUrl\":\"https:\\\/\\\/tesor-casino.org\\\/wp-content\\\/uploads\\\/2026\\\/03\\\/Tesorcasino-logo.png\",\"width\":246,\"height\":44,\"caption\":\"Tesorcasino\"},\"image\":{\"@id\":\"https:\\\/\\\/tesor-casino.org\\\/it\\\/#\\\/schema\\\/logo\\\/image\\\/\"}}]}<\/script>\n<!-- \/ Yoast SEO plugin. -->","yoast_head_json":{"title":"Bonus Tesorcasino e premi promozionali","description":"Scopri tutti i bonus su Tesorcasino! Inizia con il nostro generoso pacchetto di benvenuto, approfitta dei bonus sui depositi e dei giri gratuiti e partecipa ai tornei per vincere grandi premi.","robots":{"index":"index","follow":"follow","max-snippet":"max-snippet:-1","max-image-preview":"max-image-preview:large","max-video-preview":"max-video-preview:-1"},"canonical":"https:\/\/tesor-casino.org\/it\/bonus\/","og_locale":"it_IT","og_type":"article","og_title":"Bonus Tesorcasino e premi promozionali","og_description":"Scopri tutti i bonus su Tesorcasino! Inizia con il nostro generoso pacchetto di benvenuto, approfitta dei bonus sui depositi e dei giri gratuiti e partecipa ai tornei per vincere grandi premi.","og_url":"https:\/\/tesor-casino.org\/it\/bonus\/","og_site_name":"tesorcasino","article_modified_time":"2026-03-10T10:17:58+00:00","twitter_card":"summary_large_image","twitter_misc":{"Est. reading time":"1 minute"},"schema":{"@context":"https:\/\/schema.org","@graph":[{"@type":"WebPage","@id":"https:\/\/tesor-casino.org\/it\/bonus\/","url":"https:\/\/tesor-casino.org\/it\/bonus\/","name":"Bonus Tesorcasino e premi promozionali","isPartOf":{"@id":"https:\/\/tesor-casino.org\/it\/#website"},"datePublished":"2026-01-20T12:21:20+00:00","dateModified":"2026-03-10T10:17:58+00:00","description":"Scopri tutti i bonus su Tesorcasino! Inizia con il nostro generoso pacchetto di benvenuto, approfitta dei bonus sui depositi e dei giri gratuiti e partecipa ai tornei per vincere grandi premi.","breadcrumb":{"@id":"https:\/\/tesor-casino.org\/it\/bonus\/#breadcrumb"},"inLanguage":"it-IT","potentialAction":[{"@type":"ReadAction","target":["https:\/\/tesor-casino.org\/it\/bonus\/"]}]},{"@type":"BreadcrumbList","@id":"https:\/\/tesor-casino.org\/it\/bonus\/#breadcrumb","itemListElement":[{"@type":"ListItem","position":1,"name":"Tesorcasino","item":"https:\/\/tesor-casino.org\/it\/"},{"@type":"ListItem","position":2,"name":"Bonus"}]},{"@type":"WebSite","@id":"https:\/\/tesor-casino.org\/it\/#website","url":"https:\/\/tesor-casino.org\/it\/","name":"Tesorcasino","description":"","publisher":{"@id":"https:\/\/tesor-casino.org\/it\/#organization"},"potentialAction":[{"@type":"SearchAction","target":{"@type":"EntryPoint","urlTemplate":"https:\/\/tesor-casino.org\/it\/?s={search_term_string}"},"query-input":{"@type":"PropertyValueSpecification","valueRequired":true,"valueName":"search_term_string"}}],"inLanguage":"it-IT"},{"@type":"Organization","@id":"https:\/\/tesor-casino.org\/it\/#organization","name":"Tesorcasino","url":"https:\/\/tesor-casino.org\/it\/","logo":{"@type":"ImageObject","inLanguage":"it-IT","@id":"https:\/\/tesor-casino.org\/it\/#\/schema\/logo\/image\/","url":"https:\/\/tesor-casino.org\/wp-content\/uploads\/2026\/03\/Tesorcasino-logo.png","contentUrl":"https:\/\/tesor-casino.org\/wp-content\/uploads\/2026\/03\/Tesorcasino-logo.png","width":246,"height":44,"caption":"Tesorcasino"},"image":{"@id":"https:\/\/tesor-casino.org\/it\/#\/schema\/logo\/image\/"}}]}},"_links":{"self":[{"href":"https:\/\/tesor-casino.org\/it\/wp-json\/wp\/v2\/pages\/1457","targetHints":{"allow":["GET"]}}],"collection":[{"href":"https:\/\/tesor-casino.org\/it\/wp-json\/wp\/v2\/pages"}],"about":[{"href":"https:\/\/tesor-casino.org\/it\/wp-json\/wp\/v2\/types\/page"}],"author":[{"embeddable":true,"href":"https:\/\/tesor-casino.org\/it\/wp-json\/wp\/v2\/users\/1"}],"replies":[{"embeddable":true,"href":"https:\/\/tesor-casino.org\/it\/wp-json\/wp\/v2\/comments?post=1457"}],"version-history":[{"count":4,"href":"https:\/\/tesor-casino.org\/it\/wp-json\/wp\/v2\/pages\/1457\/revisions"}],"predecessor-version":[{"id":2069,"href":"https:\/\/tesor-casino.org\/it\/wp-json\/wp\/v2\/pages\/1457\/revisions\/2069"}],"wp:attachment":[{"href":"https:\/\/tesor-casino.org\/it\/wp-json\/wp\/v2\/media?parent=1457"}],"curies":[{"name":"wp","href":"https:\/\/api.w.org\/{rel}","templated":true}]}}