{"id":1485,"date":"2026-01-20T12:11:11","date_gmt":"2026-01-20T12:11:11","guid":{"rendered":"https:\/\/bonuskongcasino.com\/login-and-registration\/"},"modified":"2026-03-10T10:14:46","modified_gmt":"2026-03-10T10:14:46","slug":"accesso-e-registrazione","status":"publish","type":"page","link":"https:\/\/tesor-casino.org\/it\/accesso-e-registrazione\/","title":{"rendered":"Accesso e registrazione"},"content":{"rendered":"<h1>Accesso e registrazione all&#8217;account Tesorcasino<\/h1>\n<p>Giocare con denaro reale in un ambiente sicuro \u00e8 possibile dopo aver completato il processo di Tesorcasino login. Senza un account, l&#8217;accesso alle nostre funzionalit\u00e0 \u00e8 limitato. Ma dopo la registrazione, tutti i giochi, i bonus, i pagamenti e, naturalmente, il servizio clienti saranno disponibili per gli utenti italiani con un solo clic.<\/p>\n<p><div class=\"banner-wrap\" aria-label=\"Banner\"><img src=\"https:\/\/tesor-casino.org\/wp-content\/uploads\/2026\/03\/tesorcasino-bnr-pc-2.webp\" class=\"w-100 d-none d-lg-block img-pc main-banner-img\" alt=\"tesorcasino banner desktop\" fetchpriority=\"high\" decoding=\"async\"><img src=\"https:\/\/tesor-casino.org\/wp-content\/uploads\/2026\/03\/tesorcasino-banner-mobile.webp\" class=\"w-100 d-none d-md-block d-lg-none main-banner-img\" alt=\"tesorcasino banner mobile\" fetchpriority=\"high\" decoding=\"async\"><img src=\"https:\/\/tesor-casino.org\/wp-content\/uploads\/2026\/03\/tesorcasino-banner-mobile.webp\" class=\"w-100 d-md-none\" alt=\"tesorcasino banner mobile\" fetchpriority=\"high\" decoding=\"async\"><div class=\"banner-description\">\n<div class=\"banner-title\">Bonus di benvenuto<\/div>\n<p class=\"banner-header-title\">1500 \u20ac<\/p>\n<div class=\"banner-header-AdditionalText\">+ 250 Giri gratuiti<\/div>\n<button data-item=\"homepage_banner_link\" class=\"goto m-button m-gradient-border m-button--primary m-button--large banner-button btn-orange\">\n            <div class=\"m-button-content\">\n                <span>Iscriviti ora<\/span>\n                <span><\/span>\n            <\/div>\n        <\/button>\n<\/div>\n<div class=\"WelcomePack\">\n<p><img loading=\"lazy\" decoding=\"async\" class=\"alignnone size-full wp-image-1872\" src=\"https:\/\/tesor-casino.org\/wp-content\/uploads\/2026\/03\/welcome-crown-1.png\" alt=\"welcome crown\" width=\"25\" height=\"26\" \/><\/p>\n<div class=\"WelcomePack-Info\">Cashback settimanale fino al 25%<\/div>\n<p><img loading=\"lazy\" decoding=\"async\" class=\"alignnone size-full wp-image-1872\" src=\"https:\/\/tesor-casino.org\/wp-content\/uploads\/2026\/03\/welcome-crown-1.png\" alt=\"welcome crown\" width=\"25\" height=\"26\" \/><\/p>\n<\/div>\n<\/div><div class=\"scrollable-content-wrap my-5\"><div class=\"scrollable-content-inner\"><h2>Vantaggi di un account su Tesor Casino<\/h2>\n<p>L&#8217;accesso a Tesor Casino \u00e8 disponibile per tutti coloro che hanno compiuto 18 anni. \u00c8 la tua occasione per passare dalla modalit\u00e0 demo al gioco con soldi veri. La registrazione ti d\u00e0 accesso a tutti i giochi, ai bonus e ai pagamenti, oltre che al team di assistenza.<\/p>\n<p>Ogni persona pu\u00f2 avere un solo profilo su Tesorcasino. Inoltre, \u00e8 essenziale leggere prima le regole della nostra piattaforma. Ti consigliamo vivamente di creare un account per goderti appieno l&#8217;esperienza di gioco.<\/p>\n<p><img loading=\"lazy\" decoding=\"async\" class=\"alignnone wp-image-1956 size-full\" src=\"https:\/\/tesor-casino.org\/wp-content\/uploads\/2026\/03\/Tesorcasino-login-page.webp\" alt=\"Tesorcasino login page\" width=\"1248\" height=\"536\" srcset=\"https:\/\/tesor-casino.org\/wp-content\/uploads\/2026\/03\/Tesorcasino-login-page.webp 1248w, https:\/\/tesor-casino.org\/wp-content\/uploads\/2026\/03\/Tesorcasino-login-page-300x129.webp 300w, https:\/\/tesor-casino.org\/wp-content\/uploads\/2026\/03\/Tesorcasino-login-page-1024x440.webp 1024w, https:\/\/tesor-casino.org\/wp-content\/uploads\/2026\/03\/Tesorcasino-login-page-768x330.webp 768w\" sizes=\"auto, (max-width: 1248px) 100vw, 1248px\" \/><\/p>\n<h3>Guida alla registrazione passo dopo passo<\/h3>\n<p>Per creare un account su Tesorcasino, ti occorreranno pochi minuti. Il processo sar\u00e0 semplice anche per chi visita un casin\u00f2 online per la prima volta. Gli utenti devono fornire informazioni reali, poich\u00e9 queste saranno verificate in seguito durante il processo di verifica. Come primo passo, ti chiediamo solo il tuo indirizzo e-mail e la password. Gli altri dati personali potranno essere forniti in un secondo momento. Ecco alcune istruzioni utili:<\/p>\n<ol>\n<li>Devi cliccare sul pulsante dorato nella parte superiore della pagina principale di Tesor Casino.<\/li>\n<li>Compila i campi con le tue informazioni personali.<\/li>\n<li>Crea una password complessa utilizzando caratteri speciali, sia maiuscoli che minuscoli.<\/li>\n<li>Inserisci il codice promozionale, se ne hai uno. Questo ti dar\u00e0 diritto a un premio extra subito dopo la registrazione.<\/li>\n<li>Inserisci la tua et\u00e0 e accetta i termini e le condizioni della nostra piattaforma.<\/li>\n<li>Clicca su &#8220;Registrati&#8221; per completare la procedura e creare un account.<\/li>\n<\/ol>\n<h2>Procedura di accesso<\/h2>\n<p>Una volta completata la registrazione, la prossima volta dovrai completare la procedura di accesso a Tesorcasino. In questo caso, gli utenti devono fornire il proprio indirizzo e-mail e la password impostata al momento della creazione dell&#8217;account. Non tutto va sempre come previsto, ma abbiamo una soluzione per ogni situazione. Familiarizza con le informazioni riportate di seguito per sapere cosa fare in ogni caso.<\/p>\n<table>\n<tbody>\n<tr>\n<td>Problema<\/td>\n<td>Soluzione<\/td>\n<\/tr>\n<tr>\n<td>Password errata<\/td>\n<td>Utilizza il link &#8220;Hai dimenticato la password?&#8221; nella pagina di accesso a Tesor Casino per reimpostare la password tramite e-mail e crearne una nuova sicura.<\/td>\n<\/tr>\n<tr>\n<td>Account temporaneamente bloccato<\/td>\n<td>Attendi circa 15 minuti per lo sblocco o contatta il nostro team di assistenza per ricevere aiuto.<\/td>\n<\/tr>\n<tr>\n<td>Logout automatico<\/td>\n<td>Effettua nuovamente il login. Per motivi di sicurezza, le sessioni potrebbero scadere dopo un periodo di inattivit\u00e0.<\/td>\n<\/tr>\n<tr>\n<td>Problemi relativi al browser o alla cache<\/td>\n<td>Svuota la cache del browser, abilita i cookie o aggiorna il browser e riprova.<\/td>\n<\/tr>\n<tr>\n<td>Il codice 2FA non funziona<\/td>\n<td>Inserisci l&#8217;ultimo codice di autenticazione o richiedine uno nuovo se quello precedente \u00e8 scaduto.<\/td>\n<\/tr>\n<\/tbody>\n<\/table>\n<h3>Impostazioni del profilo Tesorcasino<\/h3>\n<p>L&#8217;accesso a Tesorcasino non significa solo accedere ai giochi e alle promozioni. Nel tuo profilo sono disponibili anche molte impostazioni e strumenti importanti che possono rendere la tua esperienza di gioco pi\u00f9 comoda. In qualsiasi momento, gli utenti possono modificare le loro informazioni personali. Se si tratta della password, dovrai identificarti tramite e-mail.<\/p>\n<p>Per garantire la sicurezza del gioco, gli utenti possono controllare regolarmente la cronologia delle loro attivit\u00e0, compreso il tempo trascorso sulla piattaforma, i depositi, le perdite e le vincite. \u00c8 disponibile anche lo stato dei bonus di Tesor Casino. Se necessario, i nostri clienti possono sempre attivare speciali strumenti di gioco responsabile.<\/p>\n<h2>Sicurezza delle informazioni personali<\/h2>\n<p>Con il login a Tesorcasino, devi affidarci le tue informazioni personali e finanziarie. Poich\u00e9 siamo in possesso della licenza ufficiale per il gioco online, seguiamo anche tutte le misure di sicurezza richieste. Rispettiamo pienamente il GDPR. Il nostro sito web utilizza la crittografia AES a 256 bit per proteggere tutti i tuoi dati.<\/p>\n<p>Per ottenere un ulteriore livello di protezione per il tuo account, \u00e8 disponibile l&#8217;autenticazione a due fattori. Monitoriamo costantemente l&#8217;attivit\u00e0 di accesso alla pagina di Tesorcasino e, in caso di attivit\u00e0 sospette, ti informeremo immediatamente. Il nostro team di assistenza multilingue \u00e8 disponibile 24 ore su 24, 7 giorni su 7, tramite live chat ed e-mail, quindi se hai domande o dubbi, non esitare a contattarci.<\/p>\n<h2>Domande frequenti<\/h2>\n<h3>Il processo di verifica \u00e8 richiesto subito dopo la registrazione?<\/h3>\n<p>Chiediamo a tutti i nostri clienti di completare il processo di verifica prima del loro primo prelievo. \u00c8 necessario caricare sulla piattaforma le foto dei tuoi documenti personali per dimostrare la tua identit\u00e0, la titolarit\u00e0 del conto di pagamento e l&#8217;et\u00e0.<\/p>\n<h3>Posso condividere il mio profilo su Tesorcasino con un amico?<\/h3>\n<p>Ogni persona deve avere il proprio profilo su Tesor Casino. Devi fornire le tue informazioni personali e utilizzare il conto di pagamento che ti appartiene.<\/p>\n<h3>Cosa posso fare su Tesor Casino senza un account?<\/h3>\n<p>I giocatori possono provare diversi titoli in modalit\u00e0 demo. Si gioca con monete virtuali senza alcun rischio. Lo svantaggio \u00e8 che non \u00e8 possibile prelevare le potenziali vincite. Oltre a ci\u00f2, \u00e8 possibile contattare il nostro team di assistenza.<\/p>\n<\/div><\/div><\/p>\n","protected":false},"excerpt":{"rendered":"<p>Accesso e registrazione all&#8217;account Tesorcasino Giocare con denaro reale in un ambiente sicuro \u00e8 possibile dopo aver completato il processo di Tesorcasino login. Senza un account, l&#8217;accesso alle nostre funzionalit\u00e0 \u00e8 limitato. Ma dopo la registrazione, tutti i giochi, i bonus, i pagamenti e, naturalmente, il servizio clienti saranno disponibili per gli utenti italiani con [&hellip;]<\/p>\n","protected":false},"author":1,"featured_media":0,"parent":0,"menu_order":0,"comment_status":"closed","ping_status":"closed","template":"template-builder.php","meta":{"_acf_changed":false,"inline_featured_image":false,"footnotes":""},"class_list":["post-1485","page","type-page","status-publish","hentry"],"acf":[],"yoast_head":"<!-- This site is optimized with the Yoast SEO plugin v27.3 - https:\/\/yoast.com\/product\/yoast-seo-wordpress\/ -->\n<title>Tesorcasino Login | Accesso sicuro all&#039;account e registrazione<\/title>\n<meta name=\"description\" content=\"Il tuo login Tesorcasino \u00e8 la chiave per accedere a migliaia di giochi. Effettua il login per giocare o registrare un nuovo account, completare la verifica di sicurezza, gestire i tuoi fondi e contattare l&#039;assistenza 24 ore su 24, 7 giorni su 7.\" \/>\n<meta name=\"robots\" content=\"index, follow, max-snippet:-1, max-image-preview:large, max-video-preview:-1\" \/>\n<link rel=\"canonical\" href=\"https:\/\/tesor-casino.org\/it\/accesso-e-registrazione\/\" \/>\n<meta property=\"og:locale\" content=\"it_IT\" \/>\n<meta property=\"og:type\" content=\"article\" \/>\n<meta property=\"og:title\" content=\"Tesorcasino Login | Accesso sicuro all&#039;account e registrazione\" \/>\n<meta property=\"og:description\" content=\"Il tuo login Tesorcasino \u00e8 la chiave per accedere a migliaia di giochi. Effettua il login per giocare o registrare un nuovo account, completare la verifica di sicurezza, gestire i tuoi fondi e contattare l&#039;assistenza 24 ore su 24, 7 giorni su 7.\" \/>\n<meta property=\"og:url\" content=\"https:\/\/tesor-casino.org\/it\/accesso-e-registrazione\/\" \/>\n<meta property=\"og:site_name\" content=\"tesorcasino\" \/>\n<meta property=\"article:modified_time\" content=\"2026-03-10T10:14:46+00:00\" \/>\n<meta name=\"twitter:card\" content=\"summary_large_image\" \/>\n<meta name=\"twitter:label1\" content=\"Est. reading time\" \/>\n\t<meta name=\"twitter:data1\" content=\"1 minute\" \/>\n<script type=\"application\/ld+json\" class=\"yoast-schema-graph\">{\"@context\":\"https:\\\/\\\/schema.org\",\"@graph\":[{\"@type\":\"WebPage\",\"@id\":\"https:\\\/\\\/tesor-casino.org\\\/it\\\/accesso-e-registrazione\\\/\",\"url\":\"https:\\\/\\\/tesor-casino.org\\\/it\\\/accesso-e-registrazione\\\/\",\"name\":\"Tesorcasino Login | Accesso sicuro all'account e registrazione\",\"isPartOf\":{\"@id\":\"https:\\\/\\\/tesor-casino.org\\\/it\\\/#website\"},\"datePublished\":\"2026-01-20T12:11:11+00:00\",\"dateModified\":\"2026-03-10T10:14:46+00:00\",\"description\":\"Il tuo login Tesorcasino \u00e8 la chiave per accedere a migliaia di giochi. Effettua il login per giocare o registrare un nuovo account, completare la verifica di sicurezza, gestire i tuoi fondi e contattare l'assistenza 24 ore su 24, 7 giorni su 7.\",\"breadcrumb\":{\"@id\":\"https:\\\/\\\/tesor-casino.org\\\/it\\\/accesso-e-registrazione\\\/#breadcrumb\"},\"inLanguage\":\"it-IT\",\"potentialAction\":[{\"@type\":\"ReadAction\",\"target\":[\"https:\\\/\\\/tesor-casino.org\\\/it\\\/accesso-e-registrazione\\\/\"]}]},{\"@type\":\"BreadcrumbList\",\"@id\":\"https:\\\/\\\/tesor-casino.org\\\/it\\\/accesso-e-registrazione\\\/#breadcrumb\",\"itemListElement\":[{\"@type\":\"ListItem\",\"position\":1,\"name\":\"Tesorcasino\",\"item\":\"https:\\\/\\\/tesor-casino.org\\\/it\\\/\"},{\"@type\":\"ListItem\",\"position\":2,\"name\":\"Accesso e registrazione\"}]},{\"@type\":\"WebSite\",\"@id\":\"https:\\\/\\\/tesor-casino.org\\\/it\\\/#website\",\"url\":\"https:\\\/\\\/tesor-casino.org\\\/it\\\/\",\"name\":\"Tesorcasino\",\"description\":\"\",\"publisher\":{\"@id\":\"https:\\\/\\\/tesor-casino.org\\\/it\\\/#organization\"},\"potentialAction\":[{\"@type\":\"SearchAction\",\"target\":{\"@type\":\"EntryPoint\",\"urlTemplate\":\"https:\\\/\\\/tesor-casino.org\\\/it\\\/?s={search_term_string}\"},\"query-input\":{\"@type\":\"PropertyValueSpecification\",\"valueRequired\":true,\"valueName\":\"search_term_string\"}}],\"inLanguage\":\"it-IT\"},{\"@type\":\"Organization\",\"@id\":\"https:\\\/\\\/tesor-casino.org\\\/it\\\/#organization\",\"name\":\"Tesorcasino\",\"url\":\"https:\\\/\\\/tesor-casino.org\\\/it\\\/\",\"logo\":{\"@type\":\"ImageObject\",\"inLanguage\":\"it-IT\",\"@id\":\"https:\\\/\\\/tesor-casino.org\\\/it\\\/#\\\/schema\\\/logo\\\/image\\\/\",\"url\":\"https:\\\/\\\/tesor-casino.org\\\/wp-content\\\/uploads\\\/2026\\\/03\\\/Tesorcasino-logo.png\",\"contentUrl\":\"https:\\\/\\\/tesor-casino.org\\\/wp-content\\\/uploads\\\/2026\\\/03\\\/Tesorcasino-logo.png\",\"width\":246,\"height\":44,\"caption\":\"Tesorcasino\"},\"image\":{\"@id\":\"https:\\\/\\\/tesor-casino.org\\\/it\\\/#\\\/schema\\\/logo\\\/image\\\/\"}}]}<\/script>\n<!-- \/ Yoast SEO plugin. -->","yoast_head_json":{"title":"Tesorcasino Login | Accesso sicuro all'account e registrazione","description":"Il tuo login Tesorcasino \u00e8 la chiave per accedere a migliaia di giochi. Effettua il login per giocare o registrare un nuovo account, completare la verifica di sicurezza, gestire i tuoi fondi e contattare l'assistenza 24 ore su 24, 7 giorni su 7.","robots":{"index":"index","follow":"follow","max-snippet":"max-snippet:-1","max-image-preview":"max-image-preview:large","max-video-preview":"max-video-preview:-1"},"canonical":"https:\/\/tesor-casino.org\/it\/accesso-e-registrazione\/","og_locale":"it_IT","og_type":"article","og_title":"Tesorcasino Login | Accesso sicuro all'account e registrazione","og_description":"Il tuo login Tesorcasino \u00e8 la chiave per accedere a migliaia di giochi. Effettua il login per giocare o registrare un nuovo account, completare la verifica di sicurezza, gestire i tuoi fondi e contattare l'assistenza 24 ore su 24, 7 giorni su 7.","og_url":"https:\/\/tesor-casino.org\/it\/accesso-e-registrazione\/","og_site_name":"tesorcasino","article_modified_time":"2026-03-10T10:14:46+00:00","twitter_card":"summary_large_image","twitter_misc":{"Est. reading time":"1 minute"},"schema":{"@context":"https:\/\/schema.org","@graph":[{"@type":"WebPage","@id":"https:\/\/tesor-casino.org\/it\/accesso-e-registrazione\/","url":"https:\/\/tesor-casino.org\/it\/accesso-e-registrazione\/","name":"Tesorcasino Login | Accesso sicuro all'account e registrazione","isPartOf":{"@id":"https:\/\/tesor-casino.org\/it\/#website"},"datePublished":"2026-01-20T12:11:11+00:00","dateModified":"2026-03-10T10:14:46+00:00","description":"Il tuo login Tesorcasino \u00e8 la chiave per accedere a migliaia di giochi. Effettua il login per giocare o registrare un nuovo account, completare la verifica di sicurezza, gestire i tuoi fondi e contattare l'assistenza 24 ore su 24, 7 giorni su 7.","breadcrumb":{"@id":"https:\/\/tesor-casino.org\/it\/accesso-e-registrazione\/#breadcrumb"},"inLanguage":"it-IT","potentialAction":[{"@type":"ReadAction","target":["https:\/\/tesor-casino.org\/it\/accesso-e-registrazione\/"]}]},{"@type":"BreadcrumbList","@id":"https:\/\/tesor-casino.org\/it\/accesso-e-registrazione\/#breadcrumb","itemListElement":[{"@type":"ListItem","position":1,"name":"Tesorcasino","item":"https:\/\/tesor-casino.org\/it\/"},{"@type":"ListItem","position":2,"name":"Accesso e registrazione"}]},{"@type":"WebSite","@id":"https:\/\/tesor-casino.org\/it\/#website","url":"https:\/\/tesor-casino.org\/it\/","name":"Tesorcasino","description":"","publisher":{"@id":"https:\/\/tesor-casino.org\/it\/#organization"},"potentialAction":[{"@type":"SearchAction","target":{"@type":"EntryPoint","urlTemplate":"https:\/\/tesor-casino.org\/it\/?s={search_term_string}"},"query-input":{"@type":"PropertyValueSpecification","valueRequired":true,"valueName":"search_term_string"}}],"inLanguage":"it-IT"},{"@type":"Organization","@id":"https:\/\/tesor-casino.org\/it\/#organization","name":"Tesorcasino","url":"https:\/\/tesor-casino.org\/it\/","logo":{"@type":"ImageObject","inLanguage":"it-IT","@id":"https:\/\/tesor-casino.org\/it\/#\/schema\/logo\/image\/","url":"https:\/\/tesor-casino.org\/wp-content\/uploads\/2026\/03\/Tesorcasino-logo.png","contentUrl":"https:\/\/tesor-casino.org\/wp-content\/uploads\/2026\/03\/Tesorcasino-logo.png","width":246,"height":44,"caption":"Tesorcasino"},"image":{"@id":"https:\/\/tesor-casino.org\/it\/#\/schema\/logo\/image\/"}}]}},"_links":{"self":[{"href":"https:\/\/tesor-casino.org\/it\/wp-json\/wp\/v2\/pages\/1485","targetHints":{"allow":["GET"]}}],"collection":[{"href":"https:\/\/tesor-casino.org\/it\/wp-json\/wp\/v2\/pages"}],"about":[{"href":"https:\/\/tesor-casino.org\/it\/wp-json\/wp\/v2\/types\/page"}],"author":[{"embeddable":true,"href":"https:\/\/tesor-casino.org\/it\/wp-json\/wp\/v2\/users\/1"}],"replies":[{"embeddable":true,"href":"https:\/\/tesor-casino.org\/it\/wp-json\/wp\/v2\/comments?post=1485"}],"version-history":[{"count":3,"href":"https:\/\/tesor-casino.org\/it\/wp-json\/wp\/v2\/pages\/1485\/revisions"}],"predecessor-version":[{"id":2067,"href":"https:\/\/tesor-casino.org\/it\/wp-json\/wp\/v2\/pages\/1485\/revisions\/2067"}],"wp:attachment":[{"href":"https:\/\/tesor-casino.org\/it\/wp-json\/wp\/v2\/media?parent=1485"}],"curies":[{"name":"wp","href":"https:\/\/api.w.org\/{rel}","templated":true}]}}