{"id":1447,"date":"2026-01-20T12:08:23","date_gmt":"2026-01-20T12:08:23","guid":{"rendered":"https:\/\/bonuskongcasino.com\/app\/"},"modified":"2026-03-10T10:27:42","modified_gmt":"2026-03-10T10:27:42","slug":"aplikacja","status":"publish","type":"page","link":"https:\/\/tesor-casino.org\/pl\/aplikacja\/","title":{"rendered":"Aplikacja"},"content":{"rendered":"<h1>Platforma mobilna Tesorcasino<\/h1>\n<p>Tesorcasino App sprawi, \u017ce gra dla polskich graczy b\u0119dzie znacznie wygodniejsza, poniewa\u017c jest kompatybilna ze wszystkimi nowoczesnymi urz\u0105dzeniami i umo\u017cliwia gr\u0119 w dowolnym miejscu. Niezale\u017cnie od tego, czy masz telefon z systemem Android czy iOS, mo\u017cesz liczy\u0107 na szybkie \u0142adowanie i p\u0142ynn\u0105 rozgrywk\u0119. Wszystkie funkcje, wygl\u0105d i nawigacja b\u0119d\u0105 Ci znane, poniewa\u017c odzwierciedlaj\u0105 one g\u0142\u00f3wn\u0105 stron\u0119 internetow\u0105 na komputery PC. Instalacja mo\u017ce zosta\u0107 przeprowadzona szybko, bezpo\u015brednio z naszej strony internetowej.<\/p>\n<div class=\"banner-wrap\" aria-label=\"Banner\"><img src=\"https:\/\/tesor-casino.org\/wp-content\/uploads\/2026\/03\/tesorcasino-bnr-pc-2.webp\" class=\"w-100 d-none d-lg-block img-pc main-banner-img\" alt=\"tesorcasino banner desktop\" fetchpriority=\"high\" decoding=\"async\"><img src=\"https:\/\/tesor-casino.org\/wp-content\/uploads\/2026\/03\/tesorcasino-banner-mobile.webp\" class=\"w-100 d-none d-md-block d-lg-none main-banner-img\" alt=\"tesorcasino banner mobile\" fetchpriority=\"high\" decoding=\"async\"><img src=\"https:\/\/tesor-casino.org\/wp-content\/uploads\/2026\/03\/tesorcasino-banner-mobile.webp\" class=\"w-100 d-md-none\" alt=\"tesorcasino banner mobile\" fetchpriority=\"high\" decoding=\"async\"><div class=\"banner-description\">\n<div class=\"banner-title\">Bonusy powitalne<\/div>\n<p class=\"banner-header-title\">1500 \u20ac<\/p>\n<div class=\"banner-header-AdditionalText\">+ 250 Darmowe spiny<\/div>\n<button data-item=\"homepage_banner_link\" class=\"goto m-button m-gradient-border m-button--primary m-button--large banner-button btn-orange\">\n            <div class=\"m-button-content\">\n                <span>Zarejestruj si\u0119 teraz<\/span>\n                <span><\/span>\n            <\/div>\n        <\/button>\n<\/div>\n<div class=\"WelcomePack\">\n<p><img loading=\"lazy\" decoding=\"async\" class=\"alignnone size-full wp-image-1873\" src=\"https:\/\/tesor-casino.org\/wp-content\/uploads\/2026\/03\/welcome-crown-1.png\" alt=\"welcome crown\" width=\"25\" height=\"26\" \/><\/p>\n<div class=\"WelcomePack-Info\">Cotygodniowy zwrot got\u00f3wki do 25%<\/div>\n<p><img loading=\"lazy\" decoding=\"async\" class=\"alignnone size-full wp-image-1873\" src=\"https:\/\/tesor-casino.org\/wp-content\/uploads\/2026\/03\/welcome-crown-1.png\" alt=\"welcome crown\" width=\"25\" height=\"26\" \/><\/p>\n<\/div>\n<\/div>\n<h2>Aplikacja Tesorcasino \u2013 g\u0142\u00f3wne funkcje<\/h2>\n<p>Ponad po\u0142owa naszych klient\u00f3w woli korzysta\u0107 z urz\u0105dze\u0144 mobilnych, aby gra\u0107 w Tesor Casino. Nie jest to zaskakuj\u0105ce, poniewa\u017c we wsp\u00f3\u0142czesnym \u015bwiecie ludzie preferuj\u0105 elastyczno\u015b\u0107 i pozostawanie online bez wzgl\u0119du na to, gdzie i kiedy si\u0119 znajduj\u0105. Oferujemy dwie wygodne opcje dla wszystkich naszych klient\u00f3w: wersj\u0119 przegl\u0105darki mobilnej i aplikacj\u0119 Tesorcasino. Poni\u017cej u\u017cytkownicy znajd\u0105 przegl\u0105d tego, czego mog\u0105 oczekiwa\u0107 od oprogramowania mobilnego.<\/p>\n<table>\n<tbody>\n<tr>\n<td>Funkcja<\/td>\n<td>Co to oznacza<\/td>\n<\/tr>\n<tr>\n<td>Interfejs zoptymalizowany pod k\u0105tem urz\u0105dze\u0144 mobilnych<\/td>\n<td>Przejrzysty uk\u0142ad dostosowany do mniejszych ekran\u00f3w, u\u0142atwiaj\u0105cy nawigacj\u0119<\/td>\n<\/tr>\n<tr>\n<td>Szybkie \u0142adowanie gier<\/td>\n<td>Skr\u00f3cony czas oczekiwania przed rundami i pomi\u0119dzy nimi<\/td>\n<\/tr>\n<tr>\n<td>Stabilna wydajno\u015b\u0107<\/td>\n<td>P\u0142ynna rozgrywka z minimalnymi op\u00f3\u017anieniami i przerwami<\/td>\n<\/tr>\n<tr>\n<td>Sterowanie reaguj\u0105ce na dotyk<\/td>\n<td>Precyzyjne stukanie i przewijanie bez op\u00f3\u017anie\u0144<\/td>\n<\/tr>\n<tr>\n<td>Bezpieczne sesje mobilne<\/td>\n<td>Szyfrowane po\u0142\u0105czenie i chroniony proces logowania<\/td>\n<\/tr>\n<tr>\n<td>Automatyczne aktualizacje<\/td>\n<td>Zawsze dost\u0119p do najnowszej wersji bez konieczno\u015bci r\u0119cznego pobierania<\/td>\n<\/tr>\n<\/tbody>\n<\/table>\n<h3>Bezpiecze\u0144stwo twoich danych<\/h3>\n<p>Twoje bezpiecze\u0144stwo jest dla nas najwa\u017cniejsze, gdy korzystasz z wersji mobilnej lub aplikacji. Aby blokowa\u0107 podejrzany ruch i boty w \u015brodowisku mobilnym, u\u017cywamy zap\u00f3r sieciowych aplikacji internetowych (WAF). Stale monitorujemy aktywno\u015b\u0107 na naszej platformie, aby zapobiega\u0107 oszustwom.<\/p>\n<p>Gracze mog\u0105 kontaktowa\u0107 si\u0119 z naszym zespo\u0142em pomocy technicznej 24 godziny na dob\u0119, 7 dni w tygodniu, z pytaniami dotycz\u0105cymi bezpiecze\u0144stwa i innych temat\u00f3w. W aplikacji Tesor Casino znajduje si\u0119 wbudowany czat na \u017cywo, na kt\u00f3rym mo\u017cna uzyska\u0107 odpowied\u017a w ci\u0105gu kilku minut.<\/p>\n<p><div class=\"scrollable-content-wrap my-5\"><div class=\"scrollable-content-inner\"><h2>P\u0142ynna rozgrywka na Androidzie<\/h2>\n<p>Graj\u0105c na Androidzie w Tesorcasino, u\u017cytkownicy otrzymuj\u0105 szybkie, stabilne i w pe\u0142ni zoptymalizowane \u015brodowisko gry. Zosta\u0142o ono zaprojektowane specjalnie z my\u015bl\u0105 o wydajno\u015bci urz\u0105dze\u0144 mobilnych. Nasza platforma obs\u0142uguje wszystkie nowoczesne wersje Androida. Oprogramowanie zosta\u0142o opracowane w celu zminimalizowania czasu \u0142adowania i zmniejszenia zu\u017cycia danych.<\/p>\n<p>Sterowanie dotykowe w mobilnej wersji Tesor Casino zosta\u0142o stworzone z my\u015bl\u0105 o dok\u0142adno\u015bci. Umo\u017cliwia ono obstawianie zak\u0142ad\u00f3w, kr\u0119cenie b\u0119bnami i wyp\u0142acanie \u015brodk\u00f3w bez op\u00f3\u017anie\u0144. Wszystkie procesy w tle s\u0105 zoptymalizowane, aby zapewni\u0107 stabilno\u015b\u0107 sesji nawet podczas d\u0142u\u017cszej rozgrywki.<\/p>\n<p>Je\u015bli chcesz zainstalowa\u0107 nasz\u0105 aplikacj\u0119 bez \u017cadnych problem\u00f3w, post\u0119puj zgodnie z poni\u017csz\u0105 instrukcj\u0105:<\/p>\n<ol>\n<li>Otw\u00f3rz stron\u0119 Tesorcasino w preferowanej przegl\u0105darce mobilnej.<\/li>\n<li>Je\u015bli jest to Chrome, kliknij przycisk \u201eWi\u0119cej\u201d na pasku adresu.<\/li>\n<li>U\u017cytkownicy musz\u0105 wybra\u0107 z listy opcj\u0119 \u201eDodaj do ekranu g\u0142\u00f3wnego\u201d.<\/li>\n<li>Mo\u017cesz dostosowa\u0107 ikon\u0119, edytuj\u0105c jej nazw\u0119 i wygl\u0105d.<\/li>\n<li>Aby zatwierdzi\u0107 swoje dzia\u0142ania, po prostu dotknij \u201eDodaj\u201d.<\/li>\n<\/ol>\n<p><img loading=\"lazy\" decoding=\"async\" class=\"alignnone size-full wp-image-1923\" src=\"https:\/\/tesor-casino.org\/wp-content\/uploads\/2026\/03\/Tesorcasino-Android-\u2014-\u043a\u043e\u043f\u0438\u044f.webp\" alt=\"Tesorcasino Android\" width=\"1248\" height=\"536\" srcset=\"https:\/\/tesor-casino.org\/wp-content\/uploads\/2026\/03\/Tesorcasino-Android-\u2014-\u043a\u043e\u043f\u0438\u044f.webp 1248w, https:\/\/tesor-casino.org\/wp-content\/uploads\/2026\/03\/Tesorcasino-Android-\u2014-\u043a\u043e\u043f\u0438\u044f-300x129.webp 300w, https:\/\/tesor-casino.org\/wp-content\/uploads\/2026\/03\/Tesorcasino-Android-\u2014-\u043a\u043e\u043f\u0438\u044f-1024x440.webp 1024w, https:\/\/tesor-casino.org\/wp-content\/uploads\/2026\/03\/Tesorcasino-Android-\u2014-\u043a\u043e\u043f\u0438\u044f-768x330.webp 768w\" sizes=\"auto, (max-width: 1248px) 100vw, 1248px\" \/><\/p>\n<\/div><\/div><div style=\"clear: both\"><\/div><div class=\"d-flex justify-content-center\"><button data-item=\"decouvrez_link\" data-group=\"website_links\" class=\"goto fw-bold rounded-pill btn btn-orange\" aria-label=\"Pobierz aplikacj\u0119 Tesorcasino\" >Pobierz aplikacj\u0119 Tesorcasino<\/button><\/div><div class=\"scrollable-content-wrap my-5\"><div class=\"scrollable-content-inner\"><h2>Aplikacja mobilna dla systemu iOS<\/h2>\n<p>Wszyscy nasi gracze korzystaj\u0105cy z systemu iOS mog\u0105 uzyska\u0107 szybki dost\u0119p do naszego mobilnego kasyna, korzystaj\u0105c z dowolnej przegl\u0105darki na swoich smartfonach i tabletach. Wszystkie gry, w tym automaty online, gry sto\u0142owe i tytu\u0142y kasyn na \u017cywo, zostan\u0105 zoptymalizowane pod k\u0105tem rozmiaru i rozdzielczo\u015bci ekranu. Nie ma \u017cadnych ogranicze\u0144, poniewa\u017c wszystkie funkcje b\u0119d\u0105 dost\u0119pne na Twoim urz\u0105dzeniu.<\/p>\n<p>Mo\u017cesz wybra\u0107 wersj\u0119 przegl\u0105darkow\u0105 lub dedykowan\u0105 aplikacj\u0119 Tesorcasino. Obie opcje pozwol\u0105 Ci zarejestrowa\u0107 si\u0119, uzyska\u0107 dost\u0119p do konta, dokonywa\u0107 wp\u0142at, gra\u0107 na prawdziwe pieni\u0105dze i ostatecznie wyp\u0142aci\u0107 wygrane. Wyb\u00f3r opcji zale\u017cy wy\u0142\u0105cznie od Ciebie. Gracze mog\u0105 nawet \u0142\u0105czy\u0107 je, korzystaj\u0105c z tego samego konta Tesor Casino.<\/p>\n<h3>Instrukcje instalacji<\/h3>\n<p>Je\u015bli chcesz mie\u0107 bardziej spersonalizowan\u0105 rozgrywk\u0119 na swoim iPhonie lub iPadzie, musisz zainstalowa\u0107 nasze oprogramowanie mobilne. Wykorzystuje ono wy\u0142\u0105cznie dane z pami\u0119ci podr\u0119cznej, wi\u0119c u\u017cytkownicy nie musz\u0105 martwi\u0107 si\u0119 o miejsce w pami\u0119ci swoich urz\u0105dze\u0144. Aby zainstalowa\u0107 aplikacj\u0119 Tesorcasino, post\u0119puj zgodnie z poni\u017cszymi instrukcjami:<\/p>\n<ol>\n<li>Przejd\u017a do menu g\u0142\u00f3wnego naszej strony internetowej. Znajduje si\u0119 ono po lewej stronie lobby kasyna.<\/li>\n<li>U\u017cytkownicy powinni klikn\u0105\u0107 przycisk \u201eAplikacja kasyna\u201d na ko\u0144cu menu.<\/li>\n<li>Zostaniesz przekierowany na now\u0105 stron\u0119, gdzie musisz klikn\u0105\u0107 \u201eZainstaluj\u201d.<\/li>\n<li>W ci\u0105gu minuty ikona marki Tesorcasino pojawi si\u0119 na ekranie g\u0142\u00f3wnym.<\/li>\n<\/ol>\n<p><img loading=\"lazy\" decoding=\"async\" class=\"alignnone size-full wp-image-1939\" src=\"https:\/\/tesor-casino.org\/wp-content\/uploads\/2026\/03\/Tesorcasino-iOS-\u2014-\u043a\u043e\u043f\u0438\u044f.webp\" alt=\"Tesorcasino iOS\" width=\"1248\" height=\"536\" srcset=\"https:\/\/tesor-casino.org\/wp-content\/uploads\/2026\/03\/Tesorcasino-iOS-\u2014-\u043a\u043e\u043f\u0438\u044f.webp 1248w, https:\/\/tesor-casino.org\/wp-content\/uploads\/2026\/03\/Tesorcasino-iOS-\u2014-\u043a\u043e\u043f\u0438\u044f-300x129.webp 300w, https:\/\/tesor-casino.org\/wp-content\/uploads\/2026\/03\/Tesorcasino-iOS-\u2014-\u043a\u043e\u043f\u0438\u044f-1024x440.webp 1024w, https:\/\/tesor-casino.org\/wp-content\/uploads\/2026\/03\/Tesorcasino-iOS-\u2014-\u043a\u043e\u043f\u0438\u044f-768x330.webp 768w\" sizes=\"auto, (max-width: 1248px) 100vw, 1248px\" \/><\/p>\n<\/div><\/div><div style=\"clear: both\"><\/div><div class=\"d-flex justify-content-center\"><button data-item=\"decouvrez_link\" data-group=\"website_links\" class=\"goto fw-bold rounded-pill btn btn-orange\" aria-label=\"Pobierz aplikacj\u0119 Tesorcasino\" >Pobierz aplikacj\u0119 Tesorcasino<\/button><\/div><div class=\"scrollable-content-wrap my-5\"><div class=\"scrollable-content-inner\"><h2>Opcje Tesor Casino dla system\u00f3w Windows i macOS<\/h2>\n<p>Mo\u017cesz cieszy\u0107 si\u0119 p\u0142ynn\u0105 rozgrywk\u0105 w Tesorcasino na komputerze stacjonarnym lub laptopie. U\u017cytkownicy nie musz\u0105 instalowa\u0107 \u017cadnego dodatkowego oprogramowania. Nasza strona internetowa jest dost\u0119pna w ka\u017cdej nowoczesnej przegl\u0105darce. Aby uzyska\u0107 dost\u0119p do wszystkich dost\u0119pnych funkcji, zaloguj si\u0119 na swoje konto i zacznij gra\u0107.<\/p>\n<p>Je\u015bli chcesz uzyska\u0107 dost\u0119p do naszej strony internetowej jednym klikni\u0119ciem, mo\u017cesz zainstalowa\u0107 ikon\u0119 skr\u00f3tu na ekranie g\u0142\u00f3wnym pulpitu. Aby to zrobi\u0107, musisz przej\u015b\u0107 do ustawie\u0144 strony w przegl\u0105darce. Je\u015bli napotkasz jakiekolwiek problemy z instalacj\u0105 ikony Tesor Casino, skontaktuj si\u0119 z naszym zespo\u0142em pomocy technicznej za po\u015brednictwem czatu na \u017cywo lub poczty elektronicznej.<\/p>\n<p><img loading=\"lazy\" decoding=\"async\" class=\"alignnone size-full wp-image-1931\" src=\"https:\/\/tesor-casino.org\/wp-content\/uploads\/2026\/03\/Tesorcasino-Desktop-\u2014-\u043a\u043e\u043f\u0438\u044f.webp\" alt=\"Tesorcasino-Desktop\" width=\"1248\" height=\"536\" srcset=\"https:\/\/tesor-casino.org\/wp-content\/uploads\/2026\/03\/Tesorcasino-Desktop-\u2014-\u043a\u043e\u043f\u0438\u044f.webp 1248w, https:\/\/tesor-casino.org\/wp-content\/uploads\/2026\/03\/Tesorcasino-Desktop-\u2014-\u043a\u043e\u043f\u0438\u044f-300x129.webp 300w, https:\/\/tesor-casino.org\/wp-content\/uploads\/2026\/03\/Tesorcasino-Desktop-\u2014-\u043a\u043e\u043f\u0438\u044f-1024x440.webp 1024w, https:\/\/tesor-casino.org\/wp-content\/uploads\/2026\/03\/Tesorcasino-Desktop-\u2014-\u043a\u043e\u043f\u0438\u044f-768x330.webp 768w\" sizes=\"auto, (max-width: 1248px) 100vw, 1248px\" \/><\/p>\n<\/div><\/div><div style=\"clear: both\"><\/div><div class=\"d-flex justify-content-center\"><button data-item=\"decouvrez_link\" data-group=\"website_links\" class=\"goto fw-bold rounded-pill btn btn-orange\" aria-label=\"Pobierz aplikacj\u0119 Tesorcasino\" >Pobierz aplikacj\u0119 Tesorcasino<\/button><\/div><div class=\"scrollable-content-wrap my-5\"><div class=\"scrollable-content-inner\"><h2>FAQ<\/h2>\n<h3>Czy mo\u017cna gra\u0107 w gry kasynowe na \u017cywo na smartfonie?<\/h3>\n<p>Ca\u0142a kolekcja gier, obejmuj\u0105ca ponad 6 000 tytu\u0142\u00f3w, jest dost\u0119pna na smartfonie lub tablecie. Obejmuje ona r\u00f3wnie\u017c gry kasynowe na \u017cywo. Tesorcasino wykorzystuje specjalne funkcje sterowania dotykowego, aby zapewni\u0107 wygod\u0119 gry na ka\u017cdym urz\u0105dzeniu.<\/p>\n<h3>Czy mog\u0119 zako\u0144czy\u0107 proces rejestracji w aplikacji Tesorcasino?<\/h3>\n<p>Je\u015bli jeste\u015b nowym u\u017cytkownikiem naszego kasyna online i zdecydujesz si\u0119 rozpocz\u0105\u0107 swoj\u0105 przygod\u0119 z aplikacj\u0105, mo\u017cesz \u0142atwo zako\u0144czy\u0107 rejestracj\u0119 w niej. Proces jest standardowy i wymaga jedynie podania adresu e-mail i has\u0142a. Przed dokonaniem pierwszej wyp\u0142aty poprosimy Ci\u0119 o przej\u015bcie prostego procesu weryfikacji.<\/p>\n<h3>Sk\u0105d b\u0119d\u0119 wiedzie\u0107, \u017ce oprogramowanie mobilne wymaga aktualizacji?<\/h3>\n<p>Aplikacja Tesor Casino PWA aktualizuje si\u0119 automatycznie, bez konieczno\u015bci podejmowania dodatkowych dzia\u0142a\u0144 z Twojej strony. Zawsze informujemy naszych u\u017cytkownik\u00f3w o wszelkich zmianach na platformie za pomoc\u0105 powiadomie\u0144 push i wiadomo\u015bci e-mail.<\/p>\n<\/div><\/div><\/p>\n","protected":false},"excerpt":{"rendered":"<p>Platforma mobilna Tesorcasino Tesorcasino App sprawi, \u017ce gra dla polskich graczy b\u0119dzie znacznie wygodniejsza, poniewa\u017c jest kompatybilna ze wszystkimi nowoczesnymi urz\u0105dzeniami i umo\u017cliwia gr\u0119 w dowolnym miejscu. Niezale\u017cnie od tego, czy masz telefon z systemem Android czy iOS, mo\u017cesz liczy\u0107 na szybkie \u0142adowanie i p\u0142ynn\u0105 rozgrywk\u0119. Wszystkie funkcje, wygl\u0105d i nawigacja b\u0119d\u0105 Ci znane, poniewa\u017c [&hellip;]<\/p>\n","protected":false},"author":1,"featured_media":0,"parent":0,"menu_order":0,"comment_status":"closed","ping_status":"closed","template":"template-builder.php","meta":{"_acf_changed":false,"inline_featured_image":false,"footnotes":""},"class_list":["post-1447","page","type-page","status-publish","hentry"],"acf":[],"yoast_head":"<!-- This site is optimized with the Yoast SEO plugin v27.3 - https:\/\/yoast.com\/product\/yoast-seo-wordpress\/ -->\n<title>Tesorcasino Aplikacja | Pobierz na iOS i Androida<\/title>\n<meta name=\"description\" content=\"Zabierz kasyno ze sob\u0105! Pobierz aplikacj\u0119 Tesorcasino na urz\u0105dzenie z systemem Android lub iOS, aby uzyska\u0107 natychmiastowy i \u0142atwy dost\u0119p do wszystkich swoich ulubionych gier w podr\u00f3\u017cy.\" \/>\n<meta name=\"robots\" content=\"index, follow, max-snippet:-1, max-image-preview:large, max-video-preview:-1\" \/>\n<link rel=\"canonical\" href=\"https:\/\/tesor-casino.org\/pl\/aplikacja\/\" \/>\n<meta property=\"og:locale\" content=\"pl_PL\" \/>\n<meta property=\"og:type\" content=\"article\" \/>\n<meta property=\"og:title\" content=\"Tesorcasino Aplikacja | Pobierz na iOS i Androida\" \/>\n<meta property=\"og:description\" content=\"Zabierz kasyno ze sob\u0105! Pobierz aplikacj\u0119 Tesorcasino na urz\u0105dzenie z systemem Android lub iOS, aby uzyska\u0107 natychmiastowy i \u0142atwy dost\u0119p do wszystkich swoich ulubionych gier w podr\u00f3\u017cy.\" \/>\n<meta property=\"og:url\" content=\"https:\/\/tesor-casino.org\/pl\/aplikacja\/\" \/>\n<meta property=\"og:site_name\" content=\"tesorcasino\" \/>\n<meta property=\"article:modified_time\" content=\"2026-03-10T10:27:42+00:00\" \/>\n<meta name=\"twitter:card\" content=\"summary_large_image\" \/>\n<meta name=\"twitter:label1\" content=\"Est. reading time\" \/>\n\t<meta name=\"twitter:data1\" content=\"2 minutes\" \/>\n<script type=\"application\/ld+json\" class=\"yoast-schema-graph\">{\"@context\":\"https:\\\/\\\/schema.org\",\"@graph\":[{\"@type\":\"WebPage\",\"@id\":\"https:\\\/\\\/tesor-casino.org\\\/pl\\\/aplikacja\\\/\",\"url\":\"https:\\\/\\\/tesor-casino.org\\\/pl\\\/aplikacja\\\/\",\"name\":\"Tesorcasino Aplikacja | Pobierz na iOS i Androida\",\"isPartOf\":{\"@id\":\"https:\\\/\\\/tesor-casino.org\\\/pl\\\/#website\"},\"datePublished\":\"2026-01-20T12:08:23+00:00\",\"dateModified\":\"2026-03-10T10:27:42+00:00\",\"description\":\"Zabierz kasyno ze sob\u0105! Pobierz aplikacj\u0119 Tesorcasino na urz\u0105dzenie z systemem Android lub iOS, aby uzyska\u0107 natychmiastowy i \u0142atwy dost\u0119p do wszystkich swoich ulubionych gier w podr\u00f3\u017cy.\",\"breadcrumb\":{\"@id\":\"https:\\\/\\\/tesor-casino.org\\\/pl\\\/aplikacja\\\/#breadcrumb\"},\"inLanguage\":\"pl-PL\",\"potentialAction\":[{\"@type\":\"ReadAction\",\"target\":[\"https:\\\/\\\/tesor-casino.org\\\/pl\\\/aplikacja\\\/\"]}]},{\"@type\":\"BreadcrumbList\",\"@id\":\"https:\\\/\\\/tesor-casino.org\\\/pl\\\/aplikacja\\\/#breadcrumb\",\"itemListElement\":[{\"@type\":\"ListItem\",\"position\":1,\"name\":\"Tesorcasino\",\"item\":\"https:\\\/\\\/tesor-casino.org\\\/pl\\\/\"},{\"@type\":\"ListItem\",\"position\":2,\"name\":\"Aplikacja\"}]},{\"@type\":\"WebSite\",\"@id\":\"https:\\\/\\\/tesor-casino.org\\\/pl\\\/#website\",\"url\":\"https:\\\/\\\/tesor-casino.org\\\/pl\\\/\",\"name\":\"Tesorcasino\",\"description\":\"\",\"publisher\":{\"@id\":\"https:\\\/\\\/tesor-casino.org\\\/pl\\\/#organization\"},\"potentialAction\":[{\"@type\":\"SearchAction\",\"target\":{\"@type\":\"EntryPoint\",\"urlTemplate\":\"https:\\\/\\\/tesor-casino.org\\\/pl\\\/?s={search_term_string}\"},\"query-input\":{\"@type\":\"PropertyValueSpecification\",\"valueRequired\":true,\"valueName\":\"search_term_string\"}}],\"inLanguage\":\"pl-PL\"},{\"@type\":\"Organization\",\"@id\":\"https:\\\/\\\/tesor-casino.org\\\/pl\\\/#organization\",\"name\":\"Tesorcasino\",\"url\":\"https:\\\/\\\/tesor-casino.org\\\/pl\\\/\",\"logo\":{\"@type\":\"ImageObject\",\"inLanguage\":\"pl-PL\",\"@id\":\"https:\\\/\\\/tesor-casino.org\\\/pl\\\/#\\\/schema\\\/logo\\\/image\\\/\",\"url\":\"https:\\\/\\\/tesor-casino.org\\\/wp-content\\\/uploads\\\/2026\\\/03\\\/Tesorcasino-logo.png\",\"contentUrl\":\"https:\\\/\\\/tesor-casino.org\\\/wp-content\\\/uploads\\\/2026\\\/03\\\/Tesorcasino-logo.png\",\"width\":246,\"height\":44,\"caption\":\"Tesorcasino\"},\"image\":{\"@id\":\"https:\\\/\\\/tesor-casino.org\\\/pl\\\/#\\\/schema\\\/logo\\\/image\\\/\"}}]}<\/script>\n<!-- \/ Yoast SEO plugin. -->","yoast_head_json":{"title":"Tesorcasino Aplikacja | Pobierz na iOS i Androida","description":"Zabierz kasyno ze sob\u0105! Pobierz aplikacj\u0119 Tesorcasino na urz\u0105dzenie z systemem Android lub iOS, aby uzyska\u0107 natychmiastowy i \u0142atwy dost\u0119p do wszystkich swoich ulubionych gier w podr\u00f3\u017cy.","robots":{"index":"index","follow":"follow","max-snippet":"max-snippet:-1","max-image-preview":"max-image-preview:large","max-video-preview":"max-video-preview:-1"},"canonical":"https:\/\/tesor-casino.org\/pl\/aplikacja\/","og_locale":"pl_PL","og_type":"article","og_title":"Tesorcasino Aplikacja | Pobierz na iOS i Androida","og_description":"Zabierz kasyno ze sob\u0105! Pobierz aplikacj\u0119 Tesorcasino na urz\u0105dzenie z systemem Android lub iOS, aby uzyska\u0107 natychmiastowy i \u0142atwy dost\u0119p do wszystkich swoich ulubionych gier w podr\u00f3\u017cy.","og_url":"https:\/\/tesor-casino.org\/pl\/aplikacja\/","og_site_name":"tesorcasino","article_modified_time":"2026-03-10T10:27:42+00:00","twitter_card":"summary_large_image","twitter_misc":{"Est. reading time":"2 minutes"},"schema":{"@context":"https:\/\/schema.org","@graph":[{"@type":"WebPage","@id":"https:\/\/tesor-casino.org\/pl\/aplikacja\/","url":"https:\/\/tesor-casino.org\/pl\/aplikacja\/","name":"Tesorcasino Aplikacja | Pobierz na iOS i Androida","isPartOf":{"@id":"https:\/\/tesor-casino.org\/pl\/#website"},"datePublished":"2026-01-20T12:08:23+00:00","dateModified":"2026-03-10T10:27:42+00:00","description":"Zabierz kasyno ze sob\u0105! Pobierz aplikacj\u0119 Tesorcasino na urz\u0105dzenie z systemem Android lub iOS, aby uzyska\u0107 natychmiastowy i \u0142atwy dost\u0119p do wszystkich swoich ulubionych gier w podr\u00f3\u017cy.","breadcrumb":{"@id":"https:\/\/tesor-casino.org\/pl\/aplikacja\/#breadcrumb"},"inLanguage":"pl-PL","potentialAction":[{"@type":"ReadAction","target":["https:\/\/tesor-casino.org\/pl\/aplikacja\/"]}]},{"@type":"BreadcrumbList","@id":"https:\/\/tesor-casino.org\/pl\/aplikacja\/#breadcrumb","itemListElement":[{"@type":"ListItem","position":1,"name":"Tesorcasino","item":"https:\/\/tesor-casino.org\/pl\/"},{"@type":"ListItem","position":2,"name":"Aplikacja"}]},{"@type":"WebSite","@id":"https:\/\/tesor-casino.org\/pl\/#website","url":"https:\/\/tesor-casino.org\/pl\/","name":"Tesorcasino","description":"","publisher":{"@id":"https:\/\/tesor-casino.org\/pl\/#organization"},"potentialAction":[{"@type":"SearchAction","target":{"@type":"EntryPoint","urlTemplate":"https:\/\/tesor-casino.org\/pl\/?s={search_term_string}"},"query-input":{"@type":"PropertyValueSpecification","valueRequired":true,"valueName":"search_term_string"}}],"inLanguage":"pl-PL"},{"@type":"Organization","@id":"https:\/\/tesor-casino.org\/pl\/#organization","name":"Tesorcasino","url":"https:\/\/tesor-casino.org\/pl\/","logo":{"@type":"ImageObject","inLanguage":"pl-PL","@id":"https:\/\/tesor-casino.org\/pl\/#\/schema\/logo\/image\/","url":"https:\/\/tesor-casino.org\/wp-content\/uploads\/2026\/03\/Tesorcasino-logo.png","contentUrl":"https:\/\/tesor-casino.org\/wp-content\/uploads\/2026\/03\/Tesorcasino-logo.png","width":246,"height":44,"caption":"Tesorcasino"},"image":{"@id":"https:\/\/tesor-casino.org\/pl\/#\/schema\/logo\/image\/"}}]}},"_links":{"self":[{"href":"https:\/\/tesor-casino.org\/pl\/wp-json\/wp\/v2\/pages\/1447","targetHints":{"allow":["GET"]}}],"collection":[{"href":"https:\/\/tesor-casino.org\/pl\/wp-json\/wp\/v2\/pages"}],"about":[{"href":"https:\/\/tesor-casino.org\/pl\/wp-json\/wp\/v2\/types\/page"}],"author":[{"embeddable":true,"href":"https:\/\/tesor-casino.org\/pl\/wp-json\/wp\/v2\/users\/1"}],"replies":[{"embeddable":true,"href":"https:\/\/tesor-casino.org\/pl\/wp-json\/wp\/v2\/comments?post=1447"}],"version-history":[{"count":4,"href":"https:\/\/tesor-casino.org\/pl\/wp-json\/wp\/v2\/pages\/1447\/revisions"}],"predecessor-version":[{"id":2073,"href":"https:\/\/tesor-casino.org\/pl\/wp-json\/wp\/v2\/pages\/1447\/revisions\/2073"}],"wp:attachment":[{"href":"https:\/\/tesor-casino.org\/pl\/wp-json\/wp\/v2\/media?parent=1447"}],"curies":[{"name":"wp","href":"https:\/\/api.w.org\/{rel}","templated":true}]}}