{"id":1459,"date":"2026-01-20T12:21:20","date_gmt":"2026-01-20T12:21:20","guid":{"rendered":"https:\/\/bonuskongcasino.com\/bonus\/"},"modified":"2026-03-10T10:32:03","modified_gmt":"2026-03-10T10:32:03","slug":"bonus","status":"publish","type":"page","link":"https:\/\/tesor-casino.org\/pl\/bonus\/","title":{"rendered":"Bonus"},"content":{"rendered":"<h1>Bonusy i nagrody w kasynie Tesorcasino<\/h1>\n<p>Je\u015bli szukasz kasyna online z hojnymi nagrodami, polecamy wypr\u00f3bowanie systemu Tesorcasino bonus. Zawiera on wiele opcji dla nowych i sta\u0142ych graczy z Polski. Jednocze\u015bnie wystarczy gra\u0107 w swoje ulubione gry i spe\u0142nia\u0107 jasne zasady promocji. Cotygodniowy cashback, pakiet powitalny i wiele ekscytuj\u0105cych turniej\u00f3w.<\/p>\n<p><div class=\"banner-wrap\" aria-label=\"Banner\"><img src=\"https:\/\/tesor-casino.org\/wp-content\/uploads\/2026\/03\/tesorcasino-bnr-pc-2.webp\" class=\"w-100 d-none d-lg-block img-pc main-banner-img\" alt=\"tesorcasino banner desktop\" fetchpriority=\"high\" decoding=\"async\"><img src=\"https:\/\/tesor-casino.org\/wp-content\/uploads\/2026\/03\/tesorcasino-banner-mobile.webp\" class=\"w-100 d-none d-md-block d-lg-none main-banner-img\" alt=\"tesorcasino banner mobile\" fetchpriority=\"high\" decoding=\"async\"><img src=\"https:\/\/tesor-casino.org\/wp-content\/uploads\/2026\/03\/tesorcasino-banner-mobile.webp\" class=\"w-100 d-md-none\" alt=\"tesorcasino banner mobile\" fetchpriority=\"high\" decoding=\"async\"><div class=\"banner-description\">\n<div class=\"banner-title\">Bonusy powitalne<\/div>\n<p class=\"banner-header-title\">1500 \u20ac<\/p>\n<div class=\"banner-header-AdditionalText\">+ 250 Darmowe spiny<\/div>\n<button data-item=\"homepage_banner_link\" class=\"goto m-button m-gradient-border m-button--primary m-button--large banner-button btn-orange\">\n            <div class=\"m-button-content\">\n                <span>Zarejestruj si\u0119 teraz<\/span>\n                <span><\/span>\n            <\/div>\n        <\/button>\n<\/div>\n<div class=\"WelcomePack\">\n<p><img loading=\"lazy\" decoding=\"async\" class=\"alignnone size-full wp-image-1873\" src=\"https:\/\/tesor-casino.org\/wp-content\/uploads\/2026\/03\/welcome-crown-1.png\" alt=\"welcome crown\" width=\"25\" height=\"26\" \/><\/p>\n<div class=\"WelcomePack-Info\">Cotygodniowy zwrot got\u00f3wki do 25%<\/div>\n<p><img loading=\"lazy\" decoding=\"async\" class=\"alignnone size-full wp-image-1873\" src=\"https:\/\/tesor-casino.org\/wp-content\/uploads\/2026\/03\/welcome-crown-1.png\" alt=\"welcome crown\" width=\"25\" height=\"26\" \/><\/p>\n<\/div>\n<\/div><div class=\"promotions-wrap\"><div class=\"promotion-card\" style=\"background-image: url(https:\/\/tesor-casino.org\/wp-content\/uploads\/2026\/03\/welcome-pack.webp);\"><h2 class=\"promotion-card__title\">Pakiet powitalny<\/h2><label class=\"promotion-card__offer\">do 3 000 \u20ac + 500 darmowych spin\u00f3w<\/label><label class=\"promotion-card__description\"><\/label><div class=\"promotion-card__actions\"><button data-item=\"payments_link\" data-group=\"website_links\" class=\"goto btn btn-orange rounded-pill fw-bold px-4 m-button m-gradient-border m-button--primary m-button--large promotion-button promotion-card__action-btn\" aria-label=\"Zarejestruj si\u0119\"><div class=\"m-button-content\"><span class=\"promotion-button__content\">Zarejestruj si\u0119<\/span><\/div><\/button><button data-item=\"http:\/\/bonus_link\" data-group=\"website_links\" class=\"goto m-button m-gradient-border m-button--secondary m-button--medium promotion-card__info-btn\" aria-label=\"More information\"><div class=\"m-button-content\"><svg viewBox=\"0 0 24 24\" fill=\"none\" xmlns=\"http:\/\/www.w3.org\/2000\/svg\" class=\"m-icon m-icon-loadable\" name=\"Attention\" loading=\"false\" aria-hidden=\"true\"><path d=\"M12 22C6.477 22 2 17.522 2 12S6.477 2 12 2s10 4.478 10 10-4.477 10-10 10m-.002-13.004a.999.999 0 1 0 0-1.997.999.999 0 0 0 0 1.997M12 17a1 1 0 0 0 .993-.884L13 16l-.002-5.001-.007-.117a1 1 0 0 0-1.986 0l-.007.117L11 16l.007.117A1 1 0 0 0 12 17\" fill=\"currentColor\"><\/path><\/svg><\/div><\/button><\/div><\/div><div class=\"promotion-card\" style=\"background-image: url(https:\/\/tesor-casino.org\/wp-content\/uploads\/2026\/03\/cashback.webp);\"><h2 class=\"promotion-card__title\">Cotygodniowy zwrot got\u00f3wki<\/h2><label class=\"promotion-card__offer\">do 25%<\/label><label class=\"promotion-card__description\"><\/label><div class=\"promotion-card__actions\"><button data-item=\"payments_link\" data-group=\"website_links\" class=\"goto btn btn-orange rounded-pill fw-bold px-4 m-button m-gradient-border m-button--primary m-button--large promotion-button promotion-card__action-btn\" aria-label=\"Zarejestruj si\u0119\"><div class=\"m-button-content\"><span class=\"promotion-button__content\">Zarejestruj si\u0119<\/span><\/div><\/button><button data-item=\"http:\/\/bonus_link\" data-group=\"website_links\" class=\"goto m-button m-gradient-border m-button--secondary m-button--medium promotion-card__info-btn\" aria-label=\"More information\"><div class=\"m-button-content\"><svg viewBox=\"0 0 24 24\" fill=\"none\" xmlns=\"http:\/\/www.w3.org\/2000\/svg\" class=\"m-icon m-icon-loadable\" name=\"Attention\" loading=\"false\" aria-hidden=\"true\"><path d=\"M12 22C6.477 22 2 17.522 2 12S6.477 2 12 2s10 4.478 10 10-4.477 10-10 10m-.002-13.004a.999.999 0 1 0 0-1.997.999.999 0 0 0 0 1.997M12 17a1 1 0 0 0 .993-.884L13 16l-.002-5.001-.007-.117a1 1 0 0 0-1.986 0l-.007.117L11 16l.007.117A1 1 0 0 0 12 17\" fill=\"currentColor\"><\/path><\/svg><\/div><\/button><\/div><\/div><div class=\"promotion-card\" style=\"background-image: url(https:\/\/tesor-casino.org\/wp-content\/uploads\/2026\/03\/sunday-reload.webp);\"><h2 class=\"promotion-card__title\">Niedzielne do\u0142adowanie<\/h2><label class=\"promotion-card__offer\">25% bonusu od depozytu do 100 \u20ac w ka\u017cd\u0105 niedziel\u0119<\/label><label class=\"promotion-card__description\"><\/label><div class=\"promotion-card__actions\"><button data-item=\"payments_link\" data-group=\"website_links\" class=\"goto btn btn-orange rounded-pill fw-bold px-4 m-button m-gradient-border m-button--primary m-button--large promotion-button promotion-card__action-btn\" aria-label=\"Zarejestruj si\u0119\"><div class=\"m-button-content\"><span class=\"promotion-button__content\">Zarejestruj si\u0119<\/span><\/div><\/button><button data-item=\"http:\/\/bonus_link\" data-group=\"website_links\" class=\"goto m-button m-gradient-border m-button--secondary m-button--medium promotion-card__info-btn\" aria-label=\"More information\"><div class=\"m-button-content\"><svg viewBox=\"0 0 24 24\" fill=\"none\" xmlns=\"http:\/\/www.w3.org\/2000\/svg\" class=\"m-icon m-icon-loadable\" name=\"Attention\" loading=\"false\" aria-hidden=\"true\"><path d=\"M12 22C6.477 22 2 17.522 2 12S6.477 2 12 2s10 4.478 10 10-4.477 10-10 10m-.002-13.004a.999.999 0 1 0 0-1.997.999.999 0 0 0 0 1.997M12 17a1 1 0 0 0 .993-.884L13 16l-.002-5.001-.007-.117a1 1 0 0 0-1.986 0l-.007.117L11 16l.007.117A1 1 0 0 0 12 17\" fill=\"currentColor\"><\/path><\/svg><\/div><\/button><\/div><\/div><\/div><div class=\"scrollable-content-wrap my-5\"><div class=\"scrollable-content-inner\"><h2>Bonusy powitalne dla nowych graczy<\/h2>\n<p>Od samego pocz\u0105tku swojej przygody masz mo\u017cliwo\u015b\u0107 uzyskania dodatkowych korzy\u015bci bez konieczno\u015bci korzystania z kod\u00f3w promocyjnych lub spe\u0142niania trudnych wymaga\u0144. Bonus Tesorcasino dla nowo zarejestrowanych graczy oferuje do 3 000 \u20ac + 500 darmowych spin\u00f3w. To z pewno\u015bci\u0105 przed\u0142u\u017cy Tw\u00f3j czas na naszej platformie i sprawi, \u017ce b\u0119dzie on bardziej ekscytuj\u0105cy.<\/p>\n<p>Aby otrzyma\u0107 pakiet powitalny, u\u017cytkownicy musz\u0105 utworzy\u0107 konto na naszej stronie internetowej i wp\u0142aci\u0107 co najmniej 30 \u20ac. Promocja Tesor Casino b\u0119dzie dost\u0119pna w ci\u0105gu 7 dni od aktywacji, a wym\u00f3g obrotu wynosi x40. Pakiet powitalny podzielony jest na trzy cz\u0119\u015bci:<\/p>\n<ul>\n<li>Oferta pierwszego depozytu 100% do 1 000 \u20ac + 250 darmowych spin\u00f3w<\/li>\n<li>Oferta za drug\u0105 wp\u0142at\u0119 50% do 1 000 \u20ac + 100 darmowych spin\u00f3w<\/li>\n<li>Oferta za trzeci\u0105 wp\u0142at\u0119 100% do 1 000 \u20ac + 150 darmowych spin\u00f3w<\/li>\n<\/ul>\n<h2>Trwaj\u0105ce promocje i oferty do\u0142adowa\u0144<\/h2>\n<p>Po zrealizowaniu pakietu powitalnego i otrzymaniu nagr\u00f3d mo\u017cesz aktywowa\u0107 jedn\u0105 z wielu opcji bonusowych Tesorcasino dost\u0119pnych dla sta\u0142ych i aktywnych klient\u00f3w. Tutaj masz szans\u0119 wygra\u0107 darmowe spiny, zwrot pieni\u0119dzy, dodatkowe rundy i wiele innych wspania\u0142ych nagr\u00f3d.<\/p>\n<p>Wszystkie nasze promocje dotycz\u0105 popularnych tytu\u0142\u00f3w, wi\u0119c mo\u017cesz cieszy\u0107 si\u0119 procesem. Istniej\u0105 oferty sezonowe po\u015bwi\u0119cone \u015bwi\u0119tom lub specjalnym uroczysto\u015bciom. Tymczasowe bonusy s\u0105 dost\u0119pne w Tesorcasino przez ca\u0142y czas.<\/p>\n<p>Klienci Tesor Casino mog\u0105 odzyska\u0107 cz\u0119\u015b\u0107 swoich strat dzi\u0119ki naszemu cotygodniowemu zwrotowi got\u00f3wki w wysoko\u015bci do 25%. Procent jest obliczany zgodnie z Twoim poziomem w programie lojalno\u015bciowym. Poza tym mamy promocj\u0119 Sunday Reload, w kt\u00f3rej mo\u017cesz otrzyma\u0107 do 100% do 1 000 \u20ac.<\/p>\n<p><img loading=\"lazy\" decoding=\"async\" class=\"alignnone size-full wp-image-1949\" src=\"https:\/\/tesor-casino.org\/wp-content\/uploads\/2026\/03\/Tesorcasino-bonus-page.webp\" alt=\"Tesorcasino bonus page\" width=\"1248\" height=\"536\" srcset=\"https:\/\/tesor-casino.org\/wp-content\/uploads\/2026\/03\/Tesorcasino-bonus-page.webp 1248w, https:\/\/tesor-casino.org\/wp-content\/uploads\/2026\/03\/Tesorcasino-bonus-page-300x129.webp 300w, https:\/\/tesor-casino.org\/wp-content\/uploads\/2026\/03\/Tesorcasino-bonus-page-1024x440.webp 1024w, https:\/\/tesor-casino.org\/wp-content\/uploads\/2026\/03\/Tesorcasino-bonus-page-768x330.webp 768w\" sizes=\"auto, (max-width: 1248px) 100vw, 1248px\" \/><\/p>\n<h2>Turnieje, misje i wydarzenia specjalne<\/h2>\n<p>Opr\u00f3cz wszystkich powy\u017cszych opcji oferujemy r\u00f3wnie\u017c turnieje, misje i program lojalno\u015bciowy. Taki wyb\u00f3r zapewnia Ci mo\u017cliwo\u015b\u0107 regularnego dokonywania wybor\u00f3w. Turnieje s\u0105 bardzo konkurencyjnymi wydarzeniami. Maj\u0105 r\u00f3wnie\u017c ogromne pule nagr\u00f3d. W Tesorcasino najpopularniejszymi wydarzeniami s\u0105 Spinoleague i BGaming Drops.<\/p>\n<p>W ramach systemu bonusowego Tesorcasino mamy r\u00f3wnie\u017c ekscytuj\u0105ce misje z prostymi zadaniami. Po rejestracji gracze mog\u0105 uzyska\u0107 dost\u0119p do misji wprowadzaj\u0105cych i regularnych. Wykonuj\u0105c zadania, zdobywasz monety, kt\u00f3re p\u00f3\u017aniej mo\u017cna wymieni\u0107 na ekskluzywne nagrody.<\/p>\n<p>Program lojalno\u015bciowy Tesor Casino na naszej platformie jest przeznaczony dla wszystkich u\u017cytkownik\u00f3w, ale szczeg\u00f3lnie dla tych, kt\u00f3rzy aktywnie graj\u0105, uczestnicz\u0105 w wydarzeniach i lubi\u0105 wysokie zak\u0142ady. Jest to system wielopoziomowy, w kt\u00f3rym ka\u017cdy nowy poziom zapewnia co\u015b wyj\u0105tkowego.<\/p>\n<h2>Kroki i wymagania dotycz\u0105ce aktywacji bonusu Tesor Casino<\/h2>\n<p>Wszystkie promocje w Tesorcasino maj\u0105 okre\u015blone zasady aktywacji i otrzymywania wygranych. Zalecamy wszystkim zapoznanie si\u0119 z nimi przed wyborem oferty bonusowej. Nawet je\u015bli masz do\u015bwiadczenie z kasynami online, nasze warunki mog\u0105 si\u0119 r\u00f3\u017cni\u0107.<\/p>\n<p>Najwa\u017cniejsze jest to, \u017ce mo\u017cesz mie\u0107 tylko jeden aktywny bonus Tesor Casino. Zasada ta nie dotyczy turniej\u00f3w i misji. Tylko 100% spe\u0142nienie wymaga\u0144 pozwala na wyp\u0142at\u0119 wygranych. Przed skorzystaniem z promocji zapoznaj si\u0119 z informacjami w naszej tabeli poni\u017cej.<\/p>\n<table>\n<tbody>\n<tr>\n<td>Co nale\u017cy sprawdzi\u0107<\/td>\n<td>Dlaczego ma to znaczenie<\/td>\n<\/tr>\n<tr>\n<td>Wymagania kwalifikacyjne<\/td>\n<td>Przed aktywacj\u0105 bonusu upewnij si\u0119, \u017ce spe\u0142niasz kryteria dotycz\u0105ce wieku, kraju i weryfikacji konta.<\/td>\n<\/tr>\n<tr>\n<td>Minimalna wp\u0142ata<\/td>\n<td>Potwierd\u017a wymagan\u0105 kwot\u0119 depozytu, aby pomy\u015blnie aktywowa\u0107 promocj\u0119.<\/td>\n<\/tr>\n<tr>\n<td>Wymagania dotycz\u0105ce obrotu<\/td>\n<td>Zapoznaj si\u0119 z informacj\u0105, ile razy musisz obr\u00f3ci\u0107 bonusem, zanim b\u0119dziesz m\u00f3g\u0142 wyp\u0142aci\u0107 wygrane.<\/td>\n<\/tr>\n<tr>\n<td>Wk\u0142ad gry<\/td>\n<td>Sprawd\u017a, kt\u00f3re tytu\u0142y w ca\u0142o\u015bci lub cz\u0119\u015bciowo przyczyniaj\u0105 si\u0119 do spe\u0142nienia wymaga\u0144 dotycz\u0105cych obrotu.<\/td>\n<\/tr>\n<tr>\n<td>Maksymalny limit zak\u0142adu<\/td>\n<td>Upewnij si\u0119, \u017ce wielko\u015b\u0107 zak\u0142adu nie przekracza dozwolonego limitu, gdy bonus jest aktywny.<\/td>\n<\/tr>\n<tr>\n<td>Okres wa\u017cno\u015bci bonusu<\/td>\n<td>Sprawd\u017a, ile czasu masz na spe\u0142nienie wymaga\u0144 dotycz\u0105cych obrotu, zanim promocja wyga\u015bnie.<\/td>\n<\/tr>\n<tr>\n<td>Proces aktywacji<\/td>\n<td>Sprawd\u017a, czy bonus jest przyznawany automatycznie, czy wymaga kodu promocyjnego.<\/td>\n<\/tr>\n<\/tbody>\n<\/table>\n<h2>FAQ<\/h2>\n<h3>Je\u015bli wr\u00f3c\u0119 po przerwie, czy mog\u0119 ponownie aktywowa\u0107 pakiet powitalny?<\/h3>\n<p>Pakiet powitalny w Tesorcasino mo\u017cna aktywowa\u0107 tylko raz. Je\u015bli ju\u017c z niego skorzysta\u0142e\u015b, zapoznaj si\u0119 z naszymi promocjami dla sta\u0142ych klient\u00f3w lub turniejami. Zawsze dost\u0119pne s\u0105 opcje dla ka\u017cdego.<\/p>\n<h3>Co oznacza wym\u00f3g obrotu w Tesorcasino?<\/h3>\n<p>Wi\u0119kszo\u015b\u0107 bonus\u00f3w na naszej stronie internetowej ma wym\u00f3g obrotu. Pokazuje on, ile razy kwota bonusu musi zosta\u0107 obr\u00f3cona, zanim b\u0119dzie mo\u017cna j\u0105 wyp\u0142aci\u0107.<\/p>\n<h3>Co musz\u0119 zrobi\u0107, aby przej\u015b\u0107 do nast\u0119pnego poziomu programu lojalno\u015bciowego?<\/h3>\n<p>Aby podnie\u015b\u0107 poziom programu lojalno\u015bciowego Tesor Casino, u\u017cytkownicy musz\u0105 zdobywa\u0107 punkty za obroty i wp\u0142aty. Ka\u017cdy poziom naszego programu otwiera drzwi do nowych, ekskluzywnych korzy\u015bci.<\/p>\n<\/div><\/div><\/p>\n","protected":false},"excerpt":{"rendered":"<p>Bonusy i nagrody w kasynie Tesorcasino Je\u015bli szukasz kasyna online z hojnymi nagrodami, polecamy wypr\u00f3bowanie systemu Tesorcasino bonus. Zawiera on wiele opcji dla nowych i sta\u0142ych graczy z Polski. Jednocze\u015bnie wystarczy gra\u0107 w swoje ulubione gry i spe\u0142nia\u0107 jasne zasady promocji. Cotygodniowy cashback, pakiet powitalny i wiele ekscytuj\u0105cych turniej\u00f3w.<\/p>\n","protected":false},"author":1,"featured_media":0,"parent":0,"menu_order":0,"comment_status":"closed","ping_status":"closed","template":"template-builder.php","meta":{"_acf_changed":false,"inline_featured_image":false,"footnotes":""},"class_list":["post-1459","page","type-page","status-publish","hentry"],"acf":[],"yoast_head":"<!-- This site is optimized with the Yoast SEO plugin v27.3 - https:\/\/yoast.com\/product\/yoast-seo-wordpress\/ -->\n<title>Bonusy i nagrody promocyjne Tesorcasino<\/title>\n<meta name=\"description\" content=\"Odkryj wszystkie bonusy w Tesorcasino! Zacznij od naszego hojnego pakietu powitalnego, ciesz si\u0119 ci\u0105g\u0142ymi dopasowaniami depozyt\u00f3w i darmowymi spinami oraz rywalizuj w turniejach o du\u017ce wygrane.\" \/>\n<meta name=\"robots\" content=\"index, follow, max-snippet:-1, max-image-preview:large, max-video-preview:-1\" \/>\n<link rel=\"canonical\" href=\"https:\/\/tesor-casino.org\/pl\/bonus\/\" \/>\n<meta property=\"og:locale\" content=\"pl_PL\" \/>\n<meta property=\"og:type\" content=\"article\" \/>\n<meta property=\"og:title\" content=\"Bonusy i nagrody promocyjne Tesorcasino\" \/>\n<meta property=\"og:description\" content=\"Odkryj wszystkie bonusy w Tesorcasino! Zacznij od naszego hojnego pakietu powitalnego, ciesz si\u0119 ci\u0105g\u0142ymi dopasowaniami depozyt\u00f3w i darmowymi spinami oraz rywalizuj w turniejach o du\u017ce wygrane.\" \/>\n<meta property=\"og:url\" content=\"https:\/\/tesor-casino.org\/pl\/bonus\/\" \/>\n<meta property=\"og:site_name\" content=\"tesorcasino\" \/>\n<meta property=\"article:modified_time\" content=\"2026-03-10T10:32:03+00:00\" \/>\n<meta name=\"twitter:card\" content=\"summary_large_image\" \/>\n<meta name=\"twitter:label1\" content=\"Est. reading time\" \/>\n\t<meta name=\"twitter:data1\" content=\"1 minute\" \/>\n<script type=\"application\/ld+json\" class=\"yoast-schema-graph\">{\"@context\":\"https:\\\/\\\/schema.org\",\"@graph\":[{\"@type\":\"WebPage\",\"@id\":\"https:\\\/\\\/tesor-casino.org\\\/pl\\\/bonus\\\/\",\"url\":\"https:\\\/\\\/tesor-casino.org\\\/pl\\\/bonus\\\/\",\"name\":\"Bonusy i nagrody promocyjne Tesorcasino\",\"isPartOf\":{\"@id\":\"https:\\\/\\\/tesor-casino.org\\\/pl\\\/#website\"},\"datePublished\":\"2026-01-20T12:21:20+00:00\",\"dateModified\":\"2026-03-10T10:32:03+00:00\",\"description\":\"Odkryj wszystkie bonusy w Tesorcasino! Zacznij od naszego hojnego pakietu powitalnego, ciesz si\u0119 ci\u0105g\u0142ymi dopasowaniami depozyt\u00f3w i darmowymi spinami oraz rywalizuj w turniejach o du\u017ce wygrane.\",\"breadcrumb\":{\"@id\":\"https:\\\/\\\/tesor-casino.org\\\/pl\\\/bonus\\\/#breadcrumb\"},\"inLanguage\":\"pl-PL\",\"potentialAction\":[{\"@type\":\"ReadAction\",\"target\":[\"https:\\\/\\\/tesor-casino.org\\\/pl\\\/bonus\\\/\"]}]},{\"@type\":\"BreadcrumbList\",\"@id\":\"https:\\\/\\\/tesor-casino.org\\\/pl\\\/bonus\\\/#breadcrumb\",\"itemListElement\":[{\"@type\":\"ListItem\",\"position\":1,\"name\":\"Tesorcasino\",\"item\":\"https:\\\/\\\/tesor-casino.org\\\/pl\\\/\"},{\"@type\":\"ListItem\",\"position\":2,\"name\":\"Bonus\"}]},{\"@type\":\"WebSite\",\"@id\":\"https:\\\/\\\/tesor-casino.org\\\/pl\\\/#website\",\"url\":\"https:\\\/\\\/tesor-casino.org\\\/pl\\\/\",\"name\":\"Tesorcasino\",\"description\":\"\",\"publisher\":{\"@id\":\"https:\\\/\\\/tesor-casino.org\\\/pl\\\/#organization\"},\"potentialAction\":[{\"@type\":\"SearchAction\",\"target\":{\"@type\":\"EntryPoint\",\"urlTemplate\":\"https:\\\/\\\/tesor-casino.org\\\/pl\\\/?s={search_term_string}\"},\"query-input\":{\"@type\":\"PropertyValueSpecification\",\"valueRequired\":true,\"valueName\":\"search_term_string\"}}],\"inLanguage\":\"pl-PL\"},{\"@type\":\"Organization\",\"@id\":\"https:\\\/\\\/tesor-casino.org\\\/pl\\\/#organization\",\"name\":\"Tesorcasino\",\"url\":\"https:\\\/\\\/tesor-casino.org\\\/pl\\\/\",\"logo\":{\"@type\":\"ImageObject\",\"inLanguage\":\"pl-PL\",\"@id\":\"https:\\\/\\\/tesor-casino.org\\\/pl\\\/#\\\/schema\\\/logo\\\/image\\\/\",\"url\":\"https:\\\/\\\/tesor-casino.org\\\/wp-content\\\/uploads\\\/2026\\\/03\\\/Tesorcasino-logo.png\",\"contentUrl\":\"https:\\\/\\\/tesor-casino.org\\\/wp-content\\\/uploads\\\/2026\\\/03\\\/Tesorcasino-logo.png\",\"width\":246,\"height\":44,\"caption\":\"Tesorcasino\"},\"image\":{\"@id\":\"https:\\\/\\\/tesor-casino.org\\\/pl\\\/#\\\/schema\\\/logo\\\/image\\\/\"}}]}<\/script>\n<!-- \/ Yoast SEO plugin. -->","yoast_head_json":{"title":"Bonusy i nagrody promocyjne Tesorcasino","description":"Odkryj wszystkie bonusy w Tesorcasino! Zacznij od naszego hojnego pakietu powitalnego, ciesz si\u0119 ci\u0105g\u0142ymi dopasowaniami depozyt\u00f3w i darmowymi spinami oraz rywalizuj w turniejach o du\u017ce wygrane.","robots":{"index":"index","follow":"follow","max-snippet":"max-snippet:-1","max-image-preview":"max-image-preview:large","max-video-preview":"max-video-preview:-1"},"canonical":"https:\/\/tesor-casino.org\/pl\/bonus\/","og_locale":"pl_PL","og_type":"article","og_title":"Bonusy i nagrody promocyjne Tesorcasino","og_description":"Odkryj wszystkie bonusy w Tesorcasino! Zacznij od naszego hojnego pakietu powitalnego, ciesz si\u0119 ci\u0105g\u0142ymi dopasowaniami depozyt\u00f3w i darmowymi spinami oraz rywalizuj w turniejach o du\u017ce wygrane.","og_url":"https:\/\/tesor-casino.org\/pl\/bonus\/","og_site_name":"tesorcasino","article_modified_time":"2026-03-10T10:32:03+00:00","twitter_card":"summary_large_image","twitter_misc":{"Est. reading time":"1 minute"},"schema":{"@context":"https:\/\/schema.org","@graph":[{"@type":"WebPage","@id":"https:\/\/tesor-casino.org\/pl\/bonus\/","url":"https:\/\/tesor-casino.org\/pl\/bonus\/","name":"Bonusy i nagrody promocyjne Tesorcasino","isPartOf":{"@id":"https:\/\/tesor-casino.org\/pl\/#website"},"datePublished":"2026-01-20T12:21:20+00:00","dateModified":"2026-03-10T10:32:03+00:00","description":"Odkryj wszystkie bonusy w Tesorcasino! Zacznij od naszego hojnego pakietu powitalnego, ciesz si\u0119 ci\u0105g\u0142ymi dopasowaniami depozyt\u00f3w i darmowymi spinami oraz rywalizuj w turniejach o du\u017ce wygrane.","breadcrumb":{"@id":"https:\/\/tesor-casino.org\/pl\/bonus\/#breadcrumb"},"inLanguage":"pl-PL","potentialAction":[{"@type":"ReadAction","target":["https:\/\/tesor-casino.org\/pl\/bonus\/"]}]},{"@type":"BreadcrumbList","@id":"https:\/\/tesor-casino.org\/pl\/bonus\/#breadcrumb","itemListElement":[{"@type":"ListItem","position":1,"name":"Tesorcasino","item":"https:\/\/tesor-casino.org\/pl\/"},{"@type":"ListItem","position":2,"name":"Bonus"}]},{"@type":"WebSite","@id":"https:\/\/tesor-casino.org\/pl\/#website","url":"https:\/\/tesor-casino.org\/pl\/","name":"Tesorcasino","description":"","publisher":{"@id":"https:\/\/tesor-casino.org\/pl\/#organization"},"potentialAction":[{"@type":"SearchAction","target":{"@type":"EntryPoint","urlTemplate":"https:\/\/tesor-casino.org\/pl\/?s={search_term_string}"},"query-input":{"@type":"PropertyValueSpecification","valueRequired":true,"valueName":"search_term_string"}}],"inLanguage":"pl-PL"},{"@type":"Organization","@id":"https:\/\/tesor-casino.org\/pl\/#organization","name":"Tesorcasino","url":"https:\/\/tesor-casino.org\/pl\/","logo":{"@type":"ImageObject","inLanguage":"pl-PL","@id":"https:\/\/tesor-casino.org\/pl\/#\/schema\/logo\/image\/","url":"https:\/\/tesor-casino.org\/wp-content\/uploads\/2026\/03\/Tesorcasino-logo.png","contentUrl":"https:\/\/tesor-casino.org\/wp-content\/uploads\/2026\/03\/Tesorcasino-logo.png","width":246,"height":44,"caption":"Tesorcasino"},"image":{"@id":"https:\/\/tesor-casino.org\/pl\/#\/schema\/logo\/image\/"}}]}},"_links":{"self":[{"href":"https:\/\/tesor-casino.org\/pl\/wp-json\/wp\/v2\/pages\/1459","targetHints":{"allow":["GET"]}}],"collection":[{"href":"https:\/\/tesor-casino.org\/pl\/wp-json\/wp\/v2\/pages"}],"about":[{"href":"https:\/\/tesor-casino.org\/pl\/wp-json\/wp\/v2\/types\/page"}],"author":[{"embeddable":true,"href":"https:\/\/tesor-casino.org\/pl\/wp-json\/wp\/v2\/users\/1"}],"replies":[{"embeddable":true,"href":"https:\/\/tesor-casino.org\/pl\/wp-json\/wp\/v2\/comments?post=1459"}],"version-history":[{"count":4,"href":"https:\/\/tesor-casino.org\/pl\/wp-json\/wp\/v2\/pages\/1459\/revisions"}],"predecessor-version":[{"id":2077,"href":"https:\/\/tesor-casino.org\/pl\/wp-json\/wp\/v2\/pages\/1459\/revisions\/2077"}],"wp:attachment":[{"href":"https:\/\/tesor-casino.org\/pl\/wp-json\/wp\/v2\/media?parent=1459"}],"curies":[{"name":"wp","href":"https:\/\/api.w.org\/{rel}","templated":true}]}}