{"id":1486,"date":"2026-01-20T12:11:11","date_gmt":"2026-01-20T12:11:11","guid":{"rendered":"https:\/\/bonuskongcasino.com\/login-and-registration\/"},"modified":"2026-03-10T10:29:35","modified_gmt":"2026-03-10T10:29:35","slug":"logowanie-i-rejestracja","status":"publish","type":"page","link":"https:\/\/tesor-casino.org\/pl\/logowanie-i-rejestracja\/","title":{"rendered":"Logowanie i rejestracja"},"content":{"rendered":"<h1>Logowanie i rejestracja konta Tesorcasino<\/h1>\n<p>Gra na prawdziwe pieni\u0105dze w bezpiecznym \u015brodowisku jest mo\u017cliwa po zako\u0144czeniu procesu Tesorcasino login. Bez konta masz ograniczony dost\u0119p do naszych funkcji. Jednak po rejestracji wszystkie gry, bonusy, p\u0142atno\u015bci i oczywi\u015bcie obs\u0142uga klienta b\u0119d\u0105 dost\u0119pne dla polskich u\u017cytkownik\u00f3w za jednym klikni\u0119ciem.<\/p>\n<p><div class=\"banner-wrap\" aria-label=\"Banner\"><img src=\"https:\/\/tesor-casino.org\/wp-content\/uploads\/2026\/03\/tesorcasino-bnr-pc-2.webp\" class=\"w-100 d-none d-lg-block img-pc main-banner-img\" alt=\"tesorcasino banner desktop\" fetchpriority=\"high\" decoding=\"async\"><img src=\"https:\/\/tesor-casino.org\/wp-content\/uploads\/2026\/03\/tesorcasino-banner-mobile.webp\" class=\"w-100 d-none d-md-block d-lg-none main-banner-img\" alt=\"tesorcasino banner mobile\" fetchpriority=\"high\" decoding=\"async\"><img src=\"https:\/\/tesor-casino.org\/wp-content\/uploads\/2026\/03\/tesorcasino-banner-mobile.webp\" class=\"w-100 d-md-none\" alt=\"tesorcasino banner mobile\" fetchpriority=\"high\" decoding=\"async\"><div class=\"banner-description\">\n<div class=\"banner-title\">Bonusy powitalne<\/div>\n<p class=\"banner-header-title\">1500 \u20ac<\/p>\n<div class=\"banner-header-AdditionalText\">+ 250 Darmowe spiny<\/div>\n<button data-item=\"homepage_banner_link\" class=\"goto m-button m-gradient-border m-button--primary m-button--large banner-button btn-orange\">\n            <div class=\"m-button-content\">\n                <span>Zarejestruj si\u0119 teraz<\/span>\n                <span><\/span>\n            <\/div>\n        <\/button>\n<\/div>\n<div class=\"WelcomePack\">\n<p><img loading=\"lazy\" decoding=\"async\" class=\"alignnone size-full wp-image-1873\" src=\"https:\/\/tesor-casino.org\/wp-content\/uploads\/2026\/03\/welcome-crown-1.png\" alt=\"welcome crown\" width=\"25\" height=\"26\" \/><\/p>\n<div class=\"WelcomePack-Info\">Cotygodniowy zwrot got\u00f3wki do 25%<\/div>\n<p><img loading=\"lazy\" decoding=\"async\" class=\"alignnone size-full wp-image-1873\" src=\"https:\/\/tesor-casino.org\/wp-content\/uploads\/2026\/03\/welcome-crown-1.png\" alt=\"welcome crown\" width=\"25\" height=\"26\" \/><\/p>\n<\/div>\n<\/div><div class=\"scrollable-content-wrap my-5\"><div class=\"scrollable-content-inner\"><h2>Zalety posiadania konta w Tesor Casino<\/h2>\n<p>Logowanie do Tesor Casino jest dost\u0119pne dla wszystkich os\u00f3b, kt\u00f3re uko\u0144czy\u0142y 18 lat. To Twoja szansa, aby przej\u015b\u0107 od gry w trybie demo do gry na prawdziwe pieni\u0105dze. Rejestracja zapewnia dost\u0119p do wszystkich gier, bonus\u00f3w i p\u0142atno\u015bci, a tak\u017ce do zespo\u0142u wsparcia.<\/p>\n<p>Ka\u017cda osoba mo\u017ce mie\u0107 tylko jeden profil w Tesorcasino. Poza tym koniecznie zapoznaj si\u0119 najpierw z zasadami naszej platformy. Zdecydowanie zalecamy utworzenie konta, aby w pe\u0142ni korzysta\u0107 z gier.<\/p>\n<p><img loading=\"lazy\" decoding=\"async\" class=\"alignnone size-full wp-image-1957\" src=\"https:\/\/tesor-casino.org\/wp-content\/uploads\/2026\/03\/Tesorcasino-login-page.webp\" alt=\"Tesorcasino login page\" width=\"1248\" height=\"536\" srcset=\"https:\/\/tesor-casino.org\/wp-content\/uploads\/2026\/03\/Tesorcasino-login-page.webp 1248w, https:\/\/tesor-casino.org\/wp-content\/uploads\/2026\/03\/Tesorcasino-login-page-300x129.webp 300w, https:\/\/tesor-casino.org\/wp-content\/uploads\/2026\/03\/Tesorcasino-login-page-1024x440.webp 1024w, https:\/\/tesor-casino.org\/wp-content\/uploads\/2026\/03\/Tesorcasino-login-page-768x330.webp 768w\" sizes=\"auto, (max-width: 1248px) 100vw, 1248px\" \/><\/p>\n<h3>Przewodnik krok po kroku dotycz\u0105cy rejestracji<\/h3>\n<p>Aby za\u0142o\u017cy\u0107 konto w Tesorcasino, wystarczy po\u015bwi\u0119ci\u0107 kilka minut. Proces ten jest prosty nawet dla os\u00f3b, kt\u00f3re po raz pierwszy odwiedzaj\u0105 kasyno online. U\u017cytkownicy musz\u0105 poda\u0107 prawdziwe informacje, poniewa\u017c zostan\u0105 one p\u00f3\u017aniej sprawdzone podczas procesu weryfikacji. W pierwszym kroku wymagamy jedynie adresu e-mail i has\u0142a. Pozosta\u0142e dane osobowe mo\u017cna poda\u0107 p\u00f3\u017aniej. Oto przydatna instrukcja:<\/p>\n<ol>\n<li>Nale\u017cy klikn\u0105\u0107 z\u0142oty przycisk u g\u00f3ry strony g\u0142\u00f3wnej Tesor Casino.<\/li>\n<li>Wype\u0142nij pola swoimi danymi osobowymi.<\/li>\n<li>Utw\u00f3rz silne has\u0142o, u\u017cywaj\u0105c znak\u00f3w specjalnych, zar\u00f3wno wielkich, jak i ma\u0142ych liter.<\/li>\n<li>Wprowad\u017a kod promocyjny, je\u015bli go posiadasz. Dzi\u0119ki temu otrzymasz dodatkow\u0105 nagrod\u0119 zaraz po rejestracji.<\/li>\n<li>Podaj sw\u00f3j wiek i zaakceptuj warunki korzystania z naszej platformy.<\/li>\n<li>Kliknij \u201eZarejestruj si\u0119\u201d, aby zako\u0144czy\u0107 proces i utworzy\u0107 konto.<\/li>\n<\/ol>\n<h2>Proces logowania<\/h2>\n<p>Po zako\u0144czeniu rejestracji nast\u0119pnym razem b\u0119dziesz musia\u0142 przej\u015b\u0107 proces logowania do Tesorcasino. W tym przypadku u\u017cytkownicy musz\u0105 poda\u0107 sw\u00f3j adres e-mail i has\u0142o ustawione podczas tworzenia konta. Nie wszystko zawsze idzie zgodnie z oczekiwaniami, ale mamy rozwi\u0105zanie na ka\u017cd\u0105 sytuacj\u0119. Zapoznaj si\u0119 z poni\u017cszymi informacjami, aby wiedzie\u0107, co zrobi\u0107 w ka\u017cdej sytuacji.<\/p>\n<table>\n<tbody>\n<tr>\n<td>Problem<\/td>\n<td>Rozwi\u0105zanie<\/td>\n<\/tr>\n<tr>\n<td>Nieprawid\u0142owe has\u0142o<\/td>\n<td>Skorzystaj z linku \u201eNie pami\u0119tasz has\u0142a?\u201d na stronie logowania Tesor Casino, aby zresetowa\u0107 has\u0142o za pomoc\u0105 wiadomo\u015bci e-mail i utworzy\u0107 nowe, bezpieczne has\u0142o.<\/td>\n<\/tr>\n<tr>\n<td>Konto tymczasowo zablokowane<\/td>\n<td>Poczekaj oko\u0142o 15 minut na odblokowanie lub skontaktuj si\u0119 z naszym zespo\u0142em pomocy technicznej w celu uzyskania pomocy.<\/td>\n<\/tr>\n<tr>\n<td>Automatyczne wylogowanie<\/td>\n<td>Zaloguj si\u0119 ponownie. Ze wzgl\u0119d\u00f3w bezpiecze\u0144stwa sesje mog\u0105 wygasn\u0105\u0107 po okresie bezczynno\u015bci.<\/td>\n<\/tr>\n<tr>\n<td>Problemy z przegl\u0105dark\u0105 lub pami\u0119ci\u0105 podr\u0119czn\u0105<\/td>\n<td>Wyczy\u015b\u0107 pami\u0119\u0107 podr\u0119czn\u0105 przegl\u0105darki, w\u0142\u0105cz obs\u0142ug\u0119 plik\u00f3w cookie lub zaktualizuj przegl\u0105dark\u0119 i spr\u00f3buj ponownie.<\/td>\n<\/tr>\n<tr>\n<td>Kod 2FA nie dzia\u0142a<\/td>\n<td>Wprowad\u017a najnowszy kod uwierzytelniaj\u0105cy lub popro\u015b o nowy, je\u015bli poprzedni kod straci\u0142 wa\u017cno\u015b\u0107.<\/td>\n<\/tr>\n<\/tbody>\n<\/table>\n<h3>Ustawienia profilu Tesorcasino<\/h3>\n<p>Logowanie do Tesorcasino oznacza nie tylko dost\u0119p do gier i promocji. W profilu znajduje si\u0119 r\u00f3wnie\u017c wiele wa\u017cnych ustawie\u0144 i narz\u0119dzi, kt\u00f3re mog\u0105 u\u0142atwi\u0107 korzystanie z gier. U\u017cytkownicy mog\u0105 w dowolnym momencie zmieni\u0107 swoje dane osobowe. Je\u015bli chodzi o has\u0142o, konieczne b\u0119dzie potwierdzenie to\u017csamo\u015bci za po\u015brednictwem poczty elektronicznej.<\/p>\n<p>Aby zapewni\u0107 bezpiecze\u0144stwo gry, u\u017cytkownicy mog\u0105 regularnie sprawdza\u0107 histori\u0119 swojej aktywno\u015bci, w tym czas sp\u0119dzony na platformie, wp\u0142aty, straty i wygrane. Dost\u0119pny jest r\u00f3wnie\u017c status bonusu Tesor Casino. W razie potrzeby nasi klienci mog\u0105 zawsze w\u0142\u0105czy\u0107 specjalne narz\u0119dzia odpowiedzialnej gry.<\/p>\n<h2>Bezpiecze\u0144stwo danych osobowych<\/h2>\n<p>Loguj\u0105c si\u0119 do Tesorcasino, powierzasz nam swoje dane osobowe i finansowe. Poniewa\u017c posiadamy oficjaln\u0105 licencj\u0119 na prowadzenie gier hazardowych online, przestrzegamy r\u00f3wnie\u017c wszystkich wymaganych \u015brodk\u00f3w bezpiecze\u0144stwa. W pe\u0142ni przestrzegamy przepis\u00f3w RODO. Nasza strona internetowa wykorzystuje 256-bitowe szyfrowanie AES, aby zapewni\u0107 ochron\u0119 wszystkich Twoich danych.<\/p>\n<p>Aby uzyska\u0107 dodatkow\u0105 warstw\u0119 ochrony swojego konta, dost\u0119pne jest uwierzytelnianie dwusk\u0142adnikowe. Stale monitorujemy aktywno\u015b\u0107 logowania na stronie Tesorcasino i je\u015bli zauwa\u017cymy co\u015b podejrzanego, natychmiast Ci\u0119 o tym poinformujemy. Nasz wieloj\u0119zyczny zesp\u00f3\u0142 wsparcia jest dost\u0119pny 24 godziny na dob\u0119, 7 dni w tygodniu, poprzez czat na \u017cywo i e-mail, wi\u0119c je\u015bli masz jakie\u015b pytania lub w\u0105tpliwo\u015bci, skontaktuj si\u0119 z nami.<\/p>\n<h2>FAQ<\/h2>\n<h3>Czy proces weryfikacji jest wymagany bezpo\u015brednio po rejestracji?<\/h3>\n<p>Wszystkich naszych klient\u00f3w prosimy o zako\u0144czenie procesu weryfikacji przed pierwsz\u0105 wyp\u0142at\u0105. Wymaga to przes\u0142ania zdj\u0119\u0107 dokument\u00f3w osobistych na platform\u0119 w celu potwierdzenia to\u017csamo\u015bci, w\u0142asno\u015bci konta p\u0142atniczego i wieku.<\/p>\n<h3>Czy mog\u0119 udost\u0119pni\u0107 m\u00f3j profil w Tesorcasino znajomemu?<\/h3>\n<p>Ka\u017cda osoba powinna mie\u0107 sw\u00f3j w\u0142asny profil w Tesor Casino. Musisz poda\u0107 swoje dane osobowe i korzysta\u0107 z konta p\u0142atniczego, kt\u00f3re nale\u017cy do Ciebie.<\/p>\n<h3>Co mog\u0119 robi\u0107 w Tesor Casino bez konta?<\/h3>\n<p>Gracze mog\u0105 wypr\u00f3bowa\u0107 kilka tytu\u0142\u00f3w w trybie demo. B\u0119dziesz gra\u0107 wirtualnymi monetami bez \u017cadnego ryzyka. Wad\u0105 jest to, \u017ce nie mo\u017cesz wyp\u0142aci\u0107 \u017cadnych potencjalnych wygranych. Poza tym mo\u017cesz skontaktowa\u0107 si\u0119 z naszym zespo\u0142em pomocy technicznej.<\/p>\n<\/div><\/div><\/p>\n","protected":false},"excerpt":{"rendered":"<p>Logowanie i rejestracja konta Tesorcasino Gra na prawdziwe pieni\u0105dze w bezpiecznym \u015brodowisku jest mo\u017cliwa po zako\u0144czeniu procesu Tesorcasino login. Bez konta masz ograniczony dost\u0119p do naszych funkcji. Jednak po rejestracji wszystkie gry, bonusy, p\u0142atno\u015bci i oczywi\u015bcie obs\u0142uga klienta b\u0119d\u0105 dost\u0119pne dla polskich u\u017cytkownik\u00f3w za jednym klikni\u0119ciem.<\/p>\n","protected":false},"author":1,"featured_media":0,"parent":0,"menu_order":0,"comment_status":"closed","ping_status":"closed","template":"template-builder.php","meta":{"_acf_changed":false,"inline_featured_image":false,"footnotes":""},"class_list":["post-1486","page","type-page","status-publish","hentry"],"acf":[],"yoast_head":"<!-- This site is optimized with the Yoast SEO plugin v27.3 - https:\/\/yoast.com\/product\/yoast-seo-wordpress\/ -->\n<title>Tesorcasino Login | Bezpieczny dost\u0119p do konta i rejestracja<\/title>\n<meta name=\"description\" content=\"Twoje konto Tesorcasino to klucz do tysi\u0119cy gier. Zaloguj si\u0119, aby gra\u0107 lub zarejestruj nowe konto, przeprowad\u017a bezpieczn\u0105 weryfikacj\u0119, zarz\u0105dzaj swoimi \u015brodkami i skontaktuj si\u0119 z ca\u0142odobow\u0105 obs\u0142ug\u0105 klienta.\" \/>\n<meta name=\"robots\" content=\"index, follow, max-snippet:-1, max-image-preview:large, max-video-preview:-1\" \/>\n<link rel=\"canonical\" href=\"https:\/\/tesor-casino.org\/pl\/logowanie-i-rejestracja\/\" \/>\n<meta property=\"og:locale\" content=\"pl_PL\" \/>\n<meta property=\"og:type\" content=\"article\" \/>\n<meta property=\"og:title\" content=\"Tesorcasino Login | Bezpieczny dost\u0119p do konta i rejestracja\" \/>\n<meta property=\"og:description\" content=\"Twoje konto Tesorcasino to klucz do tysi\u0119cy gier. Zaloguj si\u0119, aby gra\u0107 lub zarejestruj nowe konto, przeprowad\u017a bezpieczn\u0105 weryfikacj\u0119, zarz\u0105dzaj swoimi \u015brodkami i skontaktuj si\u0119 z ca\u0142odobow\u0105 obs\u0142ug\u0105 klienta.\" \/>\n<meta property=\"og:url\" content=\"https:\/\/tesor-casino.org\/pl\/logowanie-i-rejestracja\/\" \/>\n<meta property=\"og:site_name\" content=\"tesorcasino\" \/>\n<meta property=\"article:modified_time\" content=\"2026-03-10T10:29:35+00:00\" \/>\n<meta name=\"twitter:card\" content=\"summary_large_image\" \/>\n<meta name=\"twitter:label1\" content=\"Est. reading time\" \/>\n\t<meta name=\"twitter:data1\" content=\"1 minute\" \/>\n<script type=\"application\/ld+json\" class=\"yoast-schema-graph\">{\"@context\":\"https:\\\/\\\/schema.org\",\"@graph\":[{\"@type\":\"WebPage\",\"@id\":\"https:\\\/\\\/tesor-casino.org\\\/pl\\\/logowanie-i-rejestracja\\\/\",\"url\":\"https:\\\/\\\/tesor-casino.org\\\/pl\\\/logowanie-i-rejestracja\\\/\",\"name\":\"Tesorcasino Login | Bezpieczny dost\u0119p do konta i rejestracja\",\"isPartOf\":{\"@id\":\"https:\\\/\\\/tesor-casino.org\\\/pl\\\/#website\"},\"datePublished\":\"2026-01-20T12:11:11+00:00\",\"dateModified\":\"2026-03-10T10:29:35+00:00\",\"description\":\"Twoje konto Tesorcasino to klucz do tysi\u0119cy gier. Zaloguj si\u0119, aby gra\u0107 lub zarejestruj nowe konto, przeprowad\u017a bezpieczn\u0105 weryfikacj\u0119, zarz\u0105dzaj swoimi \u015brodkami i skontaktuj si\u0119 z ca\u0142odobow\u0105 obs\u0142ug\u0105 klienta.\",\"breadcrumb\":{\"@id\":\"https:\\\/\\\/tesor-casino.org\\\/pl\\\/logowanie-i-rejestracja\\\/#breadcrumb\"},\"inLanguage\":\"pl-PL\",\"potentialAction\":[{\"@type\":\"ReadAction\",\"target\":[\"https:\\\/\\\/tesor-casino.org\\\/pl\\\/logowanie-i-rejestracja\\\/\"]}]},{\"@type\":\"BreadcrumbList\",\"@id\":\"https:\\\/\\\/tesor-casino.org\\\/pl\\\/logowanie-i-rejestracja\\\/#breadcrumb\",\"itemListElement\":[{\"@type\":\"ListItem\",\"position\":1,\"name\":\"Tesorcasino\",\"item\":\"https:\\\/\\\/tesor-casino.org\\\/pl\\\/\"},{\"@type\":\"ListItem\",\"position\":2,\"name\":\"Logowanie i rejestracja\"}]},{\"@type\":\"WebSite\",\"@id\":\"https:\\\/\\\/tesor-casino.org\\\/pl\\\/#website\",\"url\":\"https:\\\/\\\/tesor-casino.org\\\/pl\\\/\",\"name\":\"Tesorcasino\",\"description\":\"\",\"publisher\":{\"@id\":\"https:\\\/\\\/tesor-casino.org\\\/pl\\\/#organization\"},\"potentialAction\":[{\"@type\":\"SearchAction\",\"target\":{\"@type\":\"EntryPoint\",\"urlTemplate\":\"https:\\\/\\\/tesor-casino.org\\\/pl\\\/?s={search_term_string}\"},\"query-input\":{\"@type\":\"PropertyValueSpecification\",\"valueRequired\":true,\"valueName\":\"search_term_string\"}}],\"inLanguage\":\"pl-PL\"},{\"@type\":\"Organization\",\"@id\":\"https:\\\/\\\/tesor-casino.org\\\/pl\\\/#organization\",\"name\":\"Tesorcasino\",\"url\":\"https:\\\/\\\/tesor-casino.org\\\/pl\\\/\",\"logo\":{\"@type\":\"ImageObject\",\"inLanguage\":\"pl-PL\",\"@id\":\"https:\\\/\\\/tesor-casino.org\\\/pl\\\/#\\\/schema\\\/logo\\\/image\\\/\",\"url\":\"https:\\\/\\\/tesor-casino.org\\\/wp-content\\\/uploads\\\/2026\\\/03\\\/Tesorcasino-logo.png\",\"contentUrl\":\"https:\\\/\\\/tesor-casino.org\\\/wp-content\\\/uploads\\\/2026\\\/03\\\/Tesorcasino-logo.png\",\"width\":246,\"height\":44,\"caption\":\"Tesorcasino\"},\"image\":{\"@id\":\"https:\\\/\\\/tesor-casino.org\\\/pl\\\/#\\\/schema\\\/logo\\\/image\\\/\"}}]}<\/script>\n<!-- \/ Yoast SEO plugin. -->","yoast_head_json":{"title":"Tesorcasino Login | Bezpieczny dost\u0119p do konta i rejestracja","description":"Twoje konto Tesorcasino to klucz do tysi\u0119cy gier. Zaloguj si\u0119, aby gra\u0107 lub zarejestruj nowe konto, przeprowad\u017a bezpieczn\u0105 weryfikacj\u0119, zarz\u0105dzaj swoimi \u015brodkami i skontaktuj si\u0119 z ca\u0142odobow\u0105 obs\u0142ug\u0105 klienta.","robots":{"index":"index","follow":"follow","max-snippet":"max-snippet:-1","max-image-preview":"max-image-preview:large","max-video-preview":"max-video-preview:-1"},"canonical":"https:\/\/tesor-casino.org\/pl\/logowanie-i-rejestracja\/","og_locale":"pl_PL","og_type":"article","og_title":"Tesorcasino Login | Bezpieczny dost\u0119p do konta i rejestracja","og_description":"Twoje konto Tesorcasino to klucz do tysi\u0119cy gier. Zaloguj si\u0119, aby gra\u0107 lub zarejestruj nowe konto, przeprowad\u017a bezpieczn\u0105 weryfikacj\u0119, zarz\u0105dzaj swoimi \u015brodkami i skontaktuj si\u0119 z ca\u0142odobow\u0105 obs\u0142ug\u0105 klienta.","og_url":"https:\/\/tesor-casino.org\/pl\/logowanie-i-rejestracja\/","og_site_name":"tesorcasino","article_modified_time":"2026-03-10T10:29:35+00:00","twitter_card":"summary_large_image","twitter_misc":{"Est. reading time":"1 minute"},"schema":{"@context":"https:\/\/schema.org","@graph":[{"@type":"WebPage","@id":"https:\/\/tesor-casino.org\/pl\/logowanie-i-rejestracja\/","url":"https:\/\/tesor-casino.org\/pl\/logowanie-i-rejestracja\/","name":"Tesorcasino Login | Bezpieczny dost\u0119p do konta i rejestracja","isPartOf":{"@id":"https:\/\/tesor-casino.org\/pl\/#website"},"datePublished":"2026-01-20T12:11:11+00:00","dateModified":"2026-03-10T10:29:35+00:00","description":"Twoje konto Tesorcasino to klucz do tysi\u0119cy gier. Zaloguj si\u0119, aby gra\u0107 lub zarejestruj nowe konto, przeprowad\u017a bezpieczn\u0105 weryfikacj\u0119, zarz\u0105dzaj swoimi \u015brodkami i skontaktuj si\u0119 z ca\u0142odobow\u0105 obs\u0142ug\u0105 klienta.","breadcrumb":{"@id":"https:\/\/tesor-casino.org\/pl\/logowanie-i-rejestracja\/#breadcrumb"},"inLanguage":"pl-PL","potentialAction":[{"@type":"ReadAction","target":["https:\/\/tesor-casino.org\/pl\/logowanie-i-rejestracja\/"]}]},{"@type":"BreadcrumbList","@id":"https:\/\/tesor-casino.org\/pl\/logowanie-i-rejestracja\/#breadcrumb","itemListElement":[{"@type":"ListItem","position":1,"name":"Tesorcasino","item":"https:\/\/tesor-casino.org\/pl\/"},{"@type":"ListItem","position":2,"name":"Logowanie i rejestracja"}]},{"@type":"WebSite","@id":"https:\/\/tesor-casino.org\/pl\/#website","url":"https:\/\/tesor-casino.org\/pl\/","name":"Tesorcasino","description":"","publisher":{"@id":"https:\/\/tesor-casino.org\/pl\/#organization"},"potentialAction":[{"@type":"SearchAction","target":{"@type":"EntryPoint","urlTemplate":"https:\/\/tesor-casino.org\/pl\/?s={search_term_string}"},"query-input":{"@type":"PropertyValueSpecification","valueRequired":true,"valueName":"search_term_string"}}],"inLanguage":"pl-PL"},{"@type":"Organization","@id":"https:\/\/tesor-casino.org\/pl\/#organization","name":"Tesorcasino","url":"https:\/\/tesor-casino.org\/pl\/","logo":{"@type":"ImageObject","inLanguage":"pl-PL","@id":"https:\/\/tesor-casino.org\/pl\/#\/schema\/logo\/image\/","url":"https:\/\/tesor-casino.org\/wp-content\/uploads\/2026\/03\/Tesorcasino-logo.png","contentUrl":"https:\/\/tesor-casino.org\/wp-content\/uploads\/2026\/03\/Tesorcasino-logo.png","width":246,"height":44,"caption":"Tesorcasino"},"image":{"@id":"https:\/\/tesor-casino.org\/pl\/#\/schema\/logo\/image\/"}}]}},"_links":{"self":[{"href":"https:\/\/tesor-casino.org\/pl\/wp-json\/wp\/v2\/pages\/1486","targetHints":{"allow":["GET"]}}],"collection":[{"href":"https:\/\/tesor-casino.org\/pl\/wp-json\/wp\/v2\/pages"}],"about":[{"href":"https:\/\/tesor-casino.org\/pl\/wp-json\/wp\/v2\/types\/page"}],"author":[{"embeddable":true,"href":"https:\/\/tesor-casino.org\/pl\/wp-json\/wp\/v2\/users\/1"}],"replies":[{"embeddable":true,"href":"https:\/\/tesor-casino.org\/pl\/wp-json\/wp\/v2\/comments?post=1486"}],"version-history":[{"count":3,"href":"https:\/\/tesor-casino.org\/pl\/wp-json\/wp\/v2\/pages\/1486\/revisions"}],"predecessor-version":[{"id":2075,"href":"https:\/\/tesor-casino.org\/pl\/wp-json\/wp\/v2\/pages\/1486\/revisions\/2075"}],"wp:attachment":[{"href":"https:\/\/tesor-casino.org\/pl\/wp-json\/wp\/v2\/media?parent=1486"}],"curies":[{"name":"wp","href":"https:\/\/api.w.org\/{rel}","templated":true}]}}